{"id":8060,"date":"2021-08-02T13:15:39","date_gmt":"2021-08-02T11:15:39","guid":{"rendered":"https:\/\/skrivanek.com\/erklaerung-zur-verwendung-von-cookies\/"},"modified":"2021-08-02T13:15:40","modified_gmt":"2021-08-02T11:15:40","slug":"erklaerung-zur-verwendung-von-cookies","status":"publish","type":"page","link":"https:\/\/dev.skrivanek.com\/de\/erklaerung-zur-verwendung-von-cookies\/","title":{"rendered":"Erkl\u00e4rung zur Verwendung von Cookies"},"content":{"rendered":"<div id=\"pl-8060\"  class=\"panel-layout\" ><div id=\"pg-8060-0\"  class=\"panel-grid panel-no-style\" ><div id=\"pgc-8060-0-0\"  class=\"panel-grid-cell\" ><div id=\"panel-8060-0-0-0\" class=\"so-panel widget widget_wpa9-editor-ext panel-first-child panel-last-child\" data-index=\"0\" ><div\n\t\t\t\n\t\t\tclass=\"so-widget-wpa9-editor-ext so-widget-wpa9-editor-ext-default-c93e1481a745-8060\"\n\t\t\t\n\t\t>\n<div class=\"siteorigin-widget-tinymce textwidget\">\n\t<div class=\"box-header\">\n<h2 class=\"decorated-heading\"><span class=\"innerText\">Was sind Cookies?<\/span><\/h2>\n<\/div>\n<div class=\"box-content\">\n<p>Es handelt sich um kleine Dateien, die f\u00fcr bestimmte Funktionen von Webseiten, z. B. die Anmeldung, unerl\u00e4sslich sind. Durch Cookies k\u00f6nnen Websites verschiedene Einstellungen speichern, wie z. B. Sprache, Schriftart und andere Optionen, die Sie selbst f\u00fcr die Anzeige auf der jeweiligen Website festgelegt haben. Deshalb speichern wir Cookies auf Ihrem Computer. Das Gleiche machen die meisten gro\u00dfen Websites und Anbieter.<\/p>\n<h3>Warum verwenden wir Cookies auf dieser Website?<\/h3>\n<p>Anhand ihrer Dauer lassen sich Cookies in zwei Haupttypen einteilen<\/p>\n<ul>\n<li>Kurzzeitige Cookies (f\u00fcr die Sitzung) werden so lange auf Ihrem Computer gespeichert, bis Ihr Webbrowser geschlossen wird. Anschlie\u00dfend werden sie gel\u00f6scht.<\/li>\n<li>Dauerhafte (persistente) Cookies bleiben f\u00fcr eine lange Zeit in Ihrem Browser gespeichert (abh\u00e4ngig von Ihrem Browser und Ihren Cookie-Einstellungen) oder bis Sie sie manuell l\u00f6schen.<\/li>\n<\/ul>\n<p>Wir verwenden die folgenden Arten von Cookies auf unserer Website:<\/p>\n<ul>\n<li>Technische (kurzzeitige) Cookies sind unerl\u00e4sslich f\u00fcr die grundlegenden Funktionen von Websites, z. B. das Hinzuf\u00fcgen von Produkten zu einem Warenkorb, die Bearbeitung eines Einkaufs und die Anzeige einer jeweiligen Website-Version, die JavaScript entweder erfordert oder nicht erfordert.<\/li>\n<li>YouTube-Cookies (kurzzeitige und dauerhafte Cookies) werden vom YouTube-Videoplayer verwendet. Die Cookies werden in dem Moment auf Ihrem Computer gespeichert, in dem Sie den Player starten.<\/li>\n<li>Google-Analytics-Cookies (dauerhafte Cookies) dienen der besseren Anpassung unserer Website und der Messung anonymer Daten \u00fcber das Verhalten der Nutzer der Google-Analytics-Tools.<\/li>\n<li>AdWords-Cookies (dauerhafte Cookies) werden durch das Werbesystem generiert. Mit diesen Cookies kann die Effektivit\u00e4t von Verkaufskan\u00e4len ausgewertet werden.<\/li>\n<li>Sklik-Cookies (dauerhafte Cookies) werden durch das Werbesystem generiert. Mit diesen Cookies kann die Effektivit\u00e4t von Verkaufskan\u00e4len ausgewertet werden.<\/li>\n<li>Facebook-Cookies (kurzzeitige und dauerhafte Cookies) werden von dem Widget von Facebook verwendet und auf Facebook-Webseiten gespeichert.<\/li>\n<li>Twitter-Cookies (dauerhafte Cookies) werden von dem Widget von Twitter verwendet und auf den Twitter-Webseiten gespeichert.<\/li>\n<li>MailChimp-Cookies (kurzzeitige und dauerhafte Cookies) werden von der Mailchimp-Anwendung generiert. Mit diesen Cookies k\u00f6nnen wir die Effektivit\u00e4t der Werbekan\u00e4le auswerten.<\/li>\n<li>Die Albacross-Cookies nQ_cookieId und nQ_visitId (dauerhafte Cookies) sind 1 Jahr lang g\u00fcltig und helfen uns, Unternehmen f\u00fcr eine bessere Lead-Generierung und ein effektiveres Ad-Targeting zu bestimmen.<\/li>\n<\/ul>\n<p>Wir verwenden Cookies niemals, um Sie pers\u00f6nlich zu identifizieren, und wir speichern niemals sensible oder personenbezogene Daten in den Cookies.<\/p>\n<h3>Wie Sie die Verwendung von Cookies anpassen k\u00f6nnen<\/h3>\n<p>Sie k\u00f6nnen alle bereits auf Ihrem Computer befindlichen Cookies l\u00f6schen. Zudem bieten die meisten Browser die M\u00f6glichkeit, das Speichern von Cookies auf Ihrem Computer zu blockieren. Allerdings k\u00f6nnen Sie in diesem Fall nicht alle unsere Online-Dienste nutzen. Weitere Informationen zu den Cookie-Einstellungen in Ihrem Browser finden Sie auf der Website des jeweiligen Anbieters. Die folgenden Links f\u00fchren Sie zu den g\u00e4ngigsten Browsern:<\/p>\n<ul>\n<li><a href=\"https:\/\/support.google.com\/accounts\/answer\/61416?hl=en\">Chrome<\/a><\/li>\n<li><a href=\"https:\/\/support.mozilla.org\/en-US\/kb\/cookies-information-websites-store-on-your-computer\">Firefox<\/a><\/li>\n<li><a href=\"https:\/\/support.microsoft.com\/en-us\/help\/17442\/windows-internet-explorer-delete-manage-cookies\">Internet\u00a0Explorer<\/a><\/li>\n<li><a href=\"https:\/\/www.opera.com\/help\/tutorials\/security\/privacy\/\">Opera<\/a><\/li>\n<li><a href=\"https:\/\/support.google.com\/chrome\/answer\/95647?co=GENIE.Platform%3DAndroid&hl=en-GB\">Android<\/a><\/li>\n<\/ul>\n<p>Weitere Informationen finden Sie auf der Website\u00a0<a href=\"https:\/\/www.aboutcookies.org\/\">AboutCookies.org<\/a>.<\/p>\n<h3>Verwendung von Google Analytics<\/h3>\n<p>Diese Website nutzt den Dienst Google Analytics von Google, Inc. (im Folgenden nur als \u201eGoogle\u201c bezeichnet). Der Dienst Google Analytics verwendet Cookies. Die Informationen \u00fcber die Nutzung der Website werden zusammen mit dem Inhalt des jeweiligen Cookies von Google \u00fcbertragen und auf Servern in den USA gespeichert. Mithilfe dieser Informationen kann Google die Nutzung der Website auswerten und Berichte \u00fcber die Aktivit\u00e4ten der Website erstellen, welche f\u00fcr den Betreiber vorgesehen sind, sowie weitere Dienstleistungen im Zusammenhang mit den Aktivit\u00e4ten auf der Website und der Nutzung des Internets im Allgemeinen erbringen. Google kann diese Informationen auch an Dritte weitergeben, wenn dies gesetzlich vorgeschrieben ist oder wenn diese Dritten die Informationen f\u00fcr Google verarbeiten sollen.<\/p>\n<p>Zum Schutz Ihrer Privatsph\u00e4re haben wir den Dienst Google Analytics so angepasst, dass er Ihre <span class=\"caps\">IP<\/span>-Adresse nicht aufzeichnet.<\/p>\n<p>Der Dienst Google Analytics wurde um entsprechende von Google bereitgestellte Werbefunktionen erweitert, insbesondere:<\/p>\n<ul>\n<li>\u00dcbersichten \u00fcber Anzeigen im Google-Werbenetzwerk,<\/li>\n<li>Remarketing (Anzeige von Werbung im Content-Netzwerk auf Basis der gesuchten Produkte),<\/li>\n<li>Erweiterte demografische \u00dcbersichten (Berichterstattung \u00fcber anonyme demografische Daten).<\/li>\n<\/ul>\n<p>Weitere Informationen \u00fcber die Verarbeitung und Nutzung von Daten finden Sie in den <a href=\"https:\/\/www.google.com\/intl\/en\/policies\/privacy\/partners\/\">Gesch\u00e4ftsbedingungen von Google<\/a>.<\/p>\n<h3>Tracking durch Google Analytics verbieten<\/h3>\n<p>Sollten Sie die \u00dcbermittlung von anonymen Statistiken \u00fcber Google Analytics blockieren wollen, k\u00f6nnen Sie ein von Google f\u00fcr diesen Zweck bereitgestelltes <a href=\"https:\/\/tools.google.com\/dlpage\/gaoptout\">Plug-in<\/a> verwenden. Dieses Plug-in muss heruntergeladen und in Ihrem Browser installiert werden.<\/p>\n<h3>Information \u00fcber die Zustimmung zur Verarbeitung personenbezogener Daten durch Albacross<\/h3>\n<p>Wir haben Ihre Zustimmung zur Verarbeitung pers\u00f6nlicher Daten im Namen von Albacross Nordic\u00a0<span class=\"caps\">AB<\/span>\u00a0(\u201e<strong>Albacross<\/strong>\u201c) eingeholt.<\/p>\n<p>Die von den auf Ihrem Ger\u00e4t gespeicherten Cookies gesammelten Informationen, die als personenbezogene Daten gelten, werden von Albacross verarbeitet. Dabei handelt es sich um ein Unternehmen, das Lead-Identifizierungs- und Ad-Targeting-Dienste mit Niederlassungen in Stockholm und Krakau anbietet. Die vollst\u00e4ndigen Kontaktdaten finden Sie unten.<\/p>\n<p><strong>Der Zweck<\/strong> f\u00fcr die Verarbeitung der personenbezogenen Daten ist, dass Albacross dadurch eine Dienstleistung f\u00fcr uns und unsere Website (z. B. \u201eLead-Generierung\u201c) durch die Erg\u00e4nzung ihrer Datenbank mit Daten \u00fcber Unternehmen verbessern kann.<\/p>\n<p><strong>Bei den zu diesem Zweck <\/strong>von Albacross erhobenen und verwendeten Daten handelt es sich um Informationen \u00fcber die <span class=\"caps\">IP<\/span>-Adresse, von der aus Sie unsere Website besucht haben, sowie um technische Informationen, mit denen Albacross verschiedene Besucher von der gleichen <span class=\"caps\">IP<\/span>-Adresse unterscheiden kann. Albacross speichert die Dom\u00e4ne aus Formulareingaben, um die <span class=\"caps\">IP<\/span>-Adresse mit Ihrem Arbeitgeber zu korrelieren.<\/p>\n<p><strong>Alle Informationen<\/strong> \u00fcber unsere Verarbeitung personenbezogener Daten finden Sie in unseren vollst\u00e4ndigen Datenschutzrichtlinien.<\/p>\n<p>Sie k\u00f6nnen jederzeit Ihre Zustimmung zu dieser Verarbeitung widerrufen. Ein solcher Widerruf kann entweder durch Kontaktaufnahme mit uns oder durch direkte Kontaktaufnahme mit Albacross geschehen.<\/p>\n<p>Albacross Nordic\u00a0<span class=\"caps\">AB<\/span><br \/>\nCompanyreg. no 556942-7338<br \/>\nKungsgatan 26<br \/>\n111 35 Stockholm, Schweden<br \/>\n<a href=\"https:\/\/albacross.com\/\">www.albacross.com<\/a>\u00a0-\u00a0<a href=\"javascript:secureDecryptAndNavigate('iY8\/v0C1apnTJ3aDQFTABbfOt8vbzPzE8beYsu9PFepxGkI2J7YnFaoSDT\/rezcPVhxkC60EVZV4QDGhr0KSvMSzV1dnhTGbyoQ2kw==', '8ef3823ead979c912c60400ff5750fa08e30fc6822ef89ee0c2de248ae43e51e')\">con&#116;&#97;&#99;&#116;&#64;a&#108;&#98;a&#99;&#114;&#111;ss.&#99;om<\/a><\/p>\n<\/div>\n<\/div>\n<\/div><\/div><\/div><\/div><\/div>","protected":false},"excerpt":{"rendered":"<p>Was sind Cookies? Es handelt sich um kleine Dateien, die f\u00fcr bestimmte Funktionen von Webseiten, z. B. die Anmeldung, unerl\u00e4sslich sind. Durch Cookies k\u00f6nnen Websites verschiedene Einstellungen speichern, wie z. B. Sprache, Schriftart und andere Optionen, die Sie selbst f\u00fcr die Anzeige auf der jeweiligen Website festgelegt haben. Deshalb speichern wir Cookies auf Ihrem Computer. [&hellip;]<\/p>\n","protected":false},"author":1,"featured_media":0,"parent":0,"menu_order":0,"comment_status":"closed","ping_status":"open","template":"","meta":{"_acf_changed":false,"content-type":"","footnotes":""},"class_list":["post-8060","page","type-page","status-publish","hentry"],"acf":[],"aioseo_notices":[],"_links":{"self":[{"href":"https:\/\/dev.skrivanek.com\/de\/wp-json\/wp\/v2\/pages\/8060","targetHints":{"allow":["GET"]}}],"collection":[{"href":"https:\/\/dev.skrivanek.com\/de\/wp-json\/wp\/v2\/pages"}],"about":[{"href":"https:\/\/dev.skrivanek.com\/de\/wp-json\/wp\/v2\/types\/page"}],"author":[{"embeddable":true,"href":"https:\/\/dev.skrivanek.com\/de\/wp-json\/wp\/v2\/users\/1"}],"replies":[{"embeddable":true,"href":"https:\/\/dev.skrivanek.com\/de\/wp-json\/wp\/v2\/comments?post=8060"}],"version-history":[{"count":0,"href":"https:\/\/dev.skrivanek.com\/de\/wp-json\/wp\/v2\/pages\/8060\/revisions"}],"wp:attachment":[{"href":"https:\/\/dev.skrivanek.com\/de\/wp-json\/wp\/v2\/media?parent=8060"}],"curies":[{"name":"wp","href":"https:\/\/api.w.org\/{rel}","templated":true}]}}