{"id":8074,"date":"2021-08-02T13:15:42","date_gmt":"2021-08-02T11:15:42","guid":{"rendered":"https:\/\/skrivanek.com\/technologien\/"},"modified":"2023-10-10T15:29:05","modified_gmt":"2023-10-10T13:29:05","slug":"technologien","status":"publish","type":"page","link":"https:\/\/dev.skrivanek.com\/de\/technologien\/","title":{"rendered":"Technologien"},"content":{"rendered":"<div id=\"pl-8074\"  class=\"panel-layout\" ><div id=\"pg-8074-0\"  class=\"panel-grid panel-no-style\" ><div id=\"pgc-8074-0-0\"  class=\"panel-grid-cell\" ><div id=\"panel-8074-0-0-0\" class=\"so-panel widget widget_wpa9-card-m panel-first-child panel-last-child\" data-index=\"0\" ><div\n\t\t\t\n\t\t\tclass=\"so-widget-wpa9-card-m so-widget-wpa9-card-m-default-c93e1481a745-8074\"\n\t\t\t\n\t\t>\n\n<section class=\"wpa9-card wpa9-card-m-container d-flex flex-wrap justify-content-center MQTL8C\">\n\n\t\n\t\t\n\t\t\t\n\t<article class=\"wpa9-card-m-panel wpa9-panel \">\n\t<a class=\"rounded\" href=\"\/de\/technologien\/cat-tools\/\" title=\"CAT-Tools\">\n\t\t\t\t<header class=\"d-block flex-wrap pb-4\">\n\t\t\t\t\t\t\t<span class=\"wpa9-card-icon icon d-none\" style=\"background-image: url('https:\/\/dev.skrivanek.com\/wp-content\/uploads\/2021\/03\/ico-nmt.svg')\"><\/span>\n\t\t\t\t<span class=\"wpa9-card-icon icon\" style=\"mask-image: url(https:\/\/dev.skrivanek.com\/wp-content\/uploads\/2021\/03\/ico-nmt.svg); -webkit-mask-image: url(https:\/\/dev.skrivanek.com\/wp-content\/uploads\/2021\/03\/ico-nmt.svg);\"><\/span>\n\t\t\t\n\t\t\t\t\t\t\t\t<h2 class=\"wpa9-card-title\">CAT-Tools<\/h2>\n\t\t\t\t<\/header>\n\n\t\t\t\t<main class=\"wpa9-card-content\"><p class=\"entry-subtitle border-top-c-black\">Computer-Assisted-Translation-Tools (CAT-Tools, zu Deutsch: computergest\u00fctzte \u00dcbersetzungsprogramme) sind f\u00fcr moderne \u00dcbersetzungen von entscheidender Bedeutung. Sie speichern \u00fcbersetzte Segmente, Branchenbegriffe und Wortwiederholungen und beschleunigen die \u00dcbersetzung enorm, indem sie dem \u00dcbersetzer diese gespeicherten \u00fcbersetzten Elemente bei der Bearbeitung eines Textes zur Verf\u00fcgung stellen. Die \u00dcbersetzung ist nicht nur schneller, sondern auch einheitlicher sowohl innerhalb einzelner Texte als auch mit anderen verwandten Texten.<\/p>\n<\/main>\n\t\t\n\t<\/a>\t<\/article>\n\t\t\n\t\t\t\n\t<article class=\"wpa9-card-m-panel wpa9-panel \">\n\t<a class=\"rounded\" href=\"\/de\/technologien\/maschinelle-ubersetzung\/\" title=\"Maschinelle \u00dcbersetzung\">\n\t\t\t\t<header class=\"d-block flex-wrap pb-4\">\n\t\t\t\t\t\t\t<span class=\"wpa9-card-icon icon d-none\" style=\"background-image: url('https:\/\/dev.skrivanek.com\/wp-content\/uploads\/2021\/03\/ico-mezinarodni-trh.svg')\"><\/span>\n\t\t\t\t<span class=\"wpa9-card-icon icon\" style=\"mask-image: url(https:\/\/dev.skrivanek.com\/wp-content\/uploads\/2021\/03\/ico-mezinarodni-trh.svg); -webkit-mask-image: url(https:\/\/dev.skrivanek.com\/wp-content\/uploads\/2021\/03\/ico-mezinarodni-trh.svg);\"><\/span>\n\t\t\t\n\t\t\t\t\t\t\t\t<h2 class=\"wpa9-card-title\">Maschinelle \u00dcbersetzung<\/h2>\n\t\t\t\t<\/header>\n\n\t\t\t\t<main class=\"wpa9-card-content\"><p class=\"entry-subtitle border-top-c-blue\">L\u00f6sungen im Bereich der maschinellen \u00dcbersetzung sind f\u00fcr bestimmte Dokumente perfekt geeignet. Medizin, Recht und Technik sind alles Bereiche, f\u00fcr die maschinellen \u00dcbersetzungen aufgrund der gro\u00dfen Textmengen mit sich wiederholenden Begriffen und Phrasen besonders n\u00fctzlich sind. Wenn maschinelle \u00dcbersetzungen f\u00fcr geeignete Texte verwendet werden, verbessert sich die Genauigkeit, die Kosteneffizienz und die \u00dcbersetzungsgeschwindigkeit.<\/p>\n<\/main>\n\t\t\n\t<\/a>\t<\/article>\n\t\t\n\n\t\t\n\t\n<\/section>\n<\/div><\/div><\/div><\/div><div id=\"pg-8074-1\"  class=\"panel-grid panel-has-style\" ><div class=\"siteorigin-panels-stretch panel-row-style panel-row-style-for-8074-1\" data-stretch-type=\"full\" ><div id=\"pgc-8074-1-0\"  class=\"panel-grid-cell\" ><div id=\"panel-8074-1-0-0\" class=\"so-panel widget widget_wpa9-card-s panel-first-child panel-last-child\" data-index=\"1\" ><div class=\"mascot mascot-10 panel-widget-style panel-widget-style-for-8074-1-0-0\" ><div\n\t\t\t\n\t\t\tclass=\"so-widget-wpa9-card-s so-widget-wpa9-card-s-default-c93e1481a745-8074\"\n\t\t\t\n\t\t><div class=\"wpa9-card wpa9-card-s narrow positive\">\n\n\t<div class=\"wpa9-card-wrapper container\">\n\n\t\t<div class=\"wpa9-card-text\">\n\t\t\t<h2 class=\"wpa9-card-title\">Ein Angebot anfordern.<\/h2>\n\t\t\t<div class=\"wpa9-card-content\"><p style=\"text-align: center\">Was auch immer Sie f\u00fcr eine \u00dcbersetzung ben\u00f6tigen - kontaktieren Sie uns und wir erstellen Ihnen ein individuelles Preisangebot.<\/p>\n<\/div>\t\t<\/div>\n\n\t\t\t\t<div class=\"meta meta-buttons d-flex flex-row justify-content-center\">\n\t\t\t\t\t<a class=\"btn btn-negative show-inquiry-form\" href=\"https:\/\/dev.skrivanek.com\/de\/anfrage\/\" title=\"Anfrage senden\">Anfrage senden<\/a>\n\t\t\t\t\t\t<\/div>\n\t\t\n\t<\/div>\n\n<\/div>\n<\/div><\/div><\/div><\/div><\/div><\/div><\/div>","protected":false},"excerpt":{"rendered":"<p>CAT-Tools Computer-Assisted-Translation-Tools (CAT-Tools, zu Deutsch: computergest\u00fctzte \u00dcbersetzungsprogramme) sind f\u00fcr moderne \u00dcbersetzungen von entscheidender Bedeutung. Sie speichern \u00fcbersetzte Segmente, Branchenbegriffe und Wortwiederholungen und beschleunigen die \u00dcbersetzung enorm, indem sie dem \u00dcbersetzer diese gespeicherten \u00fcbersetzten Elemente bei der Bearbeitung eines Textes zur Verf\u00fcgung stellen. Die \u00dcbersetzung ist nicht nur schneller, sondern auch einheitlicher sowohl innerhalb einzelner Texte [&hellip;]<\/p>\n","protected":false},"author":10,"featured_media":0,"parent":0,"menu_order":0,"comment_status":"closed","ping_status":"open","template":"","meta":{"_acf_changed":false,"content-type":"","footnotes":""},"class_list":["post-8074","page","type-page","status-publish","hentry"],"acf":[],"aioseo_notices":[],"_links":{"self":[{"href":"https:\/\/dev.skrivanek.com\/de\/wp-json\/wp\/v2\/pages\/8074","targetHints":{"allow":["GET"]}}],"collection":[{"href":"https:\/\/dev.skrivanek.com\/de\/wp-json\/wp\/v2\/pages"}],"about":[{"href":"https:\/\/dev.skrivanek.com\/de\/wp-json\/wp\/v2\/types\/page"}],"author":[{"embeddable":true,"href":"https:\/\/dev.skrivanek.com\/de\/wp-json\/wp\/v2\/users\/10"}],"replies":[{"embeddable":true,"href":"https:\/\/dev.skrivanek.com\/de\/wp-json\/wp\/v2\/comments?post=8074"}],"version-history":[{"count":3,"href":"https:\/\/dev.skrivanek.com\/de\/wp-json\/wp\/v2\/pages\/8074\/revisions"}],"predecessor-version":[{"id":82616,"href":"https:\/\/dev.skrivanek.com\/de\/wp-json\/wp\/v2\/pages\/8074\/revisions\/82616"}],"wp:attachment":[{"href":"https:\/\/dev.skrivanek.com\/de\/wp-json\/wp\/v2\/media?parent=8074"}],"curies":[{"name":"wp","href":"https:\/\/api.w.org\/{rel}","templated":true}]}}