{"id":8086,"date":"2021-08-02T13:15:44","date_gmt":"2021-08-02T11:15:44","guid":{"rendered":"https:\/\/skrivanek.com\/dolmetschen\/dolmetschen-bei-konferenzen\/"},"modified":"2023-10-18T16:14:17","modified_gmt":"2023-10-18T14:14:17","slug":"dolmetschen-bei-konferenzen","status":"publish","type":"page","link":"https:\/\/dev.skrivanek.com\/de\/dolmetschen\/dolmetschen-bei-konferenzen\/","title":{"rendered":"Dolmetschen bei Konferenzen"},"content":{"rendered":"<div id=\"pl-8086\"  class=\"panel-layout\" ><div id=\"pg-8086-0\"  class=\"panel-grid panel-has-style\" ><div class=\"siteorigin-panels-stretch panel-row-style panel-row-style-for-8086-0\" data-stretch-type=\"full\" ><div id=\"pgc-8086-0-0\"  class=\"panel-grid-cell\" ><div id=\"panel-8086-0-0-0\" class=\"so-panel widget widget_wpa9-card-l panel-first-child panel-last-child\" data-index=\"0\" ><div\n\t\t\t\n\t\t\tclass=\"so-widget-wpa9-card-l so-widget-wpa9-card-l-default-c93e1481a745-8086\"\n\t\t\t\n\t\t>\n\n<div class=\"wpa9-card wpa9-card-l-container d-flex flex-wrap wpa9-columns-2\">\n\n\t\n\t\t\n\t<div class=\"wpa9-card-l-panel wpa9-panel shadow rounded d-flex flex-column justify-content-between\">\n\n\t\t<div>\n\t\t\t\t\t\t\t<span class=\"wpa9-panel-icon icon\" style=\"display: none; background-image: url('https:\/\/dev.skrivanek.com\/wp-content\/uploads\/2021\/03\/ico-tlumoceni-konsekutivni.svg')\"><\/span>\n\t\t\t<span class=\"wpa9-panel-icon icon\" style=\"mask-image: url(https:\/\/dev.skrivanek.com\/wp-content\/uploads\/2021\/03\/ico-tlumoceni-konsekutivni.svg); -webkit-mask-image: url(https:\/\/dev.skrivanek.com\/wp-content\/uploads\/2021\/03\/ico-tlumoceni-konsekutivni.svg);\"><\/span>\n\t\t\n\t\t\t\t\t\t\t\t<h2 class=\"wpa9-panel-title\">Simultandolmetschen<\/h2>\n\t\t\n\t\t\t\t\t\t\t<div class=\"wpa9-panel-content\"><p>Bei gesprochenen Reden sorgen wir f\u00fcr Simultan- oder Konferenzdolmetschen ohne Zeitverz\u00f6gerung. Da es sich hierbei um die anspruchsvollste Form des Dolmetschens handelt, ist der Einsatz von mindestens zwei Dolmetschern erforderlich, die sich regelm\u00e4\u00dfig beim Dolmetschen abwechseln.<\/p>\n<ul>\n<li>Langj\u00e4hrige Erfahrung und professionelle Dolmetscher in 80 Sprachen<\/li>\n<li>Sofort und ohne Zeitverz\u00f6gerung<\/li>\n<li>Pr\u00e4zises Dolmetschen in eine Sprache und auf speziellen Fachgebieten<\/li>\n<\/ul>\n<\/div>\n\t\t\t\t<\/div>\n\n\t\t\t\t<div class=\"meta meta-buttons d-flex flex-column flex-sm-row justify-content-center\">\n\t\t\t\t\t<a class=\"btn btn-negative show-inquiry-form\" href=\"https:\/\/dev.skrivanek.com\/de\/anfrage\/\" title=\"Anfrage senden\">Anfrage senden<\/a>\n\t\t\t\t\t\t<\/div>\n\t\t\n\t<\/div>\n\n\t\t\n\t<div class=\"wpa9-card-l-panel wpa9-panel shadow rounded d-flex flex-column justify-content-between\">\n\n\t\t<div>\n\t\t\t\t\t\t\t<span class=\"wpa9-panel-icon icon\" style=\"display: none; background-image: url('https:\/\/dev.skrivanek.com\/wp-content\/uploads\/2021\/01\/ico-obecnypreklad.svg')\"><\/span>\n\t\t\t<span class=\"wpa9-panel-icon icon\" style=\"mask-image: url(https:\/\/dev.skrivanek.com\/wp-content\/uploads\/2021\/01\/ico-obecnypreklad.svg); -webkit-mask-image: url(https:\/\/dev.skrivanek.com\/wp-content\/uploads\/2021\/01\/ico-obecnypreklad.svg);\"><\/span>\n\t\t\n\t\t\t\t\t\t\t\t<h2 class=\"wpa9-panel-title\">Arten des Simultandolmetschens<\/h2>\n\t\t\n\t\t\t\t\t\t\t<div class=\"wpa9-panel-content\"><ul>\n<li>Dolmetschen bei Konferenzen<\/li>\n<li>Dolmetschen bei Kongressen<\/li>\n<li>Dolmetschen bei Seminaren<\/li>\n<li>Dolmetschen von Vortr\u00e4gen<\/li>\n<\/ul>\n<\/div>\n\t\t\t\t<\/div>\n\n\t\t\t\t<div class=\"meta meta-buttons d-flex flex-column flex-sm-row justify-content-center\">\n\t\t\t\t\t<a class=\"btn btn-negative \" href=\"\/de\/contact\/\" title=\"Kontakt\">Kontakt<\/a>\n\t\t\t\t\t\t<\/div>\n\t\t\n\t<\/div>\n\n\t\t\n\t\n<\/div>\n<\/div><\/div><\/div><\/div><\/div><div id=\"pg-8086-1\"  class=\"panel-grid panel-has-style\" ><div class=\"siteorigin-panels-stretch panel-row-style panel-row-style-for-8086-1\" data-stretch-type=\"full-stretched-padded\" ><div id=\"pgc-8086-1-0\"  class=\"panel-grid-cell\" ><div id=\"panel-8086-1-0-0\" class=\"so-panel widget widget_skrv-testimonials panel-first-child panel-last-child\" data-index=\"1\" ><div\n\t\t\t\n\t\t\tclass=\"so-widget-skrv-testimonials so-widget-skrv-testimonials-default-c93e1481a745-8086\"\n\t\t\t\n\t\t>\n\n<div class=\"skrv-testimonials\">\n\n    \n  <h3 class=\"widget-title\"><span class=\"title-wrapper\"><span class=\"title_bg_character\" style=\"color:#f7f7f7\">\u201d<\/span><span class=\"title\">Zuverl\u00e4ssige, schnelle und qualitativ hochwertige Leistungen<\/span><\/span><\/h3>\n  <div id=\"skrv-testimonial\" class=\"carousel slide\" data-bs-interval=\"4000\" data-bs-ride=\"carousel\" data-bs-touch=\"true\">\n    <div class=\"carousel-inner\">\n                <div class=\"skrv-testimonial-item carousel-item active\">\n        <div class=\"d-block\">\n                    <blockquote class=\"skrv-testimonial-text\">\u201eWir sind mit den Leistungen von Skrivanek \u00e4u\u00dferst zufrieden und k\u00f6nnen das Unternehmen nur weiterempfehlen.\u201c<\/blockquote>\n          <h6 class=\"skrv-testimonial-client\">Stadt T\u00e1bor<\/h6>\n        <\/div>\n      <\/div>\n        <\/div>\n\n    <a class=\"carousel-control-prev\" href=\"#0\" data-bs-target=\"#skrv-testimonial\" role=\"button\" data-bs-slide=\"prev\">\n      <span class=\"carousel-control-prev-icon\" aria-hidden=\"true\"><\/span>\n      <span class=\"sr-only\">Previous<\/span>\n    <\/a>\n    <a class=\"carousel-control-next\" href=\"#0\" data-bs-target=\"#skrv-testimonial\" role=\"button\" data-bs-slide=\"next\">\n      <span class=\"carousel-control-next-icon\" aria-hidden=\"true\"><\/span>\n      <span class=\"sr-only\">Next<\/span>\n    <\/a>\n\n    <ol class=\"carousel-indicators hidden\">\n                <li data-bs-target=\"#skrv-testimonial\" data-bs-slide-to=\"0\" class=\"active\"><\/li>\n        <\/ol>\n  <\/div>\n\n<\/div>\n\n<\/div><\/div><\/div><\/div><\/div><div id=\"pg-8086-2\"  class=\"panel-grid panel-has-style\" ><div class=\"siteorigin-panels-stretch panel-row-style panel-row-style-for-8086-2\" data-stretch-type=\"full\" ><div id=\"pgc-8086-2-0\"  class=\"panel-grid-cell\" ><div id=\"panel-8086-2-0-0\" class=\"so-panel widget widget_wpa9-card-s panel-first-child panel-last-child\" data-index=\"2\" ><div\n\t\t\t\n\t\t\tclass=\"so-widget-wpa9-card-s so-widget-wpa9-card-s-default-c93e1481a745-8086\"\n\t\t\t\n\t\t><div class=\"wpa9-card wpa9-card-s narrow positive\">\n\n\t<div class=\"wpa9-card-wrapper container\">\n\n\t\t<div class=\"wpa9-card-text\">\n\t\t\t<h2 class=\"wpa9-card-title\">Ben\u00f6tigen Sie einen Dolmetscher?<\/h2>\n\t\t\t<div class=\"wpa9-card-content\"><p style=\"text-align: center\">Wir erstellen ein Preisangebot f\u00fcr Sie.<\/p>\n<\/div>\t\t<\/div>\n\n\t\t\t\t<div class=\"meta meta-buttons d-flex flex-row justify-content-center\">\n\t\t\t\t\t\t\t<a class=\"btn btn-negative show-inquiry-form\" href=\"https:\/\/dev.skrivanek.com\/de\/anfrage\/\" title=\"Anfrage senden\">Anfrage senden<\/a>\n\t\t\t\t<\/div>\n\t\t\n\t<\/div>\n\n<\/div>\n<\/div><\/div><\/div><\/div><\/div><\/div>","protected":false},"excerpt":{"rendered":"<p>Simultandolmetschen Bei gesprochenen Reden sorgen wir f\u00fcr Simultan- oder Konferenzdolmetschen ohne Zeitverz\u00f6gerung. Da es sich hierbei um die anspruchsvollste Form des Dolmetschens handelt, ist der Einsatz von mindestens zwei Dolmetschern erforderlich, die sich regelm\u00e4\u00dfig beim Dolmetschen abwechseln. Langj\u00e4hrige Erfahrung und professionelle Dolmetscher in 80 Sprachen Sofort und ohne Zeitverz\u00f6gerung Pr\u00e4zises Dolmetschen in eine Sprache und [&hellip;]<\/p>\n","protected":false},"author":10,"featured_media":0,"parent":8046,"menu_order":0,"comment_status":"closed","ping_status":"open","template":"","meta":{"_acf_changed":false,"content-type":"","footnotes":""},"class_list":["post-8086","page","type-page","status-publish","hentry"],"acf":[],"aioseo_notices":[],"_links":{"self":[{"href":"https:\/\/dev.skrivanek.com\/de\/wp-json\/wp\/v2\/pages\/8086","targetHints":{"allow":["GET"]}}],"collection":[{"href":"https:\/\/dev.skrivanek.com\/de\/wp-json\/wp\/v2\/pages"}],"about":[{"href":"https:\/\/dev.skrivanek.com\/de\/wp-json\/wp\/v2\/types\/page"}],"author":[{"embeddable":true,"href":"https:\/\/dev.skrivanek.com\/de\/wp-json\/wp\/v2\/users\/10"}],"replies":[{"embeddable":true,"href":"https:\/\/dev.skrivanek.com\/de\/wp-json\/wp\/v2\/comments?post=8086"}],"version-history":[{"count":3,"href":"https:\/\/dev.skrivanek.com\/de\/wp-json\/wp\/v2\/pages\/8086\/revisions"}],"predecessor-version":[{"id":83070,"href":"https:\/\/dev.skrivanek.com\/de\/wp-json\/wp\/v2\/pages\/8086\/revisions\/83070"}],"up":[{"embeddable":true,"href":"https:\/\/dev.skrivanek.com\/de\/wp-json\/wp\/v2\/pages\/8046"}],"wp:attachment":[{"href":"https:\/\/dev.skrivanek.com\/de\/wp-json\/wp\/v2\/media?parent=8086"}],"curies":[{"name":"wp","href":"https:\/\/api.w.org\/{rel}","templated":true}]}}