{"id":8094,"date":"2021-08-02T13:15:45","date_gmt":"2021-08-02T11:15:45","guid":{"rendered":"https:\/\/skrivanek.com\/sonstige-dienstleistungen\/"},"modified":"2024-02-29T09:54:24","modified_gmt":"2024-02-29T08:54:24","slug":"sonstige-dienstleistungen","status":"publish","type":"page","link":"https:\/\/dev.skrivanek.com\/de\/sonstige-dienstleistungen\/","title":{"rendered":"Sonstige Dienstleistungen"},"content":{"rendered":"<div id=\"pl-8094\"  class=\"panel-layout\" ><div id=\"pg-8094-0\"  class=\"panel-grid panel-has-style\" ><div class=\"siteorigin-panels-stretch panel-row-style panel-row-style-for-8094-0\" data-stretch-type=\"full\" ><div id=\"pgc-8094-0-0\"  class=\"panel-grid-cell\" ><div id=\"panel-8094-0-0-0\" class=\"so-panel widget widget_wpa9-card-m panel-first-child panel-last-child\" data-index=\"0\" ><div\n\t\t\t\n\t\t\tclass=\"so-widget-wpa9-card-m so-widget-wpa9-card-m-default-c93e1481a745-8094\"\n\t\t\t\n\t\t>\n\n<section class=\"wpa9-card wpa9-card-m-container d-flex flex-wrap justify-content-center 6mZHg4\">\n\n\t\n\t\t\n\t\t\t\n\t<article class=\"wpa9-card-m-panel wpa9-panel \">\n\t<a class=\"rounded\" href=\"\/de\/sonstige-dienstleistungen\/grafiken-und-formatierung\/\" title=\"Grafiken und Formatierung\">\n\t\t\t\t<header class=\"d-block flex-wrap pb-4\">\n\t\t\t\t\t\t\t<span class=\"wpa9-card-icon icon d-none\" style=\"background-image: url('https:\/\/dev.skrivanek.com\/wp-content\/uploads\/2021\/03\/ico-zkusenosti.svg')\"><\/span>\n\t\t\t\t<span class=\"wpa9-card-icon icon\" style=\"mask-image: url(https:\/\/dev.skrivanek.com\/wp-content\/uploads\/2021\/03\/ico-zkusenosti.svg); -webkit-mask-image: url(https:\/\/dev.skrivanek.com\/wp-content\/uploads\/2021\/03\/ico-zkusenosti.svg);\"><\/span>\n\t\t\t\n\t\t\t\t\t\t\t\t<h2 class=\"wpa9-card-title\">Grafiken und Formatierung<\/h2>\n\t\t\t\t<\/header>\n\n\t\t\t\t<main class=\"wpa9-card-content\"><p>Uns ist bewusst, dass bereits erstellte Layouts, Formatierungen, Stile und Grafiken f\u00fcr neue Zielgruppen, die Sie zu erreichen hoffen, beibehalten oder neu erstellt werden m\u00fcssen.<\/p>\n<\/main>\n\t\t\n\t<\/a>\t<\/article>\n\t\t\n\t\t\t\n\t<article class=\"wpa9-card-m-panel wpa9-panel \">\n\t<a class=\"rounded\" href=\"\/de\/sonstige-dienstleistungen\/transkription\/\" title=\"Transkription\">\n\t\t\t\t<header class=\"d-block flex-wrap pb-4\">\n\t\t\t\t\t\t\t<span class=\"wpa9-card-icon icon d-none\" style=\"background-image: url('https:\/\/dev.skrivanek.com\/wp-content\/uploads\/2021\/03\/ico-online-vyuka.svg')\"><\/span>\n\t\t\t\t<span class=\"wpa9-card-icon icon\" style=\"mask-image: url(https:\/\/dev.skrivanek.com\/wp-content\/uploads\/2021\/03\/ico-online-vyuka.svg); -webkit-mask-image: url(https:\/\/dev.skrivanek.com\/wp-content\/uploads\/2021\/03\/ico-online-vyuka.svg);\"><\/span>\n\t\t\t\n\t\t\t\t\t\t\t\t<h2 class=\"wpa9-card-title\">Transkription<\/h2>\n\t\t\t\t<\/header>\n\n\t\t\t\t<main class=\"wpa9-card-content\"><p class=\"entry-subtitle border-top-c-yellow\">Wir f\u00fchren Transkriptionen von Audio in Text aus vielen Formaten, von Kassettenb\u00e4ndern bis hin zu den modernsten Videosoftwaredateien durch. Unternehmen, Nachrichtenorganisationen, Anwaltskanzleien und Beh\u00f6rden ben\u00f6tigen h\u00e4ufig Abschriften unmittelbar nach einer Aufnahme und wir sind darauf eingerichtet, dieser Anforderung gerecht zu werden.<\/p>\n<\/main>\n\t\t\n\t<\/a>\t<\/article>\n\t\t\n\t\t\t\n\t<article class=\"wpa9-card-m-panel wpa9-panel \">\n\t<a class=\"rounded\" href=\"\/de\/sonstige-dienstleistungen\/untertitelung\/\" title=\"Untertitelung\">\n\t\t\t\t<header class=\"d-block flex-wrap pb-4\">\n\t\t\t\t\t\t\t<span class=\"wpa9-card-icon icon d-none\" style=\"background-image: url('https:\/\/dev.skrivanek.com\/wp-content\/uploads\/2021\/03\/ico-online-vyuka.svg')\"><\/span>\n\t\t\t\t<span class=\"wpa9-card-icon icon\" style=\"mask-image: url(https:\/\/dev.skrivanek.com\/wp-content\/uploads\/2021\/03\/ico-online-vyuka.svg); -webkit-mask-image: url(https:\/\/dev.skrivanek.com\/wp-content\/uploads\/2021\/03\/ico-online-vyuka.svg);\"><\/span>\n\t\t\t\n\t\t\t\t\t\t\t\t<h2 class=\"wpa9-card-title\">Untertitelung<\/h2>\n\t\t\t\t<\/header>\n\n\t\t\t\t<main class=\"wpa9-card-content\"><p>Bei der Aufbereitung Ihres Videomaterials f\u00fcr ein fremdsprachiges Publikum ist die Untertitelung eine kosteng\u00fcnstige Alternative zur Synchronisation. In bestimmten M\u00e4rkten wird sie sogar bevorzugt, beispielsweise in Griechenland. Das \u00dcbersetzen von gesprochener Sprache in geschriebene Sprache ist eine Kunst und Skrivaneks Untertitler verf\u00fcgen \u00fcber die notwendige Erfahrung, Software und das Talent, eine einwandfreie Untertitelung in \u00fcber 80 Sprachen zu liefern.<\/p>\n<\/main>\n\t\t\n\t<\/a>\t<\/article>\n\t\t\n\t\t\t\n\t<article class=\"wpa9-card-m-panel wpa9-panel \">\n\t<a class=\"rounded\" href=\"\/de\/sonstige-dienstleistungen\/voiceover\/\" title=\"Voiceover\">\n\t\t\t\t<header class=\"d-block flex-wrap pb-4\">\n\t\t\t\t\t\t\t<span class=\"wpa9-card-icon icon d-none\" style=\"background-image: url('https:\/\/dev.skrivanek.com\/wp-content\/uploads\/2021\/01\/ico-lidi.svg')\"><\/span>\n\t\t\t\t<span class=\"wpa9-card-icon icon\" style=\"mask-image: url(https:\/\/dev.skrivanek.com\/wp-content\/uploads\/2021\/01\/ico-lidi.svg); -webkit-mask-image: url(https:\/\/dev.skrivanek.com\/wp-content\/uploads\/2021\/01\/ico-lidi.svg);\"><\/span>\n\t\t\t\n\t\t\t\t\t\t\t\t<h2 class=\"wpa9-card-title\">Voiceover<\/h2>\n\t\t\t\t<\/header>\n\n\t\t\t\t<main class=\"wpa9-card-content\"><p class=\"entry-subtitle border-top-c-yellow\">Ben\u00f6tigen Sie eine Voiceover-\u00dcbersetzung f\u00fcr die Kommunikation mit einem weltweiten Publikum? Wir liefern Ihnen durchgehend h\u00f6chste Qualit\u00e4t bei unseren Dienstleistungen. Nennen Sie uns Ihre Anforderungen und wir erledigen den Rest mit den besten linguistischen und mehrsprachigen Sprechern.<\/p>\n<\/main>\n\t\t\n\t<\/a>\t<\/article>\n\t\t\n\n\t\t\n\t\n<\/section>\n<\/div><\/div><\/div><\/div><\/div><div id=\"pg-8094-1\"  class=\"panel-grid panel-has-style\" ><div class=\"siteorigin-panels-stretch panel-row-style panel-row-style-for-8094-1\" data-stretch-type=\"full\" ><div id=\"pgc-8094-1-0\"  class=\"panel-grid-cell\" ><div id=\"panel-8094-1-0-0\" class=\"so-panel widget widget_wpa9-card-s panel-first-child panel-last-child\" data-index=\"1\" ><div class=\"mascot mascot-10 panel-widget-style panel-widget-style-for-8094-1-0-0\" ><div\n\t\t\t\n\t\t\tclass=\"so-widget-wpa9-card-s so-widget-wpa9-card-s-default-c93e1481a745-8094\"\n\t\t\t\n\t\t><div class=\"wpa9-card wpa9-card-s narrow positive\">\n\n\t<div class=\"wpa9-card-wrapper container\">\n\n\t\t<div class=\"wpa9-card-text\">\n\t\t\t<h2 class=\"wpa9-card-title\">Wof\u00fcr ben\u00f6tigen Sie eine \u00dcbersetzung?<\/h2>\n\t\t\t<div class=\"wpa9-card-content\"><p style=\"text-align: center\">Wir erstellen ein Preisangebot f\u00fcr Sie.<\/p>\n<\/div>\t\t<\/div>\n\n\t\t\t\t<div class=\"meta meta-buttons d-flex flex-row justify-content-center\">\n\t\t\t\t\t<a class=\"btn btn-negative show-inquiry-form\" href=\"https:\/\/dev.skrivanek.com\/de\/anfrage\/\" title=\"Anfrage senden\">Anfrage senden<\/a>\n\t\t\t\t\t\t<\/div>\n\t\t\n\t<\/div>\n\n<\/div>\n<\/div><\/div><\/div><\/div><\/div><\/div><\/div>","protected":false},"excerpt":{"rendered":"<p>Grafiken und Formatierung Uns ist bewusst, dass bereits erstellte Layouts, Formatierungen, Stile und Grafiken f\u00fcr neue Zielgruppen, die Sie zu erreichen hoffen, beibehalten oder neu erstellt werden m\u00fcssen. Transkription Wir f\u00fchren Transkriptionen von Audio in Text aus vielen Formaten, von Kassettenb\u00e4ndern bis hin zu den modernsten Videosoftwaredateien durch. Unternehmen, Nachrichtenorganisationen, Anwaltskanzleien und Beh\u00f6rden ben\u00f6tigen h\u00e4ufig [&hellip;]<\/p>\n","protected":false},"author":10,"featured_media":0,"parent":0,"menu_order":0,"comment_status":"closed","ping_status":"open","template":"","meta":{"_acf_changed":false,"content-type":"","footnotes":""},"class_list":["post-8094","page","type-page","status-publish","hentry"],"acf":[],"aioseo_notices":[],"_links":{"self":[{"href":"https:\/\/dev.skrivanek.com\/de\/wp-json\/wp\/v2\/pages\/8094","targetHints":{"allow":["GET"]}}],"collection":[{"href":"https:\/\/dev.skrivanek.com\/de\/wp-json\/wp\/v2\/pages"}],"about":[{"href":"https:\/\/dev.skrivanek.com\/de\/wp-json\/wp\/v2\/types\/page"}],"author":[{"embeddable":true,"href":"https:\/\/dev.skrivanek.com\/de\/wp-json\/wp\/v2\/users\/10"}],"replies":[{"embeddable":true,"href":"https:\/\/dev.skrivanek.com\/de\/wp-json\/wp\/v2\/comments?post=8094"}],"version-history":[{"count":3,"href":"https:\/\/dev.skrivanek.com\/de\/wp-json\/wp\/v2\/pages\/8094\/revisions"}],"predecessor-version":[{"id":84607,"href":"https:\/\/dev.skrivanek.com\/de\/wp-json\/wp\/v2\/pages\/8094\/revisions\/84607"}],"wp:attachment":[{"href":"https:\/\/dev.skrivanek.com\/de\/wp-json\/wp\/v2\/media?parent=8094"}],"curies":[{"name":"wp","href":"https:\/\/api.w.org\/{rel}","templated":true}]}}