{"id":8096,"date":"2021-08-02T13:15:45","date_gmt":"2021-08-02T11:15:45","guid":{"rendered":"https:\/\/skrivanek.com\/sonstige-dienstleistungen\/grafiken-und-formatierung\/"},"modified":"2023-10-19T11:04:09","modified_gmt":"2023-10-19T09:04:09","slug":"grafiken-und-formatierung","status":"publish","type":"page","link":"https:\/\/dev.skrivanek.com\/de\/sonstige-dienstleistungen\/grafiken-und-formatierung\/","title":{"rendered":"Grafiken und Formatierung"},"content":{"rendered":"<div id=\"pl-8096\"  class=\"panel-layout\" ><div id=\"pg-8096-0\"  class=\"panel-grid panel-has-style\" ><div class=\"siteorigin-panels-stretch panel-row-style panel-row-style-for-8096-0\" data-stretch-type=\"full\" ><div id=\"pgc-8096-0-0\"  class=\"panel-grid-cell\" ><div id=\"panel-8096-0-0-0\" class=\"so-panel widget widget_wpa9-card-l panel-first-child panel-last-child\" data-index=\"0\" ><div\n\t\t\t\n\t\t\tclass=\"so-widget-wpa9-card-l so-widget-wpa9-card-l-default-c93e1481a745-8096\"\n\t\t\t\n\t\t>\n\n<div class=\"wpa9-card wpa9-card-l-container d-flex flex-wrap wpa9-columns-2\">\n\n\t\n\t\t\n\t<div class=\"wpa9-card-l-panel wpa9-panel shadow rounded d-flex flex-column justify-content-between\">\n\n\t\t<div>\n\t\t\t\t\t\t\t<span class=\"wpa9-panel-icon icon\" style=\"display: none; background-image: url('https:\/\/dev.skrivanek.com\/wp-content\/uploads\/2021\/03\/ico-tlumoceni-konsekutivni.svg')\"><\/span>\n\t\t\t<span class=\"wpa9-panel-icon icon\" style=\"mask-image: url(https:\/\/dev.skrivanek.com\/wp-content\/uploads\/2021\/03\/ico-tlumoceni-konsekutivni.svg); -webkit-mask-image: url(https:\/\/dev.skrivanek.com\/wp-content\/uploads\/2021\/03\/ico-tlumoceni-konsekutivni.svg);\"><\/span>\n\t\t\n\t\t\t\t\t\t\t\t<h2 class=\"wpa9-panel-title\">Wir kennen Ihre Zielsprache und wie sie pr\u00e4sentiert werden muss<\/h2>\n\t\t\n\t\t\t\t\t\t\t<div class=\"wpa9-panel-content\"><p>Sie haben bereits Zeit und Geld in professionelle Werbung f\u00fcr Ihren Hauptmarkt investiert. Uns ist bewusst, dass bereits erstellte Layouts, Formatierungen, Stile und Grafiken f\u00fcr neue Zielgruppen, die Sie zu erreichen hoffen, beibehalten oder neu erstellt werden m\u00fcssen. Statt langwieriger Neugestaltung zahlreicher mehrsprachiger Versionen nutzt Skrivaneks spezielle <span class=\"caps\">DTP<\/span>-Abteilung fortschrittliche Technologien und Konvertierungstools, um Ihre bestehenden Druckvorlagen anzupassen. Dank der engen Zusammenarbeit mit Ihren Originalen k\u00f6nnen wir Ihnen ein optimiertes <span class=\"caps\">DTP<\/span> mit einer verk\u00fcrzten Markteinf\u00fchrungszeit und niedrigeren Kosten bieten.<\/p>\n<\/div>\n\t\t\t\t<\/div>\n\n\t\t\t\t<div class=\"meta meta-buttons d-flex flex-column flex-sm-row justify-content-center\">\n\t\t\t\t\t<a class=\"btn btn-negative show-inquiry-form\" href=\"https:\/\/dev.skrivanek.com\/de\/anfrage\/\" title=\"Anfrage senden\">Anfrage senden<\/a>\n\t\t\t\t\t\t<\/div>\n\t\t\n\t<\/div>\n\n\t\t\n\t<div class=\"wpa9-card-l-panel wpa9-panel shadow rounded d-flex flex-column justify-content-between\">\n\n\t\t<div>\n\t\t\t\t\t\t\t<span class=\"wpa9-panel-icon icon\" style=\"display: none; background-image: url('https:\/\/dev.skrivanek.com\/wp-content\/uploads\/2021\/01\/ico-obecnypreklad.svg')\"><\/span>\n\t\t\t<span class=\"wpa9-panel-icon icon\" style=\"mask-image: url(https:\/\/dev.skrivanek.com\/wp-content\/uploads\/2021\/01\/ico-obecnypreklad.svg); -webkit-mask-image: url(https:\/\/dev.skrivanek.com\/wp-content\/uploads\/2021\/01\/ico-obecnypreklad.svg);\"><\/span>\n\t\t\n\t\t\t\t\t\t\t\t<h2 class=\"wpa9-panel-title\">Zu unseren umfassenden mehrsprachigen Desktop-Publishing-Leistungen z\u00e4hlen:<\/h2>\n\t\t\n\t\t\t\t\t\t\t<div class=\"wpa9-panel-content\"><ul>\n<li>Beratung zu Design, Layout und Formatierung<\/li>\n<li>Erstellung von PostScript- und PDF-Dateien f\u00fcr Online- und Druckpublikationen<\/li>\n<li>Extrahierung von Inhalten aus beliebigen Originalformaten f\u00fcr die \u00dcbersetzung<\/li>\n<li>H\u00f6chste Qualit\u00e4tssicherung mit Korrekturlesen in jedem Arbeitsschritt<\/li>\n<li>DTP-Dienste in mehr als 200 Sprachen<\/li>\n<\/ul>\n<\/div>\n\t\t\t\t<\/div>\n\n\t\t\t\t<div class=\"meta meta-buttons d-flex flex-column flex-sm-row justify-content-center\">\n\t\t\t\t\t<a class=\"btn btn-negative \" href=\"\/de\/contact\/\" title=\"Kontakt\">Kontakt<\/a>\n\t\t\t\t\t\t<\/div>\n\t\t\n\t<\/div>\n\n\t\t\n\t\n<\/div>\n<\/div><\/div><\/div><\/div><\/div><div id=\"pg-8096-1\"  class=\"panel-grid panel-no-style\" ><div id=\"pgc-8096-1-0\"  class=\"panel-grid-cell\" ><div id=\"panel-8096-1-0-0\" class=\"so-panel widget widget_wpa9-card-s panel-first-child panel-last-child\" data-index=\"1\" ><div\n\t\t\t\n\t\t\tclass=\"so-widget-wpa9-card-s so-widget-wpa9-card-s-default-c93e1481a745-8096\"\n\t\t\t\n\t\t><div class=\"wpa9-card wpa9-card-s narrow positive\">\n\n\t<div class=\"wpa9-card-wrapper container\">\n\n\t\t<div class=\"wpa9-card-text\">\n\t\t\t<h2 class=\"wpa9-card-title\">Ein Angebot anfordern.<\/h2>\n\t\t\t<div class=\"wpa9-card-content\"><p style=\"text-align: center\">Wir erstellen ein Preisangebot f\u00fcr Sie.<\/p>\n<\/div>\t\t<\/div>\n\n\t\t\t\t<div class=\"meta meta-buttons d-flex flex-row justify-content-center\">\n\t\t\t\t\t\t\t<a class=\"btn btn-negative show-inquiry-form\" href=\"https:\/\/dev.skrivanek.com\/de\/anfrage\/\" title=\"Anfrage senden\">Anfrage senden<\/a>\n\t\t\t\t<\/div>\n\t\t\n\t<\/div>\n\n<\/div>\n<\/div><\/div><\/div><\/div><\/div>","protected":false},"excerpt":{"rendered":"<p>Wir kennen Ihre Zielsprache und wie sie pr\u00e4sentiert werden muss Sie haben bereits Zeit und Geld in professionelle Werbung f\u00fcr Ihren Hauptmarkt investiert. Uns ist bewusst, dass bereits erstellte Layouts, Formatierungen, Stile und Grafiken f\u00fcr neue Zielgruppen, die Sie zu erreichen hoffen, beibehalten oder neu erstellt werden m\u00fcssen. Statt langwieriger Neugestaltung zahlreicher mehrsprachiger Versionen nutzt [&hellip;]<\/p>\n","protected":false},"author":10,"featured_media":0,"parent":8094,"menu_order":0,"comment_status":"closed","ping_status":"open","template":"","meta":{"_acf_changed":false,"content-type":"","footnotes":""},"class_list":["post-8096","page","type-page","status-publish","hentry"],"acf":[],"aioseo_notices":[],"_links":{"self":[{"href":"https:\/\/dev.skrivanek.com\/de\/wp-json\/wp\/v2\/pages\/8096","targetHints":{"allow":["GET"]}}],"collection":[{"href":"https:\/\/dev.skrivanek.com\/de\/wp-json\/wp\/v2\/pages"}],"about":[{"href":"https:\/\/dev.skrivanek.com\/de\/wp-json\/wp\/v2\/types\/page"}],"author":[{"embeddable":true,"href":"https:\/\/dev.skrivanek.com\/de\/wp-json\/wp\/v2\/users\/10"}],"replies":[{"embeddable":true,"href":"https:\/\/dev.skrivanek.com\/de\/wp-json\/wp\/v2\/comments?post=8096"}],"version-history":[{"count":3,"href":"https:\/\/dev.skrivanek.com\/de\/wp-json\/wp\/v2\/pages\/8096\/revisions"}],"predecessor-version":[{"id":83144,"href":"https:\/\/dev.skrivanek.com\/de\/wp-json\/wp\/v2\/pages\/8096\/revisions\/83144"}],"up":[{"embeddable":true,"href":"https:\/\/dev.skrivanek.com\/de\/wp-json\/wp\/v2\/pages\/8094"}],"wp:attachment":[{"href":"https:\/\/dev.skrivanek.com\/de\/wp-json\/wp\/v2\/media?parent=8096"}],"curies":[{"name":"wp","href":"https:\/\/api.w.org\/{rel}","templated":true}]}}