{"id":8102,"date":"2021-08-02T13:15:46","date_gmt":"2021-08-02T11:15:46","guid":{"rendered":"https:\/\/skrivanek.com\/sonstige-dienstleistungen\/voiceover\/"},"modified":"2023-10-18T08:42:53","modified_gmt":"2023-10-18T06:42:53","slug":"voiceover","status":"publish","type":"page","link":"https:\/\/dev.skrivanek.com\/de\/sonstige-dienstleistungen\/voiceover\/","title":{"rendered":"Voiceover"},"content":{"rendered":"<div id=\"pl-8102\"  class=\"panel-layout\" ><div id=\"pg-8102-0\"  class=\"panel-grid panel-has-style\" ><div class=\"siteorigin-panels-stretch panel-row-style panel-row-style-for-8102-0\" data-stretch-type=\"full\" ><div id=\"pgc-8102-0-0\"  class=\"panel-grid-cell\" ><div id=\"panel-8102-0-0-0\" class=\"so-panel widget widget_wpa9-card-l panel-first-child panel-last-child\" data-index=\"0\" ><div\n\t\t\t\n\t\t\tclass=\"so-widget-wpa9-card-l so-widget-wpa9-card-l-default-c93e1481a745-8102\"\n\t\t\t\n\t\t>\n\n<div class=\"wpa9-card wpa9-card-l-container d-flex flex-wrap wpa9-columns-3\">\n\n\t\n\t\t\n\t<div class=\"wpa9-card-l-panel wpa9-panel shadow rounded d-flex flex-column justify-content-between\">\n\n\t\t<div>\n\t\t\t\t\t\t\t<span class=\"wpa9-panel-icon icon\" style=\"display: none; background-image: url('https:\/\/dev.skrivanek.com\/wp-content\/uploads\/2021\/03\/ico-tlumoceni-konsekutivni.svg')\"><\/span>\n\t\t\t<span class=\"wpa9-panel-icon icon\" style=\"mask-image: url(https:\/\/dev.skrivanek.com\/wp-content\/uploads\/2021\/03\/ico-tlumoceni-konsekutivni.svg); -webkit-mask-image: url(https:\/\/dev.skrivanek.com\/wp-content\/uploads\/2021\/03\/ico-tlumoceni-konsekutivni.svg);\"><\/span>\n\t\t\n\t\t\t\t\t\t\t\t<h2 class=\"wpa9-panel-title\">Komplexes Verst\u00e4ndnis von Kulturen<\/h2>\n\t\t\n\t\t\t\t\t\t\t<div class=\"wpa9-panel-content\"><p>Egal, ob Sie eine autorit\u00e4re Stimme f\u00fcr ein arabisches Sicherheitshandbuch oder einen witzigen Sprecher f\u00fcr eine Kinderfernsehsendung in Brasilien ben\u00f6tigen, Skrivanek koordiniert die Synchronsprecher, \u00dcbersetzer und Aufnahmetechnik, um ein exzellentes Endprodukt zu gew\u00e4hrleisten.<\/p>\n<p>Wichtig sind die Pers\u00f6nlichkeit, der Tonfall und die inhaltliche Erfahrung der Sprecher. Wir verf\u00fcgen \u00fcber eine umfangreiche Auswahl an Sprechern f\u00fcr Ihre Voiceover-Anforderungen. Unsere mehrsprachige Voiceover-Erfahrung wird durch ein komplexes Verst\u00e4ndnis der jeweiligen Kulturen Ihrer Materialien erg\u00e4nzt.<\/p>\n<\/div>\n\t\t\t\t<\/div>\n\n\t\t\t\t<div class=\"meta meta-buttons d-flex flex-column flex-sm-row justify-content-center\">\n\t\t\t\t\t<a class=\"btn btn-negative show-inquiry-form\" href=\"https:\/\/dev.skrivanek.com\/de\/anfrage\/\" title=\"Anfrage senden\">Anfrage senden<\/a>\n\t\t\t\t\t\t<\/div>\n\t\t\n\t<\/div>\n\n\t\t\n\t<div class=\"wpa9-card-l-panel wpa9-panel shadow rounded d-flex flex-column justify-content-between\">\n\n\t\t<div>\n\t\t\t\t\t\t\t<span class=\"wpa9-panel-icon icon\" style=\"display: none; background-image: url('https:\/\/dev.skrivanek.com\/wp-content\/uploads\/2021\/01\/ico-obecnypreklad.svg')\"><\/span>\n\t\t\t<span class=\"wpa9-panel-icon icon\" style=\"mask-image: url(https:\/\/dev.skrivanek.com\/wp-content\/uploads\/2021\/01\/ico-obecnypreklad.svg); -webkit-mask-image: url(https:\/\/dev.skrivanek.com\/wp-content\/uploads\/2021\/01\/ico-obecnypreklad.svg);\"><\/span>\n\t\t\n\t\t\t\t\t\t\t\t<h2 class=\"wpa9-panel-title\">Erf\u00fcllen Sie mit mehrsprachigem Voiceover Ihre Ziele<\/h2>\n\t\t\n\t\t\t\t\t\t\t<div class=\"wpa9-panel-content\"><p>Wir bieten Voiceover in Englisch, Japanisch, Hindi, Koreanisch, Spanisch, Russisch und 80 weiteren Sprachen an. Zur Vervollst\u00e4ndigung Ihrer Lokalisierung in Osteuropa ben\u00f6tigen Sie m\u00f6glicherweise IVR-Aufnahmen f\u00fcr jedes Land. Oder Sie ben\u00f6tigen vollst\u00e4ndige Social-Media-Videoanzeigen zu Ihrem Produkt.<\/p>\n<p>Egal, was Sie f\u00fcr Ihre Voiceover-Bed\u00fcrfnisse und Ihre Marketingstrategie ben\u00f6tigen, wir helfen Ihnen gerne, Ihre Anforderungen an mehrsprachigem Voiceover so zu realisieren, dass Ihre Qualit\u00e4tserwartungen \u00fcbertroffen und Ihre Fristen sowie Ihr Budget eingehalten werden.<\/p>\n<\/div>\n\t\t\t\t<\/div>\n\n\t\t\t\t<div class=\"meta meta-buttons d-flex flex-column flex-sm-row justify-content-center\">\n\t\t\t\t\t<a class=\"btn btn-negative \" href=\"\/de\/contact\/\" title=\"Kontakt\">Kontakt<\/a>\n\t\t\t\t\t\t<\/div>\n\t\t\n\t<\/div>\n\n\t\t\n\t<div class=\"wpa9-card-l-panel wpa9-panel shadow rounded d-flex flex-column justify-content-between\">\n\n\t\t<div>\n\t\t\t\t\t\t\t<span class=\"wpa9-panel-icon icon\" style=\"display: none; background-image: url('https:\/\/dev.skrivanek.com\/wp-content\/uploads\/2021\/03\/ico-seznam.svg')\"><\/span>\n\t\t\t<span class=\"wpa9-panel-icon icon\" style=\"mask-image: url(https:\/\/dev.skrivanek.com\/wp-content\/uploads\/2021\/03\/ico-seznam.svg); -webkit-mask-image: url(https:\/\/dev.skrivanek.com\/wp-content\/uploads\/2021\/03\/ico-seznam.svg);\"><\/span>\n\t\t\n\t\t\t\t\t\t\t\t<h2 class=\"wpa9-panel-title\">Sie k\u00f6nnen sich bei allen Ihren Voiceover-Anforderungen auf Skrivanek verlassen:<\/h2>\n\t\t\n\t\t\t\t\t\t\t<div class=\"wpa9-panel-content\"><ul>\n<li>Videospiele<\/li>\n<li>E-Learning-Videos<\/li>\n<li>H\u00f6rb\u00fccher<\/li>\n<li>Dokumentationen<\/li>\n<li>F\u00fchrungen auf Reisen<\/li>\n<li>Social-Media-Werbung<\/li>\n<li>Animation<\/li>\n<li>Film und Fernsehen<\/li>\n<li>IVR-Nachrichten<\/li>\n<\/ul>\n<\/div>\n\t\t\t\t<\/div>\n\n\t\t\n\t<\/div>\n\n\t\t\n\t\n<\/div>\n<\/div><\/div><\/div><\/div><\/div><div id=\"pg-8102-1\"  class=\"panel-grid panel-no-style\" ><div id=\"pgc-8102-1-0\"  class=\"panel-grid-cell\" ><div id=\"panel-8102-1-0-0\" class=\"so-panel widget widget_wpa9-card-s panel-first-child panel-last-child\" data-index=\"1\" ><div\n\t\t\t\n\t\t\tclass=\"so-widget-wpa9-card-s so-widget-wpa9-card-s-default-c93e1481a745-8102\"\n\t\t\t\n\t\t><div class=\"wpa9-card wpa9-card-s narrow positive\">\n\n\t<div class=\"wpa9-card-wrapper container\">\n\n\t\t<div class=\"wpa9-card-text\">\n\t\t\t<h2 class=\"wpa9-card-title\">Ask for a quote.<\/h2>\n\t\t\t<div class=\"wpa9-card-content\"><p style=\"text-align: center\">Wir erstellen ein Preisangebot f\u00fcr Sie.<\/p>\n<\/div>\t\t<\/div>\n\n\t\t\t\t<div class=\"meta meta-buttons d-flex flex-row justify-content-center\">\n\t\t\t\t\t\t\t<a class=\"btn btn-negative show-inquiry-form\" href=\"https:\/\/dev.skrivanek.com\/de\/anfrage\/\" title=\"Anfrage senden\">Anfrage senden<\/a>\n\t\t\t\t<\/div>\n\t\t\n\t<\/div>\n\n<\/div>\n<\/div><\/div><\/div><\/div><\/div>","protected":false},"excerpt":{"rendered":"<p>Komplexes Verst\u00e4ndnis von Kulturen Egal, ob Sie eine autorit\u00e4re Stimme f\u00fcr ein arabisches Sicherheitshandbuch oder einen witzigen Sprecher f\u00fcr eine Kinderfernsehsendung in Brasilien ben\u00f6tigen, Skrivanek koordiniert die Synchronsprecher, \u00dcbersetzer und Aufnahmetechnik, um ein exzellentes Endprodukt zu gew\u00e4hrleisten. Wichtig sind die Pers\u00f6nlichkeit, der Tonfall und die inhaltliche Erfahrung der Sprecher. Wir verf\u00fcgen \u00fcber eine umfangreiche Auswahl [&hellip;]<\/p>\n","protected":false},"author":10,"featured_media":0,"parent":8094,"menu_order":0,"comment_status":"closed","ping_status":"open","template":"","meta":{"_acf_changed":false,"content-type":"","footnotes":""},"class_list":["post-8102","page","type-page","status-publish","hentry"],"acf":[],"aioseo_notices":[],"_links":{"self":[{"href":"https:\/\/dev.skrivanek.com\/de\/wp-json\/wp\/v2\/pages\/8102","targetHints":{"allow":["GET"]}}],"collection":[{"href":"https:\/\/dev.skrivanek.com\/de\/wp-json\/wp\/v2\/pages"}],"about":[{"href":"https:\/\/dev.skrivanek.com\/de\/wp-json\/wp\/v2\/types\/page"}],"author":[{"embeddable":true,"href":"https:\/\/dev.skrivanek.com\/de\/wp-json\/wp\/v2\/users\/10"}],"replies":[{"embeddable":true,"href":"https:\/\/dev.skrivanek.com\/de\/wp-json\/wp\/v2\/comments?post=8102"}],"version-history":[{"count":3,"href":"https:\/\/dev.skrivanek.com\/de\/wp-json\/wp\/v2\/pages\/8102\/revisions"}],"predecessor-version":[{"id":82722,"href":"https:\/\/dev.skrivanek.com\/de\/wp-json\/wp\/v2\/pages\/8102\/revisions\/82722"}],"up":[{"embeddable":true,"href":"https:\/\/dev.skrivanek.com\/de\/wp-json\/wp\/v2\/pages\/8094"}],"wp:attachment":[{"href":"https:\/\/dev.skrivanek.com\/de\/wp-json\/wp\/v2\/media?parent=8102"}],"curies":[{"name":"wp","href":"https:\/\/api.w.org\/{rel}","templated":true}]}}