{"id":8108,"date":"2021-08-02T13:15:47","date_gmt":"2021-08-02T11:15:47","guid":{"rendered":"https:\/\/skrivanek.com\/sonstige-dienstleistungen\/untertitelung\/"},"modified":"2023-10-19T11:04:53","modified_gmt":"2023-10-19T09:04:53","slug":"untertitelung","status":"publish","type":"page","link":"https:\/\/dev.skrivanek.com\/de\/sonstige-dienstleistungen\/untertitelung\/","title":{"rendered":"Untertitelung"},"content":{"rendered":"<div id=\"pl-8108\"  class=\"panel-layout\" ><div id=\"pg-8108-0\"  class=\"panel-grid panel-no-style\" ><div id=\"pgc-8108-0-0\"  class=\"panel-grid-cell\" ><div id=\"panel-8108-0-0-0\" class=\"so-panel widget widget_wpa9-card-l panel-first-child panel-last-child\" data-index=\"0\" ><div\n\t\t\t\n\t\t\tclass=\"so-widget-wpa9-card-l so-widget-wpa9-card-l-default-c93e1481a745-8108\"\n\t\t\t\n\t\t>\n\n<div class=\"wpa9-card wpa9-card-l-container d-flex flex-wrap wpa9-columns-2\">\n\n\t\n\t\t\n\t<div class=\"wpa9-card-l-panel wpa9-panel shadow rounded d-flex flex-column justify-content-between\">\n\n\t\t<div>\n\t\t\t\t\t\t\t<span class=\"wpa9-panel-icon icon\" style=\"display: none; background-image: url('https:\/\/dev.skrivanek.com\/wp-content\/uploads\/2021\/03\/ico-seznam.svg')\"><\/span>\n\t\t\t<span class=\"wpa9-panel-icon icon\" style=\"mask-image: url(https:\/\/dev.skrivanek.com\/wp-content\/uploads\/2021\/03\/ico-seznam.svg); -webkit-mask-image: url(https:\/\/dev.skrivanek.com\/wp-content\/uploads\/2021\/03\/ico-seznam.svg);\"><\/span>\n\t\t\n\t\t\t\t\t\t\t\t<h2 class=\"wpa9-panel-title\">Wir nehmen eine Vielzahl von Formaten an <\/h2>\n\t\t\n\t\t\t\t\t\t\t<div class=\"wpa9-panel-content\"><p>Wir akzeptieren Ihre Audio-\/Videodateien in zahlreichen Formaten und verwenden verschiedene Programme, um Ihren Anforderungen gerecht zu werden. Beispielsweise extrahiert eine Untertitelungssoftware wie SubRip Text (SRT)-\u00dcbersetzung Inhalte aus Livevideos, DVDs oder Videodateien und verwendet diese Dateien dann zur Erstellung von Untertiteln. Dabei wird genau markiert, wo sich ein Segment im Video befindet und wie lang es ist.<\/p>\n<p>Bei der Erstellung von Untertiteln muss darauf geachtet werden, dass diese synchron zu den Szenen sind und zeitlich mit der Audioausgabe \u00fcbereinstimmen. Die Untertitel f\u00fcr Ihr Video oder Ihren Film sollten so leicht zu lesen und zu verstehen sein, dass den Zuschauern das Lesen kaum auff\u00e4llt.<\/p>\n<\/div>\n\t\t\t\t<\/div>\n\n\t\t\t\t<div class=\"meta meta-buttons d-flex flex-column flex-sm-row justify-content-center\">\n\t\t\t\t\t<a class=\"btn btn-negative show-inquiry-form\" href=\"https:\/\/dev.skrivanek.com\/de\/anfrage\/\" title=\"Anfrage senden\">Anfrage senden<\/a>\n\t\t\t\t\t\t<\/div>\n\t\t\n\t<\/div>\n\n\t\t\n\t<div class=\"wpa9-card-l-panel wpa9-panel shadow rounded d-flex flex-column justify-content-between\">\n\n\t\t<div>\n\t\t\t\t\t\t\t<span class=\"wpa9-panel-icon icon\" style=\"display: none; background-image: url('https:\/\/dev.skrivanek.com\/wp-content\/uploads\/2021\/03\/ico-info.svg')\"><\/span>\n\t\t\t<span class=\"wpa9-panel-icon icon\" style=\"mask-image: url(https:\/\/dev.skrivanek.com\/wp-content\/uploads\/2021\/03\/ico-info.svg); -webkit-mask-image: url(https:\/\/dev.skrivanek.com\/wp-content\/uploads\/2021\/03\/ico-info.svg);\"><\/span>\n\t\t\n\t\t\t\t\t\t\t\t<h2 class=\"wpa9-panel-title\">Der Prozess der Untertitelung<\/h2>\n\t\t\n\t\t\t\t\t\t\t<div class=\"wpa9-panel-content\"><p>Der Prozess der Untertitelung beginnt mit dem Spotting, wobei genau bestimmt wird, wo die Untertitel hingeh\u00f6ren und wie lang sie sein werden. Unsere Linguisten \u00fcbersetzen dann die gesprochenen Worte aus der Ausgangssprache und sorgen dabei f\u00fcr genau den richtigen Ton in Ihrer Zielsprache.<\/p>\n<p>Sorgf\u00e4ltiges Korrekturlesen der neuen Untertitel garantiert, dass die Sprachkonventionen eingehalten werden und ein fl\u00fcssiger Zeilenumbruch vorhanden ist. Bei der Simulation wird das Video mit eingef\u00fcgten Untertiteln so vorgef\u00fchrt, wie sie im Endprodukt auf dem Bildschirm erscheinen werden, allerdings in einem Format, das Korrekturen und Verbesserungen erm\u00f6glicht.<\/p>\n<\/div>\n\t\t\t\t<\/div>\n\n\t\t\t\t<div class=\"meta meta-buttons d-flex flex-column flex-sm-row justify-content-center\">\n\t\t\t\t\t<a class=\"btn btn-negative \" href=\"\/de\/contact\/\" title=\"Kontakt\">Kontakt<\/a>\n\t\t\t\t\t\t<\/div>\n\t\t\n\t<\/div>\n\n\t\t\n\t<div class=\"wpa9-card-l-panel wpa9-panel shadow rounded d-flex flex-column justify-content-between\">\n\n\t\t<div>\n\t\t\t\t\t\t\t<span class=\"wpa9-panel-icon icon\" style=\"display: none; background-image: url('https:\/\/dev.skrivanek.com\/wp-content\/uploads\/2021\/01\/ico-lidi.svg')\"><\/span>\n\t\t\t<span class=\"wpa9-panel-icon icon\" style=\"mask-image: url(https:\/\/dev.skrivanek.com\/wp-content\/uploads\/2021\/01\/ico-lidi.svg); -webkit-mask-image: url(https:\/\/dev.skrivanek.com\/wp-content\/uploads\/2021\/01\/ico-lidi.svg);\"><\/span>\n\t\t\n\t\t\t\t\t\t\t\t<h2 class=\"wpa9-panel-title\">Wir halten das Budget und den Zeitplan ein<\/h2>\n\t\t\n\t\t\t\t\t\t\t<div class=\"wpa9-panel-content\"><p>Ben\u00f6tigen Sie Untertitelungsdienste auf Englisch? Spanisch? Koreanisch? Arabisch? Vielleicht mehrere Sprachen gleichzeitig? Wir \u00fcbernehmen das und halten dabei das versprochene Budget und den Zeitplan ein. Sie wissen nicht, ob Sie Untertitelung oder Synchronisation ben\u00f6tigen? Dann schauen Sie sich vor Ihrer Entscheidung unsere <a href=\"https:\/\/skrivanek.com\/de\/sonstige-dienstleistungen\/voiceover\/\">Voiceover-Dienste<\/a> an.<\/p>\n<p>Die beste mehrsprachige Untertitelung ist mit nat\u00fcrlicher Sprache so gut ausgef\u00fchrt, dass sie sich perfekt in das Filmerlebnis des Zuschauers integriert. Dieses Endergebnis streben wir bei Skrivanek an, unabh\u00e4ngig von der Gr\u00f6\u00dfe oder Art des Projekts.<\/p>\n<\/div>\n\t\t\t\t<\/div>\n\n\t\t\n\t<\/div>\n\n\t\t\n\t<div class=\"wpa9-card-l-panel wpa9-panel shadow rounded d-flex flex-column justify-content-between\">\n\n\t\t<div>\n\t\t\t\t\t\t\t<span class=\"wpa9-panel-icon icon\" style=\"display: none; background-image: url('https:\/\/dev.skrivanek.com\/wp-content\/uploads\/2021\/03\/ico-typy-kurzu.svg')\"><\/span>\n\t\t\t<span class=\"wpa9-panel-icon icon\" style=\"mask-image: url(https:\/\/dev.skrivanek.com\/wp-content\/uploads\/2021\/03\/ico-typy-kurzu.svg); -webkit-mask-image: url(https:\/\/dev.skrivanek.com\/wp-content\/uploads\/2021\/03\/ico-typy-kurzu.svg);\"><\/span>\n\t\t\n\t\t\t\t\t\t\t\t<h2 class=\"wpa9-panel-title\">Wir bieten Untertitelungsdienste f\u00fcr:<\/h2>\n\t\t\n\t\t\t\t\t\t\t<div class=\"wpa9-panel-content\"><ul>\n<li>E-Learning-Kurse<\/li>\n<li>Website-Videos<\/li>\n<li>Marketingkampagnen<\/li>\n<li>Fernsehwerbung<\/li>\n<li>Dokumentationen<\/li>\n<li>Nachrichten<\/li>\n<li>Filme in Spielfilml\u00e4nge<\/li>\n<\/ul>\n<\/div>\n\t\t\t\t<\/div>\n\n\t\t\n\t<\/div>\n\n\t\t\n\t\n<\/div>\n<\/div><\/div><\/div><\/div><div id=\"pg-8108-1\"  class=\"panel-grid panel-has-style\" ><div class=\"siteorigin-panels-stretch panel-row-style panel-row-style-for-8108-1\" data-stretch-type=\"full\" ><div id=\"pgc-8108-1-0\"  class=\"panel-grid-cell\" ><div id=\"panel-8108-1-0-0\" class=\"so-panel widget widget_wpa9-card-s panel-first-child panel-last-child\" data-index=\"1\" ><div\n\t\t\t\n\t\t\tclass=\"so-widget-wpa9-card-s so-widget-wpa9-card-s-default-c93e1481a745-8108\"\n\t\t\t\n\t\t><div class=\"wpa9-card wpa9-card-s narrow positive\">\n\n\t<div class=\"wpa9-card-wrapper container\">\n\n\t\t<div class=\"wpa9-card-text\">\n\t\t\t<h2 class=\"wpa9-card-title\">Ein Angebot anfordern.<\/h2>\n\t\t\t<div class=\"wpa9-card-content\"><p style=\"text-align: center\">Wir erstellen ein Preisangebot f\u00fcr Sie.<\/p>\n<\/div>\t\t<\/div>\n\n\t\t\t\t<div class=\"meta meta-buttons d-flex flex-row justify-content-center\">\n\t\t\t\t\t\t\t<a class=\"btn btn-negative show-inquiry-form\" href=\"https:\/\/dev.skrivanek.com\/de\/anfrage\/\" title=\"Anfrage senden\">Anfrage senden<\/a>\n\t\t\t\t<\/div>\n\t\t\n\t<\/div>\n\n<\/div>\n<\/div><\/div><\/div><\/div><\/div><\/div>","protected":false},"excerpt":{"rendered":"<p>Wir nehmen eine Vielzahl von Formaten an Wir akzeptieren Ihre Audio-\/Videodateien in zahlreichen Formaten und verwenden verschiedene Programme, um Ihren Anforderungen gerecht zu werden. Beispielsweise extrahiert eine Untertitelungssoftware wie SubRip Text (SRT)-\u00dcbersetzung Inhalte aus Livevideos, DVDs oder Videodateien und verwendet diese Dateien dann zur Erstellung von Untertiteln. Dabei wird genau markiert, wo sich ein Segment [&hellip;]<\/p>\n","protected":false},"author":10,"featured_media":0,"parent":8094,"menu_order":0,"comment_status":"closed","ping_status":"open","template":"","meta":{"_acf_changed":false,"content-type":"","footnotes":""},"class_list":["post-8108","page","type-page","status-publish","hentry"],"acf":[],"aioseo_notices":[],"_links":{"self":[{"href":"https:\/\/dev.skrivanek.com\/de\/wp-json\/wp\/v2\/pages\/8108","targetHints":{"allow":["GET"]}}],"collection":[{"href":"https:\/\/dev.skrivanek.com\/de\/wp-json\/wp\/v2\/pages"}],"about":[{"href":"https:\/\/dev.skrivanek.com\/de\/wp-json\/wp\/v2\/types\/page"}],"author":[{"embeddable":true,"href":"https:\/\/dev.skrivanek.com\/de\/wp-json\/wp\/v2\/users\/10"}],"replies":[{"embeddable":true,"href":"https:\/\/dev.skrivanek.com\/de\/wp-json\/wp\/v2\/comments?post=8108"}],"version-history":[{"count":3,"href":"https:\/\/dev.skrivanek.com\/de\/wp-json\/wp\/v2\/pages\/8108\/revisions"}],"predecessor-version":[{"id":83160,"href":"https:\/\/dev.skrivanek.com\/de\/wp-json\/wp\/v2\/pages\/8108\/revisions\/83160"}],"up":[{"embeddable":true,"href":"https:\/\/dev.skrivanek.com\/de\/wp-json\/wp\/v2\/pages\/8094"}],"wp:attachment":[{"href":"https:\/\/dev.skrivanek.com\/de\/wp-json\/wp\/v2\/media?parent=8108"}],"curies":[{"name":"wp","href":"https:\/\/api.w.org\/{rel}","templated":true}]}}