{"id":8110,"date":"2021-08-02T13:15:47","date_gmt":"2021-08-02T11:15:47","guid":{"rendered":"https:\/\/skrivanek.com\/sonstige-dienstleistungen\/transkription\/"},"modified":"2023-10-18T16:20:56","modified_gmt":"2023-10-18T14:20:56","slug":"transkription","status":"publish","type":"page","link":"https:\/\/dev.skrivanek.com\/de\/sonstige-dienstleistungen\/transkription\/","title":{"rendered":"Transkription"},"content":{"rendered":"<div id=\"pl-8110\"  class=\"panel-layout\" ><div id=\"pg-8110-0\"  class=\"panel-grid panel-no-style\" ><div id=\"pgc-8110-0-0\"  class=\"panel-grid-cell\" ><div id=\"panel-8110-0-0-0\" class=\"so-panel widget widget_wpa9-card-l panel-first-child panel-last-child\" data-index=\"0\" ><div\n\t\t\t\n\t\t\tclass=\"so-widget-wpa9-card-l so-widget-wpa9-card-l-default-c93e1481a745-8110\"\n\t\t\t\n\t\t>\n\n<div class=\"wpa9-card wpa9-card-l-container d-flex flex-wrap wpa9-columns-2\">\n\n\t\n\t\t\n\t<div class=\"wpa9-card-l-panel wpa9-panel shadow rounded d-flex flex-column justify-content-between\">\n\n\t\t<div>\n\t\t\t\t\t\t\t<span class=\"wpa9-panel-icon icon\" style=\"display: none; background-image: url('https:\/\/dev.skrivanek.com\/wp-content\/uploads\/2021\/01\/ico-lidi.svg')\"><\/span>\n\t\t\t<span class=\"wpa9-panel-icon icon\" style=\"mask-image: url(https:\/\/dev.skrivanek.com\/wp-content\/uploads\/2021\/01\/ico-lidi.svg); -webkit-mask-image: url(https:\/\/dev.skrivanek.com\/wp-content\/uploads\/2021\/01\/ico-lidi.svg);\"><\/span>\n\t\t\n\t\t\t\t\t\t\t\t<h2 class=\"wpa9-panel-title\">Professionelle Transkriptionisten<\/h2>\n\t\t\n\t\t\t\t\t\t\t<div class=\"wpa9-panel-content\"><p>Die Teams von Skrivanek verwenden Transkriptionssoftware, die durchsuchbare, editierbare Abschriften erstellt. Unsere professionellen Transkriptionisten nutzen diese Abschrift in einer von \u00fcber 80 Sprachen und korrigieren alle Fehler und erg\u00e4nzen s\u00e4mtliche L\u00fccken. Das Ergebnis ist ein optimiertes Endprodukt, das Sie ebenfalls \u00fcberpr\u00fcfen k\u00f6nnen, bevor Sie den Transkriptionstext abzeichnen.<\/p>\n<p>Bei Audioaufnahmen mit branchenspezifischem Vokabular, z. B. Medizin, Recht, Technik, IT, Automobil und vielen anderen Bereichen, setzen wir Transkriptionisten mit entsprechendem fachlichen Hintergrund ein.<\/p>\n<\/div>\n\t\t\t\t<\/div>\n\n\t\t\t\t<div class=\"meta meta-buttons d-flex flex-column flex-sm-row justify-content-center\">\n\t\t\t\t\t<a class=\"btn btn-negative show-inquiry-form\" href=\"https:\/\/dev.skrivanek.com\/de\/anfrage\/\" title=\"Anfrage senden\">Anfrage senden<\/a>\n\t\t\t\t\t\t<\/div>\n\t\t\n\t<\/div>\n\n\t\t\n\t<div class=\"wpa9-card-l-panel wpa9-panel shadow rounded d-flex flex-column justify-content-between\">\n\n\t\t<div>\n\t\t\t\t\t\t\t<span class=\"wpa9-panel-icon icon\" style=\"display: none; background-image: url('https:\/\/dev.skrivanek.com\/wp-content\/uploads\/2021\/03\/ico-seznam.svg')\"><\/span>\n\t\t\t<span class=\"wpa9-panel-icon icon\" style=\"mask-image: url(https:\/\/dev.skrivanek.com\/wp-content\/uploads\/2021\/03\/ico-seznam.svg); -webkit-mask-image: url(https:\/\/dev.skrivanek.com\/wp-content\/uploads\/2021\/03\/ico-seznam.svg);\"><\/span>\n\t\t\n\t\t\t\t\t\t\t\t<h2 class=\"wpa9-panel-title\">Mehrsprachige Audio- und Videotranskriptionen<\/h2>\n\t\t\n\t\t\t\t\t\t\t<div class=\"wpa9-panel-content\"><p>Unsere Experten sind stets zur Vertraulichkeit bez\u00fcglich aller bearbeiteten Materialien verpflichtet und Ihre Dateien stehen nur den zugewiesenen Transkriptionisten zur Verf\u00fcgung.<\/p>\n<p>F\u00fcr Ihre mehrsprachigen Audio- und Videotranskriptionen erstellen professionelle Transkriptionslinguisten, die auf Spanisch, Koreanisch, Japanisch, Hindi oder eine von 80 anderen Sprachen spezialisiert sind, mithilfe von Transkriptionssoftware eine einwandfreie Transkription. Ihre Daten werden vom ersten Hochladen bis zur abschlie\u00dfenden Qualit\u00e4tskontrolle vertraulich und sicher behandelt.<\/p>\n<\/div>\n\t\t\t\t<\/div>\n\n\t\t\t\t<div class=\"meta meta-buttons d-flex flex-column flex-sm-row justify-content-center\">\n\t\t\t\t\t<a class=\"btn btn-negative \" href=\"\/de\/contact\/\" title=\"Kontakt\">Kontakt<\/a>\n\t\t\t\t\t\t<\/div>\n\t\t\n\t<\/div>\n\n\t\t\n\t<div class=\"wpa9-card-l-panel wpa9-panel shadow rounded d-flex flex-column justify-content-between\">\n\n\t\t<div>\n\t\t\t\t\t\t\t<span class=\"wpa9-panel-icon icon\" style=\"display: none; background-image: url('https:\/\/dev.skrivanek.com\/wp-content\/uploads\/2021\/03\/ico-telefonicka-vyuka.svg')\"><\/span>\n\t\t\t<span class=\"wpa9-panel-icon icon\" style=\"mask-image: url(https:\/\/dev.skrivanek.com\/wp-content\/uploads\/2021\/03\/ico-telefonicka-vyuka.svg); -webkit-mask-image: url(https:\/\/dev.skrivanek.com\/wp-content\/uploads\/2021\/03\/ico-telefonicka-vyuka.svg);\"><\/span>\n\t\t\n\t\t\t\t\t\t\t\t<h2 class=\"wpa9-panel-title\">Transkriptionsdienste von Skrivanek:<\/h2>\n\t\t\n\t\t\t\t\t\t\t<div class=\"wpa9-panel-content\"><ul>\n<li>Mehrsprachige Transkription<\/li>\n<li>Transkriptionisten mit Fachwissen<\/li>\n<li>Schnelle Bearbeitung<\/li>\n<li>Unterst\u00fctzung durch Transkriptionssoftware<\/li>\n<li>Transkription von Dateien mit schlechter Audioqualit\u00e4t, diversen Akzenten und anderen Schwierigkeiten<\/li>\n<li>Qualit\u00e4tssicherung bei jedem Schritt<\/li>\n<li>Garantierte Datensicherheit<\/li>\n<\/ul>\n<\/div>\n\t\t\t\t<\/div>\n\n\t\t\n\t<\/div>\n\n\t\t\n\t\n<\/div>\n<\/div><\/div><\/div><\/div><div id=\"pg-8110-1\"  class=\"panel-grid panel-has-style\" ><div class=\"siteorigin-panels-stretch panel-row-style panel-row-style-for-8110-1\" data-stretch-type=\"full\" ><div id=\"pgc-8110-1-0\"  class=\"panel-grid-cell\" ><div id=\"panel-8110-1-0-0\" class=\"so-panel widget widget_wpa9-card-s panel-first-child panel-last-child\" data-index=\"1\" ><div\n\t\t\t\n\t\t\tclass=\"so-widget-wpa9-card-s so-widget-wpa9-card-s-default-c93e1481a745-8110\"\n\t\t\t\n\t\t><div class=\"wpa9-card wpa9-card-s narrow positive\">\n\n\t<div class=\"wpa9-card-wrapper container\">\n\n\t\t<div class=\"wpa9-card-text\">\n\t\t\t<h2 class=\"wpa9-card-title\">Ein Angebot anfordern.<\/h2>\n\t\t\t<div class=\"wpa9-card-content\"><p style=\"text-align: center\">Wir erstellen ein Preisangebot f\u00fcr Sie.<\/p>\n<\/div>\t\t<\/div>\n\n\t\t\t\t<div class=\"meta meta-buttons d-flex flex-row justify-content-center\">\n\t\t\t\t\t\t\t<a class=\"btn btn-negative show-inquiry-form\" href=\"https:\/\/dev.skrivanek.com\/de\/anfrage\/\" title=\"Anfrage senden\">Anfrage senden<\/a>\n\t\t\t\t<\/div>\n\t\t\n\t<\/div>\n\n<\/div>\n<\/div><\/div><\/div><\/div><\/div><\/div>","protected":false},"excerpt":{"rendered":"<p>Professionelle Transkriptionisten Die Teams von Skrivanek verwenden Transkriptionssoftware, die durchsuchbare, editierbare Abschriften erstellt. Unsere professionellen Transkriptionisten nutzen diese Abschrift in einer von \u00fcber 80 Sprachen und korrigieren alle Fehler und erg\u00e4nzen s\u00e4mtliche L\u00fccken. Das Ergebnis ist ein optimiertes Endprodukt, das Sie ebenfalls \u00fcberpr\u00fcfen k\u00f6nnen, bevor Sie den Transkriptionstext abzeichnen. Bei Audioaufnahmen mit branchenspezifischem Vokabular, z. [&hellip;]<\/p>\n","protected":false},"author":10,"featured_media":0,"parent":8094,"menu_order":0,"comment_status":"closed","ping_status":"open","template":"","meta":{"_acf_changed":false,"content-type":"","footnotes":""},"class_list":["post-8110","page","type-page","status-publish","hentry"],"acf":[],"aioseo_notices":[],"_links":{"self":[{"href":"https:\/\/dev.skrivanek.com\/de\/wp-json\/wp\/v2\/pages\/8110","targetHints":{"allow":["GET"]}}],"collection":[{"href":"https:\/\/dev.skrivanek.com\/de\/wp-json\/wp\/v2\/pages"}],"about":[{"href":"https:\/\/dev.skrivanek.com\/de\/wp-json\/wp\/v2\/types\/page"}],"author":[{"embeddable":true,"href":"https:\/\/dev.skrivanek.com\/de\/wp-json\/wp\/v2\/users\/10"}],"replies":[{"embeddable":true,"href":"https:\/\/dev.skrivanek.com\/de\/wp-json\/wp\/v2\/comments?post=8110"}],"version-history":[{"count":3,"href":"https:\/\/dev.skrivanek.com\/de\/wp-json\/wp\/v2\/pages\/8110\/revisions"}],"predecessor-version":[{"id":83102,"href":"https:\/\/dev.skrivanek.com\/de\/wp-json\/wp\/v2\/pages\/8110\/revisions\/83102"}],"up":[{"embeddable":true,"href":"https:\/\/dev.skrivanek.com\/de\/wp-json\/wp\/v2\/pages\/8094"}],"wp:attachment":[{"href":"https:\/\/dev.skrivanek.com\/de\/wp-json\/wp\/v2\/media?parent=8110"}],"curies":[{"name":"wp","href":"https:\/\/api.w.org\/{rel}","templated":true}]}}