{"id":8112,"date":"2021-08-02T13:15:47","date_gmt":"2021-08-02T11:15:47","guid":{"rendered":"https:\/\/skrivanek.com\/technologien\/maschinelle-uebersetzung\/"},"modified":"2023-09-27T11:14:35","modified_gmt":"2023-09-27T09:14:35","slug":"maschinelle-ubersetzung","status":"publish","type":"page","link":"https:\/\/dev.skrivanek.com\/de\/technologien\/maschinelle-ubersetzung\/","title":{"rendered":"Maschinelle \u00dcbersetzung"},"content":{"rendered":"<div id=\"pl-8112\"  class=\"panel-layout\" ><div id=\"pg-8112-0\"  class=\"panel-grid panel-no-style\" ><div id=\"pgc-8112-0-0\"  class=\"panel-grid-cell\" ><div id=\"panel-8112-0-0-0\" class=\"so-panel widget widget_wpa9-editor-ext panel-first-child panel-last-child\" data-index=\"0\" ><div\n\t\t\t\n\t\t\tclass=\"so-widget-wpa9-editor-ext so-widget-wpa9-editor-ext-default-c93e1481a745-8112\"\n\t\t\t\n\t\t>\n<div class=\"siteorigin-widget-tinymce textwidget\">\n\t<div class=\"grey-box-section var-extramt\">\n<div class=\"section-wrapper var-wide\">\n<div class=\"grey-box-section__border\">\n<p>Google Translate hat vielen Menschen die generellen Vorteile von maschineller \u00dcbersetzung aufgezeigt: einfacher Zugang zu schneller \u00dcbersetzung mit mehrsprachiger Kommunikation f\u00fcr jedermann. Aber Google Translate zeigt auch die Grenzen der maschinellen \u00dcbersetzung auf. Manchmal werden Texte produziert, die ungenau bis v\u00f6llig unverst\u00e4ndlich sind. Die ideale maschinelle \u00dcbersetzung muss nicht nur \u201eintelligenter\u201c als Google sein und ist gleichzeitig auch nur ein Werkzeug im Werkzeugkasten eines erfahrenen Linguisten. NMT \u2013 Neural Machine Translation oder neuronale maschinelle \u00dcbersetzung \u2013 bietet in Verbindung mit den linguistischen F\u00e4higkeiten eines professionellen Sprachdienstleisters bessere \u00dcbersetzungsl\u00f6sungen.<\/p>\n<\/div>\n<\/div>\n<\/div>\n<\/div>\n<\/div><\/div><\/div><\/div><div id=\"pg-8112-1\"  class=\"panel-grid panel-has-style\" ><div class=\"siteorigin-panels-stretch panel-row-style panel-row-style-for-8112-1\" data-stretch-type=\"full\" ><div id=\"pgc-8112-1-0\"  class=\"panel-grid-cell\" ><div id=\"panel-8112-1-0-0\" class=\"so-panel widget widget_wpa9-card-l panel-first-child panel-last-child\" data-index=\"1\" ><div\n\t\t\t\n\t\t\tclass=\"so-widget-wpa9-card-l so-widget-wpa9-card-l-default-c93e1481a745-8112\"\n\t\t\t\n\t\t>\n\n<div class=\"wpa9-card wpa9-card-l-container d-flex flex-wrap wpa9-columns-2\">\n\n\t\n\t\t\n\t<div class=\"wpa9-card-l-panel wpa9-panel shadow rounded d-flex flex-column justify-content-between\">\n\n\t\t<div>\n\t\t\t\t\t\t\t<span class=\"wpa9-panel-icon icon\" style=\"display: none; background-image: url('https:\/\/dev.skrivanek.com\/wp-content\/uploads\/2021\/03\/ico-seznam.svg')\"><\/span>\n\t\t\t<span class=\"wpa9-panel-icon icon\" style=\"mask-image: url(https:\/\/dev.skrivanek.com\/wp-content\/uploads\/2021\/03\/ico-seznam.svg); -webkit-mask-image: url(https:\/\/dev.skrivanek.com\/wp-content\/uploads\/2021\/03\/ico-seznam.svg);\"><\/span>\n\t\t\n\t\t\t\t\t\t\t\t<h2 class=\"wpa9-panel-title\">NMT-Technologie<\/h2>\n\t\t\n\t\t\t\t\t\t\t<div class=\"wpa9-panel-content\"><p>NMT nutzt neuronale Netzwerke, die die Lernmuster des menschlichen Gehirns imitieren und Verbindungen herstellen, wodurch die Notwendigkeit einer langsamen Mustererkennung umgangen wird. \u00c4ltere MT-Technologien wie regelbasierte und statistische Tools sind weder so schnell noch so effektiv. Skrivanek hat eine interne NMT-Technologie entwickelt, welche mithilfe von \u00dcbersetzungen tausender von Seiten optimiert wurde.<\/p>\n<p>Wenn Sie Ihre Daten der NMT von Skrivanek und den Linguisten anvertrauen, profitieren Sie au\u00dferdem von der von uns garantierten Sicherheit. Ihre vertraulichen Daten werden stets durch mehrstufige Qualit\u00e4tssicherungsprozesse gesch\u00fctzt, die f\u00fcr uns oberste Priorit\u00e4t haben. <a href=\"https:\/\/www.iso.org\/standard\/62970.html\" target=\"_blank\" rel=\"noopener\">ISO 18587<\/a> bietet Richtlinien f\u00fcr maschinelle \u00dcbersetzungen, die von uns eingehalten werden.<\/p>\n<\/div>\n\t\t\t\t<\/div>\n\n\t\t\t\t<div class=\"meta meta-buttons d-flex flex-column flex-sm-row justify-content-center\">\n\t\t\t\t\t<a class=\"btn btn-negative show-inquiry-form\" href=\"https:\/\/dev.skrivanek.com\/de\/anfrage\/\" title=\"Anfrage senden\">Anfrage senden<\/a>\n\t\t\t\t\t\t<\/div>\n\t\t\n\t<\/div>\n\n\t\t\n\t<div class=\"wpa9-card-l-panel wpa9-panel shadow rounded d-flex flex-column justify-content-between\">\n\n\t\t<div>\n\t\t\t\t\t\t\t<span class=\"wpa9-panel-icon icon\" style=\"display: none; background-image: url('https:\/\/dev.skrivanek.com\/wp-content\/uploads\/2021\/01\/ico-obecnypreklad.svg')\"><\/span>\n\t\t\t<span class=\"wpa9-panel-icon icon\" style=\"mask-image: url(https:\/\/dev.skrivanek.com\/wp-content\/uploads\/2021\/01\/ico-obecnypreklad.svg); -webkit-mask-image: url(https:\/\/dev.skrivanek.com\/wp-content\/uploads\/2021\/01\/ico-obecnypreklad.svg);\"><\/span>\n\t\t\n\t\t\t\t\t\t\t\t<h2 class=\"wpa9-panel-title\">NMT-Optionen<\/h2>\n\t\t\n\t\t\t\t\t\t\t<div class=\"wpa9-panel-content\"><p>Das Post-Editing bezeichnet die \u00dcberpr\u00fcfung und Bearbeitung von mit NMT automatisch \u00fcbersetzten Texten. Diese Bearbeitung wird von \u00dcbersetzern durchgef\u00fchrt, welche neben ihren Sprachkenntnissen auch \u00fcber Kenntnisse der jeweiligen Thematik verf\u00fcgen.<\/p>\n<ul>\n<li><strong>Rohe NMT (NMT ohne Post-Editing)<\/strong><br \/>\nF\u00fcr mittlere bis gro\u00dfe Textmengen, die allgemein verst\u00e4ndlich sein sollen.<\/li>\n<li><strong>Leichte NMT (NMT mit einfachem Post-Editing)<\/strong><br \/>\nF\u00fcr einen verst\u00e4ndlichen Text, bei dem der Stil jedoch zweitrangig ist.<\/li>\n<li><strong>Vollst\u00e4ndiges NMT (NMT mit vollst\u00e4ndigem Post-Editing)<\/strong><br \/>\nMaschinen\u00fcbersetzung unter Ber\u00fccksichtigung von Formatierung, Semantik und Terminologie.<\/li>\n<\/ul>\n<\/div>\n\t\t\t\t<\/div>\n\n\t\t\t\t<div class=\"meta meta-buttons d-flex flex-column flex-sm-row justify-content-center\">\n\t\t\t\t\t<a class=\"btn btn-negative \" href=\"\/de\/contact\/\" title=\"Kontakt\">Kontakt<\/a>\n\t\t\t\t\t\t<\/div>\n\t\t\n\t<\/div>\n\n\t\t\n\t\n<\/div>\n<\/div><\/div><\/div><\/div><\/div><div id=\"pg-8112-2\"  class=\"panel-grid panel-no-style\" ><div id=\"pgc-8112-2-0\"  class=\"panel-grid-cell\" ><div id=\"panel-8112-2-0-0\" class=\"so-panel widget widget_wpa9-card-s panel-first-child panel-last-child\" data-index=\"2\" ><div\n\t\t\t\n\t\t\tclass=\"so-widget-wpa9-card-s so-widget-wpa9-card-s-default-c93e1481a745-8112\"\n\t\t\t\n\t\t><div class=\"wpa9-card wpa9-card-s narrow positive\">\n\n\t<div class=\"wpa9-card-wrapper container\">\n\n\t\t<div class=\"wpa9-card-text\">\n\t\t\t<h2 class=\"wpa9-card-title\">Ben\u00f6tigen Sie eine maschinelle \u00dcbersetzung? <\/h2>\n\t\t\t<div class=\"wpa9-card-content\"><p style=\"text-align: center\">Egal, was f\u00fcr eine \u00dcbersetzung Sie ben\u00f6tigen, Sie k\u00f6nnen sich gerne an uns f\u00fcr ein Angebot wenden.<\/p>\n<\/div>\t\t<\/div>\n\n\t\t\t\t<div class=\"meta meta-buttons d-flex flex-row justify-content-center\">\n\t\t\t\t\t\t\t<a class=\"btn btn-negative show-inquiry-form\" href=\"https:\/\/dev.skrivanek.com\/de\/anfrage\/\" title=\"Anfrage senden\">Anfrage senden<\/a>\n\t\t\t\t<\/div>\n\t\t\n\t<\/div>\n\n<\/div>\n<\/div><\/div><\/div><\/div><\/div>","protected":false},"excerpt":{"rendered":"<p>Google Translate hat vielen Menschen die generellen Vorteile von maschineller \u00dcbersetzung aufgezeigt: einfacher Zugang zu schneller \u00dcbersetzung mit mehrsprachiger Kommunikation f\u00fcr jedermann. Aber Google Translate zeigt auch die Grenzen der maschinellen \u00dcbersetzung auf. Manchmal werden Texte produziert, die ungenau bis v\u00f6llig unverst\u00e4ndlich sind. Die ideale maschinelle \u00dcbersetzung muss nicht nur \u201eintelligenter\u201c als Google sein und [&hellip;]<\/p>\n","protected":false},"author":10,"featured_media":0,"parent":8074,"menu_order":0,"comment_status":"closed","ping_status":"open","template":"","meta":{"_acf_changed":false,"content-type":"","footnotes":""},"class_list":["post-8112","page","type-page","status-publish","hentry"],"acf":[],"aioseo_notices":[],"_links":{"self":[{"href":"https:\/\/dev.skrivanek.com\/de\/wp-json\/wp\/v2\/pages\/8112","targetHints":{"allow":["GET"]}}],"collection":[{"href":"https:\/\/dev.skrivanek.com\/de\/wp-json\/wp\/v2\/pages"}],"about":[{"href":"https:\/\/dev.skrivanek.com\/de\/wp-json\/wp\/v2\/types\/page"}],"author":[{"embeddable":true,"href":"https:\/\/dev.skrivanek.com\/de\/wp-json\/wp\/v2\/users\/10"}],"replies":[{"embeddable":true,"href":"https:\/\/dev.skrivanek.com\/de\/wp-json\/wp\/v2\/comments?post=8112"}],"version-history":[{"count":3,"href":"https:\/\/dev.skrivanek.com\/de\/wp-json\/wp\/v2\/pages\/8112\/revisions"}],"predecessor-version":[{"id":31860,"href":"https:\/\/dev.skrivanek.com\/de\/wp-json\/wp\/v2\/pages\/8112\/revisions\/31860"}],"up":[{"embeddable":true,"href":"https:\/\/dev.skrivanek.com\/de\/wp-json\/wp\/v2\/pages\/8074"}],"wp:attachment":[{"href":"https:\/\/dev.skrivanek.com\/de\/wp-json\/wp\/v2\/media?parent=8112"}],"curies":[{"name":"wp","href":"https:\/\/api.w.org\/{rel}","templated":true}]}}