{"id":7574,"date":"2021-07-28T13:23:38","date_gmt":"2021-07-28T11:23:38","guid":{"rendered":"https:\/\/skrivanek.com\/moderador-de-reuniones-virtuales\/"},"modified":"2023-10-18T16:21:05","modified_gmt":"2023-10-18T14:21:05","slug":"moderador-de-reuniones-virtuales","status":"publish","type":"page","link":"https:\/\/dev.skrivanek.com\/es\/interpretacion\/moderador-de-reuniones-virtuales\/","title":{"rendered":"Moderador de reuniones virtuales"},"content":{"rendered":"<div id=\"pl-7574\"  class=\"panel-layout\" ><div id=\"pg-7574-0\"  class=\"panel-grid panel-no-style\" ><div id=\"pgc-7574-0-0\"  class=\"panel-grid-cell\" ><div id=\"panel-7574-0-0-0\" class=\"so-panel widget widget_wpa9-card-l panel-first-child panel-last-child\" data-index=\"0\" ><div\n\t\t\t\n\t\t\tclass=\"so-widget-wpa9-card-l so-widget-wpa9-card-l-default-c93e1481a745-7574\"\n\t\t\t\n\t\t>\n\n<div class=\"wpa9-card wpa9-card-l-container d-flex flex-wrap wpa9-columns-2\">\n\n\t\n\t\t\n\t<div class=\"wpa9-card-l-panel wpa9-panel shadow rounded d-flex flex-column justify-content-between\">\n\n\t\t<div>\n\t\t\t\t\t\t\t<span class=\"wpa9-panel-icon icon\" style=\"display: none; background-image: url('https:\/\/dev.skrivanek.com\/wp-content\/uploads\/2021\/03\/ico-tlumoceni-online.svg')\"><\/span>\n\t\t\t<span class=\"wpa9-panel-icon icon\" style=\"mask-image: url(https:\/\/dev.skrivanek.com\/wp-content\/uploads\/2021\/03\/ico-tlumoceni-online.svg); -webkit-mask-image: url(https:\/\/dev.skrivanek.com\/wp-content\/uploads\/2021\/03\/ico-tlumoceni-online.svg);\"><\/span>\n\t\t\n\t\t\t\t\t\t\t\t<h2 class=\"wpa9-panel-title\">Papel que juega Skrivanek<\/h2>\n\t\t\n\t\t\t\t\t\t\t<div class=\"wpa9-panel-content\"><p>Nuestros moderadores profesionales coordinan todas las partes para crear sesiones de teleconferencia din\u00e1micas y con buen ambiente. Un miembro de la reuni\u00f3n que pertenece a la empresa se limita a su agenda y a liderar el debate, pero el moderador gestiona las intervenciones de los miembros, utiliza elementos visuales y de audio, recopila preguntas y comentarios y realiza operaciones t\u00e9cnicas durante la reuni\u00f3n, como dividir la reuni\u00f3n en grupos peque\u00f1os.<\/p>\n<p>El moderador cumple con su papel de liderazgo, anticip\u00e1ndose para que se cumplan los objetivos de su reuni\u00f3n y que \u00e9sta tenga el nivel adecuado de tecnolog\u00eda y log\u00edstica.<\/p>\n<\/div>\n\t\t\t\t<\/div>\n\n\t\t\t\t<div class=\"meta meta-buttons d-flex flex-column flex-sm-row justify-content-center\">\n\t\t\t\t\t<a class=\"btn btn-negative show-inquiry-form\" href=\"https:\/\/dev.skrivanek.com\/es\/consulta\/\" title=\"Enviar consulta\">Enviar consulta<\/a>\n\t\t\t\t\t\t<\/div>\n\t\t\n\t<\/div>\n\n\t\t\n\t<div class=\"wpa9-card-l-panel wpa9-panel shadow rounded d-flex flex-column justify-content-between\">\n\n\t\t<div>\n\t\t\t\t\t\t\t<span class=\"wpa9-panel-icon icon\" style=\"display: none; background-image: url('https:\/\/dev.skrivanek.com\/wp-content\/uploads\/2021\/03\/ico-info.svg')\"><\/span>\n\t\t\t<span class=\"wpa9-panel-icon icon\" style=\"mask-image: url(https:\/\/dev.skrivanek.com\/wp-content\/uploads\/2021\/03\/ico-info.svg); -webkit-mask-image: url(https:\/\/dev.skrivanek.com\/wp-content\/uploads\/2021\/03\/ico-info.svg);\"><\/span>\n\t\t\n\t\t\t\t\t\t\t\t<h2 class=\"wpa9-panel-title\">Diferentes opciones de software para las conferencias<\/h2>\n\t\t\n\t\t\t\t\t\t\t<div class=\"wpa9-panel-content\"><p>Skrivanek tambi\u00e9n ofrece una moderaci\u00f3n de teleconferencias m\u00e1s amplia, en forma de servicios ling\u00fc\u00edsticos. Nuestros moderadores pueden conectarse directamente con los miembros de su reuni\u00f3n que puedan necesitar asistencia en otro idioma. Tambi\u00e9n podemos prestar atenci\u00f3n a la implicaci\u00f3n y comodidad de los asistentes y ayudarle a optimizar estos puntos.<\/p>\n<p>El objetivo del moderador es mantener la atenci\u00f3n de todos los asistentes mediante el uso de varios m\u00e9todos. Estamos familiarizados con las diferentes opciones de software para las conferencias y nuestros conocimientos en comunicaciones de grupo basadas en la tecnolog\u00eda se han ido perfeccionando durante d\u00e9cadas de trabajo de interpretaci\u00f3n a distancia.<\/p>\n<\/div>\n\t\t\t\t<\/div>\n\n\t\t\t\t<div class=\"meta meta-buttons d-flex flex-column flex-sm-row justify-content-center\">\n\t\t\t\t\t<a class=\"btn btn-negative \" href=\"\/es\/contacto\/\" title=\"Contacto\">Contacto<\/a>\n\t\t\t\t\t\t<\/div>\n\t\t\n\t<\/div>\n\n\t\t\n\t<div class=\"wpa9-card-l-panel wpa9-panel shadow rounded d-flex flex-column justify-content-between\">\n\n\t\t<div>\n\t\t\t\t\t\t\t<span class=\"wpa9-panel-icon icon\" style=\"display: none; background-image: url('https:\/\/dev.skrivanek.com\/wp-content\/uploads\/2021\/01\/ico-lidi.svg')\"><\/span>\n\t\t\t<span class=\"wpa9-panel-icon icon\" style=\"mask-image: url(https:\/\/dev.skrivanek.com\/wp-content\/uploads\/2021\/01\/ico-lidi.svg); -webkit-mask-image: url(https:\/\/dev.skrivanek.com\/wp-content\/uploads\/2021\/01\/ico-lidi.svg);\"><\/span>\n\t\t\n\t\t\t\t\t\t\t\t<h2 class=\"wpa9-panel-title\">Los moderadores de Skrivanek:<\/h2>\n\t\t\n\t\t\t\t\t\t\t<div class=\"wpa9-panel-content\"><ul>\n<li>Mejoran el ambiente de sus reuniones online<\/li>\n<li>Aumentan la implicaci\u00f3n y la comodidad de los participantes<\/li>\n<li>Quitan presi\u00f3n a los responsables de las reuniones<\/li>\n<li>Mantienen una presencia imparcial y discreta<\/li>\n<li>Coordinan los elementos verbales, visuales, de audio y tecnol\u00f3gicos<\/li>\n<li>Garantizan la confidencialidad del contenido<\/li>\n<\/ul>\n<\/div>\n\t\t\t\t<\/div>\n\n\t\t\n\t<\/div>\n\n\t\t\n\t\n<\/div>\n<\/div><\/div><\/div><\/div><div id=\"pg-7574-1\"  class=\"panel-grid panel-has-style\" ><div class=\"siteorigin-panels-stretch panel-row-style panel-row-style-for-7574-1\" data-stretch-type=\"full\" ><div id=\"pgc-7574-1-0\"  class=\"panel-grid-cell\" ><div id=\"panel-7574-1-0-0\" class=\"so-panel widget widget_wpa9-card-s panel-first-child panel-last-child\" data-index=\"1\" ><div\n\t\t\t\n\t\t\tclass=\"so-widget-wpa9-card-s so-widget-wpa9-card-s-default-c93e1481a745-7574\"\n\t\t\t\n\t\t><div class=\"wpa9-card wpa9-card-s narrow positive\">\n\n\t<div class=\"wpa9-card-wrapper container\">\n\n\t\t<div class=\"wpa9-card-text\">\n\t\t\t<h2 class=\"wpa9-card-title\">\u00bfNecesita un moderador de reuniones virtuales?<\/h2>\n\t\t\t<div class=\"wpa9-card-content\"><p style=\"text-align: center\">Elaboraremos un presupuesto adaptado a sus necesidades.<\/p>\n<\/div>\t\t<\/div>\n\n\t\t\t\t<div class=\"meta meta-buttons d-flex flex-row justify-content-center\">\n\t\t\t\t\t\t\t<a class=\"btn btn-negative show-inquiry-form\" href=\"https:\/\/dev.skrivanek.com\/es\/consulta\/\" title=\"Enviar consulta\">Enviar consulta<\/a>\n\t\t\t\t<\/div>\n\t\t\n\t<\/div>\n\n<\/div>\n<\/div><\/div><\/div><\/div><\/div><\/div>","protected":false},"excerpt":{"rendered":"<p>Papel que juega Skrivanek Nuestros moderadores profesionales coordinan todas las partes para crear sesiones de teleconferencia din\u00e1micas y con buen ambiente. Un miembro de la reuni\u00f3n que pertenece a la empresa se limita a su agenda y a liderar el debate, pero el moderador gestiona las intervenciones de los miembros, utiliza elementos visuales y de [&hellip;]<\/p>\n","protected":false},"author":10,"featured_media":0,"parent":7642,"menu_order":0,"comment_status":"closed","ping_status":"open","template":"","meta":{"_acf_changed":false,"content-type":"","footnotes":""},"class_list":["post-7574","page","type-page","status-publish","hentry"],"acf":[],"aioseo_notices":[],"_links":{"self":[{"href":"https:\/\/dev.skrivanek.com\/es\/wp-json\/wp\/v2\/pages\/7574","targetHints":{"allow":["GET"]}}],"collection":[{"href":"https:\/\/dev.skrivanek.com\/es\/wp-json\/wp\/v2\/pages"}],"about":[{"href":"https:\/\/dev.skrivanek.com\/es\/wp-json\/wp\/v2\/types\/page"}],"author":[{"embeddable":true,"href":"https:\/\/dev.skrivanek.com\/es\/wp-json\/wp\/v2\/users\/10"}],"replies":[{"embeddable":true,"href":"https:\/\/dev.skrivanek.com\/es\/wp-json\/wp\/v2\/comments?post=7574"}],"version-history":[{"count":3,"href":"https:\/\/dev.skrivanek.com\/es\/wp-json\/wp\/v2\/pages\/7574\/revisions"}],"predecessor-version":[{"id":83110,"href":"https:\/\/dev.skrivanek.com\/es\/wp-json\/wp\/v2\/pages\/7574\/revisions\/83110"}],"up":[{"embeddable":true,"href":"https:\/\/dev.skrivanek.com\/es\/wp-json\/wp\/v2\/pages\/7642"}],"wp:attachment":[{"href":"https:\/\/dev.skrivanek.com\/es\/wp-json\/wp\/v2\/media?parent=7574"}],"curies":[{"name":"wp","href":"https:\/\/api.w.org\/{rel}","templated":true}]}}