{"id":7576,"date":"2021-07-28T13:23:38","date_gmt":"2021-07-28T11:23:38","guid":{"rendered":"https:\/\/skrivanek.com\/traduccion-automatica-mt\/"},"modified":"2023-10-18T09:22:58","modified_gmt":"2023-10-18T07:22:58","slug":"traduccion-automatica-mt","status":"publish","type":"page","link":"https:\/\/dev.skrivanek.com\/es\/tecnologias\/traduccion-automatica-mt\/","title":{"rendered":"Traducci\u00f3n autom\u00e1tica (MT)"},"content":{"rendered":"<div id=\"pl-7576\"  class=\"panel-layout\" ><div id=\"pg-7576-0\"  class=\"panel-grid panel-no-style\" ><div id=\"pgc-7576-0-0\"  class=\"panel-grid-cell\" ><div id=\"panel-7576-0-0-0\" class=\"so-panel widget widget_wpa9-editor-ext panel-first-child panel-last-child\" data-index=\"0\" ><div\n\t\t\t\n\t\t\tclass=\"so-widget-wpa9-editor-ext so-widget-wpa9-editor-ext-default-c93e1481a745-7576\"\n\t\t\t\n\t\t>\n<div class=\"siteorigin-widget-tinymce textwidget\">\n\t<div class=\"grey-box-section var-extramt\">\n<div class=\"section-wrapper var-wide\">\n<div class=\"grey-box-section__border\">\n<p>Google Translate ha demostrado al mundo las ventajas generales de la traducci\u00f3n autom\u00e1tica (MT): acceso a una traducci\u00f3n r\u00e1pida, con comunicaci\u00f3n multiling\u00fce y al alcance de la mano. Pero Google Translate tambi\u00e9n nos muestra algunos ejemplos de las limitaciones de la traducci\u00f3n autom\u00e1tica (MT), creando textos que pueden ser imprecisos o totalmente incomprensibles. La traducci\u00f3n autom\u00e1tica ideal deber\u00eda ser no solo m\u00e1s \u00abinteligente\u00bb que Google, sino tambi\u00e9n una herramienta m\u00e1s de las utilizadas por los ling\u00fcistas experimentados. La NMT (traducci\u00f3n autom\u00e1tica neuronal), utilizada junto con los conocimientos ling\u00fc\u00edsticos de un profesional del idioma, proporciona soluciones de traducci\u00f3n mejoradas.<\/p>\n<\/div>\n<\/div>\n<\/div>\n<\/div>\n<\/div><\/div><\/div><\/div><div id=\"pg-7576-1\"  class=\"panel-grid panel-has-style\" ><div class=\"siteorigin-panels-stretch panel-row-style panel-row-style-for-7576-1\" data-stretch-type=\"full\" ><div id=\"pgc-7576-1-0\"  class=\"panel-grid-cell\" ><div id=\"panel-7576-1-0-0\" class=\"so-panel widget widget_wpa9-card-l panel-first-child panel-last-child\" data-index=\"1\" ><div\n\t\t\t\n\t\t\tclass=\"so-widget-wpa9-card-l so-widget-wpa9-card-l-default-c93e1481a745-7576\"\n\t\t\t\n\t\t>\n\n<div class=\"wpa9-card wpa9-card-l-container d-flex flex-wrap wpa9-columns-2\">\n\n\t\n\t\t\n\t<div class=\"wpa9-card-l-panel wpa9-panel shadow rounded d-flex flex-column justify-content-between\">\n\n\t\t<div>\n\t\t\t\t\t\t\t<span class=\"wpa9-panel-icon icon\" style=\"display: none; background-image: url('https:\/\/dev.skrivanek.com\/wp-content\/uploads\/2021\/03\/ico-seznam.svg')\"><\/span>\n\t\t\t<span class=\"wpa9-panel-icon icon\" style=\"mask-image: url(https:\/\/dev.skrivanek.com\/wp-content\/uploads\/2021\/03\/ico-seznam.svg); -webkit-mask-image: url(https:\/\/dev.skrivanek.com\/wp-content\/uploads\/2021\/03\/ico-seznam.svg);\"><\/span>\n\t\t\n\t\t\t\t\t\t\t\t<h2 class=\"wpa9-panel-title\">Tecnolog\u00eda NMT<\/h2>\n\t\t\n\t\t\t\t\t\t\t<div class=\"wpa9-panel-content\"><p>La traducci\u00f3n autom\u00e1tica neuronal (NMT) funciona con redes neuronales que imitan los patrones de aprendizaje del cerebro humano, realizando conexiones que ignoran la necesidad de una detecci\u00f3n lenta de patrones. Las antiguas tecnolog\u00edas MT como las herramientas estad\u00edsticas o basadas en reglas no son tan r\u00e1pidas ni eficaces. Skrivanek ha desarrollado una tecnolog\u00eda NMT interna que ha sido perfeccionada para poder utilizarla en la traducci\u00f3n de miles de p\u00e1ginas.<\/p>\n<p>Otra ventaja para confiar sus datos a la tecnolog\u00eda NMT y a los ling\u00fcistas de Skrivanek que la utilizan es la seguridad que garantizamos. Sus datos confidenciales siempre est\u00e1n protegidos por nuestros procesos de control de calidad que son nuestra m\u00e1xima prioridad. La certificaci\u00f3n <a href=\"https:\/\/www.iso.org\/standard\/62970.html\" target=\"_blank\" rel=\"noopener\">ISO 18587<\/a> nos da las pautas que debemos de seguir en la MT.<\/p>\n<\/div>\n\t\t\t\t<\/div>\n\n\t\t\t\t<div class=\"meta meta-buttons d-flex flex-column flex-sm-row justify-content-center\">\n\t\t\t\t\t<a class=\"btn btn-negative show-inquiry-form\" href=\"https:\/\/dev.skrivanek.com\/es\/consulta\/\" title=\"Enviar consulta\">Enviar consulta<\/a>\n\t\t\t\t\t\t<\/div>\n\t\t\n\t<\/div>\n\n\t\t\n\t<div class=\"wpa9-card-l-panel wpa9-panel shadow rounded d-flex flex-column justify-content-between\">\n\n\t\t<div>\n\t\t\t\t\t\t\t<span class=\"wpa9-panel-icon icon\" style=\"display: none; background-image: url('https:\/\/dev.skrivanek.com\/wp-content\/uploads\/2021\/01\/ico-obecnypreklad.svg')\"><\/span>\n\t\t\t<span class=\"wpa9-panel-icon icon\" style=\"mask-image: url(https:\/\/dev.skrivanek.com\/wp-content\/uploads\/2021\/01\/ico-obecnypreklad.svg); -webkit-mask-image: url(https:\/\/dev.skrivanek.com\/wp-content\/uploads\/2021\/01\/ico-obecnypreklad.svg);\"><\/span>\n\t\t\n\t\t\t\t\t\t\t\t<h2 class=\"wpa9-panel-title\">Opciones de la NMT<\/h2>\n\t\t\n\t\t\t\t\t\t\t<div class=\"wpa9-panel-content\"><p>La posedici\u00f3n es el proceso de comprobaci\u00f3n y edici\u00f3n del texto traducido autom\u00e1ticamente que proviene de la NMT. Esta edici\u00f3n la realiza un traductor que, adem\u00e1s de ser un experto en el idioma, tambi\u00e9n tiene los conocimientos necesarios de la materia relevante.<\/p>\n<ul>\n<li><strong>NMT desde cero (NMT sin posedici\u00f3n)<\/strong><br \/>\nSe utiliza para textos medianos o grandes que necesitan entenderse de forma general.<\/li>\n<li><strong>NMT ligera (NMT con posedici\u00f3n b\u00e1sica)<\/strong><br \/>\nSe utiliza cuando se necesita texto comprensible, pero el estilo pasa a un segundo plano.<\/li>\n<li><strong>NMT completa (NMT con posedici\u00f3n completa)<\/strong><br \/>\nServicio de traducci\u00f3n autom\u00e1tica que incluye la revisi\u00f3n de formato, la sem\u00e1ntica y la terminolog\u00eda.<\/li>\n<\/ul>\n<\/div>\n\t\t\t\t<\/div>\n\n\t\t\t\t<div class=\"meta meta-buttons d-flex flex-column flex-sm-row justify-content-center\">\n\t\t\t\t\t<a class=\"btn btn-negative \" href=\"\/es\/contacto\/\" title=\"Contacto\">Contacto<\/a>\n\t\t\t\t\t\t<\/div>\n\t\t\n\t<\/div>\n\n\t\t\n\t\n<\/div>\n<\/div><\/div><\/div><\/div><\/div><div id=\"pg-7576-2\"  class=\"panel-grid panel-no-style\" ><div id=\"pgc-7576-2-0\"  class=\"panel-grid-cell\" ><div id=\"panel-7576-2-0-0\" class=\"so-panel widget widget_wpa9-card-s panel-first-child panel-last-child\" data-index=\"2\" ><div\n\t\t\t\n\t\t\tclass=\"so-widget-wpa9-card-s so-widget-wpa9-card-s-default-c93e1481a745-7576\"\n\t\t\t\n\t\t><div class=\"wpa9-card wpa9-card-s narrow positive\">\n\n\t<div class=\"wpa9-card-wrapper container\">\n\n\t\t<div class=\"wpa9-card-text\">\n\t\t\t<h2 class=\"wpa9-card-title\">\u00bfNecesita una traducci\u00f3n autom\u00e1tica? <\/h2>\n\t\t\t<div class=\"wpa9-card-content\"><p style=\"text-align: center\"> Cualesquiera que sean sus necesidade de traducci\u00f3n p\u00f3ngase en contacto con nosotros y elaboraremos un presupuesto <\/p>\n<\/div>\t\t<\/div>\n\n\t\t\t\t<div class=\"meta meta-buttons d-flex flex-row justify-content-center\">\n\t\t\t\t\t\t\t<a class=\"btn btn-negative show-inquiry-form\" href=\"https:\/\/dev.skrivanek.com\/es\/consulta\/\" title=\"Enviar consulta\">Enviar consulta<\/a>\n\t\t\t\t<\/div>\n\t\t\n\t<\/div>\n\n<\/div>\n<\/div><\/div><\/div><\/div><\/div>","protected":false},"excerpt":{"rendered":"<p>Google Translate ha demostrado al mundo las ventajas generales de la traducci\u00f3n autom\u00e1tica (MT): acceso a una traducci\u00f3n r\u00e1pida, con comunicaci\u00f3n multiling\u00fce y al alcance de la mano. Pero Google Translate tambi\u00e9n nos muestra algunos ejemplos de las limitaciones de la traducci\u00f3n autom\u00e1tica (MT), creando textos que pueden ser imprecisos o totalmente incomprensibles. La traducci\u00f3n [&hellip;]<\/p>\n","protected":false},"author":10,"featured_media":0,"parent":7614,"menu_order":0,"comment_status":"closed","ping_status":"open","template":"","meta":{"_acf_changed":false,"content-type":"","footnotes":""},"class_list":["post-7576","page","type-page","status-publish","hentry"],"acf":[],"aioseo_notices":[],"_links":{"self":[{"href":"https:\/\/dev.skrivanek.com\/es\/wp-json\/wp\/v2\/pages\/7576","targetHints":{"allow":["GET"]}}],"collection":[{"href":"https:\/\/dev.skrivanek.com\/es\/wp-json\/wp\/v2\/pages"}],"about":[{"href":"https:\/\/dev.skrivanek.com\/es\/wp-json\/wp\/v2\/types\/page"}],"author":[{"embeddable":true,"href":"https:\/\/dev.skrivanek.com\/es\/wp-json\/wp\/v2\/users\/10"}],"replies":[{"embeddable":true,"href":"https:\/\/dev.skrivanek.com\/es\/wp-json\/wp\/v2\/comments?post=7576"}],"version-history":[{"count":3,"href":"https:\/\/dev.skrivanek.com\/es\/wp-json\/wp\/v2\/pages\/7576\/revisions"}],"predecessor-version":[{"id":82869,"href":"https:\/\/dev.skrivanek.com\/es\/wp-json\/wp\/v2\/pages\/7576\/revisions\/82869"}],"up":[{"embeddable":true,"href":"https:\/\/dev.skrivanek.com\/es\/wp-json\/wp\/v2\/pages\/7614"}],"wp:attachment":[{"href":"https:\/\/dev.skrivanek.com\/es\/wp-json\/wp\/v2\/media?parent=7576"}],"curies":[{"name":"wp","href":"https:\/\/api.w.org\/{rel}","templated":true}]}}