{"id":7578,"date":"2021-07-28T13:23:38","date_gmt":"2021-07-28T11:23:38","guid":{"rendered":"https:\/\/skrivanek.com\/transcripcion\/"},"modified":"2023-10-19T11:05:19","modified_gmt":"2023-10-19T09:05:19","slug":"transcripcion","status":"publish","type":"page","link":"https:\/\/dev.skrivanek.com\/es\/otros-servicios\/transcripcion\/","title":{"rendered":"Transcripci\u00f3n"},"content":{"rendered":"<div id=\"pl-7578\"  class=\"panel-layout\" ><div id=\"pg-7578-0\"  class=\"panel-grid panel-has-style\" ><div class=\"siteorigin-panels-stretch panel-row-style panel-row-style-for-7578-0\" data-stretch-type=\"full\" ><div id=\"pgc-7578-0-0\"  class=\"panel-grid-cell\" ><div id=\"panel-7578-0-0-0\" class=\"so-panel widget widget_wpa9-card-l panel-first-child panel-last-child\" data-index=\"0\" ><div\n\t\t\t\n\t\t\tclass=\"so-widget-wpa9-card-l so-widget-wpa9-card-l-default-c93e1481a745-7578\"\n\t\t\t\n\t\t>\n\n<div class=\"wpa9-card wpa9-card-l-container d-flex flex-wrap wpa9-columns-2\">\n\n\t\n\t\t\n\t<div class=\"wpa9-card-l-panel wpa9-panel shadow rounded d-flex flex-column justify-content-between\">\n\n\t\t<div>\n\t\t\t\t\t\t\t<span class=\"wpa9-panel-icon icon\" style=\"display: none; background-image: url('https:\/\/dev.skrivanek.com\/wp-content\/uploads\/2021\/01\/ico-lidi.svg')\"><\/span>\n\t\t\t<span class=\"wpa9-panel-icon icon\" style=\"mask-image: url(https:\/\/dev.skrivanek.com\/wp-content\/uploads\/2021\/01\/ico-lidi.svg); -webkit-mask-image: url(https:\/\/dev.skrivanek.com\/wp-content\/uploads\/2021\/01\/ico-lidi.svg);\"><\/span>\n\t\t\n\t\t\t\t\t\t\t\t<h2 class=\"wpa9-panel-title\">Transcriptores profesionales<\/h2>\n\t\t\n\t\t\t\t\t\t\t<div class=\"wpa9-panel-content\"><p>Los equipos de Skrivanek utilizan un software de transcripci\u00f3n que crea un resultado que se puede editar y en el que se pueden realizar b\u00fasquedas. Nuestros transcriptores profesionales utilizan ese resultado (en m\u00e1s de 80 idiomas), corrigen los posibles errores y completan elementos que faltan, para crear un producto final refinado que tambi\u00e9n podr\u00e1 comprobar antes de confirmar el texto de transcripci\u00f3n.<\/p>\n<p>En el caso de audio denso con vocabulario espec\u00edfico de un sector, como m\u00e9dico, legal, t\u00e9cnico, automovil\u00edstico o de cualquier otro campo, el trabajo lo realizan transcriptores con conocimientos relevantes en la material.<\/p>\n<\/div>\n\t\t\t\t<\/div>\n\n\t\t\t\t<div class=\"meta meta-buttons d-flex flex-column flex-sm-row justify-content-center\">\n\t\t\t\t\t<a class=\"btn btn-negative show-inquiry-form\" href=\"https:\/\/dev.skrivanek.com\/es\/consulta\/\" title=\"Enviar consulta\">Enviar consulta<\/a>\n\t\t\t\t\t\t<\/div>\n\t\t\n\t<\/div>\n\n\t\t\n\t<div class=\"wpa9-card-l-panel wpa9-panel shadow rounded d-flex flex-column justify-content-between\">\n\n\t\t<div>\n\t\t\t\t\t\t\t<span class=\"wpa9-panel-icon icon\" style=\"display: none; background-image: url('https:\/\/dev.skrivanek.com\/wp-content\/uploads\/2021\/03\/ico-seznam.svg')\"><\/span>\n\t\t\t<span class=\"wpa9-panel-icon icon\" style=\"mask-image: url(https:\/\/dev.skrivanek.com\/wp-content\/uploads\/2021\/03\/ico-seznam.svg); -webkit-mask-image: url(https:\/\/dev.skrivanek.com\/wp-content\/uploads\/2021\/03\/ico-seznam.svg);\"><\/span>\n\t\t\n\t\t\t\t\t\t\t\t<h2 class=\"wpa9-panel-title\">Transcripciones de v\u00eddeo y audio multiling\u00fce<\/h2>\n\t\t\n\t\t\t\t\t\t\t<div class=\"wpa9-panel-content\"><p>Como siempre, nuestros profesionales mantienen un acuerdo de confidencialidad que est\u00e1 relacionado con todos los materiales con los que trabajan, por lo que sus archivos solo estar\u00e1n disponibles para los transcriptores asignados.<\/p>\n<p>Para sus transcripciones de v\u00eddeo y audio multiling\u00fces, los transcriptores especializados en espa\u00f1ol, coreano japon\u00e9s, hindi o cualquiera de los otros 80 idiomas, realizar\u00e1n la transcripci\u00f3n sin problema con la ayuda de un software de transcripci\u00f3n. Desde la carga inicial de su archivo hasta las comprobaciones de calidad finales, sus datos estar\u00e1n protegidos y seguros.<\/p>\n<\/div>\n\t\t\t\t<\/div>\n\n\t\t\t\t<div class=\"meta meta-buttons d-flex flex-column flex-sm-row justify-content-center\">\n\t\t\t\t\t<a class=\"btn btn-negative \" href=\"\/es\/contacto\/\" title=\"Contacto\">Contacto<\/a>\n\t\t\t\t\t\t<\/div>\n\t\t\n\t<\/div>\n\n\t\t\n\t<div class=\"wpa9-card-l-panel wpa9-panel shadow rounded d-flex flex-column justify-content-between\">\n\n\t\t<div>\n\t\t\t\t\t\t\t<span class=\"wpa9-panel-icon icon\" style=\"display: none; background-image: url('https:\/\/dev.skrivanek.com\/wp-content\/uploads\/2021\/03\/ico-telefonicka-vyuka.svg')\"><\/span>\n\t\t\t<span class=\"wpa9-panel-icon icon\" style=\"mask-image: url(https:\/\/dev.skrivanek.com\/wp-content\/uploads\/2021\/03\/ico-telefonicka-vyuka.svg); -webkit-mask-image: url(https:\/\/dev.skrivanek.com\/wp-content\/uploads\/2021\/03\/ico-telefonicka-vyuka.svg);\"><\/span>\n\t\t\n\t\t\t\t\t\t\t\t<h2 class=\"wpa9-panel-title\">Servicios de transcripci\u00f3n de Skrivanek:<\/h2>\n\t\t\n\t\t\t\t\t\t\t<div class=\"wpa9-panel-content\"><ul>\n<li>Transcripci\u00f3n multiling\u00fce<\/li>\n<li>Transcriptores con conocimientos en la materia<\/li>\n<li>Plazos de entrega r\u00e1pidos<\/li>\n<li>Ayuda del software de transcripci\u00f3n<\/li>\n<li>Transcripci\u00f3n de archivos con baja calidad de audio, diferentes acentos u otro tipo de inconvenientes<\/li>\n<li>Control de calidad en cada paso del proceso<\/li>\n<li>Seguridad de los datos garantizada<\/li>\n<\/ul>\n<\/div>\n\t\t\t\t<\/div>\n\n\t\t\n\t<\/div>\n\n\t\t\n\t\n<\/div>\n<\/div><\/div><\/div><\/div><\/div><div id=\"pg-7578-1\"  class=\"panel-grid panel-no-style\" ><div id=\"pgc-7578-1-0\"  class=\"panel-grid-cell\" ><div id=\"panel-7578-1-0-0\" class=\"so-panel widget widget_wpa9-card-s panel-first-child panel-last-child\" data-index=\"1\" ><div\n\t\t\t\n\t\t\tclass=\"so-widget-wpa9-card-s so-widget-wpa9-card-s-default-c93e1481a745-7578\"\n\t\t\t\n\t\t><div class=\"wpa9-card wpa9-card-s narrow positive\">\n\n\t<div class=\"wpa9-card-wrapper container\">\n\n\t\t<div class=\"wpa9-card-text\">\n\t\t\t<h2 class=\"wpa9-card-title\">Solicite un presupuesto.<\/h2>\n\t\t\t<div class=\"wpa9-card-content\"><p style=\"text-align: center\">Elaboraremos un presupuesto adaptado a sus necesidades.<\/p>\n<\/div>\t\t<\/div>\n\n\t\t\t\t<div class=\"meta meta-buttons d-flex flex-row justify-content-center\">\n\t\t\t\t\t\t\t<a class=\"btn btn-negative show-inquiry-form\" href=\"https:\/\/dev.skrivanek.com\/es\/consulta\/\" title=\"Enviar consulta\">Enviar consulta<\/a>\n\t\t\t\t<\/div>\n\t\t\n\t<\/div>\n\n<\/div>\n<\/div><\/div><\/div><\/div><\/div>","protected":false},"excerpt":{"rendered":"<p>Transcriptores profesionales Los equipos de Skrivanek utilizan un software de transcripci\u00f3n que crea un resultado que se puede editar y en el que se pueden realizar b\u00fasquedas. Nuestros transcriptores profesionales utilizan ese resultado (en m\u00e1s de 80 idiomas), corrigen los posibles errores y completan elementos que faltan, para crear un producto final refinado que tambi\u00e9n [&hellip;]<\/p>\n","protected":false},"author":10,"featured_media":0,"parent":7594,"menu_order":0,"comment_status":"closed","ping_status":"open","template":"","meta":{"_acf_changed":false,"content-type":"","footnotes":""},"class_list":["post-7578","page","type-page","status-publish","hentry"],"acf":[],"aioseo_notices":[],"_links":{"self":[{"href":"https:\/\/dev.skrivanek.com\/es\/wp-json\/wp\/v2\/pages\/7578","targetHints":{"allow":["GET"]}}],"collection":[{"href":"https:\/\/dev.skrivanek.com\/es\/wp-json\/wp\/v2\/pages"}],"about":[{"href":"https:\/\/dev.skrivanek.com\/es\/wp-json\/wp\/v2\/types\/page"}],"author":[{"embeddable":true,"href":"https:\/\/dev.skrivanek.com\/es\/wp-json\/wp\/v2\/users\/10"}],"replies":[{"embeddable":true,"href":"https:\/\/dev.skrivanek.com\/es\/wp-json\/wp\/v2\/comments?post=7578"}],"version-history":[{"count":3,"href":"https:\/\/dev.skrivanek.com\/es\/wp-json\/wp\/v2\/pages\/7578\/revisions"}],"predecessor-version":[{"id":83173,"href":"https:\/\/dev.skrivanek.com\/es\/wp-json\/wp\/v2\/pages\/7578\/revisions\/83173"}],"up":[{"embeddable":true,"href":"https:\/\/dev.skrivanek.com\/es\/wp-json\/wp\/v2\/pages\/7594"}],"wp:attachment":[{"href":"https:\/\/dev.skrivanek.com\/es\/wp-json\/wp\/v2\/media?parent=7578"}],"curies":[{"name":"wp","href":"https:\/\/api.w.org\/{rel}","templated":true}]}}