{"id":7580,"date":"2021-07-28T13:23:38","date_gmt":"2021-07-28T11:23:38","guid":{"rendered":"https:\/\/skrivanek.com\/subtitulado\/"},"modified":"2023-10-18T16:14:49","modified_gmt":"2023-10-18T14:14:49","slug":"subtitulado","status":"publish","type":"page","link":"https:\/\/dev.skrivanek.com\/es\/otros-servicios\/subtitulado\/","title":{"rendered":"Subtitulado"},"content":{"rendered":"<div id=\"pl-7580\"  class=\"panel-layout\" ><div id=\"pg-7580-0\"  class=\"panel-grid panel-has-style\" ><div class=\"siteorigin-panels-stretch panel-row-style panel-row-style-for-7580-0\" data-stretch-type=\"full\" ><div id=\"pgc-7580-0-0\"  class=\"panel-grid-cell\" ><div id=\"panel-7580-0-0-0\" class=\"so-panel widget widget_wpa9-card-l panel-first-child panel-last-child\" data-index=\"0\" ><div\n\t\t\t\n\t\t\tclass=\"so-widget-wpa9-card-l so-widget-wpa9-card-l-default-c93e1481a745-7580\"\n\t\t\t\n\t\t>\n\n<div class=\"wpa9-card wpa9-card-l-container d-flex flex-wrap wpa9-columns-2\">\n\n\t\n\t\t\n\t<div class=\"wpa9-card-l-panel wpa9-panel shadow rounded d-flex flex-column justify-content-between\">\n\n\t\t<div>\n\t\t\t\t\t\t\t<span class=\"wpa9-panel-icon icon\" style=\"display: none; background-image: url('https:\/\/dev.skrivanek.com\/wp-content\/uploads\/2021\/03\/ico-seznam.svg')\"><\/span>\n\t\t\t<span class=\"wpa9-panel-icon icon\" style=\"mask-image: url(https:\/\/dev.skrivanek.com\/wp-content\/uploads\/2021\/03\/ico-seznam.svg); -webkit-mask-image: url(https:\/\/dev.skrivanek.com\/wp-content\/uploads\/2021\/03\/ico-seznam.svg);\"><\/span>\n\t\t\n\t\t\t\t\t\t\t\t<h2 class=\"wpa9-panel-title\">Aceptamos una gran variedad de formatos<\/h2>\n\t\t\n\t\t\t\t\t\t\t<div class=\"wpa9-panel-content\"><p>Aceptamos sus archivos de audio\/v\u00eddeo en varios formatos y utilizamos diferentes programas para crear los resultados que desea. Por ejemplo, la traducci\u00f3n en un software de subtitulado como SubRip Text (SRT) extraer\u00e1 el contenido de v\u00eddeos en directo, DVD o archivos de v\u00eddeo y, a continuaci\u00f3n, utilizar\u00e1 esos archivos para crear los subt\u00edtulos situ\u00e1ndolos en el momento exacto del v\u00eddeo y visualizando la longitud del segmento.<\/p>\n<p>Los subt\u00edtulos se deben crear y sincronizar con las escenas y, adem\u00e1s, deben estar cronometrados para que coincidan con la salida de audio. El subtitulado de su v\u00eddeo o pel\u00edcula debe ser f\u00e1cil de visualizar y de entender para que su p\u00fablico apenas note que est\u00e1 leyendo.<\/p>\n<\/div>\n\t\t\t\t<\/div>\n\n\t\t\t\t<div class=\"meta meta-buttons d-flex flex-column flex-sm-row justify-content-center\">\n\t\t\t\t\t<a class=\"btn btn-negative show-inquiry-form\" href=\"https:\/\/dev.skrivanek.com\/es\/consulta\/\" title=\"Enviar consulta\">Enviar consulta<\/a>\n\t\t\t\t\t\t<\/div>\n\t\t\n\t<\/div>\n\n\t\t\n\t<div class=\"wpa9-card-l-panel wpa9-panel shadow rounded d-flex flex-column justify-content-between\">\n\n\t\t<div>\n\t\t\t\t\t\t\t<span class=\"wpa9-panel-icon icon\" style=\"display: none; background-image: url('https:\/\/dev.skrivanek.com\/wp-content\/uploads\/2021\/03\/ico-info.svg')\"><\/span>\n\t\t\t<span class=\"wpa9-panel-icon icon\" style=\"mask-image: url(https:\/\/dev.skrivanek.com\/wp-content\/uploads\/2021\/03\/ico-info.svg); -webkit-mask-image: url(https:\/\/dev.skrivanek.com\/wp-content\/uploads\/2021\/03\/ico-info.svg);\"><\/span>\n\t\t\n\t\t\t\t\t\t\t\t<h2 class=\"wpa9-panel-title\">Acerca del proceso de subtitulado<\/h2>\n\t\t\n\t\t\t\t\t\t\t<div class=\"wpa9-panel-content\"><p>El proceso de subtitulado se inicia estableciendo con precisi\u00f3n el momento en el que deben aparecer los subt\u00edtulos y qu\u00e9 longitud tendr\u00e1n. Nuestros ling\u00fcistas traducen las palabras habladas del idioma origen, creando el tono ideal para su p\u00fablico de destino.<\/p>\n<p>Una cuidadosa revisi\u00f3n de los nuevos subt\u00edtulos garantiza que se hayan respetado las convenciones idiom\u00e1ticas mediante los saltos de l\u00ednea. La simulaci\u00f3n es el proceso de visualizar el v\u00eddeo en pantalla con los subt\u00edtulos incorporados, tal y como aparecer\u00e1n en la pantalla en el producto final, pero en un formato que permite correcciones y mejoras.<\/p>\n<\/div>\n\t\t\t\t<\/div>\n\n\t\t\t\t<div class=\"meta meta-buttons d-flex flex-column flex-sm-row justify-content-center\">\n\t\t\t\t\t<a class=\"btn btn-negative \" href=\"\/es\/contacto\/\" title=\"Contacto\">Contacto<\/a>\n\t\t\t\t\t\t<\/div>\n\t\t\n\t<\/div>\n\n\t\t\n\t<div class=\"wpa9-card-l-panel wpa9-panel shadow rounded d-flex flex-column justify-content-between\">\n\n\t\t<div>\n\t\t\t\t\t\t\t<span class=\"wpa9-panel-icon icon\" style=\"display: none; background-image: url('https:\/\/dev.skrivanek.com\/wp-content\/uploads\/2021\/01\/ico-lidi.svg')\"><\/span>\n\t\t\t<span class=\"wpa9-panel-icon icon\" style=\"mask-image: url(https:\/\/dev.skrivanek.com\/wp-content\/uploads\/2021\/01\/ico-lidi.svg); -webkit-mask-image: url(https:\/\/dev.skrivanek.com\/wp-content\/uploads\/2021\/01\/ico-lidi.svg);\"><\/span>\n\t\t\n\t\t\t\t\t\t\t\t<h2 class=\"wpa9-panel-title\">Cumplimos con el presupuesto y los plazos de entrega<\/h2>\n\t\t\n\t\t\t\t\t\t\t<div class=\"wpa9-panel-content\"><p>\u00bfNecesita servicios de subtitulado en ingl\u00e9s, espa\u00f1ol, coreano o \u00e1rabe? \u00bfO quiz\u00e1s para todos estos idiomas a la vez?. Nosotros podemos hacerlo cumpliendo con el presupuesto y los plazos de entrega acordados. \u00bfNo est\u00e1 seguro si necesita subtitulado o doblaje?. Antes de decidirse, consulte nuestros <a href=\"https:\/\/skrivanek.com\/es\/otros-servicios\/doblaje\/\">servicios de doblaje<\/a>.<\/p>\n<p>El subtitulado multiling\u00fce est\u00e1 tan conseguido, con un lenguaje natural, que se mezcla a la perfecci\u00f3n en la experiencia de v\u00eddeo del usuario. Es este el resultado final que intentamos conseguir en Skrivanek, sin importar la envergadura o el tipo de proyecto.<\/p>\n<\/div>\n\t\t\t\t<\/div>\n\n\t\t\n\t<\/div>\n\n\t\t\n\t<div class=\"wpa9-card-l-panel wpa9-panel shadow rounded d-flex flex-column justify-content-between\">\n\n\t\t<div>\n\t\t\t\t\t\t\t<span class=\"wpa9-panel-icon icon\" style=\"display: none; background-image: url('https:\/\/dev.skrivanek.com\/wp-content\/uploads\/2021\/03\/ico-typy-kurzu.svg')\"><\/span>\n\t\t\t<span class=\"wpa9-panel-icon icon\" style=\"mask-image: url(https:\/\/dev.skrivanek.com\/wp-content\/uploads\/2021\/03\/ico-typy-kurzu.svg); -webkit-mask-image: url(https:\/\/dev.skrivanek.com\/wp-content\/uploads\/2021\/03\/ico-typy-kurzu.svg);\"><\/span>\n\t\t\n\t\t\t\t\t\t\t\t<h2 class=\"wpa9-panel-title\">Ofrecemos servicios de subtitulado para:<\/h2>\n\t\t\n\t\t\t\t\t\t\t<div class=\"wpa9-panel-content\"><ul>\n<li>Cursos de aprendizaje electr\u00f3nico<\/li>\n<li>V\u00eddeos de sitios web<\/li>\n<li>Campa\u00f1as de marketing<\/li>\n<li>Anuncios de televisi\u00f3n<\/li>\n<li>Documentales<\/li>\n<li>Noticias<\/li>\n<li>Pel\u00edculas de duraci\u00f3n normal<\/li>\n<\/ul>\n<\/div>\n\t\t\t\t<\/div>\n\n\t\t\n\t<\/div>\n\n\t\t\n\t\n<\/div>\n<\/div><\/div><\/div><\/div><\/div><div id=\"pg-7580-1\"  class=\"panel-grid panel-no-style\" ><div id=\"pgc-7580-1-0\"  class=\"panel-grid-cell\" ><div id=\"panel-7580-1-0-0\" class=\"so-panel widget widget_wpa9-card-s panel-first-child panel-last-child\" data-index=\"1\" ><div\n\t\t\t\n\t\t\tclass=\"so-widget-wpa9-card-s so-widget-wpa9-card-s-default-c93e1481a745-7580\"\n\t\t\t\n\t\t><div class=\"wpa9-card wpa9-card-s narrow positive\">\n\n\t<div class=\"wpa9-card-wrapper container\">\n\n\t\t<div class=\"wpa9-card-text\">\n\t\t\t<h2 class=\"wpa9-card-title\">Solicite un presupuesto.<\/h2>\n\t\t\t<div class=\"wpa9-card-content\"><p style=\"text-align: center\">Elaboraremos un presupuesto adaptado a sus necesidades.<\/p>\n<\/div>\t\t<\/div>\n\n\t\t\t\t<div class=\"meta meta-buttons d-flex flex-row justify-content-center\">\n\t\t\t\t\t\t\t<a class=\"btn btn-negative show-inquiry-form\" href=\"https:\/\/dev.skrivanek.com\/es\/consulta\/\" title=\"Enviar consulta\">Enviar consulta<\/a>\n\t\t\t\t<\/div>\n\t\t\n\t<\/div>\n\n<\/div>\n<\/div><\/div><\/div><\/div><\/div>","protected":false},"excerpt":{"rendered":"<p>Aceptamos una gran variedad de formatos Aceptamos sus archivos de audio\/v\u00eddeo en varios formatos y utilizamos diferentes programas para crear los resultados que desea. Por ejemplo, la traducci\u00f3n en un software de subtitulado como SubRip Text (SRT) extraer\u00e1 el contenido de v\u00eddeos en directo, DVD o archivos de v\u00eddeo y, a continuaci\u00f3n, utilizar\u00e1 esos archivos [&hellip;]<\/p>\n","protected":false},"author":10,"featured_media":0,"parent":7594,"menu_order":0,"comment_status":"closed","ping_status":"open","template":"","meta":{"_acf_changed":false,"content-type":"","footnotes":""},"class_list":["post-7580","page","type-page","status-publish","hentry"],"acf":[],"aioseo_notices":[],"_links":{"self":[{"href":"https:\/\/dev.skrivanek.com\/es\/wp-json\/wp\/v2\/pages\/7580","targetHints":{"allow":["GET"]}}],"collection":[{"href":"https:\/\/dev.skrivanek.com\/es\/wp-json\/wp\/v2\/pages"}],"about":[{"href":"https:\/\/dev.skrivanek.com\/es\/wp-json\/wp\/v2\/types\/page"}],"author":[{"embeddable":true,"href":"https:\/\/dev.skrivanek.com\/es\/wp-json\/wp\/v2\/users\/10"}],"replies":[{"embeddable":true,"href":"https:\/\/dev.skrivanek.com\/es\/wp-json\/wp\/v2\/comments?post=7580"}],"version-history":[{"count":3,"href":"https:\/\/dev.skrivanek.com\/es\/wp-json\/wp\/v2\/pages\/7580\/revisions"}],"predecessor-version":[{"id":83091,"href":"https:\/\/dev.skrivanek.com\/es\/wp-json\/wp\/v2\/pages\/7580\/revisions\/83091"}],"up":[{"embeddable":true,"href":"https:\/\/dev.skrivanek.com\/es\/wp-json\/wp\/v2\/pages\/7594"}],"wp:attachment":[{"href":"https:\/\/dev.skrivanek.com\/es\/wp-json\/wp\/v2\/media?parent=7580"}],"curies":[{"name":"wp","href":"https:\/\/api.w.org\/{rel}","templated":true}]}}