{"id":7600,"date":"2021-07-28T13:23:41","date_gmt":"2021-07-28T11:23:41","guid":{"rendered":"https:\/\/skrivanek.com\/interpretacion-de-reuniones-de-negocios\/"},"modified":"2022-08-25T11:18:13","modified_gmt":"2022-08-25T09:18:13","slug":"interpretacion-de-reuniones-de-negocios","status":"publish","type":"page","link":"https:\/\/dev.skrivanek.com\/es\/interpretacion\/interpretacion-de-reuniones-de-negocios\/","title":{"rendered":"Interpretaci\u00f3n de reuniones de negocios"},"content":{"rendered":"<div id=\"pl-7600\"  class=\"panel-layout\" ><div id=\"pg-7600-0\"  class=\"panel-grid panel-has-style\" ><div class=\"siteorigin-panels-stretch panel-row-style panel-row-style-for-7600-0\" data-stretch-type=\"full\" ><div id=\"pgc-7600-0-0\"  class=\"panel-grid-cell\" ><div id=\"panel-7600-0-0-0\" class=\"so-panel widget widget_wpa9-card-l panel-first-child panel-last-child\" data-index=\"0\" ><div\n\t\t\t\n\t\t\tclass=\"so-widget-wpa9-card-l so-widget-wpa9-card-l-default-c93e1481a745-7600\"\n\t\t\t\n\t\t>\n\n<div class=\"wpa9-card wpa9-card-l-container d-flex flex-wrap wpa9-columns-2\">\n\n\t\n\t\t\n\t<div class=\"wpa9-card-l-panel wpa9-panel shadow rounded d-flex flex-column justify-content-between\">\n\n\t\t<div>\n\t\t\t\t\t\t\t<span class=\"wpa9-panel-icon icon\" style=\"display: none; background-image: url('https:\/\/dev.skrivanek.com\/wp-content\/uploads\/2021\/03\/ico-tlumoceni-konsekutivni.svg')\"><\/span>\n\t\t\t<span class=\"wpa9-panel-icon icon\" style=\"mask-image: url(https:\/\/dev.skrivanek.com\/wp-content\/uploads\/2021\/03\/ico-tlumoceni-konsekutivni.svg); -webkit-mask-image: url(https:\/\/dev.skrivanek.com\/wp-content\/uploads\/2021\/03\/ico-tlumoceni-konsekutivni.svg);\"><\/span>\n\t\t\n\t\t\t\t\t\t\t\t<h2 class=\"wpa9-panel-title\">Interpretaci\u00f3n de reuniones de negocios<\/h2>\n\t\t\n\t\t\t\t\t\t\t<div class=\"wpa9-panel-content\"><p>Parte por parte, nuestro int\u00e9rprete traducir\u00e1 toda la informaci\u00f3n, asegur\u00e1ndose de su comprensi\u00f3n. Nuestra amplia red de sedes en la Rep\u00fablica Checa y en otros pa\u00edses nos permite garantizar la disponibilidad de un int\u00e9rprete profesional con flexibilidad en su pa\u00eds de origen o en viajes al extranjero.<\/p>\n<ul>\n<li>Amplia experiencia e int\u00e9rpretes profesionales en una combinaci\u00f3n de m\u00e1s de 80 idiomas<\/li>\n<li>Inmediata y sin retrasos<\/li>\n<li>Interpretaci\u00f3n precisa en un idioma espec\u00edfico y en \u00e1reas de experiencia concretas<\/li>\n<\/ul>\n<\/div>\n\t\t\t\t<\/div>\n\n\t\t\t\t<div class=\"meta meta-buttons d-flex flex-column flex-sm-row justify-content-center\">\n\t\t\t\t\t<a class=\"btn btn-negative show-inquiry-form\" href=\"https:\/\/dev.skrivanek.com\/es\/consulta\/\" title=\"Enviar consulta\">Enviar consulta<\/a>\n\t\t\t\t\t\t<\/div>\n\t\t\n\t<\/div>\n\n\t\t\n\t<div class=\"wpa9-card-l-panel wpa9-panel shadow rounded d-flex flex-column justify-content-between\">\n\n\t\t<div>\n\t\t\t\t\t\t\t<span class=\"wpa9-panel-icon icon\" style=\"display: none; background-image: url('https:\/\/dev.skrivanek.com\/wp-content\/uploads\/2021\/01\/ico-obecnypreklad.svg')\"><\/span>\n\t\t\t<span class=\"wpa9-panel-icon icon\" style=\"mask-image: url(https:\/\/dev.skrivanek.com\/wp-content\/uploads\/2021\/01\/ico-obecnypreklad.svg); -webkit-mask-image: url(https:\/\/dev.skrivanek.com\/wp-content\/uploads\/2021\/01\/ico-obecnypreklad.svg);\"><\/span>\n\t\t\n\t\t\t\t\t\t\t\t<h2 class=\"wpa9-panel-title\">Tipos de interpretaci\u00f3n consecutiva<\/h2>\n\t\t\n\t\t\t\t\t\t\t<div class=\"wpa9-panel-content\"><ul>\n<li>Interpretaci\u00f3n en reuniones de negocios<\/li>\n<li>Interpretaci\u00f3n en eventos de formaci\u00f3n<\/li>\n<li>Interpretaci\u00f3n en reuniones de empresa<\/li>\n<li>Interpretaci\u00f3n en reuniones formales e informales<\/li>\n<\/ul>\n<\/div>\n\t\t\t\t<\/div>\n\n\t\t\t\t<div class=\"meta meta-buttons d-flex flex-column flex-sm-row justify-content-center\">\n\t\t\t\t\t<a class=\"btn btn-negative \" href=\"\/es\/contacto\/\" title=\"Contacto\">Contacto<\/a>\n\t\t\t\t\t\t<\/div>\n\t\t\n\t<\/div>\n\n\t\t\n\t\n<\/div>\n<\/div><\/div><\/div><\/div><\/div><div id=\"pg-7600-1\"  class=\"panel-grid panel-has-style\" ><div class=\"siteorigin-panels-stretch panel-row-style panel-row-style-for-7600-1\" data-stretch-type=\"full-stretched-padded\" ><div id=\"pgc-7600-1-0\"  class=\"panel-grid-cell\" ><div id=\"panel-7600-1-0-0\" class=\"so-panel widget widget_skrv-testimonials panel-first-child panel-last-child\" data-index=\"1\" ><div\n\t\t\t\n\t\t\tclass=\"so-widget-skrv-testimonials so-widget-skrv-testimonials-default-c93e1481a745-7600\"\n\t\t\t\n\t\t>\n\n<div class=\"skrv-testimonials\">\n\n    \n  <h3 class=\"widget-title\"><span class=\"title-wrapper\"><span class=\"title_bg_character\" style=\"color:#f7f7f7\">\u201d<\/span><span class=\"title\">Fiabilidad, velocidad y servicios de calidad<\/span><\/span><\/h3>\n  <div id=\"skrv-testimonial\" class=\"carousel slide\" data-bs-interval=\"4000\" data-bs-ride=\"carousel\" data-bs-touch=\"true\">\n    <div class=\"carousel-inner\">\n                <div class=\"skrv-testimonial-item carousel-item active\">\n        <div class=\"d-block\">\n                    <blockquote class=\"skrv-testimonial-text\">\u00abEstamos muy satisfechos con el alto nivel de servicios que proporciona Skrivanek, estamos encantados de recomendar los servicios de la empresa\u00bb.<\/blockquote>\n          <h6 class=\"skrv-testimonial-client\">Ciudad de T\u00e1bor<\/h6>\n        <\/div>\n      <\/div>\n        <\/div>\n\n    <a class=\"carousel-control-prev\" href=\"#0\" data-bs-target=\"#skrv-testimonial\" role=\"button\" data-bs-slide=\"prev\">\n      <span class=\"carousel-control-prev-icon\" aria-hidden=\"true\"><\/span>\n      <span class=\"sr-only\">Previous<\/span>\n    <\/a>\n    <a class=\"carousel-control-next\" href=\"#0\" data-bs-target=\"#skrv-testimonial\" role=\"button\" data-bs-slide=\"next\">\n      <span class=\"carousel-control-next-icon\" aria-hidden=\"true\"><\/span>\n      <span class=\"sr-only\">Next<\/span>\n    <\/a>\n\n    <ol class=\"carousel-indicators hidden\">\n                <li data-bs-target=\"#skrv-testimonial\" data-bs-slide-to=\"0\" class=\"active\"><\/li>\n        <\/ol>\n  <\/div>\n\n<\/div>\n\n<\/div><\/div><\/div><\/div><\/div><div id=\"pg-7600-2\"  class=\"panel-grid panel-has-style\" ><div class=\"siteorigin-panels-stretch panel-row-style panel-row-style-for-7600-2\" data-stretch-type=\"full\" ><div id=\"pgc-7600-2-0\"  class=\"panel-grid-cell\" ><div id=\"panel-7600-2-0-0\" class=\"so-panel widget widget_wpa9-card-s panel-first-child panel-last-child\" data-index=\"2\" ><div\n\t\t\t\n\t\t\tclass=\"so-widget-wpa9-card-s so-widget-wpa9-card-s-default-c93e1481a745-7600\"\n\t\t\t\n\t\t><div class=\"wpa9-card wpa9-card-s narrow positive\">\n\n\t<div class=\"wpa9-card-wrapper container\">\n\n\t\t<div class=\"wpa9-card-text\">\n\t\t\t<h2 class=\"wpa9-card-title\">\u00bfNecesita un int\u00e9rprete para una importante reuni\u00f3n de negocios?<\/h2>\n\t\t\t<div class=\"wpa9-card-content\"><p style=\"text-align: center\">Elaboraremos un presupuesto adaptado a sus necesidades.<\/p>\n<\/div>\t\t<\/div>\n\n\t\t\t\t<div class=\"meta meta-buttons d-flex flex-row justify-content-center\">\n\t\t\t\t\t\t\t<a class=\"btn btn-negative show-inquiry-form\" href=\"https:\/\/dev.skrivanek.com\/es\/consulta\/\" title=\"Enviar consulta\">Enviar consulta<\/a>\n\t\t\t\t<\/div>\n\t\t\n\t<\/div>\n\n<\/div>\n<\/div><\/div><\/div><\/div><\/div><\/div>","protected":false},"excerpt":{"rendered":"<p>Interpretaci\u00f3n de reuniones de negocios Parte por parte, nuestro int\u00e9rprete traducir\u00e1 toda la informaci\u00f3n, asegur\u00e1ndose de su comprensi\u00f3n. Nuestra amplia red de sedes en la Rep\u00fablica Checa y en otros pa\u00edses nos permite garantizar la disponibilidad de un int\u00e9rprete profesional con flexibilidad en su pa\u00eds de origen o en viajes al extranjero. Amplia experiencia e [&hellip;]<\/p>\n","protected":false},"author":10,"featured_media":0,"parent":7642,"menu_order":0,"comment_status":"closed","ping_status":"open","template":"","meta":{"_acf_changed":false,"content-type":"","footnotes":""},"class_list":["post-7600","page","type-page","status-publish","hentry"],"acf":[],"aioseo_notices":[],"_links":{"self":[{"href":"https:\/\/dev.skrivanek.com\/es\/wp-json\/wp\/v2\/pages\/7600","targetHints":{"allow":["GET"]}}],"collection":[{"href":"https:\/\/dev.skrivanek.com\/es\/wp-json\/wp\/v2\/pages"}],"about":[{"href":"https:\/\/dev.skrivanek.com\/es\/wp-json\/wp\/v2\/types\/page"}],"author":[{"embeddable":true,"href":"https:\/\/dev.skrivanek.com\/es\/wp-json\/wp\/v2\/users\/10"}],"replies":[{"embeddable":true,"href":"https:\/\/dev.skrivanek.com\/es\/wp-json\/wp\/v2\/comments?post=7600"}],"version-history":[{"count":3,"href":"https:\/\/dev.skrivanek.com\/es\/wp-json\/wp\/v2\/pages\/7600\/revisions"}],"predecessor-version":[{"id":32650,"href":"https:\/\/dev.skrivanek.com\/es\/wp-json\/wp\/v2\/pages\/7600\/revisions\/32650"}],"up":[{"embeddable":true,"href":"https:\/\/dev.skrivanek.com\/es\/wp-json\/wp\/v2\/pages\/7642"}],"wp:attachment":[{"href":"https:\/\/dev.skrivanek.com\/es\/wp-json\/wp\/v2\/media?parent=7600"}],"curies":[{"name":"wp","href":"https:\/\/api.w.org\/{rel}","templated":true}]}}