{"id":7608,"date":"2021-07-28T13:23:42","date_gmt":"2021-07-28T11:23:42","guid":{"rendered":"https:\/\/skrivanek.com\/localizacion-de-sitios-web\/"},"modified":"2022-08-12T08:36:12","modified_gmt":"2022-08-12T06:36:12","slug":"localizacion-de-sitios-web","status":"publish","type":"page","link":"https:\/\/dev.skrivanek.com\/es\/localizacion\/localizacion-de-sitios-web\/","title":{"rendered":"Localizaci\u00f3n de sitios web"},"content":{"rendered":"<div id=\"pl-7608\"  class=\"panel-layout\" ><div id=\"pg-7608-0\"  class=\"panel-grid panel-no-style\" ><div id=\"pgc-7608-0-0\"  class=\"panel-grid-cell\" ><div id=\"panel-7608-0-0-0\" class=\"so-panel widget widget_wpa9-editor-ext panel-first-child panel-last-child\" data-index=\"0\" ><div\n\t\t\t\n\t\t\tclass=\"so-widget-wpa9-editor-ext so-widget-wpa9-editor-ext-default-c93e1481a745-7608\"\n\t\t\t\n\t\t>\n<div class=\"siteorigin-widget-tinymce textwidget\">\n\t<div class=\"grey-box-section var-extramt\">\n<div class=\"section-wrapper var-wide\">\n<div class=\"grey-box-section__border\">\n<p><strong><span class=\"innerText\">Algunos de nuestros clientes satis<\/span><span class=\"innerText\">fecho<\/span><span class=\"innerText\">s:<\/span><\/strong><\/p>\n<p><img alt=\"loc-ref\" loading=\"lazy\" decoding=\"async\" class=\"wp-image-5507 alignleft\" src=\"https:\/\/skrivanek.com\/wp-content\/uploads\/2021\/03\/loc-ref.png\" alt=\"\" width=\"925\" height=\"79\" \/><\/p>\n<\/div>\n<\/div>\n<\/div>\n<\/div>\n<\/div><\/div><\/div><\/div><div id=\"pg-7608-1\"  class=\"panel-grid panel-has-style\" ><div class=\"siteorigin-panels-stretch panel-row-style panel-row-style-for-7608-1\" data-stretch-type=\"full\" ><div id=\"pgc-7608-1-0\"  class=\"panel-grid-cell\" ><div id=\"panel-7608-1-0-0\" class=\"so-panel widget widget_wpa9-card-l panel-first-child panel-last-child\" data-index=\"1\" ><div\n\t\t\t\n\t\t\tclass=\"so-widget-wpa9-card-l so-widget-wpa9-card-l-default-c93e1481a745-7608\"\n\t\t\t\n\t\t>\n\n<div class=\"wpa9-card wpa9-card-l-container d-flex flex-wrap wpa9-columns-2\">\n\n\t\n\t\t\n\t<div class=\"wpa9-card-l-panel wpa9-panel shadow rounded d-flex flex-column justify-content-between\">\n\n\t\t<div>\n\t\t\t\t\t\t\t<span class=\"wpa9-panel-icon icon\" style=\"display: none; background-image: url('https:\/\/dev.skrivanek.com\/wp-content\/uploads\/2021\/03\/ico-online-vyuka.svg')\"><\/span>\n\t\t\t<span class=\"wpa9-panel-icon icon\" style=\"mask-image: url(https:\/\/dev.skrivanek.com\/wp-content\/uploads\/2021\/03\/ico-online-vyuka.svg); -webkit-mask-image: url(https:\/\/dev.skrivanek.com\/wp-content\/uploads\/2021\/03\/ico-online-vyuka.svg);\"><\/span>\n\t\t\n\t\t\t\t\t\t\t\t<h2 class=\"wpa9-panel-title\">Localizaci\u00f3n de sitios web<\/h2>\n\t\t\n\t\t\t\t\t\t\t<div class=\"wpa9-panel-content\"><p>El \u00e9xito de un sitio web depende de su grado de dinamismo y \u00fanicamente si la tecnolog\u00eda se implementa impecablemente y se utiliza para aprovecharla al m\u00e1ximo. Es por ello que ofrecemos los siguientes servicios:<\/p>\n<ul>\n<li>Soporte y consultor\u00eda de traducci\u00f3n impulsadas por SEO para todos los idiomas, con el objeto de optimizar la presencia en Internet<\/li>\n<li>Fluidez en todos los formatos y en cualquier idioma: html, xml, Java, sistemas de contenido<\/li>\n<li>Actualizaciones de su sitio web a trav\u00e9s del sistema de gesti\u00f3n de contenidos<\/li>\n<li>Ajustes de software al formato, maquetaci\u00f3n (DTP), c\u00f3digos fuente, etc.<\/li>\n<\/ul>\n<\/div>\n\t\t\t\t<\/div>\n\n\t\t\t\t<div class=\"meta meta-buttons d-flex flex-column flex-sm-row justify-content-center\">\n\t\t\t\t\t<a class=\"btn btn-negative show-inquiry-form\" href=\"https:\/\/dev.skrivanek.com\/es\/consulta\/\" title=\"Enviar consulta\">Enviar consulta<\/a>\n\t\t\t\t\t\t<\/div>\n\t\t\n\t<\/div>\n\n\t\t\n\t<div class=\"wpa9-card-l-panel wpa9-panel shadow rounded d-flex flex-column justify-content-between\">\n\n\t\t<div>\n\t\t\t\t\t\t\t<span class=\"wpa9-panel-icon icon\" style=\"display: none; background-image: url('https:\/\/dev.skrivanek.com\/wp-content\/uploads\/2021\/03\/ico-info.svg')\"><\/span>\n\t\t\t<span class=\"wpa9-panel-icon icon\" style=\"mask-image: url(https:\/\/dev.skrivanek.com\/wp-content\/uploads\/2021\/03\/ico-info.svg); -webkit-mask-image: url(https:\/\/dev.skrivanek.com\/wp-content\/uploads\/2021\/03\/ico-info.svg);\"><\/span>\n\t\t\n\t\t\t\t\t\t\t\t<h2 class=\"wpa9-panel-title\">\u00bfC\u00f3mo funciona?<\/h2>\n\t\t\n\t\t\t\t\t\t\t<div class=\"wpa9-panel-content\"><p>El primer paso es consultarle sobre sus necesidades e ideas. Podemos controlar el proceso hasta donde usted necesite. Contactaremos con las agencias t\u00e9cnicas o de marketing con las que ya trabaje o bien, el equipo de marketing de Skrivanek puede desarrollar de forma independiente un plan completo de globalizaci\u00f3n del sitio web que d\u00e9 vida a su\u00a0proyecto.<\/p>\n<\/div>\n\t\t\t\t<\/div>\n\n\t\t\t\t<div class=\"meta meta-buttons d-flex flex-column flex-sm-row justify-content-center\">\n\t\t\t\t\t<a class=\"btn btn-negative \" href=\"\/es\/contacto\/\" title=\"Contacto\">Contacto<\/a>\n\t\t\t\t\t\t<\/div>\n\t\t\n\t<\/div>\n\n\t\t\n\t\n<\/div>\n<\/div><\/div><\/div><\/div><\/div><div id=\"pg-7608-2\"  class=\"panel-grid panel-no-style\" ><div id=\"pgc-7608-2-0\"  class=\"panel-grid-cell\" ><div id=\"panel-7608-2-0-0\" class=\"so-panel widget widget_wpa9-card-s panel-first-child panel-last-child\" data-index=\"2\" ><div\n\t\t\t\n\t\t\tclass=\"so-widget-wpa9-card-s so-widget-wpa9-card-s-default-c93e1481a745-7608\"\n\t\t\t\n\t\t><div class=\"wpa9-card wpa9-card-s narrow positive\">\n\n\t<div class=\"wpa9-card-wrapper container\">\n\n\t\t<div class=\"wpa9-card-text\">\n\t\t\t<h2 class=\"wpa9-card-title\">\u00bfEst\u00e1 buscando una localizaci\u00f3n de su sitio web r\u00e1pida y de gran calidad?<\/h2>\n\t\t\t<div class=\"wpa9-card-content\"><p style=\"text-align: center\">Elaboraremos un presupuesto adaptado a sus necesidades.<\/p>\n<\/div>\t\t<\/div>\n\n\t\t\t\t<div class=\"meta meta-buttons d-flex flex-row justify-content-center\">\n\t\t\t\t\t\t\t<a class=\"btn btn-negative show-inquiry-form\" href=\"https:\/\/dev.skrivanek.com\/es\/consulta\/\" title=\"Enviar consulta\">Enviar consulta<\/a>\n\t\t\t\t<\/div>\n\t\t\n\t<\/div>\n\n<\/div>\n<\/div><\/div><\/div><\/div><\/div>","protected":false},"excerpt":{"rendered":"<p>Algunos de nuestros clientes satisfechos: Localizaci\u00f3n de sitios web El \u00e9xito de un sitio web depende de su grado de dinamismo y \u00fanicamente si la tecnolog\u00eda se implementa impecablemente y se utiliza para aprovecharla al m\u00e1ximo. Es por ello que ofrecemos los siguientes servicios: Soporte y consultor\u00eda de traducci\u00f3n impulsadas por SEO para todos los [&hellip;]<\/p>\n","protected":false},"author":10,"featured_media":0,"parent":7612,"menu_order":0,"comment_status":"closed","ping_status":"open","template":"","meta":{"_acf_changed":false,"content-type":"","footnotes":""},"class_list":["post-7608","page","type-page","status-publish","hentry"],"acf":[],"aioseo_notices":[],"_links":{"self":[{"href":"https:\/\/dev.skrivanek.com\/es\/wp-json\/wp\/v2\/pages\/7608","targetHints":{"allow":["GET"]}}],"collection":[{"href":"https:\/\/dev.skrivanek.com\/es\/wp-json\/wp\/v2\/pages"}],"about":[{"href":"https:\/\/dev.skrivanek.com\/es\/wp-json\/wp\/v2\/types\/page"}],"author":[{"embeddable":true,"href":"https:\/\/dev.skrivanek.com\/es\/wp-json\/wp\/v2\/users\/10"}],"replies":[{"embeddable":true,"href":"https:\/\/dev.skrivanek.com\/es\/wp-json\/wp\/v2\/comments?post=7608"}],"version-history":[{"count":3,"href":"https:\/\/dev.skrivanek.com\/es\/wp-json\/wp\/v2\/pages\/7608\/revisions"}],"predecessor-version":[{"id":31921,"href":"https:\/\/dev.skrivanek.com\/es\/wp-json\/wp\/v2\/pages\/7608\/revisions\/31921"}],"up":[{"embeddable":true,"href":"https:\/\/dev.skrivanek.com\/es\/wp-json\/wp\/v2\/pages\/7612"}],"wp:attachment":[{"href":"https:\/\/dev.skrivanek.com\/es\/wp-json\/wp\/v2\/media?parent=7608"}],"curies":[{"name":"wp","href":"https:\/\/api.w.org\/{rel}","templated":true}]}}