{"id":7612,"date":"2021-07-28T13:23:42","date_gmt":"2021-07-28T11:23:42","guid":{"rendered":"https:\/\/skrivanek.com\/localizacion\/"},"modified":"2023-10-19T11:06:23","modified_gmt":"2023-10-19T09:06:23","slug":"localizacion","status":"publish","type":"page","link":"https:\/\/dev.skrivanek.com\/es\/localizacion\/","title":{"rendered":"Localizaci\u00f3n"},"content":{"rendered":"<div id=\"pl-7612\"  class=\"panel-layout\" ><div id=\"pg-7612-0\"  class=\"panel-grid panel-has-style\" ><div class=\"siteorigin-panels-stretch panel-row-style panel-row-style-for-7612-0\" data-stretch-type=\"full\" ><div id=\"pgc-7612-0-0\"  class=\"panel-grid-cell\" ><div id=\"panel-7612-0-0-0\" class=\"so-panel widget widget_wpa9-card-m panel-first-child panel-last-child\" data-index=\"0\" ><div\n\t\t\t\n\t\t\tclass=\"so-widget-wpa9-card-m so-widget-wpa9-card-m-default-c93e1481a745-7612\"\n\t\t\t\n\t\t>\n\n<section class=\"wpa9-card wpa9-card-m-container d-flex flex-wrap justify-content-center DcABns\">\n\n\t\n\t\t\n\t\t\t\n\t<article class=\"wpa9-card-m-panel wpa9-panel \">\n\t<a class=\"rounded\" href=\"\/es\/localizacion\/localizacion-de-sitios-web\/\" title=\"Localizaci\u00f3n de sitios web\">\n\t\t\t\t<header class=\"d-block flex-wrap pb-4\">\n\t\t\t\t\t\t\t<span class=\"wpa9-card-icon icon d-none\" style=\"background-image: url('https:\/\/dev.skrivanek.com\/wp-content\/uploads\/2021\/03\/ico-online-vyuka.svg')\"><\/span>\n\t\t\t\t<span class=\"wpa9-card-icon icon\" style=\"mask-image: url(https:\/\/dev.skrivanek.com\/wp-content\/uploads\/2021\/03\/ico-online-vyuka.svg); -webkit-mask-image: url(https:\/\/dev.skrivanek.com\/wp-content\/uploads\/2021\/03\/ico-online-vyuka.svg);\"><\/span>\n\t\t\t\n\t\t\t\t\t\t\t\t<h2 class=\"wpa9-card-title\">Localizaci\u00f3n de sitios web<\/h2>\n\t\t\t\t<\/header>\n\n\t\t\t\t<main class=\"wpa9-card-content\"><p>Las actualizaciones y medios actuales y relevantes de su sitio web son importantes para mantener el inter\u00e9s de sus clientes.<\/p>\n<\/main>\n\t\t\n\t<\/a>\t<\/article>\n\t\t\n\t\t\t\n\t<article class=\"wpa9-card-m-panel wpa9-panel \">\n\t<a class=\"rounded\" href=\"\/es\/localizacion\/localizacion-de-software\/\" title=\"Localizaci\u00f3n de software\">\n\t\t\t\t<header class=\"d-block flex-wrap pb-4\">\n\t\t\t\t\t\t\t<span class=\"wpa9-card-icon icon d-none\" style=\"background-image: url('https:\/\/dev.skrivanek.com\/wp-content\/uploads\/2021\/03\/ico-typy-kurzu.svg')\"><\/span>\n\t\t\t\t<span class=\"wpa9-card-icon icon\" style=\"mask-image: url(https:\/\/dev.skrivanek.com\/wp-content\/uploads\/2021\/03\/ico-typy-kurzu.svg); -webkit-mask-image: url(https:\/\/dev.skrivanek.com\/wp-content\/uploads\/2021\/03\/ico-typy-kurzu.svg);\"><\/span>\n\t\t\t\n\t\t\t\t\t\t\t\t<h2 class=\"wpa9-card-title\">Localizaci\u00f3n de software<\/h2>\n\t\t\t\t<\/header>\n\n\t\t\t\t<main class=\"wpa9-card-content\"><p>La localizaci\u00f3n de software en el contexto de un mercado y cultura espec\u00edficos es la forma de asegurar la adopci\u00f3n de ese producto.<\/p>\n<\/main>\n\t\t\n\t<\/a>\t<\/article>\n\t\t\n\t\t\t\n\t<article class=\"wpa9-card-m-panel wpa9-panel \">\n\t<a class=\"rounded\" href=\"\/es\/localizacion\/localizacion-multimedia\/\" title=\"Localizaci\u00f3n multimedia\">\n\t\t\t\t<header class=\"d-block flex-wrap pb-4\">\n\t\t\t\t\t\t\t<span class=\"wpa9-card-icon icon d-none\" style=\"background-image: url('https:\/\/dev.skrivanek.com\/wp-content\/uploads\/2021\/03\/ico-tlumoceni-online.svg')\"><\/span>\n\t\t\t\t<span class=\"wpa9-card-icon icon\" style=\"mask-image: url(https:\/\/dev.skrivanek.com\/wp-content\/uploads\/2021\/03\/ico-tlumoceni-online.svg); -webkit-mask-image: url(https:\/\/dev.skrivanek.com\/wp-content\/uploads\/2021\/03\/ico-tlumoceni-online.svg);\"><\/span>\n\t\t\t\n\t\t\t\t\t\t\t\t<h2 class=\"wpa9-card-title\">Localizaci\u00f3n multimedia<\/h2>\n\t\t\t\t<\/header>\n\n\t\t\t\t<main class=\"wpa9-card-content\"><p>Dar vida a su presencia en la web y a sus productos con las funciones multimedia suele ser la clave para captar por completo la atenci\u00f3n de su p\u00fablico y competir a nivel mundial. Las combinaciones de audio y v\u00eddeo, las animaciones, las aplicaciones interactivas... cualquiera que sea la herramienta visual o de audio que utilice, Skrivanek tiene todos los medios para localizarlas y probarlas.<\/p>\n<\/main>\n\t\t\n\t<\/a>\t<\/article>\n\t\t\n\t\t\t\n\t<article class=\"wpa9-card-m-panel wpa9-panel \">\n\t<a class=\"rounded\" href=\"\/es\/localizacion\/pruebas-de-software\/\" title=\"Pruebas de software\">\n\t\t\t\t<header class=\"d-block flex-wrap pb-4\">\n\t\t\t\t\t\t\t<span class=\"wpa9-card-icon icon d-none\" style=\"background-image: url('https:\/\/dev.skrivanek.com\/wp-content\/uploads\/2021\/03\/ico-nmt.svg')\"><\/span>\n\t\t\t\t<span class=\"wpa9-card-icon icon\" style=\"mask-image: url(https:\/\/dev.skrivanek.com\/wp-content\/uploads\/2021\/03\/ico-nmt.svg); -webkit-mask-image: url(https:\/\/dev.skrivanek.com\/wp-content\/uploads\/2021\/03\/ico-nmt.svg);\"><\/span>\n\t\t\t\n\t\t\t\t\t\t\t\t<h2 class=\"wpa9-card-title\">Pruebas de software<\/h2>\n\t\t\t\t<\/header>\n\n\t\t\t\t<main class=\"wpa9-card-content\"><p>Pruebe su software con nuestros equipos especializados en pruebas (testing) en cada uno de los pa\u00edses en los que tenga relaciones comerciales.<\/p>\n<\/main>\n\t\t\n\t<\/a>\t<\/article>\n\t\t\n\t\t\t\n\t<article class=\"wpa9-card-m-panel wpa9-panel \">\n\t<a class=\"rounded\" href=\"\/es\/traducciones\/traducciones-seo\/\" title=\"Traducciones SEO\">\n\t\t\t\t<header class=\"d-block flex-wrap pb-4\">\n\t\t\t\t\t\t\t<span class=\"wpa9-card-icon icon d-none\" style=\"background-image: url('https:\/\/dev.skrivanek.com\/wp-content\/uploads\/2021\/03\/ico-e-learning.svg')\"><\/span>\n\t\t\t\t<span class=\"wpa9-card-icon icon\" style=\"mask-image: url(https:\/\/dev.skrivanek.com\/wp-content\/uploads\/2021\/03\/ico-e-learning.svg); -webkit-mask-image: url(https:\/\/dev.skrivanek.com\/wp-content\/uploads\/2021\/03\/ico-e-learning.svg);\"><\/span>\n\t\t\t\n\t\t\t\t\t\t\t\t<h2 class=\"wpa9-card-title\">Traducciones SEO<\/h2>\n\t\t\t\t<\/header>\n\n\t\t\t\t<main class=\"wpa9-card-content\">En el siglo XXI, la traducci\u00f3n SEO (Optimizaci\u00f3n en motores de b\u00fasqueda) es crucial para que su sitio web tenga \u00e9xito. Cuando est\u00e9 preparado para realizar ventas en mercados internacionales, el SEO debe estar enfocado para cada mercado concreto.<\/main>\n\t\t\n\t<\/a>\t<\/article>\n\t\t\n\t\t\t\n\t<article class=\"wpa9-card-m-panel wpa9-panel \">\n\t<a class=\"rounded\" href=\"\/es\/otros-servicios\/\" title=\"Otros servicios\">\n\t\t\t\t<header class=\"d-block flex-wrap pb-4\">\n\t\t\t\t\t\t\t<span class=\"wpa9-card-icon icon d-none\" style=\"background-image: url('https:\/\/dev.skrivanek.com\/wp-content\/uploads\/2021\/03\/ico-tlumoceni-distancni.svg')\"><\/span>\n\t\t\t\t<span class=\"wpa9-card-icon icon\" style=\"mask-image: url(https:\/\/dev.skrivanek.com\/wp-content\/uploads\/2021\/03\/ico-tlumoceni-distancni.svg); -webkit-mask-image: url(https:\/\/dev.skrivanek.com\/wp-content\/uploads\/2021\/03\/ico-tlumoceni-distancni.svg);\"><\/span>\n\t\t\t\n\t\t\t\t\t\t\t\t<h2 class=\"wpa9-card-title\">Otros servicios<\/h2>\n\t\t\t\t<\/header>\n\n\t\t\t\t<main class=\"wpa9-card-content\">Si su traducci\u00f3n incluye gr\u00e1ficos, podemos realizar las modificaciones necesarias y preparar los documentos para su impresi\u00f3n. O bien, podemos incluso imprimir la traducci\u00f3n ya terminada.<\/main>\n\t\t\n\t<\/a>\t<\/article>\n\t\t\n\n\t\t\n\t\n<\/section>\n<\/div><\/div><\/div><\/div><\/div><div id=\"pg-7612-1\"  class=\"panel-grid panel-has-style\" ><div class=\"siteorigin-panels-stretch panel-row-padding-normal panel-row-style panel-row-style-for-7612-1\" data-stretch-type=\"full\" ><div id=\"pgc-7612-1-0\"  class=\"panel-grid-cell\" ><div id=\"panel-7612-1-0-0\" class=\"so-panel widget widget_wpa9-editor-ext panel-first-child panel-last-child\" data-index=\"1\" ><div class=\"mascot mascot-3-1c panel-widget-style panel-widget-style-for-7612-1-0-0\" ><div\n\t\t\t\n\t\t\tclass=\"so-widget-wpa9-editor-ext so-widget-wpa9-editor-ext-default-c93e1481a745-7612\"\n\t\t\t\n\t\t>\n<div class=\"siteorigin-widget-tinymce textwidget\">\n\t<h3 style=\"text-align: center;\">Nuestro est\u00e1ndar es un 100\u00a0% de precisi\u00f3n<\/h3>\n<p style=\"text-align: left;\">El control de calidad es la piedra angular de su \u00e9xito y tambi\u00e9n del nuestro, ya que es la base de la ejecuci\u00f3n de su proyecto. Nuestra metodolog\u00eda de traducci\u00f3n est\u00e1 dise\u00f1ada para que su traducci\u00f3n tenga el nivel m\u00e1s alto de precisi\u00f3n posible:<\/p>\n<ol>\n<li style=\"text-align: left;\">Alto nivel de control de flujos de trabajo<\/li>\n<li style=\"text-align: left;\">Meticulosa selecci\u00f3n de todos los recursos implicados en el proceso<\/li>\n<li style=\"text-align: left;\">Formaci\u00f3n y soporte ling\u00fc\u00edstico continuo<\/li>\n<li style=\"text-align: left;\">Supervisi\u00f3n de rendimiento permanente<\/li>\n<li style=\"text-align: left;\">Uso de tecnolog\u00edas de \u00faltima generaci\u00f3n para garantizar la coherencia<\/li>\n<\/ol>\n<\/div>\n<\/div><\/div><\/div><\/div><\/div><\/div><div id=\"pg-7612-2\"  class=\"panel-grid panel-has-style\" ><div class=\"siteorigin-panels-stretch panel-row-padding-none panel-row-style panel-row-style-for-7612-2\" data-stretch-type=\"full\" ><div id=\"pgc-7612-2-0\"  class=\"panel-grid-cell\" ><div id=\"panel-7612-2-0-0\" class=\"so-panel widget widget_wpa9-accordion panel-first-child panel-last-child\" data-index=\"2\" ><div\n\t\t\t\n\t\t\tclass=\"so-widget-wpa9-accordion so-widget-wpa9-accordion-default-c93e1481a745-7612\"\n\t\t\t\n\t\t><h3 class=\"widget-title\">Preguntas frecuentes<\/h3><div class=\"wpa9-accordion\">\n\t<div class=\"wpa9-accordion-panel\" id=\"wpa9-accordion-panel-que-implica-su-proceso-de-localizacion\">\n\n\t\t<div class=\"wpa9-accordion-toggler d-flex\" data-panel=\"que-implica-su-proceso-de-localizacion\" role=\"button\" aria-controls=\"wpa9-accordion-panel-que-implica-su-proceso-de-localizacion\" aria-expanded=\"false\">\n\n\t\t\t<div class=\"wpa9-accordion-icon wpa9-accordion-icon-open\"><\/div>\n\n\t\t\t<div class=\"wpa9-accordion-title\">\u00bfQu\u00e9 implica su proceso de localizaci\u00f3n?<\/div>\n\n\t\t<\/div>\n\n\t\t<div class=\"wpa9-accordion-content\" role=\"region\">\n\t\t\tLa localizaci\u00f3n implica el estudio y comprensi\u00f3n de la cultura de destino y la adaptaci\u00f3n cultural y traducci\u00f3n del contenido de origen para el mercado de destino. Estamos orgullosos de contar con ling\u00fcistas a nivel local que son capaces de identificar las diferencias culturales en los distintos mercados.\t\t<\/div>\n\n\t<\/div>\n\t<div class=\"wpa9-accordion-panel\" id=\"wpa9-accordion-panel-que-tipo-de-localizacion-ofrece-skrivanek\">\n\n\t\t<div class=\"wpa9-accordion-toggler d-flex\" data-panel=\"que-tipo-de-localizacion-ofrece-skrivanek\" role=\"button\" aria-controls=\"wpa9-accordion-panel-que-tipo-de-localizacion-ofrece-skrivanek\" aria-expanded=\"false\">\n\n\t\t\t<div class=\"wpa9-accordion-icon wpa9-accordion-icon-open\"><\/div>\n\n\t\t\t<div class=\"wpa9-accordion-title\">\u00bfQu\u00e9 tipo de localizaci\u00f3n ofrece Skrivanek?<\/div>\n\n\t\t<\/div>\n\n\t\t<div class=\"wpa9-accordion-content\" role=\"region\">\n\t\t\tNuestro proceso de localizaci\u00f3n implica la adaptaci\u00f3n cultural y la traducci\u00f3n de sitios web, software, videojuegos, doblaje y otro contenido multimedia.\t\t<\/div>\n\n\t<\/div>\n\t<div class=\"wpa9-accordion-panel\" id=\"wpa9-accordion-panel-cual-es-el-precio\">\n\n\t\t<div class=\"wpa9-accordion-toggler d-flex\" data-panel=\"cual-es-el-precio\" role=\"button\" aria-controls=\"wpa9-accordion-panel-cual-es-el-precio\" aria-expanded=\"false\">\n\n\t\t\t<div class=\"wpa9-accordion-icon wpa9-accordion-icon-open\"><\/div>\n\n\t\t\t<div class=\"wpa9-accordion-title\">\u00bfCu\u00e1l es el precio?<\/div>\n\n\t\t<\/div>\n\n\t\t<div class=\"wpa9-accordion-content\" role=\"region\">\n\t\t\tNuestros precios est\u00e1n garantizados antes de empezar el proyecto, ya que cerramos un precio seg\u00fan el recuento de palabras y las necesidades de autoedici\u00f3n del contenido de los gr\u00e1ficos. Env\u00edenos sus archivos de origen y le daremos un presupuesto para su traducci\u00f3n.\t\t<\/div>\n\n\t<\/div>\n\t<div class=\"wpa9-accordion-panel\" id=\"wpa9-accordion-panel-cuanto-tarda-el-proceso-de-localizacion\">\n\n\t\t<div class=\"wpa9-accordion-toggler d-flex\" data-panel=\"cuanto-tarda-el-proceso-de-localizacion\" role=\"button\" aria-controls=\"wpa9-accordion-panel-cuanto-tarda-el-proceso-de-localizacion\" aria-expanded=\"false\">\n\n\t\t\t<div class=\"wpa9-accordion-icon wpa9-accordion-icon-open\"><\/div>\n\n\t\t\t<div class=\"wpa9-accordion-title\">\u00bfCu\u00e1nto tarda el proceso de localizaci\u00f3n?<\/div>\n\n\t\t<\/div>\n\n\t\t<div class=\"wpa9-accordion-content\" role=\"region\">\n\t\t\tDepende de algunos factores, incluyendo el n\u00famero de palabras, las necesidades de autoedici\u00f3n y la complejidad de la localizaci\u00f3n. Las fechas de entrega se acuerdan de antemano, antes de iniciar el proyecto para que no haya sorpresas.\t\t<\/div>\n\n\t<\/div>\n<\/div>\n<\/div><\/div><\/div><\/div><\/div><div id=\"pg-7612-3\"  class=\"panel-grid panel-has-style\" ><div class=\"siteorigin-panels-stretch panel-row-style panel-row-style-for-7612-3\" data-stretch-type=\"full\" ><div id=\"pgc-7612-3-0\"  class=\"panel-grid-cell\" ><div id=\"panel-7612-3-0-0\" class=\"so-panel widget widget_wpa9-card-s panel-first-child panel-last-child\" data-index=\"3\" ><div\n\t\t\t\n\t\t\tclass=\"so-widget-wpa9-card-s so-widget-wpa9-card-s-default-c93e1481a745-7612\"\n\t\t\t\n\t\t><div class=\"wpa9-card wpa9-card-s narrow positive\">\n\n\t<div class=\"wpa9-card-wrapper container\">\n\n\t\t<div class=\"wpa9-card-text\">\n\t\t\t<h2 class=\"wpa9-card-title\">\u00bfEst\u00e1 buscando una localizaci\u00f3n r\u00e1pida y de gran calidad?<\/h2>\n\t\t\t<div class=\"wpa9-card-content\"><p style=\"text-align: center\">Elaboraremos un presupuesto adaptado a sus necesidades.<\/p>\n<\/div>\t\t<\/div>\n\n\t\t\t\t<div class=\"meta meta-buttons d-flex flex-row justify-content-center\">\n\t\t\t\t\t<a class=\"btn btn-negative show-inquiry-form\" href=\"https:\/\/dev.skrivanek.com\/es\/consulta\/\" title=\"Enviar consulta\">Enviar consulta<\/a>\n\t\t\t\t\t\t<\/div>\n\t\t\n\t<\/div>\n\n<\/div>\n<\/div><\/div><\/div><\/div><\/div><\/div>","protected":false},"excerpt":{"rendered":"<p>Localizaci\u00f3n de sitios web Las actualizaciones y medios actuales y relevantes de su sitio web son importantes para mantener el inter\u00e9s de sus clientes. Localizaci\u00f3n de software La localizaci\u00f3n de software en el contexto de un mercado y cultura espec\u00edficos es la forma de asegurar la adopci\u00f3n de ese producto. Localizaci\u00f3n multimedia Dar vida a [&hellip;]<\/p>\n","protected":false},"author":10,"featured_media":0,"parent":0,"menu_order":0,"comment_status":"closed","ping_status":"open","template":"","meta":{"_acf_changed":false,"content-type":"","footnotes":""},"class_list":["post-7612","page","type-page","status-publish","hentry"],"acf":[],"aioseo_notices":[],"_links":{"self":[{"href":"https:\/\/dev.skrivanek.com\/es\/wp-json\/wp\/v2\/pages\/7612","targetHints":{"allow":["GET"]}}],"collection":[{"href":"https:\/\/dev.skrivanek.com\/es\/wp-json\/wp\/v2\/pages"}],"about":[{"href":"https:\/\/dev.skrivanek.com\/es\/wp-json\/wp\/v2\/types\/page"}],"author":[{"embeddable":true,"href":"https:\/\/dev.skrivanek.com\/es\/wp-json\/wp\/v2\/users\/10"}],"replies":[{"embeddable":true,"href":"https:\/\/dev.skrivanek.com\/es\/wp-json\/wp\/v2\/comments?post=7612"}],"version-history":[{"count":3,"href":"https:\/\/dev.skrivanek.com\/es\/wp-json\/wp\/v2\/pages\/7612\/revisions"}],"predecessor-version":[{"id":83184,"href":"https:\/\/dev.skrivanek.com\/es\/wp-json\/wp\/v2\/pages\/7612\/revisions\/83184"}],"wp:attachment":[{"href":"https:\/\/dev.skrivanek.com\/es\/wp-json\/wp\/v2\/media?parent=7612"}],"curies":[{"name":"wp","href":"https:\/\/api.w.org\/{rel}","templated":true}]}}