{"id":7614,"date":"2021-07-28T13:23:43","date_gmt":"2021-07-28T11:23:43","guid":{"rendered":"https:\/\/skrivanek.com\/tecnologias\/"},"modified":"2023-06-06T12:30:26","modified_gmt":"2023-06-06T10:30:26","slug":"tecnologias","status":"publish","type":"page","link":"https:\/\/dev.skrivanek.com\/es\/tecnologias\/","title":{"rendered":"Tecnolog\u00edas"},"content":{"rendered":"<div id=\"pl-7614\"  class=\"panel-layout\" ><div id=\"pg-7614-0\"  class=\"panel-grid panel-no-style\" ><div id=\"pgc-7614-0-0\"  class=\"panel-grid-cell\" ><div id=\"panel-7614-0-0-0\" class=\"so-panel widget widget_wpa9-card-m panel-first-child panel-last-child\" data-index=\"0\" ><div\n\t\t\t\n\t\t\tclass=\"so-widget-wpa9-card-m so-widget-wpa9-card-m-default-c93e1481a745-7614\"\n\t\t\t\n\t\t>\n\n<section class=\"wpa9-card wpa9-card-m-container d-flex flex-wrap justify-content-center S7avYC\">\n\n\t\n\t\t\n\t\t\t\n\t<article class=\"wpa9-card-m-panel wpa9-panel \">\n\t<a class=\"rounded\" href=\"\/es\/tecnologias\/herramientas-de-traduccion-asistida-herramientas-cat\/\" title=\"Herramientas de traducci\u00f3n asistida (herramientas CAT)\">\n\t\t\t\t<header class=\"d-block flex-wrap pb-4\">\n\t\t\t\t\t\t\t<span class=\"wpa9-card-icon icon d-none\" style=\"background-image: url('https:\/\/dev.skrivanek.com\/wp-content\/uploads\/2021\/03\/ico-nmt.svg')\"><\/span>\n\t\t\t\t<span class=\"wpa9-card-icon icon\" style=\"mask-image: url(https:\/\/dev.skrivanek.com\/wp-content\/uploads\/2021\/03\/ico-nmt.svg); -webkit-mask-image: url(https:\/\/dev.skrivanek.com\/wp-content\/uploads\/2021\/03\/ico-nmt.svg);\"><\/span>\n\t\t\t\n\t\t\t\t\t\t\t\t<h2 class=\"wpa9-card-title\">Herramientas de traducci\u00f3n asistida (herramientas CAT)<\/h2>\n\t\t\t\t<\/header>\n\n\t\t\t\t<main class=\"wpa9-card-content\"><p class=\"entry-subtitle border-top-c-black\">Las herramientas de traducci\u00f3n asistida (herramientas TAO) son esenciales para la traducci\u00f3n actual. Son capaces de almacenar segmentos traducidos, t\u00e9rminos espec\u00edficos del sector y palabras repetidas, aumentando la velocidad de la traducci\u00f3n y ofreciendo esos t\u00e9rminos ya traducidos al traductor mientras trabaja con el texto. La traducci\u00f3n no solo se agiliza, sino que tambi\u00e9n se aumenta la coherencia dentro de los textos individuales, as\u00ed como en otros textos relacionados.<\/p>\n<\/main>\n\t\t\n\t<\/a>\t<\/article>\n\t\t\n\t\t\t\n\t<article class=\"wpa9-card-m-panel wpa9-panel \">\n\t<a class=\"rounded\" href=\"\/es\/tecnologias\/traduccion-automatica-mt\/\" title=\"Traducci\u00f3n autom\u00e1tica (MT)\">\n\t\t\t\t<header class=\"d-block flex-wrap pb-4\">\n\t\t\t\t\t\t\t<span class=\"wpa9-card-icon icon d-none\" style=\"background-image: url('https:\/\/dev.skrivanek.com\/wp-content\/uploads\/2021\/03\/ico-mezinarodni-trh.svg')\"><\/span>\n\t\t\t\t<span class=\"wpa9-card-icon icon\" style=\"mask-image: url(https:\/\/dev.skrivanek.com\/wp-content\/uploads\/2021\/03\/ico-mezinarodni-trh.svg); -webkit-mask-image: url(https:\/\/dev.skrivanek.com\/wp-content\/uploads\/2021\/03\/ico-mezinarodni-trh.svg);\"><\/span>\n\t\t\t\n\t\t\t\t\t\t\t\t<h2 class=\"wpa9-card-title\">Traducci\u00f3n autom\u00e1tica (MT)<\/h2>\n\t\t\t\t<\/header>\n\n\t\t\t\t<main class=\"wpa9-card-content\"><p class=\"entry-subtitle border-top-c-blue\">Las soluciones de traducci\u00f3n autom\u00e1tica son ideales para algunos tipos de documentos. Sectores como el m\u00e9dico, legal y tecnol\u00f3gico son algunos ejemplos en donde se utilizan los servicios de traducci\u00f3n autom\u00e1tica (MT), ya que resultan muy \u00fatiles por su gran volumen de palabras, con frases y t\u00e9rminos repetidos. Al utilizar la MT para textos concretos, podemos mejorar la precisi\u00f3n, aumentar la rentabilidad y la velocidad de la traducci\u00f3n.<\/p>\n<\/main>\n\t\t\n\t<\/a>\t<\/article>\n\t\t\n\n\t\t\n\t\n<\/section>\n<\/div><\/div><\/div><\/div><div id=\"pg-7614-1\"  class=\"panel-grid panel-has-style\" ><div class=\"siteorigin-panels-stretch panel-row-style panel-row-style-for-7614-1\" data-stretch-type=\"full\" ><div id=\"pgc-7614-1-0\"  class=\"panel-grid-cell\" ><div id=\"panel-7614-1-0-0\" class=\"so-panel widget widget_wpa9-card-s panel-first-child panel-last-child\" data-index=\"1\" ><div class=\"mascot mascot-10 panel-widget-style panel-widget-style-for-7614-1-0-0\" ><div\n\t\t\t\n\t\t\tclass=\"so-widget-wpa9-card-s so-widget-wpa9-card-s-default-c93e1481a745-7614\"\n\t\t\t\n\t\t><div class=\"wpa9-card wpa9-card-s narrow positive\">\n\n\t<div class=\"wpa9-card-wrapper container\">\n\n\t\t<div class=\"wpa9-card-text\">\n\t\t\t<h2 class=\"wpa9-card-title\">Solicite un presupuesto<\/h2>\n\t\t\t<div class=\"wpa9-card-content\"><p style=\"text-align: center\">No importa el texto que tenga que traducir, p\u00f3ngase en contacto con nosotros y elaboraremos un presupuesto adaptados a sus necesidades.<\/p>\n<\/div>\t\t<\/div>\n\n\t\t\t\t<div class=\"meta meta-buttons d-flex flex-row justify-content-center\">\n\t\t\t\t\t<a class=\"btn btn-negative show-inquiry-form\" href=\"https:\/\/dev.skrivanek.com\/es\/consulta\/\" title=\"Enviar consulta\">Enviar consulta<\/a>\n\t\t\t\t\t\t<\/div>\n\t\t\n\t<\/div>\n\n<\/div>\n<\/div><\/div><\/div><\/div><\/div><\/div><\/div>","protected":false},"excerpt":{"rendered":"<p>Herramientas de traducci\u00f3n asistida (herramientas CAT) Las herramientas de traducci\u00f3n asistida (herramientas TAO) son esenciales para la traducci\u00f3n actual. Son capaces de almacenar segmentos traducidos, t\u00e9rminos espec\u00edficos del sector y palabras repetidas, aumentando la velocidad de la traducci\u00f3n y ofreciendo esos t\u00e9rminos ya traducidos al traductor mientras trabaja con el texto. La traducci\u00f3n no solo [&hellip;]<\/p>\n","protected":false},"author":10,"featured_media":0,"parent":0,"menu_order":0,"comment_status":"closed","ping_status":"open","template":"","meta":{"_acf_changed":false,"content-type":"","footnotes":""},"class_list":["post-7614","page","type-page","status-publish","hentry"],"acf":[],"aioseo_notices":[],"_links":{"self":[{"href":"https:\/\/dev.skrivanek.com\/es\/wp-json\/wp\/v2\/pages\/7614","targetHints":{"allow":["GET"]}}],"collection":[{"href":"https:\/\/dev.skrivanek.com\/es\/wp-json\/wp\/v2\/pages"}],"about":[{"href":"https:\/\/dev.skrivanek.com\/es\/wp-json\/wp\/v2\/types\/page"}],"author":[{"embeddable":true,"href":"https:\/\/dev.skrivanek.com\/es\/wp-json\/wp\/v2\/users\/10"}],"replies":[{"embeddable":true,"href":"https:\/\/dev.skrivanek.com\/es\/wp-json\/wp\/v2\/comments?post=7614"}],"version-history":[{"count":3,"href":"https:\/\/dev.skrivanek.com\/es\/wp-json\/wp\/v2\/pages\/7614\/revisions"}],"predecessor-version":[{"id":78626,"href":"https:\/\/dev.skrivanek.com\/es\/wp-json\/wp\/v2\/pages\/7614\/revisions\/78626"}],"wp:attachment":[{"href":"https:\/\/dev.skrivanek.com\/es\/wp-json\/wp\/v2\/media?parent=7614"}],"curies":[{"name":"wp","href":"https:\/\/api.w.org\/{rel}","templated":true}]}}