{"id":7616,"date":"2021-07-28T13:23:43","date_gmt":"2021-07-28T11:23:43","guid":{"rendered":"https:\/\/skrivanek.com\/traduccion-general\/"},"modified":"2022-02-01T15:39:40","modified_gmt":"2022-02-01T14:39:40","slug":"traduccion-general","status":"publish","type":"page","link":"https:\/\/dev.skrivanek.com\/es\/traducciones\/traduccion-general\/","title":{"rendered":"Traducci\u00f3n general"},"content":{"rendered":"<div id=\"pl-7616\"  class=\"panel-layout\" ><div id=\"pg-7616-0\"  class=\"panel-grid panel-has-style\" ><div class=\"siteorigin-panels-stretch panel-row-style panel-row-style-for-7616-0\" data-stretch-type=\"full\" ><div id=\"pgc-7616-0-0\"  class=\"panel-grid-cell\" ><div id=\"panel-7616-0-0-0\" class=\"so-panel widget widget_wpa9-card-l panel-first-child panel-last-child\" data-index=\"0\" ><div\n\t\t\t\n\t\t\tclass=\"so-widget-wpa9-card-l so-widget-wpa9-card-l-default-c93e1481a745-7616\"\n\t\t\t\n\t\t>\n\n<div class=\"wpa9-card wpa9-card-l-container d-flex flex-wrap wpa9-columns-2\">\n\n\t\n\t\t\n\t<div class=\"wpa9-card-l-panel wpa9-panel shadow rounded d-flex flex-column justify-content-between\">\n\n\t\t<div>\n\t\t\t\t\t\t\t<span class=\"wpa9-panel-icon icon\" style=\"display: none; background-image: url('https:\/\/dev.skrivanek.com\/wp-content\/uploads\/2021\/03\/ico-tlumoceni-online.svg')\"><\/span>\n\t\t\t<span class=\"wpa9-panel-icon icon\" style=\"mask-image: url(https:\/\/dev.skrivanek.com\/wp-content\/uploads\/2021\/03\/ico-tlumoceni-online.svg); -webkit-mask-image: url(https:\/\/dev.skrivanek.com\/wp-content\/uploads\/2021\/03\/ico-tlumoceni-online.svg);\"><\/span>\n\t\t\n\t\t\t\t\t\t\t\t<h2 class=\"wpa9-panel-title\">Traducci\u00f3n general<\/h2>\n\t\t\n\t\t\t\t\t\t\t<div class=\"wpa9-panel-content\"><p>Traducimos cualquier documento personal o interno, materiales impresos o gr\u00e1ficos de car\u00e1cter general. Para este tipo de textos, cobramos un precio por palabra. Puede calcular r\u00e1pidamente cu\u00e1nto le costar\u00e1 la traducci\u00f3n. Otras ventajas de la facturaci\u00f3n por palabras:<\/p>\n<ul>\n<li>C\u00e1lculo r\u00e1pido y sencillo del \u00e1mbito de cada tarea, sin necesidad de utilizar f\u00f3rmulas complejas.<\/li>\n<li>Transparencia en el precio para que sea posible comparar. (Para p\u00e1ginas est\u00e1ndar no existe una definici\u00f3n com\u00fan, por lo que esta situaci\u00f3n puede distorsionar significativamente los precios por p\u00e1gina est\u00e1ndar).<\/li>\n<li>Para formatos editables, se garantiza un precio al 100\u00a0% antes de realizar el encargo.<\/li>\n<li>Precisi\u00f3n al 100\u00a0% del \u00e1mbito de la traducci\u00f3n: durante el c\u00e1lculo, no es necesario el redondeo, el cliente no tendr\u00e1 que pagar ninguna palabra adicional.<\/li>\n<\/ul>\n<\/div>\n\t\t\t\t<\/div>\n\n\t\t\t\t<div class=\"meta meta-buttons d-flex flex-column flex-sm-row justify-content-center\">\n\t\t\t\t\t<a class=\"btn btn-negative show-inquiry-form\" href=\"https:\/\/dev.skrivanek.com\/es\/consulta\/\" title=\"Enviar consulta\">Enviar consulta<\/a>\n\t\t\t\t\t\t<\/div>\n\t\t\n\t<\/div>\n\n\t\t\n\t<div class=\"wpa9-card-l-panel wpa9-panel shadow rounded d-flex flex-column justify-content-between\">\n\n\t\t<div>\n\t\t\t\t\t\t\t<span class=\"wpa9-panel-icon icon\" style=\"display: none; background-image: url('https:\/\/dev.skrivanek.com\/wp-content\/uploads\/2021\/01\/ico-obecnypreklad.svg')\"><\/span>\n\t\t\t<span class=\"wpa9-panel-icon icon\" style=\"mask-image: url(https:\/\/dev.skrivanek.com\/wp-content\/uploads\/2021\/01\/ico-obecnypreklad.svg); -webkit-mask-image: url(https:\/\/dev.skrivanek.com\/wp-content\/uploads\/2021\/01\/ico-obecnypreklad.svg);\"><\/span>\n\t\t\n\t\t\t\t\t\t\t\t<h2 class=\"wpa9-panel-title\">Plazos de finalizaci\u00f3n de la traducci\u00f3n<\/h2>\n\t\t\n\t\t\t\t\t\t\t<div class=\"wpa9-panel-content\"><div class=\"boards-section\">\n<div class=\"section-wrapper\">\n<div class=\"boards-section__box-wrapper\">\n<div class=\"boards-section__box\">\n<div class=\"box-content\">\n<p>Tenemos capacidad de realizar<strong>\u00a0traducciones expr\u00e9s\u00a0<\/strong>en unas pocas horas o d\u00edas gracias a nuestra s\u00f3lida experiencia y nuestra base de datos de proveedores a nivel nacional.<\/p>\n<\/div>\n<div class=\"box-proscons\"><\/div>\n<\/div>\n<\/div>\n<\/div>\n<\/div>\n<\/div>\n\t\t\t\t<\/div>\n\n\t\t\t\t<div class=\"meta meta-buttons d-flex flex-column flex-sm-row justify-content-center\">\n\t\t\t\t\t<a class=\"btn btn-negative \" href=\"\/es\/contacto\/\" title=\"Contacto\">Contacto<\/a>\n\t\t\t\t\t\t<\/div>\n\t\t\n\t<\/div>\n\n\t\t\n\t\n<\/div>\n<\/div><\/div><\/div><\/div><\/div><div id=\"pg-7616-1\"  class=\"panel-grid panel-has-style\" ><div class=\"siteorigin-panels-stretch panel-row-style panel-row-style-for-7616-1\" data-stretch-type=\"full-stretched-padded\" ><div id=\"pgc-7616-1-0\"  class=\"panel-grid-cell\" ><div id=\"panel-7616-1-0-0\" class=\"so-panel widget widget_skrv-testimonials panel-first-child panel-last-child\" data-index=\"1\" ><div\n\t\t\t\n\t\t\tclass=\"so-widget-skrv-testimonials so-widget-skrv-testimonials-default-c93e1481a745-7616\"\n\t\t\t\n\t\t>\n\n<div class=\"skrv-testimonials\">\n\n    \n  <h3 class=\"widget-title\"><span class=\"title-wrapper\"><span class=\"title_bg_character\" style=\"color:#f7f7f7\">\u201d<\/span><span class=\"title\">Testimonios<\/span><\/span><\/h3>\n  <div id=\"skrv-testimonial\" class=\"carousel slide\" data-bs-interval=\"4000\" data-bs-ride=\"carousel\" data-bs-touch=\"true\">\n    <div class=\"carousel-inner\">\n                <div class=\"skrv-testimonial-item carousel-item active\">\n        <div class=\"d-block\">\n                    <blockquote class=\"skrv-testimonial-text\">\u00abHemos colaborado con Skrivanek desde el a\u00f1o 2007, principalmente para traducciones del sector econ\u00f3mico, financiero y de marketing. En 2015, esta agencia de traducci\u00f3n realiz\u00f3 traducciones profesionales del prestigioso anuario econ\u00f3mico \"Svet 2015\". Estamos muy satisfechos con los servicios proporcionados y agradecemos sobre todo que hayan sido de calidad y puntuales\u00bb.<\/blockquote>\n          <h6 class=\"skrv-testimonial-client\">Economia, a.s.<\/h6>\n        <\/div>\n      <\/div>\n                <div class=\"skrv-testimonial-item carousel-item\">\n        <div class=\"d-block\">\n                    <blockquote class=\"skrv-testimonial-text\">\u00abHemos colaborado con Skrivanek durante los \u00faltimos 5 a\u00f1os y estamos realmente satisfechos con los resultados de su trabajo. Nuestra colaboraci\u00f3n normalmente suele ser de textos exigentes, pero tanto el estilo como la terminolog\u00eda de la traducci\u00f3n est\u00e1 al m\u00e1s alto nivel\u00bb.<\/blockquote>\n          <h6 class=\"skrv-testimonial-client\">Fu\u010d\u00edk &amp; partne\u0159i, s. r. o. <\/h6>\n        <\/div>\n      <\/div>\n                <div class=\"skrv-testimonial-item carousel-item\">\n        <div class=\"d-block\">\n                    <blockquote class=\"skrv-testimonial-text\">\u00abSkrivanek s.r.o. se ha convertido en nuestro socio permanente y exclusivo para los servicios de traducci\u00f3n. Hemos colaborado con esta agencia desde 2012\u00bb.<\/blockquote>\n          <h6 class=\"skrv-testimonial-client\">AXIS communications <\/h6>\n        <\/div>\n      <\/div>\n                <div class=\"skrv-testimonial-item carousel-item\">\n        <div class=\"d-block\">\n                    <blockquote class=\"skrv-testimonial-text\">\u00abHemos colaborado con Skrivanek s.r.o. desde 2011. Valoramos sobre todo la perfecta finalizaci\u00f3n de los encargos y la gran calidad de sus textos en el idioma de destino\u00bb.<\/blockquote>\n          <h6 class=\"skrv-testimonial-client\">KOMA MODULAR s. r. o. <\/h6>\n        <\/div>\n      <\/div>\n        <\/div>\n\n    <a class=\"carousel-control-prev\" href=\"#0\" data-bs-target=\"#skrv-testimonial\" role=\"button\" data-bs-slide=\"prev\">\n      <span class=\"carousel-control-prev-icon\" aria-hidden=\"true\"><\/span>\n      <span class=\"sr-only\">Previous<\/span>\n    <\/a>\n    <a class=\"carousel-control-next\" href=\"#0\" data-bs-target=\"#skrv-testimonial\" role=\"button\" data-bs-slide=\"next\">\n      <span class=\"carousel-control-next-icon\" aria-hidden=\"true\"><\/span>\n      <span class=\"sr-only\">Next<\/span>\n    <\/a>\n\n    <ol class=\"carousel-indicators hidden\">\n                <li data-bs-target=\"#skrv-testimonial\" data-bs-slide-to=\"0\" class=\"active\"><\/li>\n                <li data-bs-target=\"#skrv-testimonial\" data-bs-slide-to=\"1\" class=\"\"><\/li>\n                <li data-bs-target=\"#skrv-testimonial\" data-bs-slide-to=\"2\" class=\"\"><\/li>\n                <li data-bs-target=\"#skrv-testimonial\" data-bs-slide-to=\"3\" class=\"\"><\/li>\n        <\/ol>\n  <\/div>\n\n<\/div>\n\n<\/div><\/div><\/div><\/div><\/div><div id=\"pg-7616-2\"  class=\"panel-grid panel-has-style\" ><div class=\"siteorigin-panels-stretch panel-row-style panel-row-style-for-7616-2\" data-stretch-type=\"full\" ><div id=\"pgc-7616-2-0\"  class=\"panel-grid-cell\" ><div id=\"panel-7616-2-0-0\" class=\"so-panel widget widget_wpa9-card-s panel-first-child panel-last-child\" data-index=\"2\" ><div\n\t\t\t\n\t\t\tclass=\"so-widget-wpa9-card-s so-widget-wpa9-card-s-default-c93e1481a745-7616\"\n\t\t\t\n\t\t><div class=\"wpa9-card wpa9-card-s narrow positive\">\n\n\t<div class=\"wpa9-card-wrapper container\">\n\n\t\t<div class=\"wpa9-card-text\">\n\t\t\t<h2 class=\"wpa9-card-title\">\u00bfNecesita una traducci\u00f3n especializada? <\/h2>\n\t\t\t<div class=\"wpa9-card-content\"><p style=\"text-align: center\">No importa el texto que tenga que traducir, p\u00f3ngase en contacto con nosotros y elaboraremos un presupuesto.<\/p>\n<\/div>\t\t<\/div>\n\n\t\t\t\t<div class=\"meta meta-buttons d-flex flex-row justify-content-center\">\n\t\t\t\t\t\t\t<a class=\"btn btn-negative show-inquiry-form\" href=\"https:\/\/dev.skrivanek.com\/es\/consulta\/\" title=\"Enviar consulta\">Enviar consulta<\/a>\n\t\t\t\t<\/div>\n\t\t\n\t<\/div>\n\n<\/div>\n<\/div><\/div><\/div><\/div><\/div><\/div>","protected":false},"excerpt":{"rendered":"<p>Traducci\u00f3n general Traducimos cualquier documento personal o interno, materiales impresos o gr\u00e1ficos de car\u00e1cter general. Para este tipo de textos, cobramos un precio por palabra. Puede calcular r\u00e1pidamente cu\u00e1nto le costar\u00e1 la traducci\u00f3n. Otras ventajas de la facturaci\u00f3n por palabras: C\u00e1lculo r\u00e1pido y sencillo del \u00e1mbito de cada tarea, sin necesidad de utilizar f\u00f3rmulas complejas. [&hellip;]<\/p>\n","protected":false},"author":10,"featured_media":0,"parent":7646,"menu_order":0,"comment_status":"closed","ping_status":"open","template":"","meta":{"_acf_changed":false,"content-type":"","footnotes":""},"class_list":["post-7616","page","type-page","status-publish","hentry"],"acf":[],"aioseo_notices":[],"_links":{"self":[{"href":"https:\/\/dev.skrivanek.com\/es\/wp-json\/wp\/v2\/pages\/7616","targetHints":{"allow":["GET"]}}],"collection":[{"href":"https:\/\/dev.skrivanek.com\/es\/wp-json\/wp\/v2\/pages"}],"about":[{"href":"https:\/\/dev.skrivanek.com\/es\/wp-json\/wp\/v2\/types\/page"}],"author":[{"embeddable":true,"href":"https:\/\/dev.skrivanek.com\/es\/wp-json\/wp\/v2\/users\/10"}],"replies":[{"embeddable":true,"href":"https:\/\/dev.skrivanek.com\/es\/wp-json\/wp\/v2\/comments?post=7616"}],"version-history":[{"count":0,"href":"https:\/\/dev.skrivanek.com\/es\/wp-json\/wp\/v2\/pages\/7616\/revisions"}],"up":[{"embeddable":true,"href":"https:\/\/dev.skrivanek.com\/es\/wp-json\/wp\/v2\/pages\/7646"}],"wp:attachment":[{"href":"https:\/\/dev.skrivanek.com\/es\/wp-json\/wp\/v2\/media?parent=7616"}],"curies":[{"name":"wp","href":"https:\/\/api.w.org\/{rel}","templated":true}]}}