{"id":7618,"date":"2021-07-28T13:23:43","date_gmt":"2021-07-28T11:23:43","guid":{"rendered":"https:\/\/skrivanek.com\/traducciones-seo\/"},"modified":"2023-10-19T11:24:07","modified_gmt":"2023-10-19T09:24:07","slug":"traducciones-seo","status":"publish","type":"page","link":"https:\/\/dev.skrivanek.com\/es\/traducciones\/traducciones-seo\/","title":{"rendered":"Traducciones SEO"},"content":{"rendered":"<div id=\"pl-7618\"  class=\"panel-layout\" ><div id=\"pg-7618-0\"  class=\"panel-grid panel-no-style\" ><div id=\"pgc-7618-0-0\"  class=\"panel-grid-cell\" ><div id=\"panel-7618-0-0-0\" class=\"so-panel widget widget_wpa9-editor-ext panel-first-child panel-last-child\" data-index=\"0\" ><div\n\t\t\t\n\t\t\tclass=\"so-widget-wpa9-editor-ext so-widget-wpa9-editor-ext-default-c93e1481a745-7618\"\n\t\t\t\n\t\t>\n<div class=\"siteorigin-widget-tinymce textwidget\">\n\t<p>La Optimizaci\u00f3n de motores de b\u00fasqueda (SEO Search Engine Optimization) es un m\u00e9todo de comercializaci\u00f3n que se utiliza para modificar el formato y contenido de sitios web para mejorar la conexi\u00f3n con los motores de b\u00fasqueda (p. ej., Google, Yahoo, Bing). El objetivo de SEO es que un sitio web consiga la mejor posici\u00f3n posible en los resultados de las b\u00fasquedas org\u00e1nicas realizadas por los motores de b\u00fasqueda de Internet, con ratios de clics m\u00e1s altos y, en general, con mayor tr\u00e1fico.<\/p>\n<p><strong>\u00bfC\u00f3mo funciona el proceso de traducci\u00f3n de SEO?<\/strong><\/p>\n<p>\u00a0<\/p>\n<ol>\n<li>Se da formato, analizan y codifican las p\u00e1ginas de origen que se pretenden localizar a otro idioma.<\/li>\n<li>Se analizan las palabras clave del campo espec\u00edfico seg\u00fan la clasificaci\u00f3n proporcionada por varios motores de b\u00fasqueda importantes.<\/li>\n<li>Se recomienda acordar con el cliente las palabras clave.<\/li>\n<li>Las palabras clave seleccionadas se traducen al idioma de destino.<\/li>\n<li>Se traducen los textos origen y se implementan las palabras clave seg\u00fan los requisitos SEO.<\/li>\n<li>Un hablante nativo del idioma de destino revisa el tono y precisi\u00f3n de la traducci\u00f3n teniendo en cuenta los requisitos SEO.<\/li>\n<\/ol>\n<\/div>\n<\/div><\/div><\/div><\/div><div id=\"pg-7618-1\"  class=\"panel-grid panel-has-style\" ><div class=\"siteorigin-panels-stretch panel-row-style panel-row-style-for-7618-1\" data-stretch-type=\"full\" ><div id=\"pgc-7618-1-0\"  class=\"panel-grid-cell\" ><div id=\"panel-7618-1-0-0\" class=\"so-panel widget widget_wpa9-card-l panel-first-child panel-last-child\" data-index=\"1\" ><div\n\t\t\t\n\t\t\tclass=\"so-widget-wpa9-card-l so-widget-wpa9-card-l-default-c93e1481a745-7618\"\n\t\t\t\n\t\t>\n\n<div class=\"wpa9-card wpa9-card-l-container d-flex flex-wrap wpa9-columns-2\">\n\n\t\n\t\t\n\t<div class=\"wpa9-card-l-panel wpa9-panel shadow rounded d-flex flex-column justify-content-between\">\n\n\t\t<div>\n\t\t\t\t\t\t\t<span class=\"wpa9-panel-icon icon\" style=\"display: none; background-image: url('https:\/\/dev.skrivanek.com\/wp-content\/uploads\/2021\/03\/ico-tlumoceni-online.svg')\"><\/span>\n\t\t\t<span class=\"wpa9-panel-icon icon\" style=\"mask-image: url(https:\/\/dev.skrivanek.com\/wp-content\/uploads\/2021\/03\/ico-tlumoceni-online.svg); -webkit-mask-image: url(https:\/\/dev.skrivanek.com\/wp-content\/uploads\/2021\/03\/ico-tlumoceni-online.svg);\"><\/span>\n\t\t\n\t\t\t\t\t\t\t\t<h2 class=\"wpa9-panel-title\">Localizaci\u00f3n y traducciones SEO<\/h2>\n\t\t\n\t\t\t\t\t\t\t<div class=\"wpa9-panel-content\"><p>Para que su sitio web sea un \u00e9xito en cualquier lugar del mundo, se debe optimizar para los motores de b\u00fasqueda de Internet.<\/p>\n<p>\u00bfQu\u00e9 significa esto? Sus textos deben contener palabras y frases que se utilicen en b\u00fasquedas populares de sus productos. SEO tambi\u00e9n es esencial para la traducci\u00f3n de su sitio web a otros idiomas y Skrivanek cuenta con traductores con experiencia en este campo.<\/p>\n<p><strong>Nuestros servicios incluyen:<\/strong><\/p>\n<ul>\n<li>Traducciones SEO<\/li>\n<li>Traducciones de sitios web<\/li>\n<li>Servicios de maquetaci\u00f3n (DTP)<\/li>\n<\/ul>\n<\/div>\n\t\t\t\t<\/div>\n\n\t\t\t\t<div class=\"meta meta-buttons d-flex flex-column flex-sm-row justify-content-center\">\n\t\t\t\t\t<a class=\"btn btn-negative show-inquiry-form\" href=\"https:\/\/dev.skrivanek.com\/es\/consulta\/\" title=\"Enviar consulta\">Enviar consulta<\/a>\n\t\t\t\t\t\t<\/div>\n\t\t\n\t<\/div>\n\n\t\t\n\t<div class=\"wpa9-card-l-panel wpa9-panel shadow rounded d-flex flex-column justify-content-between\">\n\n\t\t<div>\n\t\t\t\t\t\t\t<span class=\"wpa9-panel-icon icon\" style=\"display: none; background-image: url('https:\/\/dev.skrivanek.com\/wp-content\/uploads\/2021\/03\/ico-online-vyuka.svg')\"><\/span>\n\t\t\t<span class=\"wpa9-panel-icon icon\" style=\"mask-image: url(https:\/\/dev.skrivanek.com\/wp-content\/uploads\/2021\/03\/ico-online-vyuka.svg); -webkit-mask-image: url(https:\/\/dev.skrivanek.com\/wp-content\/uploads\/2021\/03\/ico-online-vyuka.svg);\"><\/span>\n\t\t\n\t\t\t\t\t\t\t\t<h2 class=\"wpa9-panel-title\">Traducciones optimizadas para los motores de b\u00fasqueda de Internet<\/h2>\n\t\t\n\t\t\t\t\t\t\t<div class=\"wpa9-panel-content\"><p>Una traducci\u00f3n y localizaci\u00f3n de alta calidad dirigidas a las principales culturas puede no ser suficiente para cubrir sus necesidades en sitios web y tiendas virtuales en las que b\u00e1sicamente est\u00e1 compitiendo con todos los textos que est\u00e9n relacionados y en l\u00ednea.<\/p>\n<p>El uso de las palabras clave y las frases con palabras clave que son espec\u00edficas del mercado de destino que est\u00e9 intentando conquistar le garantizar\u00e1n una mejor clasificaci\u00f3n en los resultados de las b\u00fasquedas en Internet.<\/p>\n<p>Nuestros traductores, revisores, editores y especialistas en SEO tienen experiencia en el uso m\u00e1s adecuado de palabras clave y est\u00e1n acostumbrados a crear textos excelentes que integren frases SEO.<\/p>\n<p>\u00a0<\/p>\n<\/div>\n\t\t\t\t<\/div>\n\n\t\t\t\t<div class=\"meta meta-buttons d-flex flex-column flex-sm-row justify-content-center\">\n\t\t\t\t\t<a class=\"btn btn-negative \" href=\"\/es\/contacto\/\" title=\"Contacto\">Contacto<\/a>\n\t\t\t\t\t\t<\/div>\n\t\t\n\t<\/div>\n\n\t\t\n\t\n<\/div>\n<\/div><\/div><\/div><\/div><\/div><div id=\"pg-7618-2\"  class=\"panel-grid panel-no-style\" ><div id=\"pgc-7618-2-0\"  class=\"panel-grid-cell\" ><div id=\"panel-7618-2-0-0\" class=\"so-panel widget widget_wpa9-card-s panel-first-child panel-last-child\" data-index=\"2\" ><div\n\t\t\t\n\t\t\tclass=\"so-widget-wpa9-card-s so-widget-wpa9-card-s-default-c93e1481a745-7618\"\n\t\t\t\n\t\t><div class=\"wpa9-card wpa9-card-s narrow positive\">\n\n\t<div class=\"wpa9-card-wrapper container\">\n\n\t\t<div class=\"wpa9-card-text\">\n\t\t\t<h2 class=\"wpa9-card-title\">\u00bfNecesita una traducci\u00f3n especializada? <\/h2>\n\t\t\t<div class=\"wpa9-card-content\"><p style=\"text-align: center\"> Cualesquiera que sean sus necesidade de traducci\u00f3n p\u00f3ngase en contacto con nosotros y elaboraremos un presupuesto.<\/p>\n<\/div>\t\t<\/div>\n\n\t\t\t\t<div class=\"meta meta-buttons d-flex flex-row justify-content-center\">\n\t\t\t\t\t\t\t<a class=\"btn btn-negative show-inquiry-form\" href=\"https:\/\/dev.skrivanek.com\/es\/consulta\/\" title=\"Enviar consulta\">Enviar consulta<\/a>\n\t\t\t\t<\/div>\n\t\t\n\t<\/div>\n\n<\/div>\n<\/div><\/div><\/div><\/div><\/div>","protected":false},"excerpt":{"rendered":"<p>La Optimizaci\u00f3n de motores de b\u00fasqueda (SEO Search Engine Optimization) es un m\u00e9todo de comercializaci\u00f3n que se utiliza para modificar el formato y contenido de sitios web para mejorar la conexi\u00f3n con los motores de b\u00fasqueda (p. ej., Google, Yahoo, Bing). El objetivo de SEO es que un sitio web consiga la mejor posici\u00f3n posible [&hellip;]<\/p>\n","protected":false},"author":10,"featured_media":0,"parent":7646,"menu_order":0,"comment_status":"closed","ping_status":"open","template":"","meta":{"_acf_changed":false,"content-type":"","footnotes":""},"class_list":["post-7618","page","type-page","status-publish","hentry"],"acf":[],"aioseo_notices":[],"_links":{"self":[{"href":"https:\/\/dev.skrivanek.com\/es\/wp-json\/wp\/v2\/pages\/7618","targetHints":{"allow":["GET"]}}],"collection":[{"href":"https:\/\/dev.skrivanek.com\/es\/wp-json\/wp\/v2\/pages"}],"about":[{"href":"https:\/\/dev.skrivanek.com\/es\/wp-json\/wp\/v2\/types\/page"}],"author":[{"embeddable":true,"href":"https:\/\/dev.skrivanek.com\/es\/wp-json\/wp\/v2\/users\/10"}],"replies":[{"embeddable":true,"href":"https:\/\/dev.skrivanek.com\/es\/wp-json\/wp\/v2\/comments?post=7618"}],"version-history":[{"count":4,"href":"https:\/\/dev.skrivanek.com\/es\/wp-json\/wp\/v2\/pages\/7618\/revisions"}],"predecessor-version":[{"id":83292,"href":"https:\/\/dev.skrivanek.com\/es\/wp-json\/wp\/v2\/pages\/7618\/revisions\/83292"}],"up":[{"embeddable":true,"href":"https:\/\/dev.skrivanek.com\/es\/wp-json\/wp\/v2\/pages\/7646"}],"wp:attachment":[{"href":"https:\/\/dev.skrivanek.com\/es\/wp-json\/wp\/v2\/media?parent=7618"}],"curies":[{"name":"wp","href":"https:\/\/api.w.org\/{rel}","templated":true}]}}