{"id":7622,"date":"2021-07-28T13:23:44","date_gmt":"2021-07-28T11:23:44","guid":{"rendered":"https:\/\/skrivanek.com\/objetivos-y-principios-de-la-empresa\/"},"modified":"2021-08-03T08:44:20","modified_gmt":"2021-08-03T06:44:20","slug":"objetivos-y-principios-de-la-empresa","status":"publish","type":"page","link":"https:\/\/dev.skrivanek.com\/es\/sobre-nosotros\/objetivos-y-principios-de-la-empresa\/","title":{"rendered":"Objetivos y principios de la empresa"},"content":{"rendered":"<div id=\"pl-7622\"  class=\"panel-layout\" ><div id=\"pg-7622-0\"  class=\"panel-grid panel-no-style\" ><div id=\"pgc-7622-0-0\"  class=\"panel-grid-cell\" ><div id=\"panel-7622-0-0-0\" class=\"so-panel widget widget_wpa9-card-l panel-first-child panel-last-child\" data-index=\"0\" ><div\n\t\t\t\n\t\t\tclass=\"so-widget-wpa9-card-l so-widget-wpa9-card-l-default-c93e1481a745-7622\"\n\t\t\t\n\t\t>\n\n<div class=\"wpa9-card wpa9-card-l-container d-flex flex-wrap wpa9-columns-3\">\n\n\t\n\t\t\n\t<div class=\"wpa9-card-l-panel wpa9-panel shadow rounded d-flex flex-column justify-content-between\">\n\n\t\t<div>\n\t\t\t\t\n\t\t\t\t\t\t\t\t<h2 class=\"wpa9-panel-title\">Pol\u00edtica de seguridad de la informaci\u00f3n<\/h2>\n\t\t\n\t\t\t\t\t\t\t\t<figure>\n\t\t\t\t<img decoding=\"async\" src=\"https:\/\/dev.skrivanek.com\/wp-content\/uploads\/2021\/03\/information-security-policy.png\" alt=\"Pol\u00edtica de seguridad de la informaci\u00f3n\" class=\"img-responsive\" style=\"width:100%\"\/>\n\t\t\t<\/figure>\n\t\t\t\t\t\t<\/div>\n\n\t\t\t\t<div class=\"meta meta-buttons d-flex flex-column flex-sm-row justify-content-center\">\n\t\t\t\t\t<a class=\"btn btn-negative \" href=\"\/wp-content\/uploads\/2021\/03\/information-security-policy.pdf\" title=\"Descargar\">Descargar<\/a>\n\t\t\t\t\t\t<\/div>\n\t\t\n\t<\/div>\n\n\t\t\n\t<div class=\"wpa9-card-l-panel wpa9-panel shadow rounded d-flex flex-column justify-content-between\">\n\n\t\t<div>\n\t\t\t\t\n\t\t\t\t\t\t\t\t<h2 class=\"wpa9-panel-title\">Pol\u00edtica de gesti\u00f3n medioambiental y calidad<\/h2>\n\t\t\n\t\t\t\t\t\t\t\t<figure>\n\t\t\t\t<img decoding=\"async\" src=\"https:\/\/dev.skrivanek.com\/wp-content\/uploads\/2021\/03\/quality-and-environmental-management-policy.png\" alt=\"Pol\u00edtica de gesti\u00f3n medioambiental y calidad\" class=\"img-responsive\" style=\"width:100%\"\/>\n\t\t\t<\/figure>\n\t\t\t\t\t\t<\/div>\n\n\t\t\t\t<div class=\"meta meta-buttons d-flex flex-column flex-sm-row justify-content-center\">\n\t\t\t\t\t<a class=\"btn btn-negative \" href=\"\/wp-content\/uploads\/2021\/03\/quality-environmental-management-policy.pdf\" title=\"Descargar\">Descargar<\/a>\n\t\t\t\t\t\t<\/div>\n\t\t\n\t<\/div>\n\n\t\t\n\t<div class=\"wpa9-card-l-panel wpa9-panel shadow rounded d-flex flex-column justify-content-between\">\n\n\t\t<div>\n\t\t\t\t\n\t\t\t\t\t\t\t\t<h2 class=\"wpa9-panel-title\">Pol\u00edtica para empleados, proveedores y socios: ACTUAMOS CON EL MEDIO AMBIENTE<\/h2>\n\t\t\n\t\t\t\t\t\t\t\t<figure>\n\t\t\t\t<img decoding=\"async\" src=\"https:\/\/dev.skrivanek.com\/wp-content\/uploads\/2021\/04\/policy-for-employees-suppliers-partners-we-act-eco9e4f.png\" alt=\"Pol\u00edtica para empleados, proveedores y socios: ACTUAMOS CON EL MEDIO AMBIENTE\" class=\"img-responsive\" style=\"width:100%\"\/>\n\t\t\t<\/figure>\n\t\t\t\t\t\t<\/div>\n\n\t\t\t\t<div class=\"meta meta-buttons d-flex flex-column flex-sm-row justify-content-center\">\n\t\t\t\t\t<a class=\"btn btn-negative \" href=\"\/wp-content\/uploads\/2021\/03\/policy-for-employees-suppliers-partners.pdf\" title=\"Descargar\">Descargar<\/a>\n\t\t\t\t\t\t<\/div>\n\t\t\n\t<\/div>\n\n\t\t\n\t\n<\/div>\n<\/div><\/div><\/div><\/div><\/div>","protected":false},"excerpt":{"rendered":"<p>Pol\u00edtica de seguridad de la informaci\u00f3n Descargar Pol\u00edtica de gesti\u00f3n medioambiental y calidad Descargar Pol\u00edtica para empleados, proveedores y socios: ACTUAMOS CON EL MEDIO AMBIENTE Descargar<\/p>\n","protected":false},"author":10,"featured_media":0,"parent":7626,"menu_order":0,"comment_status":"closed","ping_status":"open","template":"","meta":{"_acf_changed":false,"content-type":"","footnotes":""},"class_list":["post-7622","page","type-page","status-publish","hentry"],"acf":[],"aioseo_notices":[],"_links":{"self":[{"href":"https:\/\/dev.skrivanek.com\/es\/wp-json\/wp\/v2\/pages\/7622","targetHints":{"allow":["GET"]}}],"collection":[{"href":"https:\/\/dev.skrivanek.com\/es\/wp-json\/wp\/v2\/pages"}],"about":[{"href":"https:\/\/dev.skrivanek.com\/es\/wp-json\/wp\/v2\/types\/page"}],"author":[{"embeddable":true,"href":"https:\/\/dev.skrivanek.com\/es\/wp-json\/wp\/v2\/users\/10"}],"replies":[{"embeddable":true,"href":"https:\/\/dev.skrivanek.com\/es\/wp-json\/wp\/v2\/comments?post=7622"}],"version-history":[{"count":0,"href":"https:\/\/dev.skrivanek.com\/es\/wp-json\/wp\/v2\/pages\/7622\/revisions"}],"up":[{"embeddable":true,"href":"https:\/\/dev.skrivanek.com\/es\/wp-json\/wp\/v2\/pages\/7626"}],"wp:attachment":[{"href":"https:\/\/dev.skrivanek.com\/es\/wp-json\/wp\/v2\/media?parent=7622"}],"curies":[{"name":"wp","href":"https:\/\/api.w.org\/{rel}","templated":true}]}}