{"id":7624,"date":"2021-07-28T13:23:44","date_gmt":"2021-07-28T11:23:44","guid":{"rendered":"https:\/\/skrivanek.com\/certificaciones-iso\/"},"modified":"2024-02-19T12:11:34","modified_gmt":"2024-02-19T11:11:34","slug":"certificaciones-iso","status":"publish","type":"page","link":"https:\/\/dev.skrivanek.com\/es\/sobre-nosotros\/certificaciones-iso\/","title":{"rendered":"Certificaciones ISO"},"content":{"rendered":"<div id=\"pl-7624\"  class=\"panel-layout\" ><div id=\"pg-7624-0\"  class=\"panel-grid panel-no-style\" ><div id=\"pgc-7624-0-0\"  class=\"panel-grid-cell\" ><div id=\"panel-7624-0-0-0\" class=\"so-panel widget widget_wpa9-card-l panel-first-child panel-last-child\" data-index=\"0\" ><div\n\t\t\t\n\t\t\tclass=\"so-widget-wpa9-card-l so-widget-wpa9-card-l-default-c93e1481a745-7624\"\n\t\t\t\n\t\t>\n\n<div class=\"wpa9-card wpa9-card-l-container d-flex flex-wrap wpa9-columns-2\">\n\n\t\n\t\t\n\t<div class=\"wpa9-card-l-panel wpa9-panel shadow rounded d-flex flex-column justify-content-between\">\n\n\t\t<div>\n\t\t\t\t\n\t\t\t\t\t\t\t\t<h2 class=\"wpa9-panel-title\"> Certificaci\u00f3n EN ISO 9001 Quality Management System<\/h2>\n\t\t\n\t\t\t\t\t\t\t\t<figure>\n\t\t\t\t<img decoding=\"async\" src=\"https:\/\/dev.skrivanek.com\/wp-content\/uploads\/2023\/10\/certificate-en-iso-9001.png\" alt=\" Certificaci\u00f3n EN ISO 9001 Quality Management System\" class=\"img-responsive\" style=\"width:100%\"\/>\n\t\t\t<\/figure>\n\t\t\t\t\t\t<\/div>\n\n\t\t\t\t<div class=\"meta meta-buttons d-flex flex-column flex-sm-row justify-content-center\">\n\t\t\t\t\t<a class=\"btn btn-negative \" href=\"\/wp-content\/uploads\/2023\/10\/919-001-skrivanek-qms-cz-de-en.pdf\" title=\"Descargar\">Descargar<\/a>\n\t\t\t\t\t\t<\/div>\n\t\t\n\t<\/div>\n\n\t\t\n\t<div class=\"wpa9-card-l-panel wpa9-panel shadow rounded d-flex flex-column justify-content-between\">\n\n\t\t<div>\n\t\t\t\t\n\t\t\t\t\t\t\t\t<h2 class=\"wpa9-panel-title\">Certificaci\u00f3n EN ISO 14001 Environmental Management System<\/h2>\n\t\t\n\t\t\t\t\t\t\t\t<figure>\n\t\t\t\t<img decoding=\"async\" src=\"https:\/\/dev.skrivanek.com\/wp-content\/uploads\/2023\/10\/certificate-en-iso-14001.png\" alt=\"Certificaci\u00f3n EN ISO 14001 Environmental Management System\" class=\"img-responsive\" style=\"width:100%\"\/>\n\t\t\t<\/figure>\n\t\t\t\t\t\t<\/div>\n\n\t\t\t\t<div class=\"meta meta-buttons d-flex flex-column flex-sm-row justify-content-center\">\n\t\t\t\t\t<a class=\"btn btn-negative \" href=\"\/wp-content\/uploads\/2023\/10\/919-skrivanek-ems-anl-en-3.pdf\" title=\"Descargar\">Descargar<\/a>\n\t\t\t\t\t\t<\/div>\n\t\t\n\t<\/div>\n\n\t\t\n\t<div class=\"wpa9-card-l-panel wpa9-panel shadow rounded d-flex flex-column justify-content-between\">\n\n\t\t<div>\n\t\t\t\t\n\t\t\t\t\t\t\t\t<h2 class=\"wpa9-panel-title\">Certificaci\u00f3n EN ISO 17100 Translation Services Management System<\/h2>\n\t\t\n\t\t\t\t\t\t\t\t<figure>\n\t\t\t\t<img decoding=\"async\" src=\"https:\/\/dev.skrivanek.com\/wp-content\/uploads\/2021\/03\/iso-17100.png\" alt=\"Certificaci\u00f3n EN ISO 17100 Translation Services Management System\" class=\"img-responsive\" style=\"width:100%\"\/>\n\t\t\t<\/figure>\n\t\t\t\t\t\t<\/div>\n\n\t\t\t\t<div class=\"meta meta-buttons d-flex flex-column flex-sm-row justify-content-center\">\n\t\t\t\t\t<a class=\"btn btn-negative \" href=\"\/wp-content\/uploads\/2021\/03\/ISO_17100_2015_en.pdf\" title=\"Descargar\">Descargar<\/a>\n\t\t\t\t\t\t<\/div>\n\t\t\n\t<\/div>\n\n\t\t\n\t<div class=\"wpa9-card-l-panel wpa9-panel shadow rounded d-flex flex-column justify-content-between\">\n\n\t\t<div>\n\t\t\t\t\n\t\t\t\t\t\t\t\t<h2 class=\"wpa9-panel-title\">Certificaci\u00f3n ISO\/IEC 27001 Information Security Management System<\/h2>\n\t\t\n\t\t\t\t\t\t\t\t<figure>\n\t\t\t\t<img decoding=\"async\" src=\"https:\/\/dev.skrivanek.com\/wp-content\/uploads\/2021\/03\/iso-27001.png\" alt=\"Certificaci\u00f3n ISO\/IEC 27001 Information Security Management System\" class=\"img-responsive\" style=\"width:100%\"\/>\n\t\t\t<\/figure>\n\t\t\t\t\t\t<\/div>\n\n\t\t\t\t<div class=\"meta meta-buttons d-flex flex-column flex-sm-row justify-content-center\">\n\t\t\t\t\t<a class=\"btn btn-negative \" href=\"\/wp-content\/uploads\/2021\/03\/919_skrivanek_isms_001_cz_de_en.pdf\" title=\"Descargar\">Descargar<\/a>\n\t\t\t\t\t\t<\/div>\n\t\t\n\t<\/div>\n\n\t\t\n\t<div class=\"wpa9-card-l-panel wpa9-panel shadow rounded d-flex flex-column justify-content-between\">\n\n\t\t<div>\n\t\t\t\t\n\t\t\t\t\t\t\t\t<h2 class=\"wpa9-panel-title\">Certificaci\u00f3n ISO 18587 Post-Editing of Machine Translation Output<\/h2>\n\t\t\n\t\t\t\t\t\t\t\t<figure>\n\t\t\t\t<img decoding=\"async\" src=\"https:\/\/dev.skrivanek.com\/wp-content\/uploads\/2021\/11\/iso-18587-1-1.png\" alt=\"Certificaci\u00f3n ISO 18587 Post-Editing of Machine Translation Output\" class=\"img-responsive\" style=\"width:100%\"\/>\n\t\t\t<\/figure>\n\t\t\t\t\t\t<\/div>\n\n\t\t\t\t<div class=\"meta meta-buttons d-flex flex-column flex-sm-row justify-content-center\">\n\t\t\t\t\t<a class=\"btn btn-negative \" href=\"\/wp-content\/uploads\/2021\/11\/919-skrivanek-holding-iso-18587-001-cz-de-en.pdf\" title=\"Descargar\">Descargar<\/a>\n\t\t\t\t\t\t<\/div>\n\t\t\n\t<\/div>\n\n\t\t\n\t\n<\/div>\n<\/div><\/div><\/div><\/div><\/div>","protected":false},"excerpt":{"rendered":"<p>Certificaci\u00f3n EN ISO 9001 Quality Management System Descargar Certificaci\u00f3n EN ISO 14001 Environmental Management System Descargar Certificaci\u00f3n EN ISO 17100 Translation Services Management System Descargar Certificaci\u00f3n ISO\/IEC 27001 Information Security Management System Descargar Certificaci\u00f3n ISO 18587 Post-Editing of Machine Translation Output Descargar<\/p>\n","protected":false},"author":10,"featured_media":0,"parent":7626,"menu_order":0,"comment_status":"closed","ping_status":"open","template":"","meta":{"_acf_changed":false,"content-type":"","footnotes":""},"class_list":["post-7624","page","type-page","status-publish","hentry"],"acf":[],"aioseo_notices":[],"_links":{"self":[{"href":"https:\/\/dev.skrivanek.com\/es\/wp-json\/wp\/v2\/pages\/7624","targetHints":{"allow":["GET"]}}],"collection":[{"href":"https:\/\/dev.skrivanek.com\/es\/wp-json\/wp\/v2\/pages"}],"about":[{"href":"https:\/\/dev.skrivanek.com\/es\/wp-json\/wp\/v2\/types\/page"}],"author":[{"embeddable":true,"href":"https:\/\/dev.skrivanek.com\/es\/wp-json\/wp\/v2\/users\/10"}],"replies":[{"embeddable":true,"href":"https:\/\/dev.skrivanek.com\/es\/wp-json\/wp\/v2\/comments?post=7624"}],"version-history":[{"count":3,"href":"https:\/\/dev.skrivanek.com\/es\/wp-json\/wp\/v2\/pages\/7624\/revisions"}],"predecessor-version":[{"id":84523,"href":"https:\/\/dev.skrivanek.com\/es\/wp-json\/wp\/v2\/pages\/7624\/revisions\/84523"}],"up":[{"embeddable":true,"href":"https:\/\/dev.skrivanek.com\/es\/wp-json\/wp\/v2\/pages\/7626"}],"wp:attachment":[{"href":"https:\/\/dev.skrivanek.com\/es\/wp-json\/wp\/v2\/media?parent=7624"}],"curies":[{"name":"wp","href":"https:\/\/api.w.org\/{rel}","templated":true}]}}