{"id":7628,"date":"2021-07-28T13:23:45","date_gmt":"2021-07-28T11:23:45","guid":{"rendered":"https:\/\/skrivanek.com\/declaracion-sobre-el-uso-de-cookies\/"},"modified":"2021-08-03T08:44:20","modified_gmt":"2021-08-03T06:44:20","slug":"declaracion-sobre-el-uso-de-cookies","status":"publish","type":"page","link":"https:\/\/dev.skrivanek.com\/es\/declaracion-sobre-el-uso-de-cookies\/","title":{"rendered":"Declaraci\u00f3n sobre el uso de cookies"},"content":{"rendered":"<div id=\"pl-7628\"  class=\"panel-layout\" ><div id=\"pg-7628-0\"  class=\"panel-grid panel-no-style\" ><div id=\"pgc-7628-0-0\"  class=\"panel-grid-cell\" ><div id=\"panel-7628-0-0-0\" class=\"so-panel widget widget_wpa9-editor-ext panel-first-child panel-last-child\" data-index=\"0\" ><div\n\t\t\t\n\t\t\tclass=\"so-widget-wpa9-editor-ext so-widget-wpa9-editor-ext-default-c93e1481a745-7628\"\n\t\t\t\n\t\t>\n<div class=\"siteorigin-widget-tinymce textwidget\">\n\t<div class=\"box-header\">\n<h2 class=\"decorated-heading\"><span class=\"innerText\">\u00bfQu\u00e9 son las cookies?<\/span><\/h2>\n<\/div>\n<div class=\"box-content\">\n<p>Son peque\u00f1os archivos de datos que son esenciales para el funcionamiento de sitios web, como el inicio de sesi\u00f3n. Las cookies hacen posible que los sitios web recuerden varios ajustes, como el idioma, las fuentes y otras opciones que usted mismo ha elegido para la visualizaci\u00f3n de las p\u00e1ginas web. Este es el motivo por el que almacenamos cookies en su ordenador. La mayor\u00eda de proveedores y sitios web tambi\u00e9n las utilizan.<\/p>\n<h3>\u00bfPor qu\u00e9 utilizamos cookies en este sitio web?<\/h3>\n<p>Seg\u00fan su duraci\u00f3n, las cookies se pueden dividir en dos\u00a0tipos<\/p>\n<ul>\n<li>Las cookies de almacenamiento a corto plazo (cookies de sesi\u00f3n) permanecen en su ordenador hasta cerrar el navegador y despu\u00e9s se\u00a0eliminan.<\/li>\n<li>Las cookies de almacenamiento a largo plazo (cookies persistentes) permanecen en su navegador durante mucho tiempo (seg\u00fan los ajustes de cookies y de su navegador) o hasta que las elimine\u00a0manualmente.<\/li>\n<\/ul>\n<p>En nuestro sitio web, utilizamos las siguientes\u00a0cookies:<\/p>\n<ul>\n<li>Las cookies t\u00e9cnicas (almacenamiento a corto plazo) son esenciales para garantizar el funcionamiento b\u00e1sico de los sitios web, como a\u00f1adir productos a un carrito, procesar una compra y mostrar si la versi\u00f3n del sitio web necesita o no\u00a0JavaScript.<\/li>\n<li>Las cookies de YouTube (almacenamiento a corto\/largo plazo) las utiliza el reproductor de v\u00eddeo YouTube. Las cookies se guardan en su ordenador cuando inicie el\u00a0reproductor.<\/li>\n<li>Las cookies de Google Analytics (almacenamiento a largo plazo) nos permiten adaptar mejor nuestros sitios web y las utilizamos para calcular los datos an\u00f3nimos sobre\u00a0el comportamiento de los usuarios de\u00a0Google\u00a0Analytics.<\/li>\n<li>Las cookies de AdWords (almacenamiento a largo plazo) est\u00e1n generadas por el sistema de publicidad. Estas cookies hacen posible la evaluaci\u00f3n de la eficacia de los canales de\u00a0ventas.<\/li>\n<li>Las cookies Sklik (almacenamiento a largo plazo) est\u00e1n generadas por el sistema de publicidad. Estas cookies hacen posible la evaluaci\u00f3n de la eficacia de los canales de\u00a0ventas.<\/li>\n<li>Las cookies de Facebook (almacenamiento a corto\/largo plazo) las utiliza el widget de Facebook y se almacenan en las p\u00e1ginas web de\u00a0Facebook.<\/li>\n<li>Las cookies de Twitter (almacenamiento a largo plazo) las utiliza el widget de Twitter y se almacenan en las p\u00e1ginas web de\u00a0Twitter.<\/li>\n<li>Las cookies de MailChimp (almacenamiento a corto\/largo plazo) est\u00e1n generadas por la aplicaci\u00f3n Mailchimp. Estas cookies nos permiten evaluar la eficacia del canal de\u00a0publicidad.<\/li>\n<li>Las cookies Albacross (almacenamiento a largo plazo) cookies nQ_cookieId y nQ_visitId son v\u00e1lidas durante 1 a\u00f1o y nos ayudan a identificar a las empresas para mejorar la generaci\u00f3n de oportunidades potenciales y destinar mejor nuestra\u00a0publicidad.<\/li>\n<\/ul>\n<p>Nunca utilizamos cookies para identificarle personalmente y jam\u00e1s incluimos informaci\u00f3n importante ni personal en\u00a0ellas.<\/p>\n<h3>\u00bfC\u00f3mo se puede modificar el uso de las cookies?<\/h3>\n<p>Puede eliminar cualquier tipo de cookie que ya est\u00e9 en su ordenador. La mayor\u00eda de los navegadores tambi\u00e9n ofrecen la posibilidad de bloquear las cookies en su ordenador, pero en ese caso, no podr\u00e1 utilizar todos nuestros servicios en l\u00ednea. Puede consultar informaci\u00f3n m\u00e1s detallada sobre los ajustes de las cookies de su navegador en el sitio web del proveedor del mismo. Utilice los siguientes enlaces para consultar los navegadores m\u00e1s\u00a0comunes:<\/p>\n<ul>\n<li><a href=\"https:\/\/support.google.com\/accounts\/answer\/61416?hl=en\">Chrome<\/a><\/li>\n<li><a href=\"https:\/\/support.mozilla.org\/en-US\/kb\/cookies-information-websites-store-on-your-computer\">Firefox<\/a><\/li>\n<li><a href=\"https:\/\/support.microsoft.com\/en-us\/help\/17442\/windows-internet-explorer-delete-manage-cookies\">Internet\u00a0Explorer<\/a><\/li>\n<li><a href=\"https:\/\/www.opera.com\/help\/tutorials\/security\/privacy\/\">Opera<\/a><\/li>\n<li><a href=\"https:\/\/support.google.com\/chrome\/answer\/95647?co=GENIE.Platform%3DAndroid&hl=en-GB\">Android<\/a><\/li>\n<\/ul>\n<p>Puede encontrar m\u00e1s detalles en el sitio web\u00a0<a href=\"https:\/\/www.aboutcookies.org\/\">AboutCookies.org<\/a>.<\/p>\n<h3>Uso de Google\u00a0Analytics<\/h3>\n<p>Este sitio web utiliza el servicio Google Analytics, proporcionado por Google, Inc. (en lo sucesivo, \u00abGoogle\u00bb). El servicio Google Analytics utiliza cookies. La informaci\u00f3n sobre el uso del sitio web y del contenido de cada cookie se transferir\u00e1 a Google y almacenar\u00e1 en sus servidores en Estados Unidos. Google utilizar\u00e1 esta informaci\u00f3n para evaluar el uso del sitio web y la creaci\u00f3n de informes sobre su actividad, dirigida al operador, y adem\u00e1s para proporcionar servicios adicionales relacionados con las actividades del sitio web y el uso de Internet en general. Google tambi\u00e9n puede proporcionar esta informaci\u00f3n a terceros si es requerida por la legislaci\u00f3n o si dichos terceros van a procesar informaci\u00f3n para\u00a0Google.<\/p>\n<p>Para proteger su privacidad, hemos modificado el servicio de Google Analytics para que no registre su direcci\u00f3n\u00a0<span class=\"caps\">IP<\/span>.<\/p>\n<p>El servicio de Google Analytics se ha ampliado para incluir funciones publicitarias relacionadas que est\u00e1n concretamente proporcionadas por\u00a0Google:<\/p>\n<ul>\n<li>Descripciones de las visualizaciones en la red de publicidad de\u00a0Google,<\/li>\n<li>Remarketing (mostrar publicidad en la red de contenido seg\u00fan los productos que se\u00a0buscan),<\/li>\n<li>Descripciones demogr\u00e1ficas ampliadas (informar de datos demogr\u00e1ficos\u00a0an\u00f3nimos).<\/li>\n<\/ul>\n<p>Si desea m\u00e1s informaci\u00f3n sobre el procesamiento y uso de los datos, consulte los\u00a0<a href=\"https:\/\/www.google.com\/intl\/en\/policies\/privacy\/partners\/\">t\u00e9rminos y condiciones de Google<\/a>.<\/p>\n<h3>C\u00f3mo prohibir el seguimiento con Google\u00a0Analytics<\/h3>\n<p>Si desea bloquear el env\u00edo de estad\u00edsticas an\u00f3nimas mediante Google Analytics, puede utilizar un\u00a0<a href=\"https:\/\/tools.google.com\/dlpage\/gaoptout\">complemento<\/a>\u00a0proporcionado por Google para este fin. Este complemento se debe descargar e instalar en su\u00a0navegador.<\/p>\n<h3>Informaci\u00f3n sobre el consentimiento a Albacross sobre el procesamiento de datos personales<\/h3>\n<p>Obtenemos su consentimiento para procesar datos personales en nombre de Albacross Nordic\u00a0<span class=\"caps\">AB<\/span>\u00a0(\u201c<strong>Albacross<\/strong>\u201d).<\/p>\n<p>La informaci\u00f3n recopilada de las cookies de su dispositivo que se consideren como datos personales ser\u00e1 procesada por Albacross, una empresa que proporciona identificaci\u00f3n de oportunidades potenciales con sede en Estocolmo y Cracovia. Consulte la siguiente informaci\u00f3n.<\/p>\n<p><strong>El objetivo<\/strong>\u00a0del procesamiento de los datos personales es que permite a Albacross mejorar un servicio que se nos proporciona a trav\u00e9s de nuestro sitio web (p. ej., servicio de \u00abgeneraci\u00f3n de oportunidades potenciales\u00bb), a\u00f1adiendo datos a su base de datos de empresas.<\/p>\n<p><strong>Los datos recopilados y utilizados por\u00a0<\/strong>Albacross para conseguir este objetivo est\u00e1n formados por la direcci\u00f3n\u00a0<span class=\"caps\">IP<\/span> desde la que visita nuestro sitio web e informaci\u00f3n t\u00e9cnica que permite a Albacross distinguir a los diferentes visitantes de la misma direcci\u00f3n\u00a0<span class=\"caps\">IP<\/span>. Albacross almacena el dominio desde la\u00a0introducci\u00f3n para poder correlacionar la direcci\u00f3n\u00a0<span class=\"caps\">IP<\/span> con su\u00a0empleado.<\/p>\n<p><strong>Para obtener informaci\u00f3n completa<\/strong>\u00a0sobre nuestro procesamiento de la informaci\u00f3n personal, consulte nuesftra Pol\u00edtica de\u00a0privacidad completa.<\/p>\n<p>En cualquier momento puede retirar su consentimiento a este proceso. Puede hacerlo poni\u00e9ndose en contacto con nosotros o directamente con\u00a0Albacross.<\/p>\n<p>Albacross Nordic\u00a0<span class=\"caps\">AB<\/span><br \/>\nN\u00famero de registro de empresa: 556942-7338<br \/>\nKungsgatan 26<br \/>\n111 35 Estocolmo, Suecia<br \/>\n<a href=\"https:\/\/albacross.com\/\">www.albacross.com<\/a>\u00a0-\u00a0<a href=\"javascript:secureDecryptAndNavigate('yAyxptgYvQXQfPMWrewcAakkm0ej\/iwx4I5byF\/ueXpJ5F11O7XOAxDVpQAq7ZwEBtEB0eWVLAUecj+2Esxb\/a3YQk87kcc672rP4w==', '8ef3823ead979c912c60400ff5750fa08e30fc6822ef89ee0c2de248ae43e51e')\">&#99;&#111;&#110;&#116;&#97;&#99;t&#64;a&#108;&#98;ac&#114;&#111;&#115;&#115;.c&#111;m<\/a><\/p>\n<\/div>\n<\/div>\n<\/div><\/div><\/div><\/div><\/div>","protected":false},"excerpt":{"rendered":"<p>\u00bfQu\u00e9 son las cookies? Son peque\u00f1os archivos de datos que son esenciales para el funcionamiento de sitios web, como el inicio de sesi\u00f3n. Las cookies hacen posible que los sitios web recuerden varios ajustes, como el idioma, las fuentes y otras opciones que usted mismo ha elegido para la visualizaci\u00f3n de las p\u00e1ginas web. Este [&hellip;]<\/p>\n","protected":false},"author":1,"featured_media":0,"parent":0,"menu_order":0,"comment_status":"closed","ping_status":"open","template":"","meta":{"_acf_changed":false,"content-type":"","footnotes":""},"class_list":["post-7628","page","type-page","status-publish","hentry"],"acf":[],"aioseo_notices":[],"_links":{"self":[{"href":"https:\/\/dev.skrivanek.com\/es\/wp-json\/wp\/v2\/pages\/7628","targetHints":{"allow":["GET"]}}],"collection":[{"href":"https:\/\/dev.skrivanek.com\/es\/wp-json\/wp\/v2\/pages"}],"about":[{"href":"https:\/\/dev.skrivanek.com\/es\/wp-json\/wp\/v2\/types\/page"}],"author":[{"embeddable":true,"href":"https:\/\/dev.skrivanek.com\/es\/wp-json\/wp\/v2\/users\/1"}],"replies":[{"embeddable":true,"href":"https:\/\/dev.skrivanek.com\/es\/wp-json\/wp\/v2\/comments?post=7628"}],"version-history":[{"count":0,"href":"https:\/\/dev.skrivanek.com\/es\/wp-json\/wp\/v2\/pages\/7628\/revisions"}],"wp:attachment":[{"href":"https:\/\/dev.skrivanek.com\/es\/wp-json\/wp\/v2\/media?parent=7628"}],"curies":[{"name":"wp","href":"https:\/\/api.w.org\/{rel}","templated":true}]}}