{"id":7636,"date":"2021-07-28T13:23:46","date_gmt":"2021-07-28T11:23:46","guid":{"rendered":"https:\/\/skrivanek.com\/traduccion-de-estudios-de-mercado\/"},"modified":"2023-10-19T11:40:30","modified_gmt":"2023-10-19T09:40:30","slug":"traduccion-de-estudios-de-mercado","status":"publish","type":"page","link":"https:\/\/dev.skrivanek.com\/es\/traducciones\/traduccion-de-estudios-de-mercado\/","title":{"rendered":"Traducci\u00f3n de estudios de mercado"},"content":{"rendered":"<div id=\"pl-7636\"  class=\"panel-layout\" ><div id=\"pg-7636-0\"  class=\"panel-grid panel-no-style\" ><div id=\"pgc-7636-0-0\"  class=\"panel-grid-cell\" ><div id=\"panel-7636-0-0-0\" class=\"so-panel widget widget_wpa9-editor-ext panel-first-child panel-last-child\" data-index=\"0\" ><div\n\t\t\t\n\t\t\tclass=\"so-widget-wpa9-editor-ext so-widget-wpa9-editor-ext-default-c93e1481a745-7636\"\n\t\t\t\n\t\t>\n<div class=\"siteorigin-widget-tinymce textwidget\">\n\t<p>La investigaci\u00f3n de mercados tiene varios elementos que cambian. Proporcionamos un equipo de gesti\u00f3n de proyectos con una actitud positiva, no importa la complejidad o la fecha de entrega de su proyecto de investigaci\u00f3n de mercado. Garantizamos una localizaci\u00f3n de software, traducci\u00f3n de texto, doblaje de v\u00eddeo y localizaci\u00f3n de funciones multimedia eficaz y precisa. Si surgen cambios de \u00faltima hora o si es necesario a\u00f1adir algo, siempre estaremos disponibles. Nuestro equipo de expertos de Skrivanek cumplir\u00e1 cualquier aspecto de su traducci\u00f3n en investigaci\u00f3n de mercado, en el tiempo que necesite.<\/p>\n<p>\u00a0<\/p>\n<ul>\n<li>La reputaci\u00f3n de Skrivanek est\u00e1 basada en un servicio al cliente responsable y cercano.<\/li>\n<li>Nuestra gesti\u00f3n de proyectos proporciona la flexibilidad necesaria para gestionar cambios o adiciones a su investigaci\u00f3n.<\/li>\n<li>Garantizamos una coordinaci\u00f3n de principio a fin de cada uno de los aspectos de su investigaci\u00f3n de mercado (ya sea en uno o varios).<\/li>\n<\/ul>\n<\/div>\n<\/div><\/div><\/div><\/div><div id=\"pg-7636-1\"  class=\"panel-grid panel-has-style\" ><div class=\"siteorigin-panels-stretch panel-row-style panel-row-style-for-7636-1\" data-stretch-type=\"full\" ><div id=\"pgc-7636-1-0\"  class=\"panel-grid-cell\" ><div id=\"panel-7636-1-0-0\" class=\"so-panel widget widget_wpa9-card-l panel-first-child panel-last-child\" data-index=\"1\" ><div\n\t\t\t\n\t\t\tclass=\"so-widget-wpa9-card-l so-widget-wpa9-card-l-default-c93e1481a745-7636\"\n\t\t\t\n\t\t>\n\n<div class=\"wpa9-card wpa9-card-l-container d-flex flex-wrap wpa9-columns-2\">\n\n\t\n\t\t\n\t<div class=\"wpa9-card-l-panel wpa9-panel shadow rounded d-flex flex-column justify-content-between\">\n\n\t\t<div>\n\t\t\t\t\t\t\t<span class=\"wpa9-panel-icon icon\" style=\"display: none; background-image: url('https:\/\/dev.skrivanek.com\/wp-content\/uploads\/2021\/03\/ico-online-vyuka.svg')\"><\/span>\n\t\t\t<span class=\"wpa9-panel-icon icon\" style=\"mask-image: url(https:\/\/dev.skrivanek.com\/wp-content\/uploads\/2021\/03\/ico-online-vyuka.svg); -webkit-mask-image: url(https:\/\/dev.skrivanek.com\/wp-content\/uploads\/2021\/03\/ico-online-vyuka.svg);\"><\/span>\n\t\t\n\t\t\t\t\t\t\t\t<h2 class=\"wpa9-panel-title\">Traducci\u00f3n precisa de documentos de investigaci\u00f3n<\/h2>\n\t\t\n\t\t\t\t\t\t\t<div class=\"wpa9-panel-content\"><p><strong>Estamos dispuestos a traducir y localizar su campa\u00f1a completa\u00a0de\u00a0investigaci\u00f3n:<\/strong><\/p>\n<ul>\n<li>Encuestas<\/li>\n<li>Cuestionarios de grupos\u00a0de\u00a0enfoque<\/li>\n<li>Entrevistas\u00a0telef\u00f3nicas<\/li>\n<li>Caracter\u00edsticas\u00a0web<\/li>\n<li>Otras herramientas de\u00a0investigaci\u00f3n<\/li>\n<\/ul>\n<p>El control de calidad\u00a0en cada paso es la m\u00e1xima prioridad para que su presentaci\u00f3n e interacci\u00f3n con los sujetos de la investigaci\u00f3n avance sin problemas y pueda recopilar la informaci\u00f3n vital que\u00a0necesita.<\/p>\n<\/div>\n\t\t\t\t<\/div>\n\n\t\t\t\t<div class=\"meta meta-buttons d-flex flex-column flex-sm-row justify-content-center\">\n\t\t\t\t\t<a class=\"btn btn-negative show-inquiry-form\" href=\"https:\/\/dev.skrivanek.com\/es\/consulta\/\" title=\"Enviar consulta\">Enviar consulta<\/a>\n\t\t\t\t\t\t<\/div>\n\t\t\n\t<\/div>\n\n\t\t\n\t<div class=\"wpa9-card-l-panel wpa9-panel shadow rounded d-flex flex-column justify-content-between\">\n\n\t\t<div>\n\t\t\t\t\t\t\t<span class=\"wpa9-panel-icon icon\" style=\"display: none; background-image: url('https:\/\/dev.skrivanek.com\/wp-content\/uploads\/2021\/01\/ico-obecnypreklad.svg')\"><\/span>\n\t\t\t<span class=\"wpa9-panel-icon icon\" style=\"mask-image: url(https:\/\/dev.skrivanek.com\/wp-content\/uploads\/2021\/01\/ico-obecnypreklad.svg); -webkit-mask-image: url(https:\/\/dev.skrivanek.com\/wp-content\/uploads\/2021\/01\/ico-obecnypreklad.svg);\"><\/span>\n\t\t\n\t\t\t\t\t\t\t\t<h2 class=\"wpa9-panel-title\">Ventajas clave<\/h2>\n\t\t\n\t\t\t\t\t\t\t<div class=\"wpa9-panel-content\"><ul>\n<li>Codificaci\u00f3n y dominio del software para gestionar encuestas y cuestionarios web, adem\u00e1s de otras funciones tecnol\u00f3gicas<\/li>\n<li>Atenci\u00f3n puntual a sus encargos, con plazos de entrega r\u00e1pidos y cumplimiento estricto de las fechas acordadas<\/li>\n<li>Glosarios especializados para varios sectores para poder usar la MT, optimizar la eficacia y reducir los costes<\/li>\n<li>Amplia red global con acceso a ling\u00fcistas y expertos culturales en todo el mundo<\/li>\n<li>Confidencialidad y seguridad garantizadas<\/li>\n<li>Certificaciones ISO 9001:2015 y EN 17100<\/li>\n<\/ul>\n<\/div>\n\t\t\t\t<\/div>\n\n\t\t\t\t<div class=\"meta meta-buttons d-flex flex-column flex-sm-row justify-content-center\">\n\t\t\t\t\t<a class=\"btn btn-negative \" href=\"\/es\/contacto\/\" title=\"Contacto\">Contacto<\/a>\n\t\t\t\t\t\t<\/div>\n\t\t\n\t<\/div>\n\n\t\t\n\t\n<\/div>\n<\/div><\/div><\/div><\/div><\/div><div id=\"pg-7636-2\"  class=\"panel-grid panel-no-style\" ><div id=\"pgc-7636-2-0\"  class=\"panel-grid-cell\" ><div id=\"panel-7636-2-0-0\" class=\"so-panel widget widget_wpa9-card-s panel-first-child panel-last-child\" data-index=\"2\" ><div\n\t\t\t\n\t\t\tclass=\"so-widget-wpa9-card-s so-widget-wpa9-card-s-default-c93e1481a745-7636\"\n\t\t\t\n\t\t><div class=\"wpa9-card wpa9-card-s narrow positive\">\n\n\t<div class=\"wpa9-card-wrapper container\">\n\n\t\t<div class=\"wpa9-card-text\">\n\t\t\t<h2 class=\"wpa9-card-title\">\u00bfNecesita una traducci\u00f3n de un estudio de mercado? <\/h2>\n\t\t\t<div class=\"wpa9-card-content\"><p style=\"text-align: center\">No importa el texto que tenga que traducir, p\u00f3ngase en contacto con nosotros y elaboraremos un presupuesto.<\/p>\n<\/div>\t\t<\/div>\n\n\t\t\t\t<div class=\"meta meta-buttons d-flex flex-row justify-content-center\">\n\t\t\t\t\t\t\t<a class=\"btn btn-negative show-inquiry-form\" href=\"https:\/\/dev.skrivanek.com\/es\/consulta\/\" title=\"Enviar consulta\">Enviar consulta<\/a>\n\t\t\t\t<\/div>\n\t\t\n\t<\/div>\n\n<\/div>\n<\/div><\/div><\/div><\/div><\/div>","protected":false},"excerpt":{"rendered":"<p>La investigaci\u00f3n de mercados tiene varios elementos que cambian. Proporcionamos un equipo de gesti\u00f3n de proyectos con una actitud positiva, no importa la complejidad o la fecha de entrega de su proyecto de investigaci\u00f3n de mercado. Garantizamos una localizaci\u00f3n de software, traducci\u00f3n de texto, doblaje de v\u00eddeo y localizaci\u00f3n de funciones multimedia eficaz y precisa. [&hellip;]<\/p>\n","protected":false},"author":1,"featured_media":0,"parent":7646,"menu_order":0,"comment_status":"closed","ping_status":"open","template":"","meta":{"_acf_changed":false,"content-type":"","footnotes":""},"class_list":["post-7636","page","type-page","status-publish","hentry"],"acf":[],"aioseo_notices":[],"_links":{"self":[{"href":"https:\/\/dev.skrivanek.com\/es\/wp-json\/wp\/v2\/pages\/7636","targetHints":{"allow":["GET"]}}],"collection":[{"href":"https:\/\/dev.skrivanek.com\/es\/wp-json\/wp\/v2\/pages"}],"about":[{"href":"https:\/\/dev.skrivanek.com\/es\/wp-json\/wp\/v2\/types\/page"}],"author":[{"embeddable":true,"href":"https:\/\/dev.skrivanek.com\/es\/wp-json\/wp\/v2\/users\/1"}],"replies":[{"embeddable":true,"href":"https:\/\/dev.skrivanek.com\/es\/wp-json\/wp\/v2\/comments?post=7636"}],"version-history":[{"count":3,"href":"https:\/\/dev.skrivanek.com\/es\/wp-json\/wp\/v2\/pages\/7636\/revisions"}],"predecessor-version":[{"id":83389,"href":"https:\/\/dev.skrivanek.com\/es\/wp-json\/wp\/v2\/pages\/7636\/revisions\/83389"}],"up":[{"embeddable":true,"href":"https:\/\/dev.skrivanek.com\/es\/wp-json\/wp\/v2\/pages\/7646"}],"wp:attachment":[{"href":"https:\/\/dev.skrivanek.com\/es\/wp-json\/wp\/v2\/media?parent=7636"}],"curies":[{"name":"wp","href":"https:\/\/api.w.org\/{rel}","templated":true}]}}