{"id":7638,"date":"2021-07-28T13:23:46","date_gmt":"2021-07-28T11:23:46","guid":{"rendered":"https:\/\/skrivanek.com\/traduccion-financiera\/"},"modified":"2023-10-19T11:24:17","modified_gmt":"2023-10-19T09:24:17","slug":"traduccion-financiera","status":"publish","type":"page","link":"https:\/\/dev.skrivanek.com\/es\/traducciones\/traduccion-financiera\/","title":{"rendered":"Traducci\u00f3n financiera"},"content":{"rendered":"<div id=\"pl-7638\"  class=\"panel-layout\" ><div id=\"pg-7638-0\"  class=\"panel-grid panel-no-style\" ><div id=\"pgc-7638-0-0\"  class=\"panel-grid-cell\" ><div id=\"panel-7638-0-0-0\" class=\"so-panel widget widget_wpa9-editor-ext panel-first-child panel-last-child\" data-index=\"0\" ><div\n\t\t\t\n\t\t\tclass=\"so-widget-wpa9-editor-ext so-widget-wpa9-editor-ext-default-c93e1481a745-7638\"\n\t\t\t\n\t\t>\n<div class=\"siteorigin-widget-tinymce textwidget\">\n\t<p>Nuestros traductores especializados en el sector financiero tienen las cualificaciones espec\u00edficas del sector y los conocimientos ling\u00fc\u00edsticos necesarios para ser expertos en materia financiera. Saben lo que el cliente desea expresar. Pueden traducir todo tipo de comunicaciones financieras a m\u00e1s de 80 idiomas diferentes. Nuestros traductores financieros son\u00a0<strong>expertos cualificados en las distintas \u00e1reas del sector\u00a0financiero:<\/strong><\/p>\n<p>\u00a0<\/p>\n<div class=\"columns columns-3\" data-columns=\"3\">\n<div class=\"column column-1\">\n<ul>\n<li>Contabilidad<\/li>\n<li>Seguros<\/li>\n<li>Econom\u00eda empresarial<\/li>\n<\/ul>\n<\/div>\n<div class=\"column column-2\">\n<ul>\n<li>Econom\u00eda internacional<\/li>\n<li>Inversiones bancarias<\/li>\n<li>Gesti\u00f3n de acciones<\/li>\n<\/ul>\n<\/div>\n<div class=\"column column-3\">\n<ul>\n<li>Mercados monetarios<\/li>\n<li>Propiedades<\/li>\n<li>Mercados burs\u00e1tiles<\/li>\n<\/ul>\n<\/div>\n<\/div>\n<\/div>\n<\/div><\/div><\/div><\/div><div id=\"pg-7638-1\"  class=\"panel-grid panel-has-style\" ><div class=\"siteorigin-panels-stretch panel-row-style panel-row-style-for-7638-1\" data-stretch-type=\"full\" ><div id=\"pgc-7638-1-0\"  class=\"panel-grid-cell\" ><div id=\"panel-7638-1-0-0\" class=\"so-panel widget widget_wpa9-card-l panel-first-child panel-last-child\" data-index=\"1\" ><div\n\t\t\t\n\t\t\tclass=\"so-widget-wpa9-card-l so-widget-wpa9-card-l-default-c93e1481a745-7638\"\n\t\t\t\n\t\t>\n\n<div class=\"wpa9-card wpa9-card-l-container d-flex flex-wrap wpa9-columns-2\">\n\n\t\n\t\t\n\t<div class=\"wpa9-card-l-panel wpa9-panel shadow rounded d-flex flex-column justify-content-between\">\n\n\t\t<div>\n\t\t\t\t\t\t\t<span class=\"wpa9-panel-icon icon\" style=\"display: none; background-image: url('https:\/\/dev.skrivanek.com\/wp-content\/uploads\/2021\/03\/ico-certifikovana-spolecnost.svg')\"><\/span>\n\t\t\t<span class=\"wpa9-panel-icon icon\" style=\"mask-image: url(https:\/\/dev.skrivanek.com\/wp-content\/uploads\/2021\/03\/ico-certifikovana-spolecnost.svg); -webkit-mask-image: url(https:\/\/dev.skrivanek.com\/wp-content\/uploads\/2021\/03\/ico-certifikovana-spolecnost.svg);\"><\/span>\n\t\t\n\t\t\t\t\t\t\t\t<h2 class=\"wpa9-panel-title\">M\u00e1xima calidad<\/h2>\n\t\t\n\t\t\t\t\t\t\t<div class=\"wpa9-panel-content\"><ul>\n<li>Servicios de traducci\u00f3n financiera en todos los idiomas y combinaciones de idiomas<\/li>\n<li>Confidencialidad garantizada: acuerdos de confidencialidad invulnerables<\/li>\n<li>Glosarios y terminolog\u00eda financiera especializada<\/li>\n<li>Servicios integrales de localizaci\u00f3n de software bancario\/Recursos humanos\/financiero<\/li>\n<\/ul>\n<\/div>\n\t\t\t\t<\/div>\n\n\t\t\t\t<div class=\"meta meta-buttons d-flex flex-column flex-sm-row justify-content-center\">\n\t\t\t\t\t<a class=\"btn btn-negative show-inquiry-form\" href=\"https:\/\/dev.skrivanek.com\/es\/consulta\/\" title=\"Enviar consulta\">Enviar consulta<\/a>\n\t\t\t\t\t\t<\/div>\n\t\t\n\t<\/div>\n\n\t\t\n\t<div class=\"wpa9-card-l-panel wpa9-panel shadow rounded d-flex flex-column justify-content-between\">\n\n\t\t<div>\n\t\t\t\t\t\t\t<span class=\"wpa9-panel-icon icon\" style=\"display: none; background-image: url('https:\/\/dev.skrivanek.com\/wp-content\/uploads\/2021\/01\/ico-obecnypreklad.svg')\"><\/span>\n\t\t\t<span class=\"wpa9-panel-icon icon\" style=\"mask-image: url(https:\/\/dev.skrivanek.com\/wp-content\/uploads\/2021\/01\/ico-obecnypreklad.svg); -webkit-mask-image: url(https:\/\/dev.skrivanek.com\/wp-content\/uploads\/2021\/01\/ico-obecnypreklad.svg);\"><\/span>\n\t\t\n\t\t\t\t\t\t\t\t<h2 class=\"wpa9-panel-title\">Servicio integral<\/h2>\n\t\t\n\t\t\t\t\t\t\t<div class=\"wpa9-panel-content\"><ul>\n<li>Traducciones juradas<\/li>\n<li>Servicios integrales de DTP y dise\u00f1o gr\u00e1fico<\/li>\n<li>Traducciones financieras en m\u00e1s de 80 idiomas<\/li>\n<li>Revisi\u00f3n realizada por nativos especialistas<\/li>\n<li>Soluciones de software<\/li>\n<\/ul>\n<\/div>\n\t\t\t\t<\/div>\n\n\t\t\t\t<div class=\"meta meta-buttons d-flex flex-column flex-sm-row justify-content-center\">\n\t\t\t\t\t<a class=\"btn btn-negative \" href=\"\/es\/contacto\/\" title=\"Contacto\">Contacto<\/a>\n\t\t\t\t\t\t<\/div>\n\t\t\n\t<\/div>\n\n\t\t\n\t\n<\/div>\n<\/div><\/div><\/div><\/div><\/div><div id=\"pg-7638-2\"  class=\"panel-grid panel-no-style\" ><div id=\"pgc-7638-2-0\"  class=\"panel-grid-cell\" ><div id=\"panel-7638-2-0-0\" class=\"so-panel widget widget_wpa9-card-s panel-first-child panel-last-child\" data-index=\"2\" ><div\n\t\t\t\n\t\t\tclass=\"so-widget-wpa9-card-s so-widget-wpa9-card-s-default-c93e1481a745-7638\"\n\t\t\t\n\t\t><div class=\"wpa9-card wpa9-card-s narrow positive\">\n\n\t<div class=\"wpa9-card-wrapper container\">\n\n\t\t<div class=\"wpa9-card-text\">\n\t\t\t<h2 class=\"wpa9-card-title\">\u00bfNecesita una traducci\u00f3n financiera? <\/h2>\n\t\t\t<div class=\"wpa9-card-content\"><p style=\"text-align: center\">No importa el texto que tenga que traducir, p\u00f3ngase en contacto con nosotros y elaboraremos un presupuesto.<\/p>\n<\/div>\t\t<\/div>\n\n\t\t\t\t<div class=\"meta meta-buttons d-flex flex-row justify-content-center\">\n\t\t\t\t\t\t\t<a class=\"btn btn-negative show-inquiry-form\" href=\"https:\/\/dev.skrivanek.com\/es\/consulta\/\" title=\"Enviar consulta\">Enviar consulta<\/a>\n\t\t\t\t<\/div>\n\t\t\n\t<\/div>\n\n<\/div>\n<\/div><\/div><\/div><\/div><\/div>","protected":false},"excerpt":{"rendered":"<p>Nuestros traductores especializados en el sector financiero tienen las cualificaciones espec\u00edficas del sector y los conocimientos ling\u00fc\u00edsticos necesarios para ser expertos en materia financiera. Saben lo que el cliente desea expresar. Pueden traducir todo tipo de comunicaciones financieras a m\u00e1s de 80 idiomas diferentes. Nuestros traductores financieros son\u00a0expertos cualificados en las distintas \u00e1reas del sector\u00a0financiero: [&hellip;]<\/p>\n","protected":false},"author":1,"featured_media":0,"parent":7646,"menu_order":0,"comment_status":"closed","ping_status":"open","template":"","meta":{"_acf_changed":false,"content-type":"","footnotes":""},"class_list":["post-7638","page","type-page","status-publish","hentry"],"acf":[],"aioseo_notices":[],"_links":{"self":[{"href":"https:\/\/dev.skrivanek.com\/es\/wp-json\/wp\/v2\/pages\/7638","targetHints":{"allow":["GET"]}}],"collection":[{"href":"https:\/\/dev.skrivanek.com\/es\/wp-json\/wp\/v2\/pages"}],"about":[{"href":"https:\/\/dev.skrivanek.com\/es\/wp-json\/wp\/v2\/types\/page"}],"author":[{"embeddable":true,"href":"https:\/\/dev.skrivanek.com\/es\/wp-json\/wp\/v2\/users\/1"}],"replies":[{"embeddable":true,"href":"https:\/\/dev.skrivanek.com\/es\/wp-json\/wp\/v2\/comments?post=7638"}],"version-history":[{"count":3,"href":"https:\/\/dev.skrivanek.com\/es\/wp-json\/wp\/v2\/pages\/7638\/revisions"}],"predecessor-version":[{"id":83301,"href":"https:\/\/dev.skrivanek.com\/es\/wp-json\/wp\/v2\/pages\/7638\/revisions\/83301"}],"up":[{"embeddable":true,"href":"https:\/\/dev.skrivanek.com\/es\/wp-json\/wp\/v2\/pages\/7646"}],"wp:attachment":[{"href":"https:\/\/dev.skrivanek.com\/es\/wp-json\/wp\/v2\/media?parent=7638"}],"curies":[{"name":"wp","href":"https:\/\/api.w.org\/{rel}","templated":true}]}}