{"id":7640,"date":"2021-07-28T13:23:46","date_gmt":"2021-07-28T11:23:46","guid":{"rendered":"https:\/\/skrivanek.com\/traduccion-en-el-sector-de-la-automocion\/"},"modified":"2023-10-19T11:40:15","modified_gmt":"2023-10-19T09:40:15","slug":"traduccion-en-el-sector-de-la-automocion","status":"publish","type":"page","link":"https:\/\/dev.skrivanek.com\/es\/traducciones\/traduccion-en-el-sector-de-la-automocion\/","title":{"rendered":"Traducci\u00f3n en el sector de la automoci\u00f3n"},"content":{"rendered":"<div id=\"pl-7640\"  class=\"panel-layout\" ><div id=\"pg-7640-0\"  class=\"panel-grid panel-no-style\" ><div id=\"pgc-7640-0-0\"  class=\"panel-grid-cell\" ><div id=\"panel-7640-0-0-0\" class=\"so-panel widget widget_wpa9-editor-ext panel-first-child panel-last-child\" data-index=\"0\" ><div\n\t\t\t\n\t\t\tclass=\"so-widget-wpa9-editor-ext so-widget-wpa9-editor-ext-default-c93e1481a745-7640\"\n\t\t\t\n\t\t>\n<div class=\"siteorigin-widget-tinymce textwidget\">\n\t<div class=\"grey-box-section var-extramt\">\n<div class=\"section-wrapper var-wide\">\n<div class=\"grey-box-section__border\">\n<p>Nuestros traductores especializados en el sector de la automoci\u00f3n son capaces de traducir todas las sutilezas de la industria moderna del  autom\u00f3vil. Basandose en sus amplios conocimientos, proporcionan traducciones de m\u00e1xima calidad de innovaciones complejas, como el sistema de frenado m\u00e1s actual y los modelos h\u00edbridos. Nuestro departamento de garant\u00edas, con m\u00e1s de 20 a\u00f1os de experiencia en todo tipo de garant\u00edas y normativas, es esencial en lo que respecta a sus obligaciones y a sus ingresos netos.<\/p>\n<p>Skrivanek tambi\u00e9n cuenta con departamentos dedicados a los componentes t\u00e9cnicos y electr\u00f3nicos y uno concreto para las innovaciones en ingenier\u00eda. Cualquiera que sea la experiencia en traducci\u00f3n para automoci\u00f3n que necesite, nosotros podemos proporcionarla.<\/p>\n<p>Si est\u00e1n creando la experiencia en conducci\u00f3n m\u00e1s novedosa del mercado, los traductores y redactores de textos de automoci\u00f3n de Skrivanek traducir\u00e1n y transmitir\u00e1n su experiencia a sus clientes potenciales a m\u00e1s de 80 idiomas.<\/p>\n<p><strong><span class=\"innerText\">Algunos de nuestros clientes satisfe<\/span><span class=\"innerText\">cho<\/span><span class=\"innerText\">s:<\/span><\/strong><\/p>\n<p><img alt=\"auto-refe-1\" loading=\"lazy\" decoding=\"async\" class=\"wp-image-5295 alignleft\" src=\"https:\/\/skrivanek.com\/wp-content\/uploads\/2021\/03\/auto-refe-1.png\" alt=\"\" width=\"933\" height=\"140\" \/><\/p>\n<\/div>\n<\/div>\n<\/div>\n<\/div>\n<\/div><\/div><\/div><\/div><div id=\"pg-7640-1\"  class=\"panel-grid panel-has-style\" ><div class=\"siteorigin-panels-stretch panel-row-style panel-row-style-for-7640-1\" data-stretch-type=\"full\" ><div id=\"pgc-7640-1-0\"  class=\"panel-grid-cell\" ><div id=\"panel-7640-1-0-0\" class=\"so-panel widget widget_wpa9-card-l panel-first-child panel-last-child\" data-index=\"1\" ><div\n\t\t\t\n\t\t\tclass=\"so-widget-wpa9-card-l so-widget-wpa9-card-l-default-c93e1481a745-7640\"\n\t\t\t\n\t\t>\n\n<div class=\"wpa9-card wpa9-card-l-container d-flex flex-wrap wpa9-columns-2\">\n\n\t\n\t\t\n\t<div class=\"wpa9-card-l-panel wpa9-panel shadow rounded d-flex flex-column justify-content-between\">\n\n\t\t<div>\n\t\t\t\t\t\t\t<span class=\"wpa9-panel-icon icon\" style=\"display: none; background-image: url('https:\/\/dev.skrivanek.com\/wp-content\/uploads\/2021\/03\/ico-automobilovy-prumysl.svg')\"><\/span>\n\t\t\t<span class=\"wpa9-panel-icon icon\" style=\"mask-image: url(https:\/\/dev.skrivanek.com\/wp-content\/uploads\/2021\/03\/ico-automobilovy-prumysl.svg); -webkit-mask-image: url(https:\/\/dev.skrivanek.com\/wp-content\/uploads\/2021\/03\/ico-automobilovy-prumysl.svg);\"><\/span>\n\t\t\n\t\t\t\t\t\t\t\t<h2 class=\"wpa9-panel-title\">Traducciones en el sector de la automoci\u00f3n<\/h2>\n\t\t\n\t\t\t\t\t\t\t<div class=\"wpa9-panel-content\"><p>Cuando usted y su empresa est\u00e9n decididos a lanzarse a nuevos mercados, necesitar\u00e1n expertos que conozcan los procesos altamente sofisticados y la meticulosa ingenier\u00eda que caracterizan a la tecnolog\u00eda automovil\u00edstica actual.<\/p>\n<p>Clientes como<\/p>\n<p><strong>BMW,<\/strong><br \/>\n<strong>Audi,<\/strong><br \/>\n<strong>Toyota,<\/strong><br \/>\n<strong>Volvo,<\/strong><br \/>\n<strong>Skoda,<\/strong><br \/>\n<strong>Renault<\/strong> conf\u00edan en nuestros servicios<\/p>\n<p>Nuestros expertos tienen la experiencia y competencia en todos los aspectos de la traducci\u00f3n automovil\u00edstica:<\/p>\n<ul>\n<li>Dise\u00f1o<\/li>\n<li>Ingenier\u00eda<\/li>\n<li>Fabricaci\u00f3n<\/li>\n<li>Producci\u00f3n<\/li>\n<li>Ventas y marketing<\/li>\n<\/ul>\n<\/div>\n\t\t\t\t<\/div>\n\n\t\t\t\t<div class=\"meta meta-buttons d-flex flex-column flex-sm-row justify-content-center\">\n\t\t\t\t\t<a class=\"btn btn-negative show-inquiry-form\" href=\"https:\/\/dev.skrivanek.com\/es\/consulta\/\" title=\"Enviar consulta\">Enviar consulta<\/a>\n\t\t\t\t\t\t<\/div>\n\t\t\n\t<\/div>\n\n\t\t\n\t<div class=\"wpa9-card-l-panel wpa9-panel shadow rounded d-flex flex-column justify-content-between\">\n\n\t\t<div>\n\t\t\t\t\t\t\t<span class=\"wpa9-panel-icon icon\" style=\"display: none; background-image: url('https:\/\/dev.skrivanek.com\/wp-content\/uploads\/2021\/01\/ico-obecnypreklad.svg')\"><\/span>\n\t\t\t<span class=\"wpa9-panel-icon icon\" style=\"mask-image: url(https:\/\/dev.skrivanek.com\/wp-content\/uploads\/2021\/01\/ico-obecnypreklad.svg); -webkit-mask-image: url(https:\/\/dev.skrivanek.com\/wp-content\/uploads\/2021\/01\/ico-obecnypreklad.svg);\"><\/span>\n\t\t\n\t\t\t\t\t\t\t\t<h2 class=\"wpa9-panel-title\">Documentos con los que podemos ayudarle<\/h2>\n\t\t\n\t\t\t\t\t\t\t<div class=\"wpa9-panel-content\"><p>Nuestros traductores est\u00e1n entre los mejores ling\u00fcistas especializados en su campo y est\u00e1n guiados por el exigente control de calidad y pol\u00edtica de mejores pr\u00e1cticas de Skrivanek para garantizar el cumplimiento de los est\u00e1ndares de los materiales y documentaci\u00f3n del producto.<\/p>\n<p>Si necesita traducir tecnolog\u00eda dentro del sector de la automoci\u00f3n, manuales del operador, piezas de veh\u00edculos, gu\u00edas del usuario o sistemas GPS, Skrivanek tiene la experiencia que usted necesita.<\/p>\n<ul>\n<li>Cartas de ventas<\/li>\n<li>Tecnolog\u00eda automovil\u00edstica<\/li>\n<li>Gu\u00edas de usuario<\/li>\n<li>Folletos<\/li>\n<li>Documentos de seguridad y de producto<\/li>\n<li>Aplicaciones automovil\u00edsticas<\/li>\n<li>Manuales de fabricaci\u00f3n de autom\u00f3viles<\/li>\n<li>Materiales de marketing<\/li>\n<li>Sitios web<\/li>\n<\/ul>\n<\/div>\n\t\t\t\t<\/div>\n\n\t\t\t\t<div class=\"meta meta-buttons d-flex flex-column flex-sm-row justify-content-center\">\n\t\t\t\t\t<a class=\"btn btn-negative \" href=\"\/es\/contacto\/\" title=\"Contacto\">Contacto<\/a>\n\t\t\t\t\t\t<\/div>\n\t\t\n\t<\/div>\n\n\t\t\n\t<div class=\"wpa9-card-l-panel wpa9-panel shadow rounded d-flex flex-column justify-content-between\">\n\n\t\t<div>\n\t\t\t\t\t\t\t<span class=\"wpa9-panel-icon icon\" style=\"display: none; background-image: url('https:\/\/dev.skrivanek.com\/wp-content\/uploads\/2021\/03\/ico-certifikovana-spolecnost.svg')\"><\/span>\n\t\t\t<span class=\"wpa9-panel-icon icon\" style=\"mask-image: url(https:\/\/dev.skrivanek.com\/wp-content\/uploads\/2021\/03\/ico-certifikovana-spolecnost.svg); -webkit-mask-image: url(https:\/\/dev.skrivanek.com\/wp-content\/uploads\/2021\/03\/ico-certifikovana-spolecnost.svg);\"><\/span>\n\t\t\n\t\t\t\t\t\t\t\t<h2 class=\"wpa9-panel-title\">M\u00e1xima calidad<\/h2>\n\t\t\n\t\t\t\t\t\t\t<div class=\"wpa9-panel-content\"><ul>\n<li>Traducciones t\u00e9cnicas y automovil\u00edsticas en todos los idiomas y combinaciones de idiomas<\/li>\n<li>Seguimiento de todas las especificaciones de seguridad en todos los mercados internacionales relevantes<\/li>\n<li>Glosario y terminolog\u00eda automovil\u00edstica especializada: norma SAE J2450 sobre calidad de las traducciones<\/li>\n<li>Servicios de localizaci\u00f3n integrales<\/li>\n<\/ul>\n<\/div>\n\t\t\t\t<\/div>\n\n\t\t\n\t<\/div>\n\n\t\t\n\t<div class=\"wpa9-card-l-panel wpa9-panel shadow rounded d-flex flex-column justify-content-between\">\n\n\t\t<div>\n\t\t\t\t\t\t\t<span class=\"wpa9-panel-icon icon\" style=\"display: none; background-image: url('https:\/\/dev.skrivanek.com\/wp-content\/uploads\/2021\/03\/ico-seznam.svg')\"><\/span>\n\t\t\t<span class=\"wpa9-panel-icon icon\" style=\"mask-image: url(https:\/\/dev.skrivanek.com\/wp-content\/uploads\/2021\/03\/ico-seznam.svg); -webkit-mask-image: url(https:\/\/dev.skrivanek.com\/wp-content\/uploads\/2021\/03\/ico-seznam.svg);\"><\/span>\n\t\t\n\t\t\t\t\t\t\t\t<h2 class=\"wpa9-panel-title\">Servicio integral<\/h2>\n\t\t\n\t\t\t\t\t\t\t<div class=\"wpa9-panel-content\"><ul>\n<li>Servicios integrales de maquetaci\u00f3n y dise\u00f1o gr\u00e1fico<\/li>\n<li>Servicios de traducciones automovil\u00edsticas en m\u00e1s de 80 idiomas<\/li>\n<li>Revisi\u00f3n por hablantes nativos especialistas<\/li>\n<li>Soluciones de software<\/li>\n<\/ul>\n<\/div>\n\t\t\t\t<\/div>\n\n\t\t\n\t<\/div>\n\n\t\t\n\t\n<\/div>\n<\/div><\/div><\/div><\/div><\/div><div id=\"pg-7640-2\"  class=\"panel-grid panel-has-style\" ><div class=\"siteorigin-panels-stretch panel-row-style panel-row-style-for-7640-2\" data-stretch-type=\"full-stretched-padded\" ><div id=\"pgc-7640-2-0\"  class=\"panel-grid-cell\" ><div id=\"panel-7640-2-0-0\" class=\"so-panel widget widget_skrv-testimonials panel-first-child panel-last-child\" data-index=\"2\" ><div\n\t\t\t\n\t\t\tclass=\"so-widget-skrv-testimonials so-widget-skrv-testimonials-default-c93e1481a745-7640\"\n\t\t\t\n\t\t>\n\n<div class=\"skrv-testimonials\">\n\n    \n  <h3 class=\"widget-title\"><span class=\"title-wrapper\"><span class=\"title_bg_character\" style=\"color:#f7f7f7\">\u201d<\/span><span class=\"title\">Testimonios sobre traducci\u00f3n para el sector de la automoci\u00f3n<\/span><\/span><\/h3>\n  <div id=\"skrv-testimonial\" class=\"carousel slide\" data-bs-interval=\"4000\" data-bs-ride=\"carousel\" data-bs-touch=\"true\">\n    <div class=\"carousel-inner\">\n                <div class=\"skrv-testimonial-item carousel-item active\">\n        <div class=\"d-block\">\n                    <blockquote class=\"skrv-testimonial-text\">\u00abAntes ten\u00edamos graves problemas de calidad e impuntualidad en las entregas con todas nuestras traducciones, realmente necesit\u00e1bamos a un socio fiable y profesional. Empezamos a trabajar con Skrivanek hace aproximadamente un a\u00f1o y, desde entonces, han sido un gran apoyo para nosotros, nos han dado mucha flexibilidad con nuestros exigentes plazos de entrega. La terminolog\u00eda de las traducciones es siempre la adecuada, algo que indica su experiencia en el sector de la automoci\u00f3n. La comunicaci\u00f3n con su equipo es siempre f\u00e1cil, r\u00e1pida y cordial. Y m\u00e1s importante a\u00fan, constantemente nos piden nuestra opini\u00f3n sobre sus traducciones y su servicio. Realmente recomiendo a Skrivanek a cualquier persona que est\u00e9 buscando una agencia de traducci\u00f3n profesional\u00bb.<\/blockquote>\n          <h6 class=\"skrv-testimonial-client\">Fiat Chrysler Automobiles (FCA)<\/h6>\n        <\/div>\n      <\/div>\n        <\/div>\n\n    <a class=\"carousel-control-prev\" href=\"#0\" data-bs-target=\"#skrv-testimonial\" role=\"button\" data-bs-slide=\"prev\">\n      <span class=\"carousel-control-prev-icon\" aria-hidden=\"true\"><\/span>\n      <span class=\"sr-only\">Previous<\/span>\n    <\/a>\n    <a class=\"carousel-control-next\" href=\"#0\" data-bs-target=\"#skrv-testimonial\" role=\"button\" data-bs-slide=\"next\">\n      <span class=\"carousel-control-next-icon\" aria-hidden=\"true\"><\/span>\n      <span class=\"sr-only\">Next<\/span>\n    <\/a>\n\n    <ol class=\"carousel-indicators hidden\">\n                <li data-bs-target=\"#skrv-testimonial\" data-bs-slide-to=\"0\" class=\"active\"><\/li>\n        <\/ol>\n  <\/div>\n\n<\/div>\n\n<\/div><\/div><\/div><\/div><\/div><div id=\"pg-7640-3\"  class=\"panel-grid panel-has-style\" ><div class=\"siteorigin-panels-stretch panel-row-style panel-row-style-for-7640-3\" data-stretch-type=\"full\" ><div id=\"pgc-7640-3-0\"  class=\"panel-grid-cell\" ><div id=\"panel-7640-3-0-0\" class=\"so-panel widget widget_wpa9-card-s panel-first-child panel-last-child\" data-index=\"3\" ><div\n\t\t\t\n\t\t\tclass=\"so-widget-wpa9-card-s so-widget-wpa9-card-s-default-c93e1481a745-7640\"\n\t\t\t\n\t\t><div class=\"wpa9-card wpa9-card-s narrow positive\">\n\n\t<div class=\"wpa9-card-wrapper container\">\n\n\t\t<div class=\"wpa9-card-text\">\n\t\t\t<h2 class=\"wpa9-card-title\">\u00bfNecesita una traducci\u00f3n automovil\u00edstica? <\/h2>\n\t\t\t<div class=\"wpa9-card-content\"><p style=\"text-align: center\">No importa el texto que tenga que traducir, p\u00f3ngase en contacto con nosotros y elaboraremos un presupuesto.<\/p>\n<\/div>\t\t<\/div>\n\n\t\t\t\t<div class=\"meta meta-buttons d-flex flex-row justify-content-center\">\n\t\t\t\t\t\t\t<a class=\"btn btn-negative show-inquiry-form\" href=\"https:\/\/dev.skrivanek.com\/es\/consulta\/\" title=\"Enviar consulta\">Enviar consulta<\/a>\n\t\t\t\t<\/div>\n\t\t\n\t<\/div>\n\n<\/div>\n<\/div><\/div><\/div><\/div><\/div><\/div>","protected":false},"excerpt":{"rendered":"<p>Nuestros traductores especializados en el sector de la automoci\u00f3n son capaces de traducir todas las sutilezas de la industria moderna del autom\u00f3vil. Basandose en sus amplios conocimientos, proporcionan traducciones de m\u00e1xima calidad de innovaciones complejas, como el sistema de frenado m\u00e1s actual y los modelos h\u00edbridos. Nuestro departamento de garant\u00edas, con m\u00e1s de 20 a\u00f1os [&hellip;]<\/p>\n","protected":false},"author":1,"featured_media":0,"parent":7646,"menu_order":0,"comment_status":"closed","ping_status":"open","template":"","meta":{"_acf_changed":false,"content-type":"","footnotes":""},"class_list":["post-7640","page","type-page","status-publish","hentry"],"acf":[],"aioseo_notices":[],"_links":{"self":[{"href":"https:\/\/dev.skrivanek.com\/es\/wp-json\/wp\/v2\/pages\/7640","targetHints":{"allow":["GET"]}}],"collection":[{"href":"https:\/\/dev.skrivanek.com\/es\/wp-json\/wp\/v2\/pages"}],"about":[{"href":"https:\/\/dev.skrivanek.com\/es\/wp-json\/wp\/v2\/types\/page"}],"author":[{"embeddable":true,"href":"https:\/\/dev.skrivanek.com\/es\/wp-json\/wp\/v2\/users\/1"}],"replies":[{"embeddable":true,"href":"https:\/\/dev.skrivanek.com\/es\/wp-json\/wp\/v2\/comments?post=7640"}],"version-history":[{"count":4,"href":"https:\/\/dev.skrivanek.com\/es\/wp-json\/wp\/v2\/pages\/7640\/revisions"}],"predecessor-version":[{"id":83377,"href":"https:\/\/dev.skrivanek.com\/es\/wp-json\/wp\/v2\/pages\/7640\/revisions\/83377"}],"up":[{"embeddable":true,"href":"https:\/\/dev.skrivanek.com\/es\/wp-json\/wp\/v2\/pages\/7646"}],"wp:attachment":[{"href":"https:\/\/dev.skrivanek.com\/es\/wp-json\/wp\/v2\/media?parent=7640"}],"curies":[{"name":"wp","href":"https:\/\/api.w.org\/{rel}","templated":true}]}}