{"id":7642,"date":"2021-07-28T13:23:47","date_gmt":"2021-07-28T11:23:47","guid":{"rendered":"https:\/\/skrivanek.com\/interpretacion\/"},"modified":"2023-06-06T12:26:28","modified_gmt":"2023-06-06T10:26:28","slug":"interpretacion","status":"publish","type":"page","link":"https:\/\/dev.skrivanek.com\/es\/interpretacion\/","title":{"rendered":"Interpretaci\u00f3n"},"content":{"rendered":"<div id=\"pl-7642\"  class=\"panel-layout\" ><div id=\"pg-7642-0\"  class=\"panel-grid panel-has-style\" ><div class=\"siteorigin-panels-stretch panel-row-style panel-row-style-for-7642-0\" data-stretch-type=\"full\" ><div id=\"pgc-7642-0-0\"  class=\"panel-grid-cell\" ><div id=\"panel-7642-0-0-0\" class=\"so-panel widget widget_wpa9-card-m panel-first-child panel-last-child\" data-index=\"0\" ><div\n\t\t\t\n\t\t\tclass=\"so-widget-wpa9-card-m so-widget-wpa9-card-m-default-c93e1481a745-7642\"\n\t\t\t\n\t\t>\n\n<section class=\"wpa9-card wpa9-card-m-container d-flex flex-wrap justify-content-center LYugMN\">\n\n\t\n\t\t\n\t\t\t\n\t<article class=\"wpa9-card-m-panel wpa9-panel \">\n\t<a class=\"rounded\" href=\"\/es\/interpretacion\/interpretacion-de-conferencias\/\" title=\"Interpretaci\u00f3n de conferencias\">\n\t\t\t\t<header class=\"d-block flex-wrap pb-4\">\n\t\t\t\t\t\t\t<span class=\"wpa9-card-icon icon d-none\" style=\"background-image: url('https:\/\/dev.skrivanek.com\/wp-content\/uploads\/2021\/03\/ico-online-vyuka.svg')\"><\/span>\n\t\t\t\t<span class=\"wpa9-card-icon icon\" style=\"mask-image: url(https:\/\/dev.skrivanek.com\/wp-content\/uploads\/2021\/03\/ico-online-vyuka.svg); -webkit-mask-image: url(https:\/\/dev.skrivanek.com\/wp-content\/uploads\/2021\/03\/ico-online-vyuka.svg);\"><\/span>\n\t\t\t\n\t\t\t\t\t\t\t\t<h2 class=\"wpa9-card-title\">Interpretaci\u00f3n de conferencias<\/h2>\n\t\t\t\t<\/header>\n\n\t\t\t\t<main class=\"wpa9-card-content\"><p>Trabaje con un socio de interpretaci\u00f3n que abarca m\u00e1s de 40 idiomas en varias combinaciones y que proporciona int\u00e9rpretes expertos donde los\u00a0necesite.<\/p>\n<\/main>\n\t\t\n\t<\/a>\t<\/article>\n\t\t\n\t\t\t\n\t<article class=\"wpa9-card-m-panel wpa9-panel \">\n\t<a class=\"rounded\" href=\"\/es\/interpretacion\/interpretacion-de-reuniones-de-negocios\/\" title=\"Interpretaci\u00f3n de reuniones de negocios\">\n\t\t\t\t<header class=\"d-block flex-wrap pb-4\">\n\t\t\t\t\t\t\t<span class=\"wpa9-card-icon icon d-none\" style=\"background-image: url('https:\/\/dev.skrivanek.com\/wp-content\/uploads\/2021\/03\/ico-jazykove-zkousky.svg')\"><\/span>\n\t\t\t\t<span class=\"wpa9-card-icon icon\" style=\"mask-image: url(https:\/\/dev.skrivanek.com\/wp-content\/uploads\/2021\/03\/ico-jazykove-zkousky.svg); -webkit-mask-image: url(https:\/\/dev.skrivanek.com\/wp-content\/uploads\/2021\/03\/ico-jazykove-zkousky.svg);\"><\/span>\n\t\t\t\n\t\t\t\t\t\t\t\t<h2 class=\"wpa9-card-title\">Interpretaci\u00f3n de reuniones de negocios<\/h2>\n\t\t\t\t<\/header>\n\n\t\t\t\t<main class=\"wpa9-card-content\"><p>Con nuestro gran equipo de int\u00e9rpretes profesionales y experimentados, los asistentes a sus reuniones hablar\u00e1n el mismo idioma sin necesidad de conocerlo realmente.<\/p>\n<\/main>\n\t\t\n\t<\/a>\t<\/article>\n\t\t\n\t\t\t\n\t<article class=\"wpa9-card-m-panel wpa9-panel \">\n\t<a class=\"rounded\" href=\"\/es\/interpretacion\/interpretacion-en-juzgados\/\" title=\"Interpretaci\u00f3n en juzgados\">\n\t\t\t\t<header class=\"d-block flex-wrap pb-4\">\n\t\t\t\t\t\t\t<span class=\"wpa9-card-icon icon d-none\" style=\"background-image: url('https:\/\/dev.skrivanek.com\/wp-content\/uploads\/2021\/03\/ico-tlumoceni-soudni.svg')\"><\/span>\n\t\t\t\t<span class=\"wpa9-card-icon icon\" style=\"mask-image: url(https:\/\/dev.skrivanek.com\/wp-content\/uploads\/2021\/03\/ico-tlumoceni-soudni.svg); -webkit-mask-image: url(https:\/\/dev.skrivanek.com\/wp-content\/uploads\/2021\/03\/ico-tlumoceni-soudni.svg);\"><\/span>\n\t\t\t\n\t\t\t\t\t\t\t\t<h2 class=\"wpa9-card-title\">Interpretaci\u00f3n en juzgados<\/h2>\n\t\t\t\t<\/header>\n\n\t\t\t\t<main class=\"wpa9-card-content\"><p>Este tipo de interpretaci\u00f3n requiere una gran precisi\u00f3n, independencia e imparcialidad. Los int\u00e9rpretes deben tener un compromiso firme con estos\u00a0principios.<\/p>\n<\/main>\n\t\t\n\t<\/a>\t<\/article>\n\t\t\n\t\t\t\n\t<article class=\"wpa9-card-m-panel wpa9-panel \">\n\t<a class=\"rounded\" href=\"\/es\/interpretacion\/interpretacion-remota\/\" title=\"Interpretaci\u00f3n remota\">\n\t\t\t\t<header class=\"d-block flex-wrap pb-4\">\n\t\t\t\t\t\t\t<span class=\"wpa9-card-icon icon d-none\" style=\"background-image: url('https:\/\/dev.skrivanek.com\/wp-content\/uploads\/2021\/03\/ico-telefonicka-vyuka.svg')\"><\/span>\n\t\t\t\t<span class=\"wpa9-card-icon icon\" style=\"mask-image: url(https:\/\/dev.skrivanek.com\/wp-content\/uploads\/2021\/03\/ico-telefonicka-vyuka.svg); -webkit-mask-image: url(https:\/\/dev.skrivanek.com\/wp-content\/uploads\/2021\/03\/ico-telefonicka-vyuka.svg);\"><\/span>\n\t\t\t\n\t\t\t\t\t\t\t\t<h2 class=\"wpa9-card-title\">Interpretaci\u00f3n remota<\/h2>\n\t\t\t\t<\/header>\n\n\t\t\t\t<main class=\"wpa9-card-content\"><p>La moderna tecnolog\u00eda de comunicaci\u00f3n nos permite interpretar presentaciones y sesiones de formaci\u00f3n a trav\u00e9s del tel\u00e9fono o de videoconferencias para que la comunicaci\u00f3n sea\u00a0constante.<\/p>\n<\/main>\n\t\t\n\t<\/a>\t<\/article>\n\t\t\n\t\t\t\n\t<article class=\"wpa9-card-m-panel wpa9-panel \">\n\t<a class=\"rounded\" href=\"\/es\/interpretacion\/moderador-de-reuniones-virtuales\/\" title=\"Moderador de reuniones virtuales\">\n\t\t\t\t<header class=\"d-block flex-wrap pb-4\">\n\t\t\t\t\t\t\t<span class=\"wpa9-card-icon icon d-none\" style=\"background-image: url('https:\/\/dev.skrivanek.com\/wp-content\/uploads\/2021\/03\/ico-e-learning.svg')\"><\/span>\n\t\t\t\t<span class=\"wpa9-card-icon icon\" style=\"mask-image: url(https:\/\/dev.skrivanek.com\/wp-content\/uploads\/2021\/03\/ico-e-learning.svg); -webkit-mask-image: url(https:\/\/dev.skrivanek.com\/wp-content\/uploads\/2021\/03\/ico-e-learning.svg);\"><\/span>\n\t\t\t\n\t\t\t\t\t\t\t\t<h2 class=\"wpa9-card-title\">Moderador de reuniones virtuales<\/h2>\n\t\t\t\t<\/header>\n\n\t\t\t\t<main class=\"wpa9-card-content\"><p class=\"entry-subtitle border-top-c-green\">Las reuniones en l\u00ednea son realmente importantes... cuando funcionan. Las sesiones de teleconferencia pueden ser sencillas, menos costosas porque eliminan los gastos de transporte y mucho m\u00e1s eficaces.<\/p>\n<\/main>\n\t\t\n\t<\/a>\t<\/article>\n\t\t\n\n\t\t\n\t\n<\/section>\n<\/div><\/div><\/div><\/div><\/div><div id=\"pg-7642-1\"  class=\"panel-grid panel-has-style\" ><div class=\"siteorigin-panels-stretch panel-row-padding-normal panel-row-style panel-row-style-for-7642-1\" data-stretch-type=\"full\" ><div id=\"pgc-7642-1-0\"  class=\"panel-grid-cell\" ><div id=\"panel-7642-1-0-0\" class=\"so-panel widget widget_wpa9-editor-ext panel-first-child panel-last-child\" data-index=\"1\" ><div\n\t\t\t\n\t\t\tclass=\"so-widget-wpa9-editor-ext so-widget-wpa9-editor-ext-default-c93e1481a745-7642\"\n\t\t\t\n\t\t>\n<div class=\"siteorigin-widget-tinymce textwidget\">\n\t<h3 style=\"text-align: center;\">Conozca por adelantado el precio de los servicios de interpretaci\u00f3n.<\/h3>\n<p>\u00a0<\/p>\n<p style=\"text-align: left;\">Proporci\u00f3nenos todos los detalles del evento, si es en persona o en remoto, y elaboraremos un presupuesto detallado y preciso antes de iniciar el proyecto. Puede confiar en nuestra experiencia a la hora de recomendarle qu\u00e9 tipo de interpretaci\u00f3n elegir.<\/p>\n<\/div>\n<\/div><\/div><\/div><\/div><\/div><div id=\"pg-7642-2\"  class=\"panel-grid panel-no-style\" ><div id=\"pgc-7642-2-0\"  class=\"panel-grid-cell\" ><div id=\"panel-7642-2-0-0\" class=\"so-panel widget widget_wpa9-steps panel-first-child panel-last-child\" data-index=\"2\" ><div\n\t\t\t\n\t\t\tclass=\"so-widget-wpa9-steps so-widget-wpa9-steps-default-c93e1481a745-7642\"\n\t\t\t\n\t\t><div class=\"wpa9-steps\">\n\t<div class=\"wpa9-steps-togglers d-flex flex-wrap justify-content-center\" data-wpa9-interval=\"7000\">\n\t\t\t\n\t\t<div class=\"wpa9-steps-toggler-wrapper wpa9-steps-active\" id=\"wpa9-steps-toggler-panel-0\">\n\t\t\t<div class=\"wpa9-steps-toggler f-headlines d-flex align-items-center justify-content-center\" data-content=\"panel-0\" role=\"button\">\n\t\t\t\t\t\t\t\t<span class=\"wpa9-step-title\">Colaboramos con usted<\/span>\n\t\t\t\t\t\t\t<\/div>\n\t\t\t<div class=\"wpa9-steps-decoration\"><\/div>\n\t\t<\/div>\n\t\t<div class=\"wpa9-steps-content wpa9-steps-active\" role=\"region\" id=\"wpa9-steps-content-panel-0\">\n\t\t\t<p>D\u00edganos para qu\u00e9 tipo de evento necesita la interpretaci\u00f3n y le recomendaremos el tipo de interpretaci\u00f3n que m\u00e1s se ajuste a sus necesidades. O simplemente d\u00edganos lo que prefiere y elaboraremos un\u00a0presupuesto.<\/p>\n\t\t<\/div>\n\t\t<div class=\"wpa9-steps-hyphen hyphen-visible\"><\/div>\t\t\t\n\t\t<div class=\"wpa9-steps-toggler-wrapper\" id=\"wpa9-steps-toggler-panel-1\">\n\t\t\t<div class=\"wpa9-steps-toggler f-headlines d-flex align-items-center justify-content-center\" data-content=\"panel-1\" role=\"button\">\n\t\t\t\t\t\t\t\t<span class=\"wpa9-step-title\">Le presentamos a su int\u00e9rprete<\/span>\n\t\t\t\t\t\t\t<\/div>\n\t\t\t<div class=\"wpa9-steps-decoration\"><\/div>\n\t\t<\/div>\n\t\t<div class=\"wpa9-steps-content\" role=\"region\" id=\"wpa9-steps-content-panel-1\">\n\t\t\t<p>Cuando haya aprobado el presupuesto, le pondremos en contacto directamente con el int\u00e9rprete asignado. H\u00e1blele de sus planes.<\/p>\n\t\t<\/div>\n\t\t<div class=\"wpa9-steps-hyphen hyphen-visible\"><\/div>\t\t\t\n\t\t<div class=\"wpa9-steps-toggler-wrapper\" id=\"wpa9-steps-toggler-panel-2\">\n\t\t\t<div class=\"wpa9-steps-toggler f-headlines d-flex align-items-center justify-content-center\" data-content=\"panel-2\" role=\"button\">\n\t\t\t\t\t\t\t\t<span class=\"wpa9-step-title\">Ofrecemos flexibilidad<\/span>\n\t\t\t\t\t\t\t<\/div>\n\t\t\t<div class=\"wpa9-steps-decoration\"><\/div>\n\t\t<\/div>\n\t\t<div class=\"wpa9-steps-content\" role=\"region\" id=\"wpa9-steps-content-panel-2\">\n\t\t\t<p>Nuestros int\u00e9rpretes afables y serviciales estar\u00e1n disponibles para usted en cualquier momento durante el evento. Si no est\u00e1 seguro del proceso o tiene alguna pregunta, no dude en recurrir a su int\u00e9rprete.<\/p>\n\t\t<\/div>\n\t\t<div class=\"wpa9-steps-hyphen hyphen-visible\"><\/div>\t\t\t\n\t\t<div class=\"wpa9-steps-toggler-wrapper\" id=\"wpa9-steps-toggler-panel-3\">\n\t\t\t<div class=\"wpa9-steps-toggler f-headlines d-flex align-items-center justify-content-center\" data-content=\"panel-3\" role=\"button\">\n\t\t\t\t\t\t\t\t<span class=\"wpa9-step-title\">Facilitamos los futuros proyectos<\/span>\n\t\t\t\t\t\t\t<\/div>\n\t\t\t<div class=\"wpa9-steps-decoration\"><\/div>\n\t\t<\/div>\n\t\t<div class=\"wpa9-steps-content\" role=\"region\" id=\"wpa9-steps-content-panel-3\">\n\t\t\t<p>\u00bfEst\u00e1 satisfecho con el int\u00e9rprete?. Puede realizar una petici\u00f3n especial para que el mismo int\u00e9rprete le acompa\u00f1e en su pr\u00f3ximo evento. Estaremos encantados de asign\u00e1rselo.<\/p>\n\t\t<\/div>\n\t\t\t\t<\/div>\n\t<div class=\"wpa9-steps-contents-wrapper\">\n\t\t\t\t\t<div class=\"wpa9-steps-content _step_4_1 wpa9-steps-active\" role=\"region\" id=\"wpa9-steps-content-panel-0\">\n\t\t\t<p>D\u00edganos para qu\u00e9 tipo de evento necesita la interpretaci\u00f3n y le recomendaremos el tipo de interpretaci\u00f3n que m\u00e1s se ajuste a sus necesidades. O simplemente d\u00edganos lo que prefiere y elaboraremos un\u00a0presupuesto.<\/p>\n\t\t<\/div>\n\t\t\t\t\t<div class=\"wpa9-steps-content _step_4_2\" role=\"region\" id=\"wpa9-steps-content-panel-1\">\n\t\t\t<p>Cuando haya aprobado el presupuesto, le pondremos en contacto directamente con el int\u00e9rprete asignado. H\u00e1blele de sus planes.<\/p>\n\t\t<\/div>\n\t\t\t\t\t<div class=\"wpa9-steps-content _step_4_3\" role=\"region\" id=\"wpa9-steps-content-panel-2\">\n\t\t\t<p>Nuestros int\u00e9rpretes afables y serviciales estar\u00e1n disponibles para usted en cualquier momento durante el evento. Si no est\u00e1 seguro del proceso o tiene alguna pregunta, no dude en recurrir a su int\u00e9rprete.<\/p>\n\t\t<\/div>\n\t\t\t\t\t<div class=\"wpa9-steps-content _step_4_4\" role=\"region\" id=\"wpa9-steps-content-panel-3\">\n\t\t\t<p>\u00bfEst\u00e1 satisfecho con el int\u00e9rprete?. Puede realizar una petici\u00f3n especial para que el mismo int\u00e9rprete le acompa\u00f1e en su pr\u00f3ximo evento. Estaremos encantados de asign\u00e1rselo.<\/p>\n\t\t<\/div>\n\t\t<\/div>\n\t<\/div>\n<\/div><\/div><\/div><\/div><div id=\"pg-7642-3\"  class=\"panel-grid panel-has-style\" ><div class=\"siteorigin-panels-stretch panel-row-padding-none panel-row-style panel-row-style-for-7642-3\" data-stretch-type=\"full\" ><div id=\"pgc-7642-3-0\"  class=\"panel-grid-cell\" ><div id=\"panel-7642-3-0-0\" class=\"so-panel widget widget_wpa9-accordion panel-first-child panel-last-child\" data-index=\"3\" ><div\n\t\t\t\n\t\t\tclass=\"so-widget-wpa9-accordion so-widget-wpa9-accordion-default-c93e1481a745-7642\"\n\t\t\t\n\t\t><h3 class=\"widget-title\">Preguntas frecuentes<\/h3><div class=\"wpa9-accordion\">\n\t<div class=\"wpa9-accordion-panel\" id=\"wpa9-accordion-panel-que-tipo-de-interpretacion-ofrece-skrivanek\">\n\n\t\t<div class=\"wpa9-accordion-toggler d-flex\" data-panel=\"que-tipo-de-interpretacion-ofrece-skrivanek\" role=\"button\" aria-controls=\"wpa9-accordion-panel-que-tipo-de-interpretacion-ofrece-skrivanek\" aria-expanded=\"false\">\n\n\t\t\t<div class=\"wpa9-accordion-icon wpa9-accordion-icon-open\"><\/div>\n\n\t\t\t<div class=\"wpa9-accordion-title\">\u00bfQu\u00e9 tipo de interpretaci\u00f3n ofrece Skrivanek?<\/div>\n\n\t\t<\/div>\n\n\t\t<div class=\"wpa9-accordion-content\" role=\"region\">\n\t\t\tInterpretaci\u00f3n en juzgados, de conferencias y reuniones o interpretaci\u00f3n remota. Nuestro equipo cualificado puede trabajar en combinaciones de hasta 80 idiomas.\t\t<\/div>\n\n\t<\/div>\n\t<div class=\"wpa9-accordion-panel\" id=\"wpa9-accordion-panel-puedo-trabajar-con-el-mismo-interprete-para-mi-proximo-evento\">\n\n\t\t<div class=\"wpa9-accordion-toggler d-flex\" data-panel=\"puedo-trabajar-con-el-mismo-interprete-para-mi-proximo-evento\" role=\"button\" aria-controls=\"wpa9-accordion-panel-puedo-trabajar-con-el-mismo-interprete-para-mi-proximo-evento\" aria-expanded=\"false\">\n\n\t\t\t<div class=\"wpa9-accordion-icon wpa9-accordion-icon-open\"><\/div>\n\n\t\t\t<div class=\"wpa9-accordion-title\">\u00bfPuedo trabajar con el mismo int\u00e9rprete para mi pr\u00f3ximo evento?<\/div>\n\n\t\t<\/div>\n\n\t\t<div class=\"wpa9-accordion-content\" role=\"region\">\n\t\t\tS\u00ed, si est\u00e1 satisfecho con el trabajo de un int\u00e9rprete concreto que est\u00e9 disponible para su pr\u00f3ximo evento, estaremos encantados de asign\u00e1rselo de nuevo.\t\t<\/div>\n\n\t<\/div>\n\t<div class=\"wpa9-accordion-panel\" id=\"wpa9-accordion-panel-cuanto-tiempo-pasara-el-interprete-conmigo\">\n\n\t\t<div class=\"wpa9-accordion-toggler d-flex\" data-panel=\"cuanto-tiempo-pasara-el-interprete-conmigo\" role=\"button\" aria-controls=\"wpa9-accordion-panel-cuanto-tiempo-pasara-el-interprete-conmigo\" aria-expanded=\"false\">\n\n\t\t\t<div class=\"wpa9-accordion-icon wpa9-accordion-icon-open\"><\/div>\n\n\t\t\t<div class=\"wpa9-accordion-title\">\u00bfCu\u00e1nto tiempo pasar\u00e1 el int\u00e9rprete conmigo?<\/div>\n\n\t\t<\/div>\n\n\t\t<div class=\"wpa9-accordion-content\" role=\"region\">\n\t\t\tEsto depende del acuerdo concreto al que hayamos llegado y de cu\u00e1les sean los requisitos. Si cree que necesita un int\u00e9rprete para un tiempo espec\u00edfico, nos aseguraremos de que est\u00e9 100\u00a0% disponible.\t\t<\/div>\n\n\t<\/div>\n<\/div>\n<\/div><\/div><\/div><\/div><\/div><div id=\"pg-7642-4\"  class=\"panel-grid panel-no-style\" ><div id=\"pgc-7642-4-0\"  class=\"panel-grid-cell\" ><div id=\"panel-7642-4-0-0\" class=\"so-panel widget widget_wpa9-card-s panel-first-child panel-last-child\" data-index=\"4\" ><div class=\"mascot mascot-10 panel-widget-style panel-widget-style-for-7642-4-0-0\" ><div\n\t\t\t\n\t\t\tclass=\"so-widget-wpa9-card-s so-widget-wpa9-card-s-default-c93e1481a745-7642\"\n\t\t\t\n\t\t><div class=\"wpa9-card wpa9-card-s narrow positive\">\n\n\t<div class=\"wpa9-card-wrapper container\">\n\n\t\t<div class=\"wpa9-card-text\">\n\t\t\t<h2 class=\"wpa9-card-title\">\u00bfNecesita un int\u00e9rprete?<\/h2>\n\t\t\t<div class=\"wpa9-card-content\"><p style=\"text-align: center\">P\u00f3ngase en contacto con nosotros y elaboraremos un presupuesto.<\/p>\n<\/div>\t\t<\/div>\n\n\t\t\t\t<div class=\"meta meta-buttons d-flex flex-row justify-content-center\">\n\t\t\t\t\t<a class=\"btn btn-negative show-inquiry-form\" href=\"https:\/\/dev.skrivanek.com\/es\/consulta\/\" title=\"Enviar consulta\">Enviar consulta<\/a>\n\t\t\t\t\t\t<\/div>\n\t\t\n\t<\/div>\n\n<\/div>\n<\/div><\/div><\/div><\/div><\/div><\/div>","protected":false},"excerpt":{"rendered":"<p>Interpretaci\u00f3n de conferencias Trabaje con un socio de interpretaci\u00f3n que abarca m\u00e1s de 40 idiomas en varias combinaciones y que proporciona int\u00e9rpretes expertos donde los\u00a0necesite. Interpretaci\u00f3n de reuniones de negocios Con nuestro gran equipo de int\u00e9rpretes profesionales y experimentados, los asistentes a sus reuniones hablar\u00e1n el mismo idioma sin necesidad de conocerlo realmente. Interpretaci\u00f3n en [&hellip;]<\/p>\n","protected":false},"author":1,"featured_media":0,"parent":0,"menu_order":0,"comment_status":"closed","ping_status":"open","template":"","meta":{"_acf_changed":false,"content-type":"","footnotes":""},"class_list":["post-7642","page","type-page","status-publish","hentry"],"acf":[],"aioseo_notices":[],"_links":{"self":[{"href":"https:\/\/dev.skrivanek.com\/es\/wp-json\/wp\/v2\/pages\/7642","targetHints":{"allow":["GET"]}}],"collection":[{"href":"https:\/\/dev.skrivanek.com\/es\/wp-json\/wp\/v2\/pages"}],"about":[{"href":"https:\/\/dev.skrivanek.com\/es\/wp-json\/wp\/v2\/types\/page"}],"author":[{"embeddable":true,"href":"https:\/\/dev.skrivanek.com\/es\/wp-json\/wp\/v2\/users\/1"}],"replies":[{"embeddable":true,"href":"https:\/\/dev.skrivanek.com\/es\/wp-json\/wp\/v2\/comments?post=7642"}],"version-history":[{"count":3,"href":"https:\/\/dev.skrivanek.com\/es\/wp-json\/wp\/v2\/pages\/7642\/revisions"}],"predecessor-version":[{"id":78608,"href":"https:\/\/dev.skrivanek.com\/es\/wp-json\/wp\/v2\/pages\/7642\/revisions\/78608"}],"wp:attachment":[{"href":"https:\/\/dev.skrivanek.com\/es\/wp-json\/wp\/v2\/media?parent=7642"}],"curies":[{"name":"wp","href":"https:\/\/api.w.org\/{rel}","templated":true}]}}