{"id":7308,"date":"2021-07-20T17:30:43","date_gmt":"2021-07-20T15:30:43","guid":{"rendered":"https:\/\/skrivanek.com\/interpretation\/"},"modified":"2024-05-29T14:28:00","modified_gmt":"2024-05-29T12:28:00","slug":"interpretation","status":"publish","type":"page","link":"https:\/\/dev.skrivanek.com\/fr\/interpretation\/","title":{"rendered":"Interpr\u00e9tation"},"content":{"rendered":"<div id=\"pl-7308\"  class=\"panel-layout\" ><div id=\"pg-7308-0\"  class=\"panel-grid panel-has-style\" ><div class=\"siteorigin-panels-stretch panel-row-style panel-row-style-for-7308-0\" data-stretch-type=\"full\" ><div id=\"pgc-7308-0-0\"  class=\"panel-grid-cell\" ><div id=\"panel-7308-0-0-0\" class=\"so-panel widget widget_wpa9-card-m panel-first-child panel-last-child\" data-index=\"0\" ><div\n\t\t\t\n\t\t\tclass=\"so-widget-wpa9-card-m so-widget-wpa9-card-m-default-c93e1481a745-7308\"\n\t\t\t\n\t\t>\n\n<section class=\"wpa9-card wpa9-card-m-container d-flex flex-wrap justify-content-center sJOyvU\">\n\n\t\n\t\t\n\t\t\t\n\t<article class=\"wpa9-card-m-panel wpa9-panel \">\n\t<a class=\"rounded\" href=\"\/fr\/interpretation\/interpretation-a-distance\/\" title=\"Interpr\u00e9tation \u00e0 distance\">\n\t\t\t\t<header class=\"d-block flex-wrap pb-4\">\n\t\t\t\t\t\t\t<span class=\"wpa9-card-icon icon d-none\" style=\"background-image: url('https:\/\/dev.skrivanek.com\/wp-content\/uploads\/2021\/03\/ico-telefonicka-vyuka.svg')\"><\/span>\n\t\t\t\t<span class=\"wpa9-card-icon icon\" style=\"mask-image: url(https:\/\/dev.skrivanek.com\/wp-content\/uploads\/2021\/03\/ico-telefonicka-vyuka.svg); -webkit-mask-image: url(https:\/\/dev.skrivanek.com\/wp-content\/uploads\/2021\/03\/ico-telefonicka-vyuka.svg);\"><\/span>\n\t\t\t\n\t\t\t\t\t\t\t\t<h2 class=\"wpa9-card-title\">Interpr\u00e9tation \u00e0 distance<\/h2>\n\t\t\t\t<\/header>\n\n\t\t\t\t<main class=\"wpa9-card-content\"><p>Les technologies de communication modernes permettent de faire de l\u2019interpr\u00e9tation lors de pr\u00e9sentations et de s\u00e9ances de formations, par t\u00e9l\u00e9phone ou vid\u00e9oconf\u00e9rences pour une communication continue.<\/p>\n<\/main>\n\t\t\n\t<\/a>\t<\/article>\n\t\t\n\t\t\t\n\t<article class=\"wpa9-card-m-panel wpa9-panel \">\n\t<a class=\"rounded\" href=\"\/fr\/interpretation\/interpretation-judiciaire\/\" title=\"Interpr\u00e9tation judiciaire\">\n\t\t\t\t<header class=\"d-block flex-wrap pb-4\">\n\t\t\t\t\t\t\t<span class=\"wpa9-card-icon icon d-none\" style=\"background-image: url('https:\/\/dev.skrivanek.com\/wp-content\/uploads\/2021\/03\/ico-tlumoceni-soudni.svg')\"><\/span>\n\t\t\t\t<span class=\"wpa9-card-icon icon\" style=\"mask-image: url(https:\/\/dev.skrivanek.com\/wp-content\/uploads\/2021\/03\/ico-tlumoceni-soudni.svg); -webkit-mask-image: url(https:\/\/dev.skrivanek.com\/wp-content\/uploads\/2021\/03\/ico-tlumoceni-soudni.svg);\"><\/span>\n\t\t\t\n\t\t\t\t\t\t\t\t<h2 class=\"wpa9-card-title\">Interpr\u00e9tation judiciaire<\/h2>\n\t\t\t\t<\/header>\n\n\t\t\t\t<main class=\"wpa9-card-content\"><p>De nombreuses demandes en termes de pr\u00e9cision, d\u2019ind\u00e9pendance et d\u2019impartialit\u00e9 dans une cour de justice d\u00e9pendent des interpr\u00e8tes judiciaires faisant preuve d\u2019un engagement ind\u00e9fectible envers ces principes.<\/p>\n<\/main>\n\t\t\n\t<\/a>\t<\/article>\n\t\t\n\t\t\t\n\t<article class=\"wpa9-card-m-panel wpa9-panel \">\n\t<a class=\"rounded\" href=\"\/fr\/interpretation\/interpretation-lors-de-conferences\/\" title=\"Interpr\u00e9tation lors de conf\u00e9rences\">\n\t\t\t\t<header class=\"d-block flex-wrap pb-4\">\n\t\t\t\t\t\t\t<span class=\"wpa9-card-icon icon d-none\" style=\"background-image: url('https:\/\/dev.skrivanek.com\/wp-content\/uploads\/2021\/03\/ico-online-vyuka.svg')\"><\/span>\n\t\t\t\t<span class=\"wpa9-card-icon icon\" style=\"mask-image: url(https:\/\/dev.skrivanek.com\/wp-content\/uploads\/2021\/03\/ico-online-vyuka.svg); -webkit-mask-image: url(https:\/\/dev.skrivanek.com\/wp-content\/uploads\/2021\/03\/ico-online-vyuka.svg);\"><\/span>\n\t\t\t\n\t\t\t\t\t\t\t\t<h2 class=\"wpa9-card-title\">Interpr\u00e9tation lors de conf\u00e9rences<\/h2>\n\t\t\t\t<\/header>\n\n\t\t\t\t<main class=\"wpa9-card-content\"><p>Collaborez avec un partenaire en interpr\u00e9tation qui couvre plus de 40\u00a0langues dans diff\u00e9rentes combinaisons, et qui propose des interpr\u00e8tes exp\u00e9riment\u00e9s d\u00e8s que vous en avez besoin.<\/p>\n<\/main>\n\t\t\n\t<\/a>\t<\/article>\n\t\t\n\t\t\t\n\t<article class=\"wpa9-card-m-panel wpa9-panel \">\n\t<a class=\"rounded\" href=\"\/fr\/interpretation\/interpretation-lors-de-reunions-daffaires\/\" title=\"Interpr\u00e9tation lors de r\u00e9unions d\u2019affaires\">\n\t\t\t\t<header class=\"d-block flex-wrap pb-4\">\n\t\t\t\t\t\t\t<span class=\"wpa9-card-icon icon d-none\" style=\"background-image: url('https:\/\/dev.skrivanek.com\/wp-content\/uploads\/2021\/03\/ico-jazykove-zkousky.svg')\"><\/span>\n\t\t\t\t<span class=\"wpa9-card-icon icon\" style=\"mask-image: url(https:\/\/dev.skrivanek.com\/wp-content\/uploads\/2021\/03\/ico-jazykove-zkousky.svg); -webkit-mask-image: url(https:\/\/dev.skrivanek.com\/wp-content\/uploads\/2021\/03\/ico-jazykove-zkousky.svg);\"><\/span>\n\t\t\t\n\t\t\t\t\t\t\t\t<h2 class=\"wpa9-card-title\">Interpr\u00e9tation lors de r\u00e9unions d\u2019affaires<\/h2>\n\t\t\t\t<\/header>\n\n\t\t\t\t<main class=\"wpa9-card-content\"><p>Gr\u00e2ce \u00e0 notre vaste \u00e9quipe d\u2019interpr\u00e8tes professionnels et exp\u00e9riment\u00e9s, les personnes participant \u00e0 votre r\u00e9union parleront toutes le m\u00eame langage, sans parler la m\u00eame langue.<\/p>\n<\/main>\n\t\t\n\t<\/a>\t<\/article>\n\t\t\n\t\t\t\n\t<article class=\"wpa9-card-m-panel wpa9-panel \">\n\t<a class=\"rounded\" href=\"\/fr\/interpretation\/moderateur-de-reunion-virtuelle\/\" title=\"Mod\u00e9rateur de r\u00e9union virtuelle\">\n\t\t\t\t<header class=\"d-block flex-wrap pb-4\">\n\t\t\t\t\t\t\t<span class=\"wpa9-card-icon icon d-none\" style=\"background-image: url('https:\/\/dev.skrivanek.com\/wp-content\/uploads\/2021\/03\/ico-e-learning.svg')\"><\/span>\n\t\t\t\t<span class=\"wpa9-card-icon icon\" style=\"mask-image: url(https:\/\/dev.skrivanek.com\/wp-content\/uploads\/2021\/03\/ico-e-learning.svg); -webkit-mask-image: url(https:\/\/dev.skrivanek.com\/wp-content\/uploads\/2021\/03\/ico-e-learning.svg);\"><\/span>\n\t\t\t\n\t\t\t\t\t\t\t\t<h2 class=\"wpa9-card-title\">Mod\u00e9rateur de r\u00e9union virtuelle<\/h2>\n\t\t\t\t<\/header>\n\n\t\t\t\t<main class=\"wpa9-card-content\"><p class=\"entry-subtitle border-top-c-green\">Les r\u00e9unions en ligne sont pr\u00e9cieuses, lorsqu\u2019elles fonctionnent. Les s\u00e9ances de t\u00e9l\u00e9conf\u00e9rence sont plus faciles \u00e0 organiser \u00e0 la derni\u00e8re minute, sont moins on\u00e9reuses car les co\u00fbts de d\u00e9placement sont supprim\u00e9s et sont bien plus efficaces.<\/p>\n<\/main>\n\t\t\n\t<\/a>\t<\/article>\n\t\t\n\n\t\t\n\t\n<\/section>\n<\/div><\/div><\/div><\/div><\/div><div id=\"pg-7308-1\"  class=\"panel-grid panel-has-style\" ><div class=\"siteorigin-panels-stretch panel-row-padding-normal panel-row-style panel-row-style-for-7308-1\" data-stretch-type=\"full\" ><div id=\"pgc-7308-1-0\"  class=\"panel-grid-cell\" ><div id=\"panel-7308-1-0-0\" class=\"so-panel widget widget_wpa9-editor-ext panel-first-child panel-last-child\" data-index=\"1\" ><div\n\t\t\t\n\t\t\tclass=\"so-widget-wpa9-editor-ext so-widget-wpa9-editor-ext-default-c93e1481a745-7308\"\n\t\t\t\n\t\t>\n<div class=\"siteorigin-widget-tinymce textwidget\">\n\t<h3 style=\"text-align: center;\">Ayez connaissance des co\u00fbts d\u2019interpr\u00e9tation \u00e0 l\u2019avance<\/h3>\n<p style=\"text-align: center;\">Donnez-nous tous les d\u00e9tails concernant l\u2019\u00e9v\u00e9nement, s\u2019il aura lieu en personne ou \u00e0 distance, et nous fournirons un devis d\u00e9taill\u00e9 et pr\u00e9cis avant que le projet ne d\u00e9marre. Vous pouvez avoir confiance en notre exp\u00e9rience, nous vous fournirons les meilleures recommandations concernant le type d\u2019interpr\u00e9tation que vous devez choisir.<\/p>\n<p>&nbsp;<\/p>\n<p style=\"text-align: center;\"><span style=\"font-size: 20px;\"><a class=\"btn btn-negative btn-size-l\" href=\"https:\/\/skrivanek.com\/fr\/enquete\/\">Je suis int\u00e9ress\u00e9 par l'interpr\u00e9tation<\/a><\/span><\/p>\n<\/div>\n<\/div><\/div><\/div><\/div><\/div><div id=\"pg-7308-2\"  class=\"panel-grid panel-no-style\" ><div id=\"pgc-7308-2-0\"  class=\"panel-grid-cell\" ><div id=\"panel-7308-2-0-0\" class=\"so-panel widget widget_wpa9-steps panel-first-child panel-last-child\" data-index=\"2\" ><div\n\t\t\t\n\t\t\tclass=\"so-widget-wpa9-steps so-widget-wpa9-steps-default-c93e1481a745-7308\"\n\t\t\t\n\t\t><div class=\"wpa9-steps\">\n\t<div class=\"wpa9-steps-togglers d-flex flex-wrap justify-content-center\" data-wpa9-interval=\"7000\">\n\t\t\t\n\t\t<div class=\"wpa9-steps-toggler-wrapper wpa9-steps-active\" id=\"wpa9-steps-toggler-panel-0\">\n\t\t\t<div class=\"wpa9-steps-toggler f-headlines d-flex align-items-center justify-content-center\" data-content=\"panel-0\" role=\"button\">\n\t\t\t\t\t\t\t\t<span class=\"wpa9-step-title\">Nous collaborons avec vous<\/span>\n\t\t\t\t\t\t\t<\/div>\n\t\t\t<div class=\"wpa9-steps-decoration\"><\/div>\n\t\t<\/div>\n\t\t<div class=\"wpa9-steps-content wpa9-steps-active\" role=\"region\" id=\"wpa9-steps-content-panel-0\">\n\t\t\t<p>Dites-nous tout de l\u2019\u00e9v\u00e9nement pour lequel vous avez besoin d\u2019un interpr\u00e8te, et nous vous recommanderons le type d\u2019interpr\u00e9tation le mieux adapt\u00e9. Ou faites-nous simplement part de votre pr\u00e9f\u00e9rence et nous serons heureux de vous \u00e9tablir un devis.<\/p>\n\t\t<\/div>\n\t\t<div class=\"wpa9-steps-hyphen hyphen-visible\"><\/div>\t\t\t\n\t\t<div class=\"wpa9-steps-toggler-wrapper\" id=\"wpa9-steps-toggler-panel-1\">\n\t\t\t<div class=\"wpa9-steps-toggler f-headlines d-flex align-items-center justify-content-center\" data-content=\"panel-1\" role=\"button\">\n\t\t\t\t\t\t\t\t<span class=\"wpa9-step-title\">Nous vous pr\u00e9sentons votre interpr\u00e8te<\/span>\n\t\t\t\t\t\t\t<\/div>\n\t\t\t<div class=\"wpa9-steps-decoration\"><\/div>\n\t\t<\/div>\n\t\t<div class=\"wpa9-steps-content\" role=\"region\" id=\"wpa9-steps-content-panel-1\">\n\t\t\t<p>Une fois que vous acceptez votre devis, vous serez directement mis(e) en relation avec l\u2019interpr\u00e8te qui vous est affect\u00e9. Prenez vos propres dispositions l\u2019un(e) avec l\u2019autre.<\/p>\n\t\t<\/div>\n\t\t<div class=\"wpa9-steps-hyphen hyphen-visible\"><\/div>\t\t\t\n\t\t<div class=\"wpa9-steps-toggler-wrapper\" id=\"wpa9-steps-toggler-panel-2\">\n\t\t\t<div class=\"wpa9-steps-toggler f-headlines d-flex align-items-center justify-content-center\" data-content=\"panel-2\" role=\"button\">\n\t\t\t\t\t\t\t\t<span class=\"wpa9-step-title\">Nous garantissons la flexibilit\u00e9<\/span>\n\t\t\t\t\t\t\t<\/div>\n\t\t\t<div class=\"wpa9-steps-decoration\"><\/div>\n\t\t<\/div>\n\t\t<div class=\"wpa9-steps-content\" role=\"region\" id=\"wpa9-steps-content-panel-2\">\n\t\t\t<p>Nos interpr\u00e8tes amicaux et serviables vous sont enti\u00e8rement d\u00e9vou\u00e9s et sont disponibles \u00e0 tout moment durant l\u2019\u00e9v\u00e8nement. N\u2019h\u00e9sitez pas \u00e0 demander de l\u2019aide \u00e0 votre interpr\u00e8te si vous vous sentez confus ou si vous avez des doutes concernant le processus.<\/p>\n\t\t<\/div>\n\t\t<div class=\"wpa9-steps-hyphen hyphen-visible\"><\/div>\t\t\t\n\t\t<div class=\"wpa9-steps-toggler-wrapper\" id=\"wpa9-steps-toggler-panel-3\">\n\t\t\t<div class=\"wpa9-steps-toggler f-headlines d-flex align-items-center justify-content-center\" data-content=\"panel-3\" role=\"button\">\n\t\t\t\t\t\t\t\t<span class=\"wpa9-step-title\">Nous facilitons les projets \u00e0 venir<\/span>\n\t\t\t\t\t\t\t<\/div>\n\t\t\t<div class=\"wpa9-steps-decoration\"><\/div>\n\t\t<\/div>\n\t\t<div class=\"wpa9-steps-content\" role=\"region\" id=\"wpa9-steps-content-panel-3\">\n\t\t\t<p>Satisfait(e) de votre interpr\u00e8te\u00a0? Demandez sp\u00e9cialement le m\u00eame interpr\u00e8te pour votre prochain \u00e9v\u00e8nement et nous serons heureux de vous l\u2019attribuer\u00a0!<\/p>\n\t\t<\/div>\n\t\t\t\t<\/div>\n\t<div class=\"wpa9-steps-contents-wrapper\">\n\t\t\t\t\t<div class=\"wpa9-steps-content _step_4_1 wpa9-steps-active\" role=\"region\" id=\"wpa9-steps-content-panel-0\">\n\t\t\t<p>Dites-nous tout de l\u2019\u00e9v\u00e9nement pour lequel vous avez besoin d\u2019un interpr\u00e8te, et nous vous recommanderons le type d\u2019interpr\u00e9tation le mieux adapt\u00e9. Ou faites-nous simplement part de votre pr\u00e9f\u00e9rence et nous serons heureux de vous \u00e9tablir un devis.<\/p>\n\t\t<\/div>\n\t\t\t\t\t<div class=\"wpa9-steps-content _step_4_2\" role=\"region\" id=\"wpa9-steps-content-panel-1\">\n\t\t\t<p>Une fois que vous acceptez votre devis, vous serez directement mis(e) en relation avec l\u2019interpr\u00e8te qui vous est affect\u00e9. Prenez vos propres dispositions l\u2019un(e) avec l\u2019autre.<\/p>\n\t\t<\/div>\n\t\t\t\t\t<div class=\"wpa9-steps-content _step_4_3\" role=\"region\" id=\"wpa9-steps-content-panel-2\">\n\t\t\t<p>Nos interpr\u00e8tes amicaux et serviables vous sont enti\u00e8rement d\u00e9vou\u00e9s et sont disponibles \u00e0 tout moment durant l\u2019\u00e9v\u00e8nement. N\u2019h\u00e9sitez pas \u00e0 demander de l\u2019aide \u00e0 votre interpr\u00e8te si vous vous sentez confus ou si vous avez des doutes concernant le processus.<\/p>\n\t\t<\/div>\n\t\t\t\t\t<div class=\"wpa9-steps-content _step_4_4\" role=\"region\" id=\"wpa9-steps-content-panel-3\">\n\t\t\t<p>Satisfait(e) de votre interpr\u00e8te\u00a0? Demandez sp\u00e9cialement le m\u00eame interpr\u00e8te pour votre prochain \u00e9v\u00e8nement et nous serons heureux de vous l\u2019attribuer\u00a0!<\/p>\n\t\t<\/div>\n\t\t<\/div>\n\t<\/div>\n<\/div><\/div><\/div><\/div><div id=\"pg-7308-3\"  class=\"panel-grid panel-has-style\" ><div class=\"siteorigin-panels-stretch panel-row-padding-none panel-row-style panel-row-style-for-7308-3\" data-stretch-type=\"full\" ><div id=\"pgc-7308-3-0\"  class=\"panel-grid-cell\" ><div id=\"panel-7308-3-0-0\" class=\"so-panel widget widget_wpa9-accordion panel-first-child panel-last-child\" data-index=\"3\" ><div\n\t\t\t\n\t\t\tclass=\"so-widget-wpa9-accordion so-widget-wpa9-accordion-default-c93e1481a745-7308\"\n\t\t\t\n\t\t><h3 class=\"widget-title\">Foire aux questions<\/h3><div class=\"wpa9-accordion\">\n\t<div class=\"wpa9-accordion-panel\" id=\"wpa9-accordion-panel-quels-types-de-services-dinterpretation-proposez-vous\">\n\n\t\t<div class=\"wpa9-accordion-toggler d-flex\" data-panel=\"quels-types-de-services-dinterpretation-proposez-vous\" role=\"button\" aria-controls=\"wpa9-accordion-panel-quels-types-de-services-dinterpretation-proposez-vous\" aria-expanded=\"false\">\n\n\t\t\t<div class=\"wpa9-accordion-icon wpa9-accordion-icon-open\"><\/div>\n\n\t\t\t<div class=\"wpa9-accordion-title\">Quels types de services d\u2019interpr\u00e9tation proposez-vous\u00a0?<\/div>\n\n\t\t<\/div>\n\n\t\t<div class=\"wpa9-accordion-content\" role=\"region\">\n\t\t\t<p>Nous proposons des <a href=\"https:\/\/skrivanek.com\/fr\/interpretation\/interpretation-judiciaire\/\">interpr\u00e8tes judiciaires<\/a>, des <a href=\"https:\/\/skrivanek.com\/fr\/interpretation\/interpretation-lors-de-conferences\/\">interpr\u00e8tes de conf\u00e9rences<\/a> et <a href=\"https:\/\/skrivanek.com\/fr\/interpretation\/interpretation-lors-de-reunions-daffaires\/\">r\u00e9unions<\/a>, ou des <a href=\"https:\/\/skrivanek.com\/fr\/interpretation\/interpretation-a-distance\/\">interpr\u00e8tes \u00e0 distance<\/a>. Notre \u00e9quipe qualifi\u00e9e peut interpr\u00e9ter jusqu\u2019\u00e0 80\u00a0combinaisons de langues.<\/p>\n\t\t<\/div>\n\n\t<\/div>\n\t<div class=\"wpa9-accordion-panel\" id=\"wpa9-accordion-panel-pourrai-je-travailler-avec-le-meme-interprete-lors-de-mon-prochain-evenement\">\n\n\t\t<div class=\"wpa9-accordion-toggler d-flex\" data-panel=\"pourrai-je-travailler-avec-le-meme-interprete-lors-de-mon-prochain-evenement\" role=\"button\" aria-controls=\"wpa9-accordion-panel-pourrai-je-travailler-avec-le-meme-interprete-lors-de-mon-prochain-evenement\" aria-expanded=\"false\">\n\n\t\t\t<div class=\"wpa9-accordion-icon wpa9-accordion-icon-open\"><\/div>\n\n\t\t\t<div class=\"wpa9-accordion-title\">Pourrai-je travailler avec le m\u00eame interpr\u00e8te lors de mon prochain \u00e9v\u00e8nement\u00a0?<\/div>\n\n\t\t<\/div>\n\n\t\t<div class=\"wpa9-accordion-content\" role=\"region\">\n\t\t\tOui, si vous \u00eates satisfait(e) d\u2019un interpr\u00e8te en particulier, et s'il est disponible lors de votre prochain \u00e9v\u00e8nement, nous serons heureux de vous l\u2019attribuer \u00e0 nouveau\u00a0!\t\t<\/div>\n\n\t<\/div>\n\t<div class=\"wpa9-accordion-panel\" id=\"wpa9-accordion-panel-combien-de-temps-linterprete-passera-t-il-avec-moi\">\n\n\t\t<div class=\"wpa9-accordion-toggler d-flex\" data-panel=\"combien-de-temps-linterprete-passera-t-il-avec-moi\" role=\"button\" aria-controls=\"wpa9-accordion-panel-combien-de-temps-linterprete-passera-t-il-avec-moi\" aria-expanded=\"false\">\n\n\t\t\t<div class=\"wpa9-accordion-icon wpa9-accordion-icon-open\"><\/div>\n\n\t\t\t<div class=\"wpa9-accordion-title\">Combien de temps l\u2019interpr\u00e8te passera-t-il avec moi\u00a0?<\/div>\n\n\t\t<\/div>\n\n\t\t<div class=\"wpa9-accordion-content\" role=\"region\">\n\t\t\tCela d\u00e9pend de l\u2019accord sp\u00e9cifique que nous avons pass\u00e9 et de vos exigences. Si vous avez besoin d\u2019un interpr\u00e8te pendant une p\u00e9riode sp\u00e9cifique, nous veillerons \u00e0 ce que ce dernier soit disponible \u00e0 100\u00a0%.\t\t<\/div>\n\n\t<\/div>\n<\/div>\n<\/div><\/div><\/div><\/div><\/div><div id=\"pg-7308-4\"  class=\"panel-grid panel-no-style\" ><div id=\"pgc-7308-4-0\"  class=\"panel-grid-cell\" ><div id=\"panel-7308-4-0-0\" class=\"so-panel widget widget_wpa9-card-s panel-first-child panel-last-child\" data-index=\"4\" ><div class=\"mascot mascot-10 panel-widget-style panel-widget-style-for-7308-4-0-0\" ><div\n\t\t\t\n\t\t\tclass=\"so-widget-wpa9-card-s so-widget-wpa9-card-s-default-c93e1481a745-7308\"\n\t\t\t\n\t\t><div class=\"wpa9-card wpa9-card-s narrow positive\">\n\n\t<div class=\"wpa9-card-wrapper container\">\n\n\t\t<div class=\"wpa9-card-text\">\n\t\t\t<h2 class=\"wpa9-card-title\">Besoin d\u2019un interpr\u00e8te\u00a0?<\/h2>\n\t\t\t<div class=\"wpa9-card-content\"><p style=\"text-align: center\">Contactez-nous pour demander un devis.<\/p>\n<\/div>\t\t<\/div>\n\n\t\t\t\t<div class=\"meta meta-buttons d-flex flex-row justify-content-center\">\n\t\t\t\t\t<a class=\"btn btn-negative show-inquiry-form\" href=\"https:\/\/dev.skrivanek.com\/fr\/enquete\/\" title=\"Envoyer une demande\">Envoyer une demande<\/a>\n\t\t\t\t\t\t<\/div>\n\t\t\n\t<\/div>\n\n<\/div>\n<\/div><\/div><\/div><\/div><\/div><\/div>","protected":false},"excerpt":{"rendered":"<p>Interpr\u00e9tation \u00e0 distance Les technologies de communication modernes permettent de faire de l\u2019interpr\u00e9tation lors de pr\u00e9sentations et de s\u00e9ances de formations, par t\u00e9l\u00e9phone ou vid\u00e9oconf\u00e9rences pour une communication continue. Interpr\u00e9tation judiciaire De nombreuses demandes en termes de pr\u00e9cision, d\u2019ind\u00e9pendance et d\u2019impartialit\u00e9 dans une cour de justice d\u00e9pendent des interpr\u00e8tes judiciaires faisant preuve d\u2019un engagement ind\u00e9fectible [&hellip;]<\/p>\n","protected":false},"author":1,"featured_media":0,"parent":0,"menu_order":0,"comment_status":"closed","ping_status":"open","template":"","meta":{"_acf_changed":false,"content-type":"","footnotes":""},"class_list":["post-7308","page","type-page","status-publish","hentry"],"acf":[],"aioseo_notices":[],"_links":{"self":[{"href":"https:\/\/dev.skrivanek.com\/fr\/wp-json\/wp\/v2\/pages\/7308","targetHints":{"allow":["GET"]}}],"collection":[{"href":"https:\/\/dev.skrivanek.com\/fr\/wp-json\/wp\/v2\/pages"}],"about":[{"href":"https:\/\/dev.skrivanek.com\/fr\/wp-json\/wp\/v2\/types\/page"}],"author":[{"embeddable":true,"href":"https:\/\/dev.skrivanek.com\/fr\/wp-json\/wp\/v2\/users\/1"}],"replies":[{"embeddable":true,"href":"https:\/\/dev.skrivanek.com\/fr\/wp-json\/wp\/v2\/comments?post=7308"}],"version-history":[{"count":4,"href":"https:\/\/dev.skrivanek.com\/fr\/wp-json\/wp\/v2\/pages\/7308\/revisions"}],"predecessor-version":[{"id":87393,"href":"https:\/\/dev.skrivanek.com\/fr\/wp-json\/wp\/v2\/pages\/7308\/revisions\/87393"}],"wp:attachment":[{"href":"https:\/\/dev.skrivanek.com\/fr\/wp-json\/wp\/v2\/media?parent=7308"}],"curies":[{"name":"wp","href":"https:\/\/api.w.org\/{rel}","templated":true}]}}