{"id":7334,"date":"2021-07-20T17:30:47","date_gmt":"2021-07-20T15:30:47","guid":{"rendered":"https:\/\/skrivanek.com\/about-us\/certificats-iso\/"},"modified":"2025-12-09T22:40:13","modified_gmt":"2025-12-09T21:40:13","slug":"certificats-iso","status":"publish","type":"page","link":"https:\/\/dev.skrivanek.com\/fr\/a-propos-de-nous\/certificats-iso\/","title":{"rendered":"Certificats\u00a0ISO"},"content":{"rendered":"<div id=\"pl-7334\"  class=\"panel-layout\" ><div id=\"pg-7334-0\"  class=\"panel-grid panel-no-style\" ><div id=\"pgc-7334-0-0\"  class=\"panel-grid-cell\" ><div id=\"panel-7334-0-0-0\" class=\"so-panel widget widget_wpa9-card-l panel-first-child panel-last-child\" data-index=\"0\" ><div\n\t\t\t\n\t\t\tclass=\"so-widget-wpa9-card-l so-widget-wpa9-card-l-default-c93e1481a745-7334\"\n\t\t\t\n\t\t>\n\n<div class=\"wpa9-card wpa9-card-l-container d-flex flex-wrap wpa9-columns-2\">\n\n\t\n\t\t\n\t<div class=\"wpa9-card-l-panel wpa9-panel shadow rounded d-flex flex-column justify-content-between\">\n\n\t\t<div>\n\t\t\t\t\n\t\t\t\t\t\t\t\t<h2 class=\"wpa9-panel-title\">Certificat EN ISO 9001 Quality Management System<\/h2>\n\t\t\n\t\t\t\t\t\t\t\t<figure>\n\t\t\t\t<img decoding=\"async\" src=\"https:\/\/dev.skrivanek.com\/wp-content\/uploads\/2023\/10\/certificate-en-iso-9001.png\" alt=\"Certificat EN ISO 9001 Quality Management System\" class=\"img-responsive\" style=\"width:100%\"\/>\n\t\t\t<\/figure>\n\t\t\t\t\t\t<\/div>\n\n\t\t\t\t<div class=\"meta meta-buttons d-flex flex-column flex-sm-row justify-content-center\">\n\t\t\t\t\t<a class=\"btn btn-negative \" href=\"\/wp-content\/uploads\/2023\/10\/919-001-skrivanek-qms-cz-de-en.pdf\" title=\"T\u00e9l\u00e9charger\">T\u00e9l\u00e9charger<\/a>\n\t\t\t\t\t\t<\/div>\n\t\t\n\t<\/div>\n\n\t\t\n\t<div class=\"wpa9-card-l-panel wpa9-panel shadow rounded d-flex flex-column justify-content-between\">\n\n\t\t<div>\n\t\t\t\t\n\t\t\t\t\t\t\t\t<h2 class=\"wpa9-panel-title\">Certificat EN ISO 14001 Environmental Management System<\/h2>\n\t\t\n\t\t\t\t\t\t\t\t<figure>\n\t\t\t\t<img decoding=\"async\" src=\"https:\/\/dev.skrivanek.com\/wp-content\/uploads\/2023\/10\/certificate-en-iso-14001.png\" alt=\"Certificat EN ISO 14001 Environmental Management System\" class=\"img-responsive\" style=\"width:100%\"\/>\n\t\t\t<\/figure>\n\t\t\t\t\t\t<\/div>\n\n\t\t\t\t<div class=\"meta meta-buttons d-flex flex-column flex-sm-row justify-content-center\">\n\t\t\t\t\t<a class=\"btn btn-negative \" href=\"\/wp-content\/uploads\/2023\/10\/919-skrivanek-ems-anl-en-3.pdf\" title=\"T\u00e9l\u00e9charger\">T\u00e9l\u00e9charger<\/a>\n\t\t\t\t\t\t<\/div>\n\t\t\n\t<\/div>\n\n\t\t\n\t<div class=\"wpa9-card-l-panel wpa9-panel shadow rounded d-flex flex-column justify-content-between\">\n\n\t\t<div>\n\t\t\t\t\n\t\t\t\t\t\t\t\t<h2 class=\"wpa9-panel-title\">Certificat EN ISO 17100 Translation Services Management System<\/h2>\n\t\t\n\t\t\t\t\t\t\t\t<figure>\n\t\t\t\t<img decoding=\"async\" src=\"https:\/\/dev.skrivanek.com\/wp-content\/uploads\/2021\/03\/iso-17100.png\" alt=\"Certificat EN ISO 17100 Translation Services Management System\" class=\"img-responsive\" style=\"width:100%\"\/>\n\t\t\t<\/figure>\n\t\t\t\t\t\t<\/div>\n\n\t\t\t\t<div class=\"meta meta-buttons d-flex flex-column flex-sm-row justify-content-center\">\n\t\t\t\t\t<a class=\"btn btn-negative \" href=\"\/wp-content\/uploads\/2021\/03\/ISO_17100_2015_en.pdf\" title=\"T\u00e9l\u00e9charger\">T\u00e9l\u00e9charger<\/a>\n\t\t\t\t\t\t<\/div>\n\t\t\n\t<\/div>\n\n\t\t\n\t<div class=\"wpa9-card-l-panel wpa9-panel shadow rounded d-flex flex-column justify-content-between\">\n\n\t\t<div>\n\t\t\t\t\n\t\t\t\t\t\t\t\t<h2 class=\"wpa9-panel-title\">Certificat ISO\/IEC 27001 Information Security Management System<\/h2>\n\t\t\n\t\t\t\t\t\t\t\t<figure>\n\t\t\t\t<img decoding=\"async\" src=\"https:\/\/dev.skrivanek.com\/wp-content\/uploads\/2021\/03\/iso-27001.png\" alt=\"Certificat ISO\/IEC 27001 Information Security Management System\" class=\"img-responsive\" style=\"width:100%\"\/>\n\t\t\t<\/figure>\n\t\t\t\t\t\t<\/div>\n\n\t\t\t\t<div class=\"meta meta-buttons d-flex flex-column flex-sm-row justify-content-center\">\n\t\t\t\t\t<a class=\"btn btn-negative \" href=\"\/wp-content\/uploads\/2021\/03\/919_skrivanek_isms_001_cz_de_en.pdf\" title=\"T\u00e9l\u00e9charger\">T\u00e9l\u00e9charger<\/a>\n\t\t\t\t\t\t<\/div>\n\t\t\n\t<\/div>\n\n\t\t\n\t<div class=\"wpa9-card-l-panel wpa9-panel shadow rounded d-flex flex-column justify-content-between\">\n\n\t\t<div>\n\t\t\t\t\n\t\t\t\t\t\t\t\t<h2 class=\"wpa9-panel-title\">Certificat ISO 18587 Post-Editing of Machine Translation Output<\/h2>\n\t\t\n\t\t\t\t\t\t\t\t<figure>\n\t\t\t\t<img decoding=\"async\" src=\"https:\/\/dev.skrivanek.com\/wp-content\/uploads\/2021\/11\/iso-18587-1-1.png\" alt=\"Certificat ISO 18587 Post-Editing of Machine Translation Output\" class=\"img-responsive\" style=\"width:100%\"\/>\n\t\t\t<\/figure>\n\t\t\t\t\t\t<\/div>\n\n\t\t\t\t<div class=\"meta meta-buttons d-flex flex-column flex-sm-row justify-content-center\">\n\t\t\t\t\t<a class=\"btn btn-negative \" href=\"\/wp-content\/uploads\/2021\/11\/919-skrivanek-holding-iso-18587-001-cz-de-en.pdf\" title=\"T\u00e9l\u00e9charger\">T\u00e9l\u00e9charger<\/a>\n\t\t\t\t\t\t<\/div>\n\t\t\n\t<\/div>\n\n\t\t\n\t\n<\/div>\n<\/div><\/div><\/div><\/div><\/div>","protected":false},"excerpt":{"rendered":"<p>Certificat EN ISO 9001 Quality Management System T\u00e9l\u00e9charger Certificat EN ISO 14001 Environmental Management System T\u00e9l\u00e9charger Certificat EN ISO 17100 Translation Services Management System T\u00e9l\u00e9charger Certificat ISO\/IEC 27001 Information Security Management System T\u00e9l\u00e9charger Certificat ISO 18587 Post-Editing of Machine Translation Output T\u00e9l\u00e9charger<\/p>\n","protected":false},"author":10,"featured_media":0,"parent":6247,"menu_order":0,"comment_status":"closed","ping_status":"open","template":"","meta":{"_acf_changed":false,"content-type":"","footnotes":""},"class_list":["post-7334","page","type-page","status-publish","hentry"],"acf":[],"aioseo_notices":[],"_links":{"self":[{"href":"https:\/\/dev.skrivanek.com\/fr\/wp-json\/wp\/v2\/pages\/7334","targetHints":{"allow":["GET"]}}],"collection":[{"href":"https:\/\/dev.skrivanek.com\/fr\/wp-json\/wp\/v2\/pages"}],"about":[{"href":"https:\/\/dev.skrivanek.com\/fr\/wp-json\/wp\/v2\/types\/page"}],"author":[{"embeddable":true,"href":"https:\/\/dev.skrivanek.com\/fr\/wp-json\/wp\/v2\/users\/10"}],"replies":[{"embeddable":true,"href":"https:\/\/dev.skrivanek.com\/fr\/wp-json\/wp\/v2\/comments?post=7334"}],"version-history":[{"count":3,"href":"https:\/\/dev.skrivanek.com\/fr\/wp-json\/wp\/v2\/pages\/7334\/revisions"}],"predecessor-version":[{"id":92413,"href":"https:\/\/dev.skrivanek.com\/fr\/wp-json\/wp\/v2\/pages\/7334\/revisions\/92413"}],"up":[{"embeddable":true,"href":"https:\/\/dev.skrivanek.com\/fr\/wp-json\/wp\/v2\/pages\/6247"}],"wp:attachment":[{"href":"https:\/\/dev.skrivanek.com\/fr\/wp-json\/wp\/v2\/media?parent=7334"}],"curies":[{"name":"wp","href":"https:\/\/api.w.org\/{rel}","templated":true}]}}