{"id":7346,"date":"2021-07-20T17:30:47","date_gmt":"2021-07-20T15:30:47","guid":{"rendered":"https:\/\/skrivanek.com\/about-us\/principes-et-objectifs-de-lentreprise\/"},"modified":"2024-05-24T10:19:54","modified_gmt":"2024-05-24T08:19:54","slug":"principes-et-objectifs-de-lentreprise","status":"publish","type":"page","link":"https:\/\/dev.skrivanek.com\/fr\/a-propos-de-nous\/principes-et-objectifs-de-lentreprise\/","title":{"rendered":"Principes et objectifs de l\u2019entreprise"},"content":{"rendered":"<div id=\"pl-7346\"  class=\"panel-layout\" ><div id=\"pg-7346-0\"  class=\"panel-grid panel-no-style\" ><div id=\"pgc-7346-0-0\"  class=\"panel-grid-cell\" ><div id=\"panel-7346-0-0-0\" class=\"so-panel widget widget_wpa9-card-l panel-first-child panel-last-child\" data-index=\"0\" ><div\n\t\t\t\n\t\t\tclass=\"so-widget-wpa9-card-l so-widget-wpa9-card-l-default-c93e1481a745-7346\"\n\t\t\t\n\t\t>\n\n<div class=\"wpa9-card wpa9-card-l-container d-flex flex-wrap wpa9-columns-3\">\n\n\t\n\t\t\n\t<div class=\"wpa9-card-l-panel wpa9-panel shadow rounded d-flex flex-column justify-content-between\">\n\n\t\t<div>\n\t\t\t\t\n\t\t\t\t\t\t\t\t<h2 class=\"wpa9-panel-title\">Politique de s\u00e9curit\u00e9 des informations<\/h2>\n\t\t\n\t\t\t\t\t\t\t\t<figure>\n\t\t\t\t<img decoding=\"async\" src=\"https:\/\/dev.skrivanek.com\/wp-content\/uploads\/2021\/03\/information-security-policy.png\" alt=\"Politique de s\u00e9curit\u00e9 des informations\" class=\"img-responsive\" style=\"width:100%\"\/>\n\t\t\t<\/figure>\n\t\t\t\t\t\t<\/div>\n\n\t\t\t\t<div class=\"meta meta-buttons d-flex flex-column flex-sm-row justify-content-center\">\n\t\t\t\t\t<a class=\"btn btn-negative \" href=\"\/wp-content\/uploads\/2021\/03\/information-security-policy.pdf\" title=\"T\u00e9l\u00e9charger\">T\u00e9l\u00e9charger<\/a>\n\t\t\t\t\t\t<\/div>\n\t\t\n\t<\/div>\n\n\t\t\n\t<div class=\"wpa9-card-l-panel wpa9-panel shadow rounded d-flex flex-column justify-content-between\">\n\n\t\t<div>\n\t\t\t\t\n\t\t\t\t\t\t\t\t<h2 class=\"wpa9-panel-title\">Politique de qualit\u00e9 et de gestion environnementale<\/h2>\n\t\t\n\t\t\t\t\t\t\t\t<figure>\n\t\t\t\t<img decoding=\"async\" src=\"https:\/\/dev.skrivanek.com\/wp-content\/uploads\/2021\/03\/quality-and-environmental-management-policy.png\" alt=\"Politique de qualit\u00e9 et de gestion environnementale\" class=\"img-responsive\" style=\"width:100%\"\/>\n\t\t\t<\/figure>\n\t\t\t\t\t\t<\/div>\n\n\t\t\t\t<div class=\"meta meta-buttons d-flex flex-column flex-sm-row justify-content-center\">\n\t\t\t\t\t<a class=\"btn btn-negative \" href=\"\/wp-content\/uploads\/2021\/03\/quality-environmental-management-policy.pdf\" title=\"T\u00e9l\u00e9charger\">T\u00e9l\u00e9charger<\/a>\n\t\t\t\t\t\t<\/div>\n\t\t\n\t<\/div>\n\n\t\t\n\t<div class=\"wpa9-card-l-panel wpa9-panel shadow rounded d-flex flex-column justify-content-between\">\n\n\t\t<div>\n\t\t\t\t\n\t\t\t\t\t\t\t\t<h2 class=\"wpa9-panel-title\">Politique pour les employ\u00e9s, prestataires et partenaires - WE ACT ECO<\/h2>\n\t\t\n\t\t\t\t\t\t\t\t<figure>\n\t\t\t\t<img decoding=\"async\" src=\"https:\/\/dev.skrivanek.com\/wp-content\/uploads\/2021\/04\/policy-for-employees-suppliers-partners-we-act-eco9e4f.png\" alt=\"Politique pour les employ\u00e9s, prestataires et partenaires - WE ACT ECO\" class=\"img-responsive\" style=\"width:100%\"\/>\n\t\t\t<\/figure>\n\t\t\t\t\t\t<\/div>\n\n\t\t\t\t<div class=\"meta meta-buttons d-flex flex-column flex-sm-row justify-content-center\">\n\t\t\t\t\t<a class=\"btn btn-negative \" href=\"\/wp-content\/uploads\/2021\/03\/policy-for-employees-suppliers-partners.pdf\" title=\"T\u00e9l\u00e9charger\">T\u00e9l\u00e9charger<\/a>\n\t\t\t\t\t\t<\/div>\n\t\t\n\t<\/div>\n\n\t\t\n\t\n<\/div>\n<\/div><\/div><\/div><\/div><\/div>","protected":false},"excerpt":{"rendered":"<p>Politique de s\u00e9curit\u00e9 des informations T\u00e9l\u00e9charger Politique de qualit\u00e9 et de gestion environnementale T\u00e9l\u00e9charger Politique pour les employ\u00e9s, prestataires et partenaires &#8211; WE ACT ECO T\u00e9l\u00e9charger<\/p>\n","protected":false},"author":10,"featured_media":0,"parent":6247,"menu_order":0,"comment_status":"closed","ping_status":"open","template":"","meta":{"_acf_changed":false,"content-type":"","footnotes":""},"class_list":["post-7346","page","type-page","status-publish","hentry"],"acf":[],"aioseo_notices":[],"_links":{"self":[{"href":"https:\/\/dev.skrivanek.com\/fr\/wp-json\/wp\/v2\/pages\/7346","targetHints":{"allow":["GET"]}}],"collection":[{"href":"https:\/\/dev.skrivanek.com\/fr\/wp-json\/wp\/v2\/pages"}],"about":[{"href":"https:\/\/dev.skrivanek.com\/fr\/wp-json\/wp\/v2\/types\/page"}],"author":[{"embeddable":true,"href":"https:\/\/dev.skrivanek.com\/fr\/wp-json\/wp\/v2\/users\/10"}],"replies":[{"embeddable":true,"href":"https:\/\/dev.skrivanek.com\/fr\/wp-json\/wp\/v2\/comments?post=7346"}],"version-history":[{"count":3,"href":"https:\/\/dev.skrivanek.com\/fr\/wp-json\/wp\/v2\/pages\/7346\/revisions"}],"predecessor-version":[{"id":87186,"href":"https:\/\/dev.skrivanek.com\/fr\/wp-json\/wp\/v2\/pages\/7346\/revisions\/87186"}],"up":[{"embeddable":true,"href":"https:\/\/dev.skrivanek.com\/fr\/wp-json\/wp\/v2\/pages\/6247"}],"wp:attachment":[{"href":"https:\/\/dev.skrivanek.com\/fr\/wp-json\/wp\/v2\/media?parent=7346"}],"curies":[{"name":"wp","href":"https:\/\/api.w.org\/{rel}","templated":true}]}}