{"id":7362,"date":"2021-07-20T17:30:48","date_gmt":"2021-07-20T15:30:48","guid":{"rendered":"https:\/\/skrivanek.com\/traductions\/traductions-seo\/"},"modified":"2024-05-30T12:33:32","modified_gmt":"2024-05-30T10:33:32","slug":"traductions-seo","status":"publish","type":"page","link":"https:\/\/dev.skrivanek.com\/fr\/traductions\/traductions-seo\/","title":{"rendered":"Traductions SEO"},"content":{"rendered":"<div id=\"pl-7362\"  class=\"panel-layout\" ><div id=\"pg-7362-0\"  class=\"panel-grid panel-no-style\" ><div id=\"pgc-7362-0-0\"  class=\"panel-grid-cell\" ><div id=\"panel-7362-0-0-0\" class=\"so-panel widget widget_wpa9-editor-ext panel-first-child panel-last-child\" data-index=\"0\" ><div\n\t\t\t\n\t\t\tclass=\"so-widget-wpa9-editor-ext so-widget-wpa9-editor-ext-default-c93e1481a745-7362\"\n\t\t\t\n\t\t>\n<div class=\"siteorigin-widget-tinymce textwidget\">\n\t<p>L\u2019optimisation pour les moteurs de recherche (SEO) est une m\u00e9thode marketing utilis\u00e9e pour modifier le contenu et la forme de sites\u00a0Web pour assurer une meilleure connexion avec les moteurs de recherche (par ex. Google, Yahoo, Bing). L\u2019objectif de la SEO pour un site\u00a0Web, c\u2019est d\u2019atteindre le classement le plus \u00e9lev\u00e9 possible dans les r\u00e9sultats de r\u00e9f\u00e9rencement naturel effectu\u00e9 par les moteurs de recherche sur Internet, mais aussi d\u2019obtenir des taux sup\u00e9rieurs de clics et un trafic global plus cibl\u00e9.<\/p>\n<p><strong>Comment le processus de traduction\u00a0SEO fonctionne-t-il\u00a0?<\/strong><\/p>\n<p>\u00a0<\/p>\n<ol>\n<li>Les pages source destin\u00e9es \u00e0 la localisation dans une langue \u00e9trang\u00e8re sont analys\u00e9es, mises en forme et cod\u00e9es.<\/li>\n<li>Les mots-cl\u00e9s dans le domaine sp\u00e9cifique sont analys\u00e9s en fonction de leur classement par les divers moteurs de recherche principaux.<\/li>\n<li>Des mots-cl\u00e9s sont recommand\u00e9s et soumis \u00e0 discussion avec le client.<\/li>\n<li>Les mots-cl\u00e9s s\u00e9lectionn\u00e9s sont traduits dans la langue cible.<\/li>\n<li>Les textes source sont traduits et les mots-cl\u00e9s sont int\u00e9gr\u00e9s conform\u00e9ment aux exigences de SEO.<\/li>\n<li>Une personne dont la langue cible est sa langue maternelle relit la traduction pour v\u00e9rifier le ton et l\u2019exactitude, tout en tenant compte des exigences de SEO.<\/li>\n<\/ol>\n<\/div>\n<\/div><\/div><\/div><\/div><div id=\"pg-7362-1\"  class=\"panel-grid panel-has-style\" ><div class=\"siteorigin-panels-stretch panel-row-style panel-row-style-for-7362-1\" data-stretch-type=\"full\" ><div id=\"pgc-7362-1-0\"  class=\"panel-grid-cell\" ><div id=\"panel-7362-1-0-0\" class=\"so-panel widget widget_wpa9-card-l panel-first-child panel-last-child\" data-index=\"1\" ><div\n\t\t\t\n\t\t\tclass=\"so-widget-wpa9-card-l so-widget-wpa9-card-l-default-c93e1481a745-7362\"\n\t\t\t\n\t\t>\n\n<div class=\"wpa9-card wpa9-card-l-container d-flex flex-wrap wpa9-columns-2\">\n\n\t\n\t\t\n\t<div class=\"wpa9-card-l-panel wpa9-panel shadow rounded d-flex flex-column justify-content-between\">\n\n\t\t<div>\n\t\t\t\t\t\t\t<span class=\"wpa9-panel-icon icon\" style=\"display: none; background-image: url('https:\/\/dev.skrivanek.com\/wp-content\/uploads\/2021\/03\/ico-tlumoceni-online.svg')\"><\/span>\n\t\t\t<span class=\"wpa9-panel-icon icon\" style=\"mask-image: url(https:\/\/dev.skrivanek.com\/wp-content\/uploads\/2021\/03\/ico-tlumoceni-online.svg); -webkit-mask-image: url(https:\/\/dev.skrivanek.com\/wp-content\/uploads\/2021\/03\/ico-tlumoceni-online.svg);\"><\/span>\n\t\t\n\t\t\t\t\t\t\t\t<h2 class=\"wpa9-panel-title\">Traductions et localisation SEO<\/h2>\n\t\t\n\t\t\t\t\t\t\t<div class=\"wpa9-panel-content\"><p>Pour que votre site\u00a0Web connaisse un franc succ\u00e8s partout, il doit \u00eatre optimis\u00e9 pour les moteurs de recherche sur Internet.<\/p>\n<p>Qu\u2019est-ce que cela signifie\u00a0? Vos textes doivent contenir des mots et expressions qui sont employ\u00e9s dans des recherches r\u00e9currentes pour vos produits. Parce que la SEO est \u00e9galement essentielle pour la traduction de votre site\u00a0Web dans d\u2019autres langues, Skrivanek propose des traducteurs ayant de l\u2019exp\u00e9rience dans ce domaine.<\/p>\n<p><strong>Notre portefeuille de services inclut\u00a0:<\/strong><\/p>\n<ul>\n<li>Traductions\u00a0SEO<\/li>\n<li>Traductions de sites\u00a0Web<\/li>\n<li>Services de publication assist\u00e9e par ordinateur (PAO)<\/li>\n<\/ul>\n<\/div>\n\t\t\t\t<\/div>\n\n\t\t\t\t<div class=\"meta meta-buttons d-flex flex-column flex-sm-row justify-content-center\">\n\t\t\t\t\t<a class=\"btn btn-negative show-inquiry-form\" href=\"https:\/\/dev.skrivanek.com\/fr\/enquete\/\" title=\"Envoyer une demande\">Envoyer une demande<\/a>\n\t\t\t\t\t\t<\/div>\n\t\t\n\t<\/div>\n\n\t\t\n\t<div class=\"wpa9-card-l-panel wpa9-panel shadow rounded d-flex flex-column justify-content-between\">\n\n\t\t<div>\n\t\t\t\t\t\t\t<span class=\"wpa9-panel-icon icon\" style=\"display: none; background-image: url('https:\/\/dev.skrivanek.com\/wp-content\/uploads\/2021\/03\/ico-online-vyuka.svg')\"><\/span>\n\t\t\t<span class=\"wpa9-panel-icon icon\" style=\"mask-image: url(https:\/\/dev.skrivanek.com\/wp-content\/uploads\/2021\/03\/ico-online-vyuka.svg); -webkit-mask-image: url(https:\/\/dev.skrivanek.com\/wp-content\/uploads\/2021\/03\/ico-online-vyuka.svg);\"><\/span>\n\t\t\n\t\t\t\t\t\t\t\t<h2 class=\"wpa9-panel-title\">Traductions optimis\u00e9es pour les moteurs de recherche sur Internet<\/h2>\n\t\t\n\t\t\t\t\t\t\t<div class=\"wpa9-panel-content\"><p>Une <a href=\"https:\/\/skrivanek.com\/fr\/traductions\/\">traduction<\/a> et une <a href=\"https:\/\/skrivanek.com\/fr\/localisation\/\">localisation<\/a> de haute qualit\u00e9 ciblant les principales cultures peuvent ne pas \u00eatre \u00e0 la hauteur de ce dont vous avez besoin pour des sites\u00a0Web et boutiques en ligne o\u00f9 vous concurrencez en gros sur le moindre de texte connexe publi\u00e9 en ligne.<\/p>\n<p>L\u2019utilisation de mots-cl\u00e9s et d\u2019expressions cl\u00e9s qui sont sp\u00e9cifiques au march\u00e9 et au groupe cible que vous cherchez \u00e0 toucher garantira un meilleur classement parmi les r\u00e9sultats des moteurs de recherche sur Internet.<\/p>\n<p>Notre traducteurs, relecteurs, \u00e9diteurs et experts en SEO sp\u00e9cialis\u00e9s jouissent d\u2019une grande exp\u00e9rience dans l\u2019utilisation optimale des mots-cl\u00e9s et ils sont des adeptes de la cr\u00e9ation de textes d\u2019excellente qualit\u00e9 qui int\u00e8grent des expressions de SEO.<\/p>\n<\/div>\n\t\t\t\t<\/div>\n\n\t\t\t\t<div class=\"meta meta-buttons d-flex flex-column flex-sm-row justify-content-center\">\n\t\t\t\t\t<a class=\"btn btn-negative \" href=\"\/fr\/contact\/\" title=\"Nous contacter\">Nous contacter<\/a>\n\t\t\t\t\t\t<\/div>\n\t\t\n\t<\/div>\n\n\t\t\n\t\n<\/div>\n<\/div><\/div><\/div><\/div><\/div><div id=\"pg-7362-2\"  class=\"panel-grid panel-no-style\" ><div id=\"pgc-7362-2-0\"  class=\"panel-grid-cell\" ><div id=\"panel-7362-2-0-0\" class=\"so-panel widget widget_wpa9-card-s panel-first-child panel-last-child\" data-index=\"2\" ><div\n\t\t\t\n\t\t\tclass=\"so-widget-wpa9-card-s so-widget-wpa9-card-s-default-c93e1481a745-7362\"\n\t\t\t\n\t\t><div class=\"wpa9-card wpa9-card-s narrow positive\">\n\n\t<div class=\"wpa9-card-wrapper container\">\n\n\t\t<div class=\"wpa9-card-text\">\n\t\t\t<h2 class=\"wpa9-card-title\">Besoin d\u2019une traduction sp\u00e9cialis\u00e9e\u00a0? <\/h2>\n\t\t\t<div class=\"wpa9-card-content\"><p style=\"text-align: center\">Quels que soient vos besoins en mati\u00e8re de traduction, contactez-nous pour demander un devis.<\/p>\n<\/div>\t\t<\/div>\n\n\t\t\t\t<div class=\"meta meta-buttons d-flex flex-row justify-content-center\">\n\t\t\t\t\t\t\t<a class=\"btn btn-negative show-inquiry-form\" href=\"https:\/\/dev.skrivanek.com\/fr\/enquete\/\" title=\"Envoyer une demande\">Envoyer une demande<\/a>\n\t\t\t\t<\/div>\n\t\t\n\t<\/div>\n\n<\/div>\n<\/div><\/div><\/div><\/div><\/div>","protected":false},"excerpt":{"rendered":"<p>L\u2019optimisation pour les moteurs de recherche (SEO) est une m\u00e9thode marketing utilis\u00e9e pour modifier le contenu et la forme de sites\u00a0Web pour assurer une meilleure connexion avec les moteurs de recherche (par ex. Google, Yahoo, Bing). L\u2019objectif de la SEO pour un site\u00a0Web, c\u2019est d\u2019atteindre le classement le plus \u00e9lev\u00e9 possible dans les r\u00e9sultats de [&hellip;]<\/p>\n","protected":false},"author":10,"featured_media":0,"parent":7302,"menu_order":0,"comment_status":"closed","ping_status":"open","template":"","meta":{"_acf_changed":false,"content-type":"","footnotes":""},"class_list":["post-7362","page","type-page","status-publish","hentry"],"acf":[],"aioseo_notices":[],"_links":{"self":[{"href":"https:\/\/dev.skrivanek.com\/fr\/wp-json\/wp\/v2\/pages\/7362","targetHints":{"allow":["GET"]}}],"collection":[{"href":"https:\/\/dev.skrivanek.com\/fr\/wp-json\/wp\/v2\/pages"}],"about":[{"href":"https:\/\/dev.skrivanek.com\/fr\/wp-json\/wp\/v2\/types\/page"}],"author":[{"embeddable":true,"href":"https:\/\/dev.skrivanek.com\/fr\/wp-json\/wp\/v2\/users\/10"}],"replies":[{"embeddable":true,"href":"https:\/\/dev.skrivanek.com\/fr\/wp-json\/wp\/v2\/comments?post=7362"}],"version-history":[{"count":3,"href":"https:\/\/dev.skrivanek.com\/fr\/wp-json\/wp\/v2\/pages\/7362\/revisions"}],"predecessor-version":[{"id":87646,"href":"https:\/\/dev.skrivanek.com\/fr\/wp-json\/wp\/v2\/pages\/7362\/revisions\/87646"}],"up":[{"embeddable":true,"href":"https:\/\/dev.skrivanek.com\/fr\/wp-json\/wp\/v2\/pages\/7302"}],"wp:attachment":[{"href":"https:\/\/dev.skrivanek.com\/fr\/wp-json\/wp\/v2\/media?parent=7362"}],"curies":[{"name":"wp","href":"https:\/\/api.w.org\/{rel}","templated":true}]}}