{"id":7368,"date":"2021-07-20T17:30:49","date_gmt":"2021-07-20T15:30:49","guid":{"rendered":"https:\/\/skrivanek.com\/localisation\/"},"modified":"2024-05-30T09:11:23","modified_gmt":"2024-05-30T07:11:23","slug":"localisation","status":"publish","type":"page","link":"https:\/\/dev.skrivanek.com\/fr\/localisation\/","title":{"rendered":"Localisation"},"content":{"rendered":"<div id=\"pl-7368\"  class=\"panel-layout\" ><div id=\"pg-7368-0\"  class=\"panel-grid panel-has-style\" ><div class=\"siteorigin-panels-stretch panel-row-style panel-row-style-for-7368-0\" data-stretch-type=\"full\" ><div id=\"pgc-7368-0-0\"  class=\"panel-grid-cell\" ><div id=\"panel-7368-0-0-0\" class=\"so-panel widget widget_wpa9-card-m panel-first-child panel-last-child\" data-index=\"0\" ><div\n\t\t\t\n\t\t\tclass=\"so-widget-wpa9-card-m so-widget-wpa9-card-m-default-c93e1481a745-7368\"\n\t\t\t\n\t\t>\n\n<section class=\"wpa9-card wpa9-card-m-container d-flex flex-wrap justify-content-center dAuCMG\">\n\n\t\n\t\t\n\t\t\t\n\t<article class=\"wpa9-card-m-panel wpa9-panel \">\n\t<a class=\"rounded\" href=\"\/fr\/localisation\/localisation-de-contenu-multimedia\/\" title=\"Localisation de contenu multim\u00e9dia\">\n\t\t\t\t<header class=\"d-block flex-wrap pb-4\">\n\t\t\t\t\t\t\t<span class=\"wpa9-card-icon icon d-none\" style=\"background-image: url('https:\/\/dev.skrivanek.com\/wp-content\/uploads\/2021\/03\/ico-tlumoceni-online.svg')\"><\/span>\n\t\t\t\t<span class=\"wpa9-card-icon icon\" style=\"mask-image: url(https:\/\/dev.skrivanek.com\/wp-content\/uploads\/2021\/03\/ico-tlumoceni-online.svg); -webkit-mask-image: url(https:\/\/dev.skrivanek.com\/wp-content\/uploads\/2021\/03\/ico-tlumoceni-online.svg);\"><\/span>\n\t\t\t\n\t\t\t\t\t\t\t\t<h2 class=\"wpa9-card-title\">Localisation de contenu multim\u00e9dia<\/h2>\n\t\t\t\t<\/header>\n\n\t\t\t\t<main class=\"wpa9-card-content\"><p>Booster votre pr\u00e9sence en ligne et mettre en avant vos produits avec des fonctions multim\u00e9dia est souvent la cl\u00e9 pour engager fortement votre public et concurrencer \u00e0 l\u2019\u00e9chelle mondiale. Combinaisons de contenu vid\u00e9o-audio, animations, bulletins, applications interactives... Quels que soit les outils audio ou visuels que vous souhaitez utiliser, Skrivanek dispose de tout le n\u00e9cessaire pour les localiser et les tester.<\/p>\n<\/main>\n\t\t\n\t<\/a>\t<\/article>\n\t\t\n\t\t\t\n\t<article class=\"wpa9-card-m-panel wpa9-panel \">\n\t<a class=\"rounded\" href=\"\/fr\/localisation\/localisation-de-logiciel\/\" title=\"Localisation de logiciel\">\n\t\t\t\t<header class=\"d-block flex-wrap pb-4\">\n\t\t\t\t\t\t\t<span class=\"wpa9-card-icon icon d-none\" style=\"background-image: url('https:\/\/dev.skrivanek.com\/wp-content\/uploads\/2021\/03\/ico-typy-kurzu.svg')\"><\/span>\n\t\t\t\t<span class=\"wpa9-card-icon icon\" style=\"mask-image: url(https:\/\/dev.skrivanek.com\/wp-content\/uploads\/2021\/03\/ico-typy-kurzu.svg); -webkit-mask-image: url(https:\/\/dev.skrivanek.com\/wp-content\/uploads\/2021\/03\/ico-typy-kurzu.svg);\"><\/span>\n\t\t\t\n\t\t\t\t\t\t\t\t<h2 class=\"wpa9-card-title\">Localisation de logiciel<\/h2>\n\t\t\t\t<\/header>\n\n\t\t\t\t<main class=\"wpa9-card-content\"><p>Localiser votre logiciel en gardant \u00e0 l\u2019esprit le contexte et la culture sp\u00e9cifiques \u00e0 un march\u00e9 est le meilleur moyen de garantir l\u2019adoption des produits.<\/p>\n<\/main>\n\t\t\n\t<\/a>\t<\/article>\n\t\t\n\t\t\t\n\t<article class=\"wpa9-card-m-panel wpa9-panel \">\n\t<a class=\"rounded\" href=\"\/fr\/localisation\/localisation-de-site-web\/\" title=\"Localisation de site\u00a0Web\">\n\t\t\t\t<header class=\"d-block flex-wrap pb-4\">\n\t\t\t\t\t\t\t<span class=\"wpa9-card-icon icon d-none\" style=\"background-image: url('https:\/\/dev.skrivanek.com\/wp-content\/uploads\/2021\/03\/ico-online-vyuka.svg')\"><\/span>\n\t\t\t\t<span class=\"wpa9-card-icon icon\" style=\"mask-image: url(https:\/\/dev.skrivanek.com\/wp-content\/uploads\/2021\/03\/ico-online-vyuka.svg); -webkit-mask-image: url(https:\/\/dev.skrivanek.com\/wp-content\/uploads\/2021\/03\/ico-online-vyuka.svg);\"><\/span>\n\t\t\t\n\t\t\t\t\t\t\t\t<h2 class=\"wpa9-card-title\">Localisation de site\u00a0Web<\/h2>\n\t\t\t\t<\/header>\n\n\t\t\t\t<main class=\"wpa9-card-content\"><p>Pour que votre site\u00a0Web reste attrayant aux yeux des clients, il est important que son contenu multim\u00e9dia et ses mises \u00e0 jour soient pertinents et d\u2019actualit\u00e9.<\/p>\n<\/main>\n\t\t\n\t<\/a>\t<\/article>\n\t\t\n\t\t\t\n\t<article class=\"wpa9-card-m-panel wpa9-panel \">\n\t<a class=\"rounded\" href=\"\/fr\/localisation\/test-de-logiciel\/\" title=\"Test de logiciel\">\n\t\t\t\t<header class=\"d-block flex-wrap pb-4\">\n\t\t\t\t\t\t\t<span class=\"wpa9-card-icon icon d-none\" style=\"background-image: url('https:\/\/dev.skrivanek.com\/wp-content\/uploads\/2021\/03\/ico-nmt.svg')\"><\/span>\n\t\t\t\t<span class=\"wpa9-card-icon icon\" style=\"mask-image: url(https:\/\/dev.skrivanek.com\/wp-content\/uploads\/2021\/03\/ico-nmt.svg); -webkit-mask-image: url(https:\/\/dev.skrivanek.com\/wp-content\/uploads\/2021\/03\/ico-nmt.svg);\"><\/span>\n\t\t\t\n\t\t\t\t\t\t\t\t<h2 class=\"wpa9-card-title\">Test de logiciel<\/h2>\n\t\t\t\t<\/header>\n\n\t\t\t\t<main class=\"wpa9-card-content\"><p>Faites tester votre logiciel par nos \u00e9quipes de test sp\u00e9cialis\u00e9es dans chacun de vos pays d\u2019exploitation.<\/p>\n<\/main>\n\t\t\n\t<\/a>\t<\/article>\n\t\t\n\t\t\t\n\t<article class=\"wpa9-card-m-panel wpa9-panel \">\n\t<a class=\"rounded\" href=\"\/fr\/traductions\/traductions-seo\/\" title=\"Traductions SEO\">\n\t\t\t\t<header class=\"d-block flex-wrap pb-4\">\n\t\t\t\t\t\t\t<span class=\"wpa9-card-icon icon d-none\" style=\"background-image: url('https:\/\/dev.skrivanek.com\/wp-content\/uploads\/2021\/03\/ico-e-learning.svg')\"><\/span>\n\t\t\t\t<span class=\"wpa9-card-icon icon\" style=\"mask-image: url(https:\/\/dev.skrivanek.com\/wp-content\/uploads\/2021\/03\/ico-e-learning.svg); -webkit-mask-image: url(https:\/\/dev.skrivanek.com\/wp-content\/uploads\/2021\/03\/ico-e-learning.svg);\"><\/span>\n\t\t\t\n\t\t\t\t\t\t\t\t<h2 class=\"wpa9-card-title\">Traductions SEO<\/h2>\n\t\t\t\t<\/header>\n\n\t\t\t\t<main class=\"wpa9-card-content\">Au 21e si\u00e8cle, la traduction SEO (moteur de recherche optimis\u00e9) est indispensable pour la r\u00e9ussite de votre site Web. Et lorsque vous \u00eates pr\u00eat(e) \u00e0 votre sur les march\u00e9s internationaux, la traductions SEO doit \u00eatre r\u00e9alis\u00e9e pour chaque march\u00e9 sp\u00e9cifique.<\/main>\n\t\t\n\t<\/a>\t<\/article>\n\t\t\n\t\t\t\n\t<article class=\"wpa9-card-m-panel wpa9-panel \">\n\t<a class=\"rounded\" href=\"\/fr\/autres-services\/\" title=\"Autres services\">\n\t\t\t\t<header class=\"d-block flex-wrap pb-4\">\n\t\t\t\t\t\t\t<span class=\"wpa9-card-icon icon d-none\" style=\"background-image: url('https:\/\/dev.skrivanek.com\/wp-content\/uploads\/2021\/03\/ico-tlumoceni-distancni.svg')\"><\/span>\n\t\t\t\t<span class=\"wpa9-card-icon icon\" style=\"mask-image: url(https:\/\/dev.skrivanek.com\/wp-content\/uploads\/2021\/03\/ico-tlumoceni-distancni.svg); -webkit-mask-image: url(https:\/\/dev.skrivanek.com\/wp-content\/uploads\/2021\/03\/ico-tlumoceni-distancni.svg);\"><\/span>\n\t\t\t\n\t\t\t\t\t\t\t\t<h2 class=\"wpa9-card-title\">Autres services<\/h2>\n\t\t\t\t<\/header>\n\n\t\t\t\t<main class=\"wpa9-card-content\">Si votre traduction comporte des graphiques, nous pouvons effectuer les modifications n\u00e9cessaires et pr\u00e9parer les documents pour l\u2019impression. Ou, nous pouvons m\u00eame imprimer pour vous la traduction achev\u00e9e.<\/main>\n\t\t\n\t<\/a>\t<\/article>\n\t\t\n\n\t\t\n\t\n<\/section>\n<\/div><\/div><\/div><\/div><\/div><div id=\"pg-7368-1\"  class=\"panel-grid panel-has-style\" ><div class=\"siteorigin-panels-stretch panel-row-padding-normal panel-row-style panel-row-style-for-7368-1\" data-stretch-type=\"full\" ><div id=\"pgc-7368-1-0\"  class=\"panel-grid-cell\" ><div id=\"panel-7368-1-0-0\" class=\"so-panel widget widget_wpa9-editor-ext panel-first-child panel-last-child\" data-index=\"1\" ><div class=\"mascot mascot-3-1c panel-widget-style panel-widget-style-for-7368-1-0-0\" ><div\n\t\t\t\n\t\t\tclass=\"so-widget-wpa9-editor-ext so-widget-wpa9-editor-ext-default-c93e1481a745-7368\"\n\t\t\t\n\t\t>\n<div class=\"siteorigin-widget-tinymce textwidget\">\n\t<h3 style=\"text-align: center;\">100\u00a0% de pr\u00e9cision en standard<\/h3>\n<p style=\"text-align: left;\">Parce que l\u2019assurance de la qualit\u00e9 est au c\u0153ur de notre r\u00e9ussite et de la v\u00f4tre, elle est int\u00e9gr\u00e9e \u00e0 chaque \u00e9tape de r\u00e9alisation de votre projet. Con\u00e7ue pour atteindre le plus haut niveau de pr\u00e9cision, notre m\u00e9thodologie de traduction est bas\u00e9e sur les \u00e9l\u00e9ments suivants\u00a0:<\/p>\n<ol>\n<li style=\"text-align: left;\">Flux de travail largement contr\u00f4l\u00e9s<\/li>\n<li style=\"text-align: left;\">Recrutement m\u00e9ticuleux et s\u00e9lection rigoureuse de toutes les ressources<\/li>\n<li style=\"text-align: left;\">Formation continue et assistance linguistique<\/li>\n<li style=\"text-align: left;\">Surveillance r\u00e9guli\u00e8re des performances<\/li>\n<li style=\"text-align: left;\">Utilisation d\u2019une technologie haut de gamme garantissant la coh\u00e9rence<\/li>\n<\/ol>\n<\/div>\n<\/div><\/div><\/div><\/div><\/div><\/div><div id=\"pg-7368-2\"  class=\"panel-grid panel-has-style\" ><div class=\"siteorigin-panels-stretch panel-row-padding-none panel-row-style panel-row-style-for-7368-2\" data-stretch-type=\"full\" ><div id=\"pgc-7368-2-0\"  class=\"panel-grid-cell\" ><div id=\"panel-7368-2-0-0\" class=\"so-panel widget widget_wpa9-accordion panel-first-child panel-last-child\" data-index=\"2\" ><div\n\t\t\t\n\t\t\tclass=\"so-widget-wpa9-accordion so-widget-wpa9-accordion-default-c93e1481a745-7368\"\n\t\t\t\n\t\t><h3 class=\"widget-title\">Foire aux questions<\/h3><div class=\"wpa9-accordion\">\n\t<div class=\"wpa9-accordion-panel\" id=\"wpa9-accordion-panel-quimplique-votre-processus-de-localisation\">\n\n\t\t<div class=\"wpa9-accordion-toggler d-flex\" data-panel=\"quimplique-votre-processus-de-localisation\" role=\"button\" aria-controls=\"wpa9-accordion-panel-quimplique-votre-processus-de-localisation\" aria-expanded=\"false\">\n\n\t\t\t<div class=\"wpa9-accordion-icon wpa9-accordion-icon-open\"><\/div>\n\n\t\t\t<div class=\"wpa9-accordion-title\">Qu\u2019implique votre processus de localisation\u00a0?<\/div>\n\n\t\t<\/div>\n\n\t\t<div class=\"wpa9-accordion-content\" role=\"region\">\n\t\t\tLa localisation implique d\u2019\u00e9tudier et de comprendre la culture cible, puis d\u2019effectuer une adaptation culturelle et la traduction du contenu source pour le march\u00e9 de destination. Nous sommes fiers d\u2019avoir des linguistes locaux qui sont capables d\u2019identifier les diff\u00e9rences culturelles sur des march\u00e9s distincts.\t\t<\/div>\n\n\t<\/div>\n\t<div class=\"wpa9-accordion-panel\" id=\"wpa9-accordion-panel-quels-types-de-localisation-proposez-vous\">\n\n\t\t<div class=\"wpa9-accordion-toggler d-flex\" data-panel=\"quels-types-de-localisation-proposez-vous\" role=\"button\" aria-controls=\"wpa9-accordion-panel-quels-types-de-localisation-proposez-vous\" aria-expanded=\"false\">\n\n\t\t\t<div class=\"wpa9-accordion-icon wpa9-accordion-icon-open\"><\/div>\n\n\t\t\t<div class=\"wpa9-accordion-title\">Quels types de localisation proposez-vous\u00a0?<\/div>\n\n\t\t<\/div>\n\n\t\t<div class=\"wpa9-accordion-content\" role=\"region\">\n\t\t\t<p>Notre processus de localisation implique l\u2019adaptation culturelle et la traduction <a href=\"https:\/\/skrivanek.com\/fr\/localisation\/localisation-de-site-web\/\">de sites\u00a0Web<\/a>, de logiciels, de jeux vid\u00e9o, de voix off et d\u2019autres contenus multim\u00e9dias.<\/p>\n\t\t<\/div>\n\n\t<\/div>\n\t<div class=\"wpa9-accordion-panel\" id=\"wpa9-accordion-panel-combien-cela-coutera-t-il\">\n\n\t\t<div class=\"wpa9-accordion-toggler d-flex\" data-panel=\"combien-cela-coutera-t-il\" role=\"button\" aria-controls=\"wpa9-accordion-panel-combien-cela-coutera-t-il\" aria-expanded=\"false\">\n\n\t\t\t<div class=\"wpa9-accordion-icon wpa9-accordion-icon-open\"><\/div>\n\n\t\t\t<div class=\"wpa9-accordion-title\">Combien cela coutera-t-il\u00a0?<\/div>\n\n\t\t<\/div>\n\n\t\t<div class=\"wpa9-accordion-content\" role=\"region\">\n\t\t\tNos tarifs sont \u00e9tablis avant de d\u00e9marrer votre projet car nous facturons en fonction du nombre de mots et des besoins en publication assist\u00e9e par ordinateur pour votre contenu graphique. Envoyez-nous votre contenu source et nous fournirons un devis pr\u00e9cis pour le localiser.\t\t<\/div>\n\n\t<\/div>\n\t<div class=\"wpa9-accordion-panel\" id=\"wpa9-accordion-panel-combien-de-temps-la-localisation-prend-elle\">\n\n\t\t<div class=\"wpa9-accordion-toggler d-flex\" data-panel=\"combien-de-temps-la-localisation-prend-elle\" role=\"button\" aria-controls=\"wpa9-accordion-panel-combien-de-temps-la-localisation-prend-elle\" aria-expanded=\"false\">\n\n\t\t\t<div class=\"wpa9-accordion-icon wpa9-accordion-icon-open\"><\/div>\n\n\t\t\t<div class=\"wpa9-accordion-title\">Combien de temps la localisation prend-elle\u00a0?<\/div>\n\n\t\t<\/div>\n\n\t\t<div class=\"wpa9-accordion-content\" role=\"region\">\n\t\t\tCela d\u00e9pend de nombreux facteurs, notamment du nombre de mots, des besoins en publication assist\u00e9e par ordinateur et de la complexit\u00e9 de la localisation. Les d\u00e9lais de livraison sont accept\u00e9s avant de d\u00e9marrer votre projet afin qu\u2019il n\u2019y ait pas de surprises \u00e0 la fin.\t\t<\/div>\n\n\t<\/div>\n<\/div>\n<\/div><\/div><\/div><\/div><\/div><div id=\"pg-7368-3\"  class=\"panel-grid panel-has-style\" ><div class=\"siteorigin-panels-stretch panel-row-style panel-row-style-for-7368-3\" data-stretch-type=\"full\" ><div id=\"pgc-7368-3-0\"  class=\"panel-grid-cell\" ><div id=\"panel-7368-3-0-0\" class=\"so-panel widget widget_wpa9-card-s panel-first-child panel-last-child\" data-index=\"3\" ><div\n\t\t\t\n\t\t\tclass=\"so-widget-wpa9-card-s so-widget-wpa9-card-s-default-c93e1481a745-7368\"\n\t\t\t\n\t\t><div class=\"wpa9-card wpa9-card-s narrow positive\">\n\n\t<div class=\"wpa9-card-wrapper container\">\n\n\t\t<div class=\"wpa9-card-text\">\n\t\t\t<h2 class=\"wpa9-card-title\">Vous recherchez une localisation rapide et de haute qualit\u00e9\u00a0?<\/h2>\n\t\t\t<div class=\"wpa9-card-content\"><p style=\"text-align: center\">Nous allons vous pr\u00e9parer un devis personnalis\u00e9.<\/p>\n<\/div>\t\t<\/div>\n\n\t\t\t\t<div class=\"meta meta-buttons d-flex flex-row justify-content-center\">\n\t\t\t\t\t<a class=\"btn btn-negative show-inquiry-form\" href=\"https:\/\/dev.skrivanek.com\/fr\/enquete\/\" title=\"Envoyer une demande\">Envoyer une demande<\/a>\n\t\t\t\t\t\t<\/div>\n\t\t\n\t<\/div>\n\n<\/div>\n<\/div><\/div><\/div><\/div><\/div><\/div>","protected":false},"excerpt":{"rendered":"<p>Localisation de contenu multim\u00e9dia Booster votre pr\u00e9sence en ligne et mettre en avant vos produits avec des fonctions multim\u00e9dia est souvent la cl\u00e9 pour engager fortement votre public et concurrencer \u00e0 l\u2019\u00e9chelle mondiale. Combinaisons de contenu vid\u00e9o-audio, animations, bulletins, applications interactives&#8230; Quels que soit les outils audio ou visuels que vous souhaitez utiliser, Skrivanek dispose [&hellip;]<\/p>\n","protected":false},"author":10,"featured_media":0,"parent":0,"menu_order":0,"comment_status":"closed","ping_status":"open","template":"","meta":{"_acf_changed":false,"content-type":"","footnotes":""},"class_list":["post-7368","page","type-page","status-publish","hentry"],"acf":[],"aioseo_notices":[],"_links":{"self":[{"href":"https:\/\/dev.skrivanek.com\/fr\/wp-json\/wp\/v2\/pages\/7368","targetHints":{"allow":["GET"]}}],"collection":[{"href":"https:\/\/dev.skrivanek.com\/fr\/wp-json\/wp\/v2\/pages"}],"about":[{"href":"https:\/\/dev.skrivanek.com\/fr\/wp-json\/wp\/v2\/types\/page"}],"author":[{"embeddable":true,"href":"https:\/\/dev.skrivanek.com\/fr\/wp-json\/wp\/v2\/users\/10"}],"replies":[{"embeddable":true,"href":"https:\/\/dev.skrivanek.com\/fr\/wp-json\/wp\/v2\/comments?post=7368"}],"version-history":[{"count":3,"href":"https:\/\/dev.skrivanek.com\/fr\/wp-json\/wp\/v2\/pages\/7368\/revisions"}],"predecessor-version":[{"id":87476,"href":"https:\/\/dev.skrivanek.com\/fr\/wp-json\/wp\/v2\/pages\/7368\/revisions\/87476"}],"wp:attachment":[{"href":"https:\/\/dev.skrivanek.com\/fr\/wp-json\/wp\/v2\/media?parent=7368"}],"curies":[{"name":"wp","href":"https:\/\/api.w.org\/{rel}","templated":true}]}}