{"id":7376,"date":"2021-07-20T17:30:50","date_gmt":"2021-07-20T15:30:50","guid":{"rendered":"https:\/\/skrivanek.com\/localisation\/localisation-de-site-web\/"},"modified":"2024-05-30T12:25:53","modified_gmt":"2024-05-30T10:25:53","slug":"localisation-de-site-web","status":"publish","type":"page","link":"https:\/\/dev.skrivanek.com\/fr\/localisation\/localisation-de-site-web\/","title":{"rendered":"Localisation de site\u00a0Web"},"content":{"rendered":"<div id=\"pl-7376\"  class=\"panel-layout\" ><div id=\"pg-7376-0\"  class=\"panel-grid panel-no-style\" ><div id=\"pgc-7376-0-0\"  class=\"panel-grid-cell\" ><div id=\"panel-7376-0-0-0\" class=\"so-panel widget widget_wpa9-editor-ext panel-first-child panel-last-child\" data-index=\"0\" ><div\n\t\t\t\n\t\t\tclass=\"so-widget-wpa9-editor-ext so-widget-wpa9-editor-ext-default-c93e1481a745-7376\"\n\t\t\t\n\t\t>\n<div class=\"siteorigin-widget-tinymce textwidget\">\n\t<div class=\"grey-box-section var-extramt\">\n<div class=\"section-wrapper var-wide\">\n<div class=\"grey-box-section__border\">\n<p><strong><span class=\"innerText\">Nos clients satis<\/span><span class=\"innerText\">fait<\/span><span class=\"innerText\">s\u00a0:<\/span><\/strong><\/p>\n<p><img alt=\"loc-ref\" loading=\"lazy\" decoding=\"async\" class=\"wp-image-5507 alignleft\" src=\"https:\/\/skrivanek.com\/wp-content\/uploads\/2021\/03\/loc-ref.png\" alt=\"\" width=\"925\" height=\"79\" \/><\/p>\n<\/div>\n<\/div>\n<\/div>\n<\/div>\n<\/div><\/div><\/div><\/div><div id=\"pg-7376-1\"  class=\"panel-grid panel-has-style\" ><div class=\"siteorigin-panels-stretch panel-row-style panel-row-style-for-7376-1\" data-stretch-type=\"full\" ><div id=\"pgc-7376-1-0\"  class=\"panel-grid-cell\" ><div id=\"panel-7376-1-0-0\" class=\"so-panel widget widget_wpa9-card-l panel-first-child panel-last-child\" data-index=\"1\" ><div\n\t\t\t\n\t\t\tclass=\"so-widget-wpa9-card-l so-widget-wpa9-card-l-default-c93e1481a745-7376\"\n\t\t\t\n\t\t>\n\n<div class=\"wpa9-card wpa9-card-l-container d-flex flex-wrap wpa9-columns-2\">\n\n\t\n\t\t\n\t<div class=\"wpa9-card-l-panel wpa9-panel shadow rounded d-flex flex-column justify-content-between\">\n\n\t\t<div>\n\t\t\t\t\t\t\t<span class=\"wpa9-panel-icon icon\" style=\"display: none; background-image: url('https:\/\/dev.skrivanek.com\/wp-content\/uploads\/2021\/03\/ico-online-vyuka.svg')\"><\/span>\n\t\t\t<span class=\"wpa9-panel-icon icon\" style=\"mask-image: url(https:\/\/dev.skrivanek.com\/wp-content\/uploads\/2021\/03\/ico-online-vyuka.svg); -webkit-mask-image: url(https:\/\/dev.skrivanek.com\/wp-content\/uploads\/2021\/03\/ico-online-vyuka.svg);\"><\/span>\n\t\t\n\t\t\t\t\t\t\t\t<h2 class=\"wpa9-panel-title\">Localisation de site\u00a0Web<\/h2>\n\t\t\n\t\t\t\t\t\t\t<div class=\"wpa9-panel-content\"><p>Parce que le site\u00a0Web le plus dynamique ne conna\u00eetra le succ\u00e8s que si la technologie est mise en place de mani\u00e8re impeccable et est utilis\u00e9e au mieux possible, nous proposons les services suivants\u00a0:<\/p>\n<ul>\n<li>Conseils et assistance en traduction\u00a0<a href=\"https:\/\/skrivanek.com\/fr\/traductions\/traductions-seo\/\">SEO<\/a> pour toutes les langues, afin d\u2019optimiser la pr\u00e9sence sur Internet<\/li>\n<li>Ma\u00eetrise de tous les formats dans toutes les langues\u00a0: html, xml, Java, syst\u00e8mes de gestion de contenu<\/li>\n<li>Mises \u00e0 jour de votre site\u00a0Web via votre syst\u00e8me de gestion de contenu<\/li>\n<li>Ajustements logiciels selon les formats, la PAO, les codes source, etc.<\/li>\n<\/ul>\n<\/div>\n\t\t\t\t<\/div>\n\n\t\t\t\t<div class=\"meta meta-buttons d-flex flex-column flex-sm-row justify-content-center\">\n\t\t\t\t\t<a class=\"btn btn-negative show-inquiry-form\" href=\"https:\/\/dev.skrivanek.com\/fr\/enquete\/\" title=\"Envoyer une demande\">Envoyer une demande<\/a>\n\t\t\t\t\t\t<\/div>\n\t\t\n\t<\/div>\n\n\t\t\n\t<div class=\"wpa9-card-l-panel wpa9-panel shadow rounded d-flex flex-column justify-content-between\">\n\n\t\t<div>\n\t\t\t\t\t\t\t<span class=\"wpa9-panel-icon icon\" style=\"display: none; background-image: url('https:\/\/dev.skrivanek.com\/wp-content\/uploads\/2021\/03\/ico-info.svg')\"><\/span>\n\t\t\t<span class=\"wpa9-panel-icon icon\" style=\"mask-image: url(https:\/\/dev.skrivanek.com\/wp-content\/uploads\/2021\/03\/ico-info.svg); -webkit-mask-image: url(https:\/\/dev.skrivanek.com\/wp-content\/uploads\/2021\/03\/ico-info.svg);\"><\/span>\n\t\t\n\t\t\t\t\t\t\t\t<h2 class=\"wpa9-panel-title\">Comment fonctionnez-vous\u00a0?<\/h2>\n\t\t\n\t\t\t\t\t\t\t<div class=\"wpa9-panel-content\"><p>Nous commen\u00e7ons par vous consulter concernant vos besoins et vos id\u00e9es. Puis nous pouvons prendre le contr\u00f4le de ce processus dans la mesure de ce que vous souhaitez nous confier. Nous prendrons contact avec les agences techniques ou marketing avec lesquelles vous travaillez d\u00e9j\u00e0, ou bien l\u2019\u00e9quipe marketing de Skrivanek peut d\u00e9velopper ind\u00e9pendamment un plan de globalisation complet du site\u00a0Web qui donnera vie \u00e0 votre projet.<\/p>\n<\/div>\n\t\t\t\t<\/div>\n\n\t\t\t\t<div class=\"meta meta-buttons d-flex flex-column flex-sm-row justify-content-center\">\n\t\t\t\t\t<a class=\"btn btn-negative \" href=\"\/fr\/contact\/\" title=\"Nous contacter\">Nous contacter<\/a>\n\t\t\t\t\t\t<\/div>\n\t\t\n\t<\/div>\n\n\t\t\n\t\n<\/div>\n<\/div><\/div><\/div><\/div><\/div><div id=\"pg-7376-2\"  class=\"panel-grid panel-no-style\" ><div id=\"pgc-7376-2-0\"  class=\"panel-grid-cell\" ><div id=\"panel-7376-2-0-0\" class=\"so-panel widget widget_wpa9-card-s panel-first-child panel-last-child\" data-index=\"2\" ><div\n\t\t\t\n\t\t\tclass=\"so-widget-wpa9-card-s so-widget-wpa9-card-s-default-c93e1481a745-7376\"\n\t\t\t\n\t\t><div class=\"wpa9-card wpa9-card-s narrow positive\">\n\n\t<div class=\"wpa9-card-wrapper container\">\n\n\t\t<div class=\"wpa9-card-text\">\n\t\t\t<h2 class=\"wpa9-card-title\">Vous recherchez une localisation rapide et de haute qualit\u00e9 de votre site\u00a0Web\u00a0?<\/h2>\n\t\t\t<div class=\"wpa9-card-content\"><p style=\"text-align: center\">Nous \u00e9tablirons un devis personnalis\u00e9 pour vous.<\/p>\n<\/div>\t\t<\/div>\n\n\t\t\t\t<div class=\"meta meta-buttons d-flex flex-row justify-content-center\">\n\t\t\t\t\t\t\t<a class=\"btn btn-negative show-inquiry-form\" href=\"https:\/\/dev.skrivanek.com\/fr\/enquete\/\" title=\"Envoyer une demande\">Envoyer une demande<\/a>\n\t\t\t\t<\/div>\n\t\t\n\t<\/div>\n\n<\/div>\n<\/div><\/div><\/div><\/div><\/div>","protected":false},"excerpt":{"rendered":"<p>Nos clients satisfaits\u00a0: Localisation de site\u00a0Web Parce que le site\u00a0Web le plus dynamique ne conna\u00eetra le succ\u00e8s que si la technologie est mise en place de mani\u00e8re impeccable et est utilis\u00e9e au mieux possible, nous proposons les services suivants\u00a0: Conseils et assistance en traduction\u00a0SEO pour toutes les langues, afin d\u2019optimiser la pr\u00e9sence sur Internet Ma\u00eetrise [&hellip;]<\/p>\n","protected":false},"author":10,"featured_media":0,"parent":7368,"menu_order":0,"comment_status":"closed","ping_status":"open","template":"","meta":{"_acf_changed":false,"content-type":"","footnotes":""},"class_list":["post-7376","page","type-page","status-publish","hentry"],"acf":[],"aioseo_notices":[],"_links":{"self":[{"href":"https:\/\/dev.skrivanek.com\/fr\/wp-json\/wp\/v2\/pages\/7376","targetHints":{"allow":["GET"]}}],"collection":[{"href":"https:\/\/dev.skrivanek.com\/fr\/wp-json\/wp\/v2\/pages"}],"about":[{"href":"https:\/\/dev.skrivanek.com\/fr\/wp-json\/wp\/v2\/types\/page"}],"author":[{"embeddable":true,"href":"https:\/\/dev.skrivanek.com\/fr\/wp-json\/wp\/v2\/users\/10"}],"replies":[{"embeddable":true,"href":"https:\/\/dev.skrivanek.com\/fr\/wp-json\/wp\/v2\/comments?post=7376"}],"version-history":[{"count":3,"href":"https:\/\/dev.skrivanek.com\/fr\/wp-json\/wp\/v2\/pages\/7376\/revisions"}],"predecessor-version":[{"id":87623,"href":"https:\/\/dev.skrivanek.com\/fr\/wp-json\/wp\/v2\/pages\/7376\/revisions\/87623"}],"up":[{"embeddable":true,"href":"https:\/\/dev.skrivanek.com\/fr\/wp-json\/wp\/v2\/pages\/7368"}],"wp:attachment":[{"href":"https:\/\/dev.skrivanek.com\/fr\/wp-json\/wp\/v2\/media?parent=7376"}],"curies":[{"name":"wp","href":"https:\/\/api.w.org\/{rel}","templated":true}]}}