{"id":7380,"date":"2021-07-20T17:30:50","date_gmt":"2021-07-20T15:30:50","guid":{"rendered":"https:\/\/skrivanek.com\/localisation\/localisation-de-contenu-multimedia\/"},"modified":"2024-05-30T09:17:08","modified_gmt":"2024-05-30T07:17:08","slug":"localisation-de-contenu-multimedia","status":"publish","type":"page","link":"https:\/\/dev.skrivanek.com\/fr\/localisation\/localisation-de-contenu-multimedia\/","title":{"rendered":"Localisation de contenu multim\u00e9dia"},"content":{"rendered":"<div id=\"pl-7380\"  class=\"panel-layout\" ><div id=\"pg-7380-0\"  class=\"panel-grid panel-no-style\" ><div id=\"pgc-7380-0-0\"  class=\"panel-grid-cell\" ><div id=\"panel-7380-0-0-0\" class=\"so-panel widget widget_wpa9-editor-ext panel-first-child panel-last-child\" data-index=\"0\" ><div\n\t\t\t\n\t\t\tclass=\"so-widget-wpa9-editor-ext so-widget-wpa9-editor-ext-default-c93e1481a745-7380\"\n\t\t\t\n\t\t>\n<div class=\"siteorigin-widget-tinymce textwidget\">\n\t<div class=\"grey-box-section var-extramt\">\n<div class=\"section-wrapper var-wide\">\n<div class=\"grey-box-section__border\">\n<p><strong><span class=\"innerText\">Nos clients satis<\/span><span class=\"innerText\">fait<\/span><span class=\"innerText\">s\u00a0:<\/span><\/strong><\/p>\n<p><img alt=\"loc-ref\" loading=\"lazy\" decoding=\"async\" class=\"wp-image-5507 alignleft\" src=\"https:\/\/skrivanek.com\/wp-content\/uploads\/2021\/03\/loc-ref.png\" alt=\"\" width=\"925\" height=\"79\" \/><\/p>\n<\/div>\n<\/div>\n<\/div>\n<\/div>\n<\/div><\/div><\/div><\/div><div id=\"pg-7380-1\"  class=\"panel-grid panel-has-style\" ><div class=\"siteorigin-panels-stretch panel-row-style panel-row-style-for-7380-1\" data-stretch-type=\"full\" ><div id=\"pgc-7380-1-0\"  class=\"panel-grid-cell\" ><div id=\"panel-7380-1-0-0\" class=\"so-panel widget widget_wpa9-card-l panel-first-child panel-last-child\" data-index=\"1\" ><div\n\t\t\t\n\t\t\tclass=\"so-widget-wpa9-card-l so-widget-wpa9-card-l-default-c93e1481a745-7380\"\n\t\t\t\n\t\t>\n\n<div class=\"wpa9-card wpa9-card-l-container d-flex flex-wrap wpa9-columns-2\">\n\n\t\n\t\t\n\t<div class=\"wpa9-card-l-panel wpa9-panel shadow rounded d-flex flex-column justify-content-between\">\n\n\t\t<div>\n\t\t\t\t\t\t\t<span class=\"wpa9-panel-icon icon\" style=\"display: none; background-image: url('https:\/\/dev.skrivanek.com\/wp-content\/uploads\/2021\/03\/ico-online-vyuka.svg')\"><\/span>\n\t\t\t<span class=\"wpa9-panel-icon icon\" style=\"mask-image: url(https:\/\/dev.skrivanek.com\/wp-content\/uploads\/2021\/03\/ico-online-vyuka.svg); -webkit-mask-image: url(https:\/\/dev.skrivanek.com\/wp-content\/uploads\/2021\/03\/ico-online-vyuka.svg);\"><\/span>\n\t\t\n\t\t\t\t\t\t\t\t<h2 class=\"wpa9-panel-title\">Localisation de contenu multim\u00e9dia<\/h2>\n\t\t\n\t\t\t\t\t\t\t<div class=\"wpa9-panel-content\"><p>Nous cr\u00e9erons la parfaite <a href=\"https:\/\/skrivanek.com\/fr\/traductions\/\">traduction<\/a> linguistique pour vous, ce qui inclut de tester le bon fonctionnement de votre application localis\u00e9e. Votre entreprise conna\u00eetra un franc succ\u00e8s sur les march\u00e9s \u00e9trangers. Nous adaptons le contenu \u00e0 la langue, aux normes juridiques et aux coutumes locales\u00a0!<\/p>\n<\/div>\n\t\t\t\t<\/div>\n\n\t\t\t\t<div class=\"meta meta-buttons d-flex flex-column flex-sm-row justify-content-center\">\n\t\t\t\t\t<a class=\"btn btn-negative show-inquiry-form\" href=\"https:\/\/dev.skrivanek.com\/fr\/enquete\/\" title=\"Envoyer une demande\">Envoyer une demande<\/a>\n\t\t\t\t\t\t<\/div>\n\t\t\n\t<\/div>\n\n\t\t\n\t<div class=\"wpa9-card-l-panel wpa9-panel shadow rounded d-flex flex-column justify-content-between\">\n\n\t\t<div>\n\t\t\t\t\t\t\t<span class=\"wpa9-panel-icon icon\" style=\"display: none; background-image: url('https:\/\/dev.skrivanek.com\/wp-content\/uploads\/2021\/03\/ico-info.svg')\"><\/span>\n\t\t\t<span class=\"wpa9-panel-icon icon\" style=\"mask-image: url(https:\/\/dev.skrivanek.com\/wp-content\/uploads\/2021\/03\/ico-info.svg); -webkit-mask-image: url(https:\/\/dev.skrivanek.com\/wp-content\/uploads\/2021\/03\/ico-info.svg);\"><\/span>\n\t\t\n\t\t\t\t\t\t\t\t<h2 class=\"wpa9-panel-title\">Nos services de localisation de contenu multim\u00e9dia incluent\u00a0:<\/h2>\n\t\t\n\t\t\t\t\t\t\t<div class=\"wpa9-panel-content\"><ul>\n<li>Jeux vid\u00e9o<\/li>\n<li>Voix off et doublage de vid\u00e9os<\/li>\n<li>Traduction et production de sous-titres<\/li>\n<li>Localisation de contenu marketing et de formation en ligne<\/li>\n<li>Localisation de contenu audio et vid\u00e9o<\/li>\n<li>Localisation d\u2019animations<\/li>\n<li>\u00c9valuation culturelle de contenu multim\u00e9dia<\/li>\n<li>Assurance qualit\u00e9 sur le contenu multim\u00e9dia<\/li>\n<\/ul>\n<\/div>\n\t\t\t\t<\/div>\n\n\t\t\t\t<div class=\"meta meta-buttons d-flex flex-column flex-sm-row justify-content-center\">\n\t\t\t\t\t<a class=\"btn btn-negative \" href=\"\/fr\/contact\/\" title=\"Nous contacter\">Nous contacter<\/a>\n\t\t\t\t\t\t<\/div>\n\t\t\n\t<\/div>\n\n\t\t\n\t\n<\/div>\n<\/div><\/div><\/div><\/div><\/div><div id=\"pg-7380-2\"  class=\"panel-grid panel-no-style\" ><div id=\"pgc-7380-2-0\"  class=\"panel-grid-cell\" ><div id=\"panel-7380-2-0-0\" class=\"so-panel widget widget_wpa9-card-s panel-first-child panel-last-child\" data-index=\"2\" ><div\n\t\t\t\n\t\t\tclass=\"so-widget-wpa9-card-s so-widget-wpa9-card-s-default-c93e1481a745-7380\"\n\t\t\t\n\t\t><div class=\"wpa9-card wpa9-card-s narrow positive\">\n\n\t<div class=\"wpa9-card-wrapper container\">\n\n\t\t<div class=\"wpa9-card-text\">\n\t\t\t<h2 class=\"wpa9-card-title\">Vous recherchez une localisation rapide et de haute qualit\u00e9 de votre contenu multim\u00e9dia\u00a0?<\/h2>\n\t\t\t<div class=\"wpa9-card-content\"><p style=\"text-align: center\">Nous \u00e9tablirons un devis personnalis\u00e9 pour vous.<\/p>\n<\/div>\t\t<\/div>\n\n\t\t\t\t<div class=\"meta meta-buttons d-flex flex-row justify-content-center\">\n\t\t\t\t\t\t\t<a class=\"btn btn-negative show-inquiry-form\" href=\"https:\/\/dev.skrivanek.com\/fr\/enquete\/\" title=\"Envoyer une demande\">Envoyer une demande<\/a>\n\t\t\t\t<\/div>\n\t\t\n\t<\/div>\n\n<\/div>\n<\/div><\/div><\/div><\/div><\/div>","protected":false},"excerpt":{"rendered":"<p>Nos clients satisfaits\u00a0: Localisation de contenu multim\u00e9dia Nous cr\u00e9erons la parfaite traduction linguistique pour vous, ce qui inclut de tester le bon fonctionnement de votre application localis\u00e9e. Votre entreprise conna\u00eetra un franc succ\u00e8s sur les march\u00e9s \u00e9trangers. Nous adaptons le contenu \u00e0 la langue, aux normes juridiques et aux coutumes locales\u00a0! Envoyer une demande Nos [&hellip;]<\/p>\n","protected":false},"author":10,"featured_media":0,"parent":7368,"menu_order":0,"comment_status":"closed","ping_status":"open","template":"","meta":{"_acf_changed":false,"content-type":"","footnotes":""},"class_list":["post-7380","page","type-page","status-publish","hentry"],"acf":[],"aioseo_notices":[],"_links":{"self":[{"href":"https:\/\/dev.skrivanek.com\/fr\/wp-json\/wp\/v2\/pages\/7380","targetHints":{"allow":["GET"]}}],"collection":[{"href":"https:\/\/dev.skrivanek.com\/fr\/wp-json\/wp\/v2\/pages"}],"about":[{"href":"https:\/\/dev.skrivanek.com\/fr\/wp-json\/wp\/v2\/types\/page"}],"author":[{"embeddable":true,"href":"https:\/\/dev.skrivanek.com\/fr\/wp-json\/wp\/v2\/users\/10"}],"replies":[{"embeddable":true,"href":"https:\/\/dev.skrivanek.com\/fr\/wp-json\/wp\/v2\/comments?post=7380"}],"version-history":[{"count":3,"href":"https:\/\/dev.skrivanek.com\/fr\/wp-json\/wp\/v2\/pages\/7380\/revisions"}],"predecessor-version":[{"id":87487,"href":"https:\/\/dev.skrivanek.com\/fr\/wp-json\/wp\/v2\/pages\/7380\/revisions\/87487"}],"up":[{"embeddable":true,"href":"https:\/\/dev.skrivanek.com\/fr\/wp-json\/wp\/v2\/pages\/7368"}],"wp:attachment":[{"href":"https:\/\/dev.skrivanek.com\/fr\/wp-json\/wp\/v2\/media?parent=7380"}],"curies":[{"name":"wp","href":"https:\/\/api.w.org\/{rel}","templated":true}]}}