{"id":7384,"date":"2021-07-20T17:30:51","date_gmt":"2021-07-20T15:30:51","guid":{"rendered":"https:\/\/skrivanek.com\/interpretation\/interpretation-lors-de-conferences\/"},"modified":"2024-05-29T14:58:20","modified_gmt":"2024-05-29T12:58:20","slug":"interpretation-lors-de-conferences","status":"publish","type":"page","link":"https:\/\/dev.skrivanek.com\/fr\/interpretation\/interpretation-lors-de-conferences\/","title":{"rendered":"Interpr\u00e9tation lors de conf\u00e9rences"},"content":{"rendered":"<div id=\"pl-7384\"  class=\"panel-layout\" ><div id=\"pg-7384-0\"  class=\"panel-grid panel-has-style\" ><div class=\"siteorigin-panels-stretch panel-row-style panel-row-style-for-7384-0\" data-stretch-type=\"full\" ><div id=\"pgc-7384-0-0\"  class=\"panel-grid-cell\" ><div id=\"panel-7384-0-0-0\" class=\"so-panel widget widget_wpa9-card-l panel-first-child panel-last-child\" data-index=\"0\" ><div\n\t\t\t\n\t\t\tclass=\"so-widget-wpa9-card-l so-widget-wpa9-card-l-default-c93e1481a745-7384\"\n\t\t\t\n\t\t>\n\n<div class=\"wpa9-card wpa9-card-l-container d-flex flex-wrap wpa9-columns-2\">\n\n\t\n\t\t\n\t<div class=\"wpa9-card-l-panel wpa9-panel shadow rounded d-flex flex-column justify-content-between\">\n\n\t\t<div>\n\t\t\t\t\t\t\t<span class=\"wpa9-panel-icon icon\" style=\"display: none; background-image: url('https:\/\/dev.skrivanek.com\/wp-content\/uploads\/2021\/03\/ico-tlumoceni-konsekutivni.svg')\"><\/span>\n\t\t\t<span class=\"wpa9-panel-icon icon\" style=\"mask-image: url(https:\/\/dev.skrivanek.com\/wp-content\/uploads\/2021\/03\/ico-tlumoceni-konsekutivni.svg); -webkit-mask-image: url(https:\/\/dev.skrivanek.com\/wp-content\/uploads\/2021\/03\/ico-tlumoceni-konsekutivni.svg);\"><\/span>\n\t\t\n\t\t\t\t\t\t\t\t<h2 class=\"wpa9-panel-title\">Interpr\u00e9tation simultan\u00e9e<\/h2>\n\t\t\n\t\t\t\t\t\t\t<div class=\"wpa9-panel-content\"><p>Parall\u00e8lement aux discours oraux, nous assurerons l\u2019interpr\u00e9tation simultan\u00e9e ou de conf\u00e9rence sans retards. Puisqu\u2019il s\u2019agit de la forme d\u2019<a href=\"https:\/\/skrivanek.com\/fr\/interpretation\/\">interpr\u00e9tation<\/a> la plus complexe, il est n\u00e9cessaire d\u2019avoir recours \u00e0 deux interpr\u00e8tes au minimum, qui se relaieront lors de la session d\u2019interpr\u00e9tation.<\/p>\n<ul>\n<li>Des interpr\u00e8tes professionnels jouissant d\u2019une longue exp\u00e9rience dans une combinaison de 80\u00a0langues<\/li>\n<li>Imm\u00e9diate et sans retards<\/li>\n<li>Interpr\u00e9tation pr\u00e9cise dans une langue et dans des domaines de sp\u00e9cialit\u00e9 sp\u00e9cifiques<\/li>\n<\/ul>\n<\/div>\n\t\t\t\t<\/div>\n\n\t\t\t\t<div class=\"meta meta-buttons d-flex flex-column flex-sm-row justify-content-center\">\n\t\t\t\t\t<a class=\"btn btn-negative show-inquiry-form\" href=\"https:\/\/dev.skrivanek.com\/fr\/enquete\/\" title=\"Envoyer une demande\">Envoyer une demande<\/a>\n\t\t\t\t\t\t<\/div>\n\t\t\n\t<\/div>\n\n\t\t\n\t<div class=\"wpa9-card-l-panel wpa9-panel shadow rounded d-flex flex-column justify-content-between\">\n\n\t\t<div>\n\t\t\t\t\t\t\t<span class=\"wpa9-panel-icon icon\" style=\"display: none; background-image: url('https:\/\/dev.skrivanek.com\/wp-content\/uploads\/2021\/01\/ico-obecnypreklad.svg')\"><\/span>\n\t\t\t<span class=\"wpa9-panel-icon icon\" style=\"mask-image: url(https:\/\/dev.skrivanek.com\/wp-content\/uploads\/2021\/01\/ico-obecnypreklad.svg); -webkit-mask-image: url(https:\/\/dev.skrivanek.com\/wp-content\/uploads\/2021\/01\/ico-obecnypreklad.svg);\"><\/span>\n\t\t\n\t\t\t\t\t\t\t\t<h2 class=\"wpa9-panel-title\">Types d\u2019interpr\u00e9tation simultan\u00e9e<\/h2>\n\t\t\n\t\t\t\t\t\t\t<div class=\"wpa9-panel-content\"><ul>\n<li>Interpr\u00e9tation lors de conf\u00e9rences<\/li>\n<li>Interpr\u00e9tation lors de congr\u00e8s<\/li>\n<li>Interpr\u00e9tation lors de s\u00e9minaires<\/li>\n<li>Interpr\u00e9tation lors de cours magistraux<\/li>\n<\/ul>\n<\/div>\n\t\t\t\t<\/div>\n\n\t\t\t\t<div class=\"meta meta-buttons d-flex flex-column flex-sm-row justify-content-center\">\n\t\t\t\t\t<a class=\"btn btn-negative \" href=\"\/fr\/contact\/\" title=\"Nous contacter\">Nous contacter<\/a>\n\t\t\t\t\t\t<\/div>\n\t\t\n\t<\/div>\n\n\t\t\n\t\n<\/div>\n<\/div><\/div><\/div><\/div><\/div><div id=\"pg-7384-1\"  class=\"panel-grid panel-has-style\" ><div class=\"siteorigin-panels-stretch panel-row-style panel-row-style-for-7384-1\" data-stretch-type=\"full-width-stretch\" ><div id=\"pgc-7384-1-0\"  class=\"panel-grid-cell\" ><div id=\"panel-7384-1-0-0\" class=\"so-panel widget widget_skrv-testimonials panel-first-child panel-last-child\" data-index=\"1\" ><div\n\t\t\t\n\t\t\tclass=\"so-widget-skrv-testimonials so-widget-skrv-testimonials-default-c93e1481a745-7384\"\n\t\t\t\n\t\t>\n\n<div class=\"skrv-testimonials\">\n\n    \n  <h3 class=\"widget-title\"><span class=\"title-wrapper\"><span class=\"title_bg_character\" style=\"color:#f7f7f7\">\u201d<\/span><span class=\"title\">Fiabilit\u00e9, rapidit\u00e9 et qualit\u00e9 de nos services<\/span><\/span><\/h3>\n  <div id=\"skrv-testimonial\" class=\"carousel slide\" data-bs-interval=\"4000\" data-bs-ride=\"carousel\" data-bs-touch=\"true\">\n    <div class=\"carousel-inner\">\n                <div class=\"skrv-testimonial-item carousel-item active\">\n        <div class=\"d-block\">\n                    <blockquote class=\"skrv-testimonial-text\">\u00ab\u00a0Nous sommes tr\u00e8s satisfaits du niveau de services assur\u00e9 par Skrivanek et recommandons chaudement les services de l\u2019entreprise \u00e0 d\u2019autres entreprises.\u00a0\u00bb<\/blockquote>\n          <h6 class=\"skrv-testimonial-client\">Ville de T\u00e1bor<\/h6>\n        <\/div>\n      <\/div>\n        <\/div>\n\n    <a class=\"carousel-control-prev\" href=\"#0\" data-bs-target=\"#skrv-testimonial\" role=\"button\" data-bs-slide=\"prev\">\n      <span class=\"carousel-control-prev-icon\" aria-hidden=\"true\"><\/span>\n      <span class=\"sr-only\">Previous<\/span>\n    <\/a>\n    <a class=\"carousel-control-next\" href=\"#0\" data-bs-target=\"#skrv-testimonial\" role=\"button\" data-bs-slide=\"next\">\n      <span class=\"carousel-control-next-icon\" aria-hidden=\"true\"><\/span>\n      <span class=\"sr-only\">Next<\/span>\n    <\/a>\n\n    <ol class=\"carousel-indicators hidden\">\n                <li data-bs-target=\"#skrv-testimonial\" data-bs-slide-to=\"0\" class=\"active\"><\/li>\n        <\/ol>\n  <\/div>\n\n<\/div>\n\n<\/div><\/div><\/div><\/div><\/div><div id=\"pg-7384-2\"  class=\"panel-grid panel-has-style\" ><div class=\"siteorigin-panels-stretch panel-row-style panel-row-style-for-7384-2\" data-stretch-type=\"full\" ><div id=\"pgc-7384-2-0\"  class=\"panel-grid-cell\" ><div id=\"panel-7384-2-0-0\" class=\"so-panel widget widget_wpa9-card-s panel-first-child panel-last-child\" data-index=\"2\" ><div\n\t\t\t\n\t\t\tclass=\"so-widget-wpa9-card-s so-widget-wpa9-card-s-default-c93e1481a745-7384\"\n\t\t\t\n\t\t><div class=\"wpa9-card wpa9-card-s narrow positive\">\n\n\t<div class=\"wpa9-card-wrapper container\">\n\n\t\t<div class=\"wpa9-card-text\">\n\t\t\t<h2 class=\"wpa9-card-title\">Il vous faut un interpr\u00e8te\u00a0?<\/h2>\n\t\t\t<div class=\"wpa9-card-content\"><p style=\"text-align: center\">Nous \u00e9tablirons un devis pour vous.<\/p>\n<\/div>\t\t<\/div>\n\n\t\t\t\t<div class=\"meta meta-buttons d-flex flex-row justify-content-center\">\n\t\t\t\t\t\t\t<a class=\"btn btn-negative show-inquiry-form\" href=\"https:\/\/dev.skrivanek.com\/fr\/enquete\/\" title=\"Envoyer une demande\">Envoyer une demande<\/a>\n\t\t\t\t<\/div>\n\t\t\n\t<\/div>\n\n<\/div>\n<\/div><\/div><\/div><\/div><\/div><\/div>","protected":false},"excerpt":{"rendered":"<p>Interpr\u00e9tation simultan\u00e9e Parall\u00e8lement aux discours oraux, nous assurerons l\u2019interpr\u00e9tation simultan\u00e9e ou de conf\u00e9rence sans retards. Puisqu\u2019il s\u2019agit de la forme d\u2019interpr\u00e9tation la plus complexe, il est n\u00e9cessaire d\u2019avoir recours \u00e0 deux interpr\u00e8tes au minimum, qui se relaieront lors de la session d\u2019interpr\u00e9tation. Des interpr\u00e8tes professionnels jouissant d\u2019une longue exp\u00e9rience dans une combinaison de 80\u00a0langues Imm\u00e9diate [&hellip;]<\/p>\n","protected":false},"author":10,"featured_media":0,"parent":7308,"menu_order":0,"comment_status":"closed","ping_status":"open","template":"","meta":{"_acf_changed":false,"content-type":"","footnotes":""},"class_list":["post-7384","page","type-page","status-publish","hentry"],"acf":[],"aioseo_notices":[],"_links":{"self":[{"href":"https:\/\/dev.skrivanek.com\/fr\/wp-json\/wp\/v2\/pages\/7384","targetHints":{"allow":["GET"]}}],"collection":[{"href":"https:\/\/dev.skrivanek.com\/fr\/wp-json\/wp\/v2\/pages"}],"about":[{"href":"https:\/\/dev.skrivanek.com\/fr\/wp-json\/wp\/v2\/types\/page"}],"author":[{"embeddable":true,"href":"https:\/\/dev.skrivanek.com\/fr\/wp-json\/wp\/v2\/users\/10"}],"replies":[{"embeddable":true,"href":"https:\/\/dev.skrivanek.com\/fr\/wp-json\/wp\/v2\/comments?post=7384"}],"version-history":[{"count":4,"href":"https:\/\/dev.skrivanek.com\/fr\/wp-json\/wp\/v2\/pages\/7384\/revisions"}],"predecessor-version":[{"id":87438,"href":"https:\/\/dev.skrivanek.com\/fr\/wp-json\/wp\/v2\/pages\/7384\/revisions\/87438"}],"up":[{"embeddable":true,"href":"https:\/\/dev.skrivanek.com\/fr\/wp-json\/wp\/v2\/pages\/7308"}],"wp:attachment":[{"href":"https:\/\/dev.skrivanek.com\/fr\/wp-json\/wp\/v2\/media?parent=7384"}],"curies":[{"name":"wp","href":"https:\/\/api.w.org\/{rel}","templated":true}]}}