{"id":7388,"date":"2021-07-20T17:30:51","date_gmt":"2021-07-20T15:30:51","guid":{"rendered":"https:\/\/skrivanek.com\/interpretation\/interpretation-lors-de-reunions-daffaires\/"},"modified":"2025-12-09T22:43:09","modified_gmt":"2025-12-09T21:43:09","slug":"interpretation-lors-de-reunions-daffaires","status":"publish","type":"page","link":"https:\/\/dev.skrivanek.com\/fr\/interpretation\/interpretation-lors-de-reunions-daffaires\/","title":{"rendered":"Interpr\u00e9tation lors de r\u00e9unions d\u2019affaires"},"content":{"rendered":"<div id=\"pl-7388\"  class=\"panel-layout\" ><div id=\"pg-7388-0\"  class=\"panel-grid panel-has-style\" ><div class=\"siteorigin-panels-stretch panel-row-style panel-row-style-for-7388-0\" data-stretch-type=\"full\" ><div id=\"pgc-7388-0-0\"  class=\"panel-grid-cell\" ><div id=\"panel-7388-0-0-0\" class=\"so-panel widget widget_wpa9-card-l panel-first-child panel-last-child\" data-index=\"0\" ><div\n\t\t\t\n\t\t\tclass=\"so-widget-wpa9-card-l so-widget-wpa9-card-l-default-c93e1481a745-7388\"\n\t\t\t\n\t\t>\n\n<div class=\"wpa9-card wpa9-card-l-container d-flex flex-wrap wpa9-columns-2\">\n\n\t\n\t\t\n\t<div class=\"wpa9-card-l-panel wpa9-panel shadow rounded d-flex flex-column justify-content-between\">\n\n\t\t<div>\n\t\t\t\t\t\t\t<span class=\"wpa9-panel-icon icon\" style=\"display: none; background-image: url('https:\/\/dev.skrivanek.com\/wp-content\/uploads\/2021\/03\/ico-tlumoceni-konsekutivni.svg')\"><\/span>\n\t\t\t<span class=\"wpa9-panel-icon icon\" style=\"mask-image: url(https:\/\/dev.skrivanek.com\/wp-content\/uploads\/2021\/03\/ico-tlumoceni-konsekutivni.svg); -webkit-mask-image: url(https:\/\/dev.skrivanek.com\/wp-content\/uploads\/2021\/03\/ico-tlumoceni-konsekutivni.svg);\"><\/span>\n\t\t\n\t\t\t\t\t\t\t\t<h2 class=\"wpa9-panel-title\">Interpr\u00e9tation lors de r\u00e9unions d\u2019affaires<\/h2>\n\t\t\n\t\t\t\t\t\t\t<div class=\"wpa9-panel-content\"><p>Segment par segment, notre interpr\u00e8te traduira toutes les informations, en veillant \u00e0 ce qu\u2019elles soient comprises. Notre vaste r\u00e9seau de filiales en R\u00e9publique\u00a0tch\u00e8que et \u00e0 l\u2019\u00e9tranger nous permet de garantir la disponibilit\u00e9 d\u2019un <a href=\"https:\/\/skrivanek.com\/fr\/interpretation\/\">interpr\u00e8te<\/a> professionnel, offrant la flexibilit\u00e9 de travailler de chez soi ou \u00e0 l\u2019\u00e9tranger.<\/p>\n<ul>\n<li>Des interpr\u00e8tes professionnels jouissant d\u2019une longue exp\u00e9rience dans une combinaison de 80\u00a0langues<\/li>\n<li>Imm\u00e9diate et sans retards<\/li>\n<li>Interpr\u00e9tation pr\u00e9cise dans la langue de votre choix et dans des domaines de sp\u00e9cialit\u00e9 sp\u00e9cifiques<\/li>\n<\/ul>\n<\/div>\n\t\t\t\t<\/div>\n\n\t\t\t\t<div class=\"meta meta-buttons d-flex flex-column flex-sm-row justify-content-center\">\n\t\t\t\t\t<a class=\"btn btn-negative show-inquiry-form\" href=\"https:\/\/dev.skrivanek.com\/fr\/enquete\/\" title=\"Envoyer une demande\">Envoyer une demande<\/a>\n\t\t\t\t\t\t<\/div>\n\t\t\n\t<\/div>\n\n\t\t\n\t<div class=\"wpa9-card-l-panel wpa9-panel shadow rounded d-flex flex-column justify-content-between\">\n\n\t\t<div>\n\t\t\t\t\t\t\t<span class=\"wpa9-panel-icon icon\" style=\"display: none; background-image: url('https:\/\/dev.skrivanek.com\/wp-content\/uploads\/2021\/01\/ico-obecnypreklad.svg')\"><\/span>\n\t\t\t<span class=\"wpa9-panel-icon icon\" style=\"mask-image: url(https:\/\/dev.skrivanek.com\/wp-content\/uploads\/2021\/01\/ico-obecnypreklad.svg); -webkit-mask-image: url(https:\/\/dev.skrivanek.com\/wp-content\/uploads\/2021\/01\/ico-obecnypreklad.svg);\"><\/span>\n\t\t\n\t\t\t\t\t\t\t\t<h2 class=\"wpa9-panel-title\">Types d\u2019interpr\u00e9tation cons\u00e9cutive<\/h2>\n\t\t\n\t\t\t\t\t\t\t<div class=\"wpa9-panel-content\"><ul>\n<li>Interpr\u00e9tation lors de r\u00e9unions d\u2019affaires<\/li>\n<li>Interpr\u00e9tation lors de formations<\/li>\n<li>Interpr\u00e9tation lors de r\u00e9unions d\u2019entreprise<\/li>\n<li>Interpr\u00e9tation lors de r\u00e9unions formelles et informelles<\/li>\n<\/ul>\n<\/div>\n\t\t\t\t<\/div>\n\n\t\t\t\t<div class=\"meta meta-buttons d-flex flex-column flex-sm-row justify-content-center\">\n\t\t\t\t\t<a class=\"btn btn-negative \" href=\"\/fr\/contact\/\" title=\"Nous contacter\">Nous contacter<\/a>\n\t\t\t\t\t\t<\/div>\n\t\t\n\t<\/div>\n\n\t\t\n\t\n<\/div>\n<\/div><\/div><\/div><\/div><\/div><div id=\"pg-7388-1\"  class=\"panel-grid panel-has-style\" ><div class=\"siteorigin-panels-stretch panel-row-style panel-row-style-for-7388-1\" data-stretch-type=\"full-width-stretch\" ><div id=\"pgc-7388-1-0\"  class=\"panel-grid-cell\" ><div id=\"panel-7388-1-0-0\" class=\"so-panel widget widget_skrv-testimonials panel-first-child panel-last-child\" data-index=\"1\" ><div\n\t\t\t\n\t\t\tclass=\"so-widget-skrv-testimonials so-widget-skrv-testimonials-default-c93e1481a745-7388\"\n\t\t\t\n\t\t>\n\n<div class=\"skrv-testimonials\">\n\n    \n  <h3 class=\"widget-title\"><span class=\"title-wrapper\"><span class=\"title_bg_character\" style=\"color:#f7f7f7\">\u201d<\/span><span class=\"title\">Fiabilit\u00e9, rapidit\u00e9 et qualit\u00e9 de nos services<\/span><\/span><\/h3>\n  <div id=\"skrv-testimonial\" class=\"carousel slide\" data-bs-interval=\"4000\" data-bs-ride=\"carousel\" data-bs-touch=\"true\">\n    <div class=\"carousel-inner\">\n                <div class=\"skrv-testimonial-item carousel-item active\">\n        <div class=\"d-block\">\n                    <blockquote class=\"skrv-testimonial-text\">\u00ab\u00a0Nous sommes tr\u00e8s satisfaits du niveau de services assur\u00e9 par Skrivanek et recommandons chaudement les services de l\u2019entreprise \u00e0 d\u2019autres entreprises.\u00a0\u00bb<\/blockquote>\n          <h6 class=\"skrv-testimonial-client\">Ville de T\u00e1bor<\/h6>\n        <\/div>\n      <\/div>\n        <\/div>\n\n    <a class=\"carousel-control-prev\" href=\"#0\" data-bs-target=\"#skrv-testimonial\" role=\"button\" data-bs-slide=\"prev\">\n      <span class=\"carousel-control-prev-icon\" aria-hidden=\"true\"><\/span>\n      <span class=\"sr-only\">Previous<\/span>\n    <\/a>\n    <a class=\"carousel-control-next\" href=\"#0\" data-bs-target=\"#skrv-testimonial\" role=\"button\" data-bs-slide=\"next\">\n      <span class=\"carousel-control-next-icon\" aria-hidden=\"true\"><\/span>\n      <span class=\"sr-only\">Next<\/span>\n    <\/a>\n\n    <ol class=\"carousel-indicators hidden\">\n                <li data-bs-target=\"#skrv-testimonial\" data-bs-slide-to=\"0\" class=\"active\"><\/li>\n        <\/ol>\n  <\/div>\n\n<\/div>\n\n<\/div><\/div><\/div><\/div><\/div><div id=\"pg-7388-2\"  class=\"panel-grid panel-has-style\" ><div class=\"siteorigin-panels-stretch panel-row-style panel-row-style-for-7388-2\" data-stretch-type=\"full\" ><div id=\"pgc-7388-2-0\"  class=\"panel-grid-cell\" ><div id=\"panel-7388-2-0-0\" class=\"so-panel widget widget_wpa9-card-s panel-first-child panel-last-child\" data-index=\"2\" ><div\n\t\t\t\n\t\t\tclass=\"so-widget-wpa9-card-s so-widget-wpa9-card-s-default-c93e1481a745-7388\"\n\t\t\t\n\t\t><div class=\"wpa9-card wpa9-card-s narrow positive\">\n\n\t<div class=\"wpa9-card-wrapper container\">\n\n\t\t<div class=\"wpa9-card-text\">\n\t\t\t<h2 class=\"wpa9-card-title\">Il vous faut un interpr\u00e8te pour une r\u00e9union d\u2019affaires importante\u00a0?<\/h2>\n\t\t\t<div class=\"wpa9-card-content\"><p style=\"text-align: center\">Nous \u00e9tablirons un devis pour vous.<\/p>\n<\/div>\t\t<\/div>\n\n\t\t\t\t<div class=\"meta meta-buttons d-flex flex-row justify-content-center\">\n\t\t\t\t\t\t\t<a class=\"btn btn-negative show-inquiry-form\" href=\"https:\/\/dev.skrivanek.com\/fr\/enquete\/\" title=\"Envoyer une demande\">Envoyer une demande<\/a>\n\t\t\t\t<\/div>\n\t\t\n\t<\/div>\n\n<\/div>\n<\/div><\/div><\/div><\/div><\/div><\/div>","protected":false},"excerpt":{"rendered":"<p>Interpr\u00e9tation lors de r\u00e9unions d\u2019affaires Segment par segment, notre interpr\u00e8te traduira toutes les informations, en veillant \u00e0 ce qu\u2019elles soient comprises. Notre vaste r\u00e9seau de filiales en R\u00e9publique\u00a0tch\u00e8que et \u00e0 l\u2019\u00e9tranger nous permet de garantir la disponibilit\u00e9 d\u2019un interpr\u00e8te professionnel, offrant la flexibilit\u00e9 de travailler de chez soi ou \u00e0 l\u2019\u00e9tranger. Des interpr\u00e8tes professionnels jouissant [&hellip;]<\/p>\n","protected":false},"author":10,"featured_media":0,"parent":7308,"menu_order":0,"comment_status":"closed","ping_status":"open","template":"","meta":{"_acf_changed":false,"content-type":"","footnotes":""},"class_list":["post-7388","page","type-page","status-publish","hentry"],"acf":[],"aioseo_notices":[],"_links":{"self":[{"href":"https:\/\/dev.skrivanek.com\/fr\/wp-json\/wp\/v2\/pages\/7388","targetHints":{"allow":["GET"]}}],"collection":[{"href":"https:\/\/dev.skrivanek.com\/fr\/wp-json\/wp\/v2\/pages"}],"about":[{"href":"https:\/\/dev.skrivanek.com\/fr\/wp-json\/wp\/v2\/types\/page"}],"author":[{"embeddable":true,"href":"https:\/\/dev.skrivanek.com\/fr\/wp-json\/wp\/v2\/users\/10"}],"replies":[{"embeddable":true,"href":"https:\/\/dev.skrivanek.com\/fr\/wp-json\/wp\/v2\/comments?post=7388"}],"version-history":[{"count":3,"href":"https:\/\/dev.skrivanek.com\/fr\/wp-json\/wp\/v2\/pages\/7388\/revisions"}],"predecessor-version":[{"id":92417,"href":"https:\/\/dev.skrivanek.com\/fr\/wp-json\/wp\/v2\/pages\/7388\/revisions\/92417"}],"up":[{"embeddable":true,"href":"https:\/\/dev.skrivanek.com\/fr\/wp-json\/wp\/v2\/pages\/7308"}],"wp:attachment":[{"href":"https:\/\/dev.skrivanek.com\/fr\/wp-json\/wp\/v2\/media?parent=7388"}],"curies":[{"name":"wp","href":"https:\/\/api.w.org\/{rel}","templated":true}]}}