{"id":7390,"date":"2021-07-20T17:30:51","date_gmt":"2021-07-20T15:30:51","guid":{"rendered":"https:\/\/skrivanek.com\/interpretation\/interpretation-judiciaire\/"},"modified":"2025-12-09T22:41:05","modified_gmt":"2025-12-09T21:41:05","slug":"interpretation-judiciaire","status":"publish","type":"page","link":"https:\/\/dev.skrivanek.com\/fr\/interpretation\/interpretation-judiciaire\/","title":{"rendered":"Interpr\u00e9tation judiciaire"},"content":{"rendered":"<div id=\"pl-7390\"  class=\"panel-layout\" ><div id=\"pg-7390-0\"  class=\"panel-grid panel-has-style\" ><div class=\"siteorigin-panels-stretch panel-row-style panel-row-style-for-7390-0\" data-stretch-type=\"full\" ><div id=\"pgc-7390-0-0\"  class=\"panel-grid-cell\" ><div id=\"panel-7390-0-0-0\" class=\"so-panel widget widget_wpa9-card-l panel-first-child panel-last-child\" data-index=\"0\" ><div\n\t\t\t\n\t\t\tclass=\"so-widget-wpa9-card-l so-widget-wpa9-card-l-default-c93e1481a745-7390\"\n\t\t\t\n\t\t>\n\n<div class=\"wpa9-card wpa9-card-l-container d-flex flex-wrap wpa9-columns-2\">\n\n\t\n\t\t\n\t<div class=\"wpa9-card-l-panel wpa9-panel shadow rounded d-flex flex-column justify-content-between\">\n\n\t\t<div>\n\t\t\t\t\t\t\t<span class=\"wpa9-panel-icon icon\" style=\"display: none; background-image: url('https:\/\/dev.skrivanek.com\/wp-content\/uploads\/2021\/03\/ico-tlumoceni-soudni.svg')\"><\/span>\n\t\t\t<span class=\"wpa9-panel-icon icon\" style=\"mask-image: url(https:\/\/dev.skrivanek.com\/wp-content\/uploads\/2021\/03\/ico-tlumoceni-soudni.svg); -webkit-mask-image: url(https:\/\/dev.skrivanek.com\/wp-content\/uploads\/2021\/03\/ico-tlumoceni-soudni.svg);\"><\/span>\n\t\t\n\t\t\t\t\t\t\t\t<h2 class=\"wpa9-panel-title\">Interpr\u00e9tation judiciaire<\/h2>\n\t\t\n\t\t\t\t\t\t\t<div class=\"wpa9-panel-content\"><p>Nous assurons <a href=\"https:\/\/skrivanek.com\/fr\/interpretation\/\">l\u2019interpr\u00e9tation<\/a> pr\u00e9cise, ind\u00e9pendante et impartiale de discours tenus lors d\u2019une audience de tribunal ou d\u2019autres \u00e9v\u00e9nements. Nos interpr\u00e8tes ont \u00e9t\u00e9 d\u00e9sign\u00e9s par les tribunaux tch\u00e8ques pour se charger de l\u2019interpr\u00e9tation judiciaire conform\u00e9ment \u00e0 l\u2019Article\u00a037 du d\u00e9cret de 1967 portant sur les experts et interpr\u00e8tes.<\/p>\n<ul>\n<li>Des interpr\u00e8tes professionnels jouissant d\u2019une longue exp\u00e9rience dans une combinaison de 80\u00a0langues<\/li>\n<li>Imm\u00e9diate et sans retards<\/li>\n<li>Interpr\u00e9tation pr\u00e9cise dans une langue et dans des domaines de sp\u00e9cialit\u00e9 sp\u00e9cifiques<\/li>\n<\/ul>\n<\/div>\n\t\t\t\t<\/div>\n\n\t\t\t\t<div class=\"meta meta-buttons d-flex flex-column flex-sm-row justify-content-center\">\n\t\t\t\t\t<a class=\"btn btn-negative show-inquiry-form\" href=\"https:\/\/dev.skrivanek.com\/fr\/enquete\/\" title=\"Envoyer une demande\">Envoyer une demande<\/a>\n\t\t\t\t\t\t<\/div>\n\t\t\n\t<\/div>\n\n\t\t\n\t<div class=\"wpa9-card-l-panel wpa9-panel shadow rounded d-flex flex-column justify-content-between\">\n\n\t\t<div>\n\t\t\t\t\t\t\t<span class=\"wpa9-panel-icon icon\" style=\"display: none; background-image: url('https:\/\/dev.skrivanek.com\/wp-content\/uploads\/2021\/01\/ico-obecnypreklad.svg')\"><\/span>\n\t\t\t<span class=\"wpa9-panel-icon icon\" style=\"mask-image: url(https:\/\/dev.skrivanek.com\/wp-content\/uploads\/2021\/01\/ico-obecnypreklad.svg); -webkit-mask-image: url(https:\/\/dev.skrivanek.com\/wp-content\/uploads\/2021\/01\/ico-obecnypreklad.svg);\"><\/span>\n\t\t\n\t\t\t\t\t\t\t\t<h2 class=\"wpa9-panel-title\">Types d\u2019interpr\u00e9tation judiciaire<\/h2>\n\t\t\n\t\t\t\t\t\t\t<div class=\"wpa9-panel-content\"><ul>\n<li>Interpr\u00e9tation lors d\u2019audiences de tribunal<\/li>\n<li>Interpr\u00e9tation lors d\u2019un mariage<\/li>\n<li>Interpr\u00e9tation lors d\u2019\u00e9v\u00e9nements officiellement document\u00e9s<\/li>\n<li>Interpr\u00e9tation lors de proc\u00e9dures aupr\u00e8s d\u2019un cabinet notarial<\/li>\n<\/ul>\n<\/div>\n\t\t\t\t<\/div>\n\n\t\t\t\t<div class=\"meta meta-buttons d-flex flex-column flex-sm-row justify-content-center\">\n\t\t\t\t\t<a class=\"btn btn-negative \" href=\"\/fr\/contact\/\" title=\"Nous contacter\">Nous contacter<\/a>\n\t\t\t\t\t\t<\/div>\n\t\t\n\t<\/div>\n\n\t\t\n\t\n<\/div>\n<\/div><\/div><\/div><\/div><\/div><div id=\"pg-7390-1\"  class=\"panel-grid panel-has-style\" ><div class=\"siteorigin-panels-stretch panel-row-style panel-row-style-for-7390-1\" data-stretch-type=\"full-width-stretch\" ><div id=\"pgc-7390-1-0\"  class=\"panel-grid-cell\" ><div id=\"panel-7390-1-0-0\" class=\"so-panel widget widget_skrv-testimonials panel-first-child panel-last-child\" data-index=\"1\" ><div\n\t\t\t\n\t\t\tclass=\"so-widget-skrv-testimonials so-widget-skrv-testimonials-default-c93e1481a745-7390\"\n\t\t\t\n\t\t>\n\n<div class=\"skrv-testimonials\">\n\n    \n  <h3 class=\"widget-title\"><span class=\"title-wrapper\"><span class=\"title_bg_character\" style=\"color:#f7f7f7\">\u201d<\/span><span class=\"title\">Fiabilit\u00e9, rapidit\u00e9 et qualit\u00e9 de nos services<\/span><\/span><\/h3>\n  <div id=\"skrv-testimonial\" class=\"carousel slide\" data-bs-interval=\"4000\" data-bs-ride=\"carousel\" data-bs-touch=\"true\">\n    <div class=\"carousel-inner\">\n                <div class=\"skrv-testimonial-item carousel-item active\">\n        <div class=\"d-block\">\n                    <blockquote class=\"skrv-testimonial-text\">\u00ab\u00a0Nous sommes tr\u00e8s satisfaits du niveau de services assur\u00e9 par Skrivanek et recommandons chaudement les services de l\u2019entreprise \u00e0 d\u2019autres entreprises.\u00a0\u00bb<\/blockquote>\n          <h6 class=\"skrv-testimonial-client\">Ville de T\u00e1bor<\/h6>\n        <\/div>\n      <\/div>\n        <\/div>\n\n    <a class=\"carousel-control-prev\" href=\"#0\" data-bs-target=\"#skrv-testimonial\" role=\"button\" data-bs-slide=\"prev\">\n      <span class=\"carousel-control-prev-icon\" aria-hidden=\"true\"><\/span>\n      <span class=\"sr-only\">Previous<\/span>\n    <\/a>\n    <a class=\"carousel-control-next\" href=\"#0\" data-bs-target=\"#skrv-testimonial\" role=\"button\" data-bs-slide=\"next\">\n      <span class=\"carousel-control-next-icon\" aria-hidden=\"true\"><\/span>\n      <span class=\"sr-only\">Next<\/span>\n    <\/a>\n\n    <ol class=\"carousel-indicators hidden\">\n                <li data-bs-target=\"#skrv-testimonial\" data-bs-slide-to=\"0\" class=\"active\"><\/li>\n        <\/ol>\n  <\/div>\n\n<\/div>\n\n<\/div><\/div><\/div><\/div><\/div><div id=\"pg-7390-2\"  class=\"panel-grid panel-has-style\" ><div class=\"siteorigin-panels-stretch panel-row-style panel-row-style-for-7390-2\" data-stretch-type=\"full\" ><div id=\"pgc-7390-2-0\"  class=\"panel-grid-cell\" ><div id=\"panel-7390-2-0-0\" class=\"so-panel widget widget_wpa9-card-s panel-first-child panel-last-child\" data-index=\"2\" ><div\n\t\t\t\n\t\t\tclass=\"so-widget-wpa9-card-s so-widget-wpa9-card-s-default-c93e1481a745-7390\"\n\t\t\t\n\t\t><div class=\"wpa9-card wpa9-card-s narrow positive\">\n\n\t<div class=\"wpa9-card-wrapper container\">\n\n\t\t<div class=\"wpa9-card-text\">\n\t\t\t<h2 class=\"wpa9-card-title\">Il vous faut un interpr\u00e8te judiciaire\u00a0?<\/h2>\n\t\t\t<div class=\"wpa9-card-content\"><p style=\"text-align: center\">Nous \u00e9tablirons un devis pour vous.<\/p>\r\n<\/div>\t\t<\/div>\n\n\t\t\t\t<div class=\"meta meta-buttons d-flex flex-row justify-content-center\">\n\t\t\t\t\t\t\t<a class=\"btn btn-negative show-inquiry-form\" href=\"https:\/\/dev.skrivanek.com\/fr\/enquete\/\" title=\"Envoyer une demande\">Envoyer une demande<\/a>\n\t\t\t\t<\/div>\n\t\t\n\t<\/div>\n\n<\/div>\n<\/div><\/div><\/div><\/div><\/div><\/div>","protected":false},"excerpt":{"rendered":"<p>Interpr\u00e9tation judiciaire Nous assurons l\u2019interpr\u00e9tation pr\u00e9cise, ind\u00e9pendante et impartiale de discours tenus lors d\u2019une audience de tribunal ou d\u2019autres \u00e9v\u00e9nements. Nos interpr\u00e8tes ont \u00e9t\u00e9 d\u00e9sign\u00e9s par les tribunaux tch\u00e8ques pour se charger de l\u2019interpr\u00e9tation judiciaire conform\u00e9ment \u00e0 l\u2019Article\u00a037 du d\u00e9cret de 1967 portant sur les experts et interpr\u00e8tes. Des interpr\u00e8tes professionnels jouissant d\u2019une longue exp\u00e9rience [&hellip;]<\/p>\n","protected":false},"author":10,"featured_media":0,"parent":7308,"menu_order":0,"comment_status":"closed","ping_status":"open","template":"","meta":{"_acf_changed":false,"content-type":"","footnotes":""},"class_list":["post-7390","page","type-page","status-publish","hentry"],"acf":[],"aioseo_notices":[],"_links":{"self":[{"href":"https:\/\/dev.skrivanek.com\/fr\/wp-json\/wp\/v2\/pages\/7390","targetHints":{"allow":["GET"]}}],"collection":[{"href":"https:\/\/dev.skrivanek.com\/fr\/wp-json\/wp\/v2\/pages"}],"about":[{"href":"https:\/\/dev.skrivanek.com\/fr\/wp-json\/wp\/v2\/types\/page"}],"author":[{"embeddable":true,"href":"https:\/\/dev.skrivanek.com\/fr\/wp-json\/wp\/v2\/users\/10"}],"replies":[{"embeddable":true,"href":"https:\/\/dev.skrivanek.com\/fr\/wp-json\/wp\/v2\/comments?post=7390"}],"version-history":[{"count":3,"href":"https:\/\/dev.skrivanek.com\/fr\/wp-json\/wp\/v2\/pages\/7390\/revisions"}],"predecessor-version":[{"id":92415,"href":"https:\/\/dev.skrivanek.com\/fr\/wp-json\/wp\/v2\/pages\/7390\/revisions\/92415"}],"up":[{"embeddable":true,"href":"https:\/\/dev.skrivanek.com\/fr\/wp-json\/wp\/v2\/pages\/7308"}],"wp:attachment":[{"href":"https:\/\/dev.skrivanek.com\/fr\/wp-json\/wp\/v2\/media?parent=7390"}],"curies":[{"name":"wp","href":"https:\/\/api.w.org\/{rel}","templated":true}]}}