{"id":7392,"date":"2021-07-20T17:30:51","date_gmt":"2021-07-20T15:30:51","guid":{"rendered":"https:\/\/skrivanek.com\/interpretation\/interpretation-a-distance\/"},"modified":"2024-05-29T14:36:05","modified_gmt":"2024-05-29T12:36:05","slug":"interpretation-a-distance","status":"publish","type":"page","link":"https:\/\/dev.skrivanek.com\/fr\/interpretation\/interpretation-a-distance\/","title":{"rendered":"Interpr\u00e9tation \u00e0 distance"},"content":{"rendered":"<div id=\"pl-7392\"  class=\"panel-layout\" ><div id=\"pg-7392-0\"  class=\"panel-grid panel-has-style\" ><div class=\"siteorigin-panels-stretch panel-row-style panel-row-style-for-7392-0\" data-stretch-type=\"full\" ><div id=\"pgc-7392-0-0\"  class=\"panel-grid-cell\" ><div id=\"panel-7392-0-0-0\" class=\"so-panel widget widget_wpa9-card-l panel-first-child panel-last-child\" data-index=\"0\" ><div\n\t\t\t\n\t\t\tclass=\"so-widget-wpa9-card-l so-widget-wpa9-card-l-default-c93e1481a745-7392\"\n\t\t\t\n\t\t>\n\n<div class=\"wpa9-card wpa9-card-l-container d-flex flex-wrap wpa9-columns-2\">\n\n\t\n\t\t\n\t<div class=\"wpa9-card-l-panel wpa9-panel shadow rounded d-flex flex-column justify-content-between\">\n\n\t\t<div>\n\t\t\t\t\t\t\t<span class=\"wpa9-panel-icon icon\" style=\"display: none; background-image: url('https:\/\/dev.skrivanek.com\/wp-content\/uploads\/2021\/03\/ico-tlumoceni-konsekutivni.svg')\"><\/span>\n\t\t\t<span class=\"wpa9-panel-icon icon\" style=\"mask-image: url(https:\/\/dev.skrivanek.com\/wp-content\/uploads\/2021\/03\/ico-tlumoceni-konsekutivni.svg); -webkit-mask-image: url(https:\/\/dev.skrivanek.com\/wp-content\/uploads\/2021\/03\/ico-tlumoceni-konsekutivni.svg);\"><\/span>\n\t\t\n\t\t\t\t\t\t\t\t<h2 class=\"wpa9-panel-title\">Acc\u00e8s instantan\u00e9, aujourd\u2019hui<\/h2>\n\t\t\n\t\t\t\t\t\t\t<div class=\"wpa9-panel-content\"><p>Skrivanek propose des solutions pour les briefings m\u00e9dicaux, les consultations de patients, les r\u00e9unions de conseils et clients, les formations des employ\u00e9s et les pr\u00e9sentations.<\/p>\n<p>Mais nous animons \u00e9galement des conf\u00e9rences multilingues en direct ou des \u00e9v\u00e9nements similaires quelle que soit leur envergure, pour lesquels une <a href=\"https:\/\/skrivanek.com\/fr\/interpretation\/interpretation-lors-de-conferences\/\">interpr\u00e9tation simultan\u00e9e<\/a> est requise. Skrivanek utilise une plateforme puissante qui diffuse l\u2019interpr\u00e9tation et la vid\u00e9o aupr\u00e8s de votre public<\/p>\n<p>Skrivanek offre la pr\u00e9cision instantan\u00e9e dont vous avez besoin, en combinant\u00a0:<\/p>\n<ul>\n<li>Des interpr\u00e8tes sp\u00e9cialis\u00e9s qui connaissent la terminologie propre \u00e0 votre secteur<\/li>\n<li>Des technologies de pointe coordonn\u00e9es par des \u00e9quipes techniques et d\u2019interpr\u00e9tation de premier ordre<\/li>\n<li>Une offre de service dans plus de 80\u00a0langues<\/li>\n<li>Une confidentialit\u00e9 garantie \u00e0 100\u00a0%<\/li>\n<\/ul>\n<\/div>\n\t\t\t\t<\/div>\n\n\t\t\t\t<div class=\"meta meta-buttons d-flex flex-column flex-sm-row justify-content-center\">\n\t\t\t\t\t<a class=\"btn btn-negative show-inquiry-form\" href=\"https:\/\/dev.skrivanek.com\/fr\/enquete\/\" title=\"Envoyer une demande\">Envoyer une demande<\/a>\n\t\t\t\t\t\t<\/div>\n\t\t\n\t<\/div>\n\n\t\t\n\t<div class=\"wpa9-card-l-panel wpa9-panel shadow rounded d-flex flex-column justify-content-between\">\n\n\t\t<div>\n\t\t\t\t\t\t\t<span class=\"wpa9-panel-icon icon\" style=\"display: none; background-image: url('https:\/\/dev.skrivanek.com\/wp-content\/uploads\/2021\/01\/ico-obecnypreklad.svg')\"><\/span>\n\t\t\t<span class=\"wpa9-panel-icon icon\" style=\"mask-image: url(https:\/\/dev.skrivanek.com\/wp-content\/uploads\/2021\/01\/ico-obecnypreklad.svg); -webkit-mask-image: url(https:\/\/dev.skrivanek.com\/wp-content\/uploads\/2021\/01\/ico-obecnypreklad.svg);\"><\/span>\n\t\t\n\t\t\t\t\t\t\t\t<h2 class=\"wpa9-panel-title\">Avantages<\/h2>\n\t\t\n\t\t\t\t\t\t\t<div class=\"wpa9-panel-content\"><ul>\n<li>Pas besoin de louer et d\u2019installer un \u00e9quipement d\u2019interpr\u00e9tation<\/li>\n<li>Toutes les parties ou quelques-unes (interpr\u00e8tes, participants, intervenants) peuvent travailler \u00e0 distance<\/li>\n<li>\u00c9conomies financi\u00e8res (pas de frais de d\u00e9placement, de logement \u00e0 payer pour les interpr\u00e8tes ou participants)<\/li>\n<li>Facilit\u00e9 de planification et d\u2019organisation, donc gains de temps<\/li>\n<li>Nombre illimit\u00e9 de participants, provenant de plusieurs pays<\/li>\n<li>Nombre illimit\u00e9 de langues en simultan\u00e9<\/li>\n<li>Facilit\u00e9 de distribution des documents et sondages<\/li>\n<li>Possibilit\u00e9 de rejoindre la r\u00e9union ou conf\u00e9rence depuis les ordinateurs ou t\u00e9l\u00e9phones portables des participants<\/li>\n<\/ul>\n<\/div>\n\t\t\t\t<\/div>\n\n\t\t\t\t<div class=\"meta meta-buttons d-flex flex-column flex-sm-row justify-content-center\">\n\t\t\t\t\t<a class=\"btn btn-negative \" href=\"\/fr\/contact\/\" title=\"Nous contacter\">Nous contacter<\/a>\n\t\t\t\t\t\t<\/div>\n\t\t\n\t<\/div>\n\n\t\t\n\t\n<\/div>\n<\/div><\/div><\/div><\/div><\/div><div id=\"pg-7392-1\"  class=\"panel-grid panel-has-style\" ><div class=\"siteorigin-panels-stretch panel-row-style panel-row-style-for-7392-1\" data-stretch-type=\"full-width-stretch\" ><div id=\"pgc-7392-1-0\"  class=\"panel-grid-cell\" ><div id=\"panel-7392-1-0-0\" class=\"so-panel widget widget_skrv-testimonials panel-first-child panel-last-child\" data-index=\"1\" ><div\n\t\t\t\n\t\t\tclass=\"so-widget-skrv-testimonials so-widget-skrv-testimonials-default-c93e1481a745-7392\"\n\t\t\t\n\t\t>\n\n<div class=\"skrv-testimonials\">\n\n    \n  <h3 class=\"widget-title\"><span class=\"title-wrapper\"><span class=\"title_bg_character\" style=\"color:#f7f7f7\">\u201d<\/span><span class=\"title\">Fiabilit\u00e9, rapidit\u00e9 et qualit\u00e9 de nos services<\/span><\/span><\/h3>\n  <div id=\"skrv-testimonial\" class=\"carousel slide\" data-bs-interval=\"4000\" data-bs-ride=\"carousel\" data-bs-touch=\"true\">\n    <div class=\"carousel-inner\">\n                <div class=\"skrv-testimonial-item carousel-item active\">\n        <div class=\"d-block\">\n                    <blockquote class=\"skrv-testimonial-text\">\u00ab\u00a0Nous sommes tr\u00e8s satisfaits du niveau de services assur\u00e9 par Skrivanek et recommandons chaudement les services de l\u2019entreprise \u00e0 d\u2019autres entreprises.\u00a0\u00bb<\/blockquote>\n          <h6 class=\"skrv-testimonial-client\">Ville de T\u00e1bor<\/h6>\n        <\/div>\n      <\/div>\n        <\/div>\n\n    <a class=\"carousel-control-prev\" href=\"#0\" data-bs-target=\"#skrv-testimonial\" role=\"button\" data-bs-slide=\"prev\">\n      <span class=\"carousel-control-prev-icon\" aria-hidden=\"true\"><\/span>\n      <span class=\"sr-only\">Previous<\/span>\n    <\/a>\n    <a class=\"carousel-control-next\" href=\"#0\" data-bs-target=\"#skrv-testimonial\" role=\"button\" data-bs-slide=\"next\">\n      <span class=\"carousel-control-next-icon\" aria-hidden=\"true\"><\/span>\n      <span class=\"sr-only\">Next<\/span>\n    <\/a>\n\n    <ol class=\"carousel-indicators hidden\">\n                <li data-bs-target=\"#skrv-testimonial\" data-bs-slide-to=\"0\" class=\"active\"><\/li>\n        <\/ol>\n  <\/div>\n\n<\/div>\n\n<\/div><\/div><\/div><\/div><\/div><div id=\"pg-7392-2\"  class=\"panel-grid panel-has-style\" ><div class=\"siteorigin-panels-stretch panel-row-style panel-row-style-for-7392-2\" data-stretch-type=\"full\" ><div id=\"pgc-7392-2-0\"  class=\"panel-grid-cell\" ><div id=\"panel-7392-2-0-0\" class=\"so-panel widget widget_wpa9-card-s panel-first-child panel-last-child\" data-index=\"2\" ><div\n\t\t\t\n\t\t\tclass=\"so-widget-wpa9-card-s so-widget-wpa9-card-s-default-c93e1481a745-7392\"\n\t\t\t\n\t\t><div class=\"wpa9-card wpa9-card-s narrow positive\">\n\n\t<div class=\"wpa9-card-wrapper container\">\n\n\t\t<div class=\"wpa9-card-text\">\n\t\t\t<h2 class=\"wpa9-card-title\">Il vous faut un interpr\u00e8te\u00a0?<\/h2>\n\t\t\t<div class=\"wpa9-card-content\"><p style=\"text-align: center\">Nous \u00e9tablirons un devis pour vous.<\/p>\n<\/div>\t\t<\/div>\n\n\t\t\t\t<div class=\"meta meta-buttons d-flex flex-row justify-content-center\">\n\t\t\t\t\t\t\t<a class=\"btn btn-negative show-inquiry-form\" href=\"https:\/\/dev.skrivanek.com\/fr\/enquete\/\" title=\"Envoyer une demande\">Envoyer une demande<\/a>\n\t\t\t\t<\/div>\n\t\t\n\t<\/div>\n\n<\/div>\n<\/div><\/div><\/div><\/div><\/div><\/div>","protected":false},"excerpt":{"rendered":"<p>Acc\u00e8s instantan\u00e9, aujourd\u2019hui Skrivanek propose des solutions pour les briefings m\u00e9dicaux, les consultations de patients, les r\u00e9unions de conseils et clients, les formations des employ\u00e9s et les pr\u00e9sentations. Mais nous animons \u00e9galement des conf\u00e9rences multilingues en direct ou des \u00e9v\u00e9nements similaires quelle que soit leur envergure, pour lesquels une interpr\u00e9tation simultan\u00e9e est requise. Skrivanek utilise [&hellip;]<\/p>\n","protected":false},"author":10,"featured_media":0,"parent":7308,"menu_order":0,"comment_status":"closed","ping_status":"open","template":"","meta":{"_acf_changed":false,"content-type":"","footnotes":""},"class_list":["post-7392","page","type-page","status-publish","hentry"],"acf":[],"aioseo_notices":[],"_links":{"self":[{"href":"https:\/\/dev.skrivanek.com\/fr\/wp-json\/wp\/v2\/pages\/7392","targetHints":{"allow":["GET"]}}],"collection":[{"href":"https:\/\/dev.skrivanek.com\/fr\/wp-json\/wp\/v2\/pages"}],"about":[{"href":"https:\/\/dev.skrivanek.com\/fr\/wp-json\/wp\/v2\/types\/page"}],"author":[{"embeddable":true,"href":"https:\/\/dev.skrivanek.com\/fr\/wp-json\/wp\/v2\/users\/10"}],"replies":[{"embeddable":true,"href":"https:\/\/dev.skrivanek.com\/fr\/wp-json\/wp\/v2\/comments?post=7392"}],"version-history":[{"count":3,"href":"https:\/\/dev.skrivanek.com\/fr\/wp-json\/wp\/v2\/pages\/7392\/revisions"}],"predecessor-version":[{"id":87404,"href":"https:\/\/dev.skrivanek.com\/fr\/wp-json\/wp\/v2\/pages\/7392\/revisions\/87404"}],"up":[{"embeddable":true,"href":"https:\/\/dev.skrivanek.com\/fr\/wp-json\/wp\/v2\/pages\/7308"}],"wp:attachment":[{"href":"https:\/\/dev.skrivanek.com\/fr\/wp-json\/wp\/v2\/media?parent=7392"}],"curies":[{"name":"wp","href":"https:\/\/api.w.org\/{rel}","templated":true}]}}