{"id":7394,"date":"2021-07-20T17:30:52","date_gmt":"2021-07-20T15:30:52","guid":{"rendered":"https:\/\/skrivanek.com\/autres-services\/"},"modified":"2024-05-24T10:41:15","modified_gmt":"2024-05-24T08:41:15","slug":"autres-services","status":"publish","type":"page","link":"https:\/\/dev.skrivanek.com\/fr\/autres-services\/","title":{"rendered":"Autres services"},"content":{"rendered":"<div id=\"pl-7394\"  class=\"panel-layout\" ><div id=\"pg-7394-0\"  class=\"panel-grid panel-has-style\" ><div class=\"siteorigin-panels-stretch panel-row-style panel-row-style-for-7394-0\" data-stretch-type=\"full\" ><div id=\"pgc-7394-0-0\"  class=\"panel-grid-cell\" ><div id=\"panel-7394-0-0-0\" class=\"so-panel widget widget_wpa9-card-m panel-first-child panel-last-child\" data-index=\"0\" ><div\n\t\t\t\n\t\t\tclass=\"so-widget-wpa9-card-m so-widget-wpa9-card-m-default-c93e1481a745-7394\"\n\t\t\t\n\t\t>\n\n<section class=\"wpa9-card wpa9-card-m-container d-flex flex-wrap justify-content-center f94iQu\">\n\n\t\n\t\t\n\t\t\t\n\t<article class=\"wpa9-card-m-panel wpa9-panel \">\n\t<a class=\"rounded\" href=\"\/fr\/autres-services\/graphiques-et-mise-en-forme\/\" title=\"Graphiques et mise en forme\">\n\t\t\t\t<header class=\"d-block flex-wrap pb-4\">\n\t\t\t\t\t\t\t<span class=\"wpa9-card-icon icon d-none\" style=\"background-image: url('https:\/\/dev.skrivanek.com\/wp-content\/uploads\/2021\/03\/ico-zkusenosti.svg')\"><\/span>\n\t\t\t\t<span class=\"wpa9-card-icon icon\" style=\"mask-image: url(https:\/\/dev.skrivanek.com\/wp-content\/uploads\/2021\/03\/ico-zkusenosti.svg); -webkit-mask-image: url(https:\/\/dev.skrivanek.com\/wp-content\/uploads\/2021\/03\/ico-zkusenosti.svg);\"><\/span>\n\t\t\t\n\t\t\t\t\t\t\t\t<h2 class=\"wpa9-card-title\">Graphiques et mise en forme<\/h2>\n\t\t\t\t<\/header>\n\n\t\t\t\t<main class=\"wpa9-card-content\"><p>Nous sommes conscients que la mise en page, la mise en forme, le style et les graphiques que vous avez d\u00e9j\u00e0 cr\u00e9\u00e9s doivent \u00eatre conserv\u00e9s ou recr\u00e9\u00e9s pour tout nouveau public que vous souhaitez cibler.<\/p>\n<\/main>\n\t\t\n\t<\/a>\t<\/article>\n\t\t\n\t\t\t\n\t<article class=\"wpa9-card-m-panel wpa9-panel \">\n\t<a class=\"rounded\" href=\"\/fr\/autres-services\/sous-titrage\/\" title=\"Sous-titrage\">\n\t\t\t\t<header class=\"d-block flex-wrap pb-4\">\n\t\t\t\t\t\t\t<span class=\"wpa9-card-icon icon d-none\" style=\"background-image: url('https:\/\/dev.skrivanek.com\/wp-content\/uploads\/2021\/03\/ico-online-vyuka.svg')\"><\/span>\n\t\t\t\t<span class=\"wpa9-card-icon icon\" style=\"mask-image: url(https:\/\/dev.skrivanek.com\/wp-content\/uploads\/2021\/03\/ico-online-vyuka.svg); -webkit-mask-image: url(https:\/\/dev.skrivanek.com\/wp-content\/uploads\/2021\/03\/ico-online-vyuka.svg);\"><\/span>\n\t\t\t\n\t\t\t\t\t\t\t\t<h2 class=\"wpa9-card-title\">Sous-titrage<\/h2>\n\t\t\t\t<\/header>\n\n\t\t\t\t<main class=\"wpa9-card-content\"><p>Lorsque le temps est venu de pr\u00e9parer vos supports vid\u00e9o pour des publics \u00e9trangers, le sous-titrage est une alternative \u00e9conomique au doublage. Sur certains march\u00e9s comme la Gr\u00e8ce, il est m\u00eame privil\u00e9gi\u00e9. La traduction de propos oraux en texte \u00e9crit est tout un art et les sous-titreurs de Skrivanek disposent de l\u2019exp\u00e9rience, des logiciels et du talent n\u00e9cessaires pour fournir un travail impeccable de sous-titrage dans plus de 80\u00a0langues.<\/p>\n<\/main>\n\t\t\n\t<\/a>\t<\/article>\n\t\t\n\t\t\t\n\t<article class=\"wpa9-card-m-panel wpa9-panel \">\n\t<a class=\"rounded\" href=\"\/fr\/autres-services\/transcription\/\" title=\"Transcription\">\n\t\t\t\t<header class=\"d-block flex-wrap pb-4\">\n\t\t\t\t\t\t\t<span class=\"wpa9-card-icon icon d-none\" style=\"background-image: url('https:\/\/dev.skrivanek.com\/wp-content\/uploads\/2021\/03\/ico-online-vyuka.svg')\"><\/span>\n\t\t\t\t<span class=\"wpa9-card-icon icon\" style=\"mask-image: url(https:\/\/dev.skrivanek.com\/wp-content\/uploads\/2021\/03\/ico-online-vyuka.svg); -webkit-mask-image: url(https:\/\/dev.skrivanek.com\/wp-content\/uploads\/2021\/03\/ico-online-vyuka.svg);\"><\/span>\n\t\t\t\n\t\t\t\t\t\t\t\t<h2 class=\"wpa9-card-title\">Transcription<\/h2>\n\t\t\t\t<\/header>\n\n\t\t\t\t<main class=\"wpa9-card-content\"><p class=\"entry-subtitle border-top-c-yellow\">Nous transcrivons du contenu audio en texte \u00e0 partir de nombreux formats, allant de cassettes aux fichiers de logiciel vid\u00e9o les plus avanc\u00e9s. Souvent, les entreprises, les agences de presse, les cabinets d\u2019avocats et les agences gouvernementales ont besoin de transcriptions juste apr\u00e8s un \u00e9v\u00e9nement d\u2019enregistrement et nous sommes \u00e9quip\u00e9s pour r\u00e9pondre \u00e0 ce besoin.<\/p>\n<\/main>\n\t\t\n\t<\/a>\t<\/article>\n\t\t\n\t\t\t\n\t<article class=\"wpa9-card-m-panel wpa9-panel \">\n\t<a class=\"rounded\" href=\"\/fr\/autres-services\/voix-off\/\" title=\"Voix off\">\n\t\t\t\t<header class=\"d-block flex-wrap pb-4\">\n\t\t\t\t\t\t\t<span class=\"wpa9-card-icon icon d-none\" style=\"background-image: url('https:\/\/dev.skrivanek.com\/wp-content\/uploads\/2021\/01\/ico-lidi.svg')\"><\/span>\n\t\t\t\t<span class=\"wpa9-card-icon icon\" style=\"mask-image: url(https:\/\/dev.skrivanek.com\/wp-content\/uploads\/2021\/01\/ico-lidi.svg); -webkit-mask-image: url(https:\/\/dev.skrivanek.com\/wp-content\/uploads\/2021\/01\/ico-lidi.svg);\"><\/span>\n\t\t\t\n\t\t\t\t\t\t\t\t<h2 class=\"wpa9-card-title\">Voix off<\/h2>\n\t\t\t\t<\/header>\n\n\t\t\t\t<main class=\"wpa9-card-content\"><p class=\"entry-subtitle border-top-c-yellow\">Il vous faut une traduction en voix off pour cibler votre public mondial\u00a0? Nous proposons des services de A \u00e0 Z de la plus haute qualit\u00e9. Dites-nous ce dont vous avez besoin et nous prendrons le relais, en utilisant les plus grands talents vocaux multilingues et linguistiques.<\/p>\n<\/main>\n\t\t\n\t<\/a>\t<\/article>\n\t\t\n\n\t\t\n\t\n<\/section>\n<\/div><\/div><\/div><\/div><\/div><div id=\"pg-7394-1\"  class=\"panel-grid panel-has-style\" ><div class=\"siteorigin-panels-stretch panel-row-style panel-row-style-for-7394-1\" data-stretch-type=\"full\" ><div id=\"pgc-7394-1-0\"  class=\"panel-grid-cell\" ><div id=\"panel-7394-1-0-0\" class=\"so-panel widget widget_wpa9-card-s panel-first-child panel-last-child\" data-index=\"1\" ><div class=\"mascot mascot-10 panel-widget-style panel-widget-style-for-7394-1-0-0\" ><div\n\t\t\t\n\t\t\tclass=\"so-widget-wpa9-card-s so-widget-wpa9-card-s-default-c93e1481a745-7394\"\n\t\t\t\n\t\t><div class=\"wpa9-card wpa9-card-s narrow positive\">\n\n\t<div class=\"wpa9-card-wrapper container\">\n\n\t\t<div class=\"wpa9-card-text\">\n\t\t\t<h2 class=\"wpa9-card-title\">Que devez-vous faire traduire\u00a0?<\/h2>\n\t\t\t<div class=\"wpa9-card-content\"><p style=\"text-align: center\">Nous \u00e9tablirons un devis pour vous.<\/p>\n<\/div>\t\t<\/div>\n\n\t\t\t\t<div class=\"meta meta-buttons d-flex flex-row justify-content-center\">\n\t\t\t\t\t<a class=\"btn btn-negative show-inquiry-form\" href=\"https:\/\/dev.skrivanek.com\/fr\/enquete\/\" title=\"Envoyer une demande\">Envoyer une demande<\/a>\n\t\t\t\t\t\t<\/div>\n\t\t\n\t<\/div>\n\n<\/div>\n<\/div><\/div><\/div><\/div><\/div><\/div><\/div>","protected":false},"excerpt":{"rendered":"<p>Graphiques et mise en forme Nous sommes conscients que la mise en page, la mise en forme, le style et les graphiques que vous avez d\u00e9j\u00e0 cr\u00e9\u00e9s doivent \u00eatre conserv\u00e9s ou recr\u00e9\u00e9s pour tout nouveau public que vous souhaitez cibler. Sous-titrage Lorsque le temps est venu de pr\u00e9parer vos supports vid\u00e9o pour des publics \u00e9trangers, [&hellip;]<\/p>\n","protected":false},"author":10,"featured_media":0,"parent":0,"menu_order":0,"comment_status":"closed","ping_status":"open","template":"","meta":{"_acf_changed":false,"content-type":"","footnotes":""},"class_list":["post-7394","page","type-page","status-publish","hentry"],"acf":[],"aioseo_notices":[],"_links":{"self":[{"href":"https:\/\/dev.skrivanek.com\/fr\/wp-json\/wp\/v2\/pages\/7394","targetHints":{"allow":["GET"]}}],"collection":[{"href":"https:\/\/dev.skrivanek.com\/fr\/wp-json\/wp\/v2\/pages"}],"about":[{"href":"https:\/\/dev.skrivanek.com\/fr\/wp-json\/wp\/v2\/types\/page"}],"author":[{"embeddable":true,"href":"https:\/\/dev.skrivanek.com\/fr\/wp-json\/wp\/v2\/users\/10"}],"replies":[{"embeddable":true,"href":"https:\/\/dev.skrivanek.com\/fr\/wp-json\/wp\/v2\/comments?post=7394"}],"version-history":[{"count":3,"href":"https:\/\/dev.skrivanek.com\/fr\/wp-json\/wp\/v2\/pages\/7394\/revisions"}],"predecessor-version":[{"id":87210,"href":"https:\/\/dev.skrivanek.com\/fr\/wp-json\/wp\/v2\/pages\/7394\/revisions\/87210"}],"wp:attachment":[{"href":"https:\/\/dev.skrivanek.com\/fr\/wp-json\/wp\/v2\/media?parent=7394"}],"curies":[{"name":"wp","href":"https:\/\/api.w.org\/{rel}","templated":true}]}}