{"id":7398,"date":"2021-07-20T17:30:52","date_gmt":"2021-07-20T15:30:52","guid":{"rendered":"https:\/\/skrivanek.com\/autres-services\/graphiques-et-mise-en-forme\/"},"modified":"2024-05-24T11:15:18","modified_gmt":"2024-05-24T09:15:18","slug":"graphiques-et-mise-en-forme","status":"publish","type":"page","link":"https:\/\/dev.skrivanek.com\/fr\/autres-services\/graphiques-et-mise-en-forme\/","title":{"rendered":"Graphiques et mise en forme"},"content":{"rendered":"<div id=\"pl-7398\"  class=\"panel-layout\" ><div id=\"pg-7398-0\"  class=\"panel-grid panel-has-style\" ><div class=\"siteorigin-panels-stretch panel-row-style panel-row-style-for-7398-0\" data-stretch-type=\"full\" ><div id=\"pgc-7398-0-0\"  class=\"panel-grid-cell\" ><div id=\"panel-7398-0-0-0\" class=\"so-panel widget widget_wpa9-card-l panel-first-child panel-last-child\" data-index=\"0\" ><div\n\t\t\t\n\t\t\tclass=\"so-widget-wpa9-card-l so-widget-wpa9-card-l-default-c93e1481a745-7398\"\n\t\t\t\n\t\t>\n\n<div class=\"wpa9-card wpa9-card-l-container d-flex flex-wrap wpa9-columns-2\">\n\n\t\n\t\t\n\t<div class=\"wpa9-card-l-panel wpa9-panel shadow rounded d-flex flex-column justify-content-between\">\n\n\t\t<div>\n\t\t\t\t\t\t\t<span class=\"wpa9-panel-icon icon\" style=\"display: none; background-image: url('https:\/\/dev.skrivanek.com\/wp-content\/uploads\/2021\/03\/ico-tlumoceni-konsekutivni.svg')\"><\/span>\n\t\t\t<span class=\"wpa9-panel-icon icon\" style=\"mask-image: url(https:\/\/dev.skrivanek.com\/wp-content\/uploads\/2021\/03\/ico-tlumoceni-konsekutivni.svg); -webkit-mask-image: url(https:\/\/dev.skrivanek.com\/wp-content\/uploads\/2021\/03\/ico-tlumoceni-konsekutivni.svg);\"><\/span>\n\t\t\n\t\t\t\t\t\t\t\t<h2 class=\"wpa9-panel-title\">Nous connaissons votre langue cible et savons comment la pr\u00e9senter<\/h2>\n\t\t\n\t\t\t\t\t\t\t<div class=\"wpa9-panel-content\"><p>Vous avez investi du temps et de l\u2019argent dans le d\u00e9veloppement de publicit\u00e9s professionnelles pour votre march\u00e9 principal. Nous sommes conscients que la mise en page, la mise en forme, le style et les graphiques que vous avez d\u00e9j\u00e0 cr\u00e9\u00e9s doivent \u00eatre conserv\u00e9s ou recr\u00e9\u00e9s pour tout nouveau public que vous souhaitez cibler. Au lieu d\u2019une reconception interminable de nombreuses versions multilingues, le service de <a href=\"https:\/\/skrivanek.com\/fr\/\">Skrivanek<\/a> d\u00e9di\u00e9 \u00e0 la\u00a0<span class=\"caps\">PAO<\/span> utilise des technologies avanc\u00e9es et des outils de conversion, que nous personnalisons pour pouvoir les utiliser avec votre \u0153uvre existante. En travaillant \u00e9troitement avec vos originaux, nous vous proposons une\u00a0<a href=\"https:\/\/skrivanekdtp.com\/\">PAO<\/a>\u00a0simplifi\u00e9e avec un d\u00e9lai raccourci de mise sur le march\u00e9 et des co\u00fbts r\u00e9duits.<\/p>\n<\/div>\n\t\t\t\t<\/div>\n\n\t\t\t\t<div class=\"meta meta-buttons d-flex flex-column flex-sm-row justify-content-center\">\n\t\t\t\t\t<a class=\"btn btn-negative show-inquiry-form\" href=\"https:\/\/dev.skrivanek.com\/fr\/enquete\/\" title=\"Envoyer une demande\">Envoyer une demande<\/a>\n\t\t\t\t\t\t<\/div>\n\t\t\n\t<\/div>\n\n\t\t\n\t<div class=\"wpa9-card-l-panel wpa9-panel shadow rounded d-flex flex-column justify-content-between\">\n\n\t\t<div>\n\t\t\t\t\t\t\t<span class=\"wpa9-panel-icon icon\" style=\"display: none; background-image: url('https:\/\/dev.skrivanek.com\/wp-content\/uploads\/2021\/01\/ico-obecnypreklad.svg')\"><\/span>\n\t\t\t<span class=\"wpa9-panel-icon icon\" style=\"mask-image: url(https:\/\/dev.skrivanek.com\/wp-content\/uploads\/2021\/01\/ico-obecnypreklad.svg); -webkit-mask-image: url(https:\/\/dev.skrivanek.com\/wp-content\/uploads\/2021\/01\/ico-obecnypreklad.svg);\"><\/span>\n\t\t\n\t\t\t\t\t\t\t\t<h2 class=\"wpa9-panel-title\">Nos services multilingues complets de publication assist\u00e9e par ordinateur incluent\u00a0:<\/h2>\n\t\t\n\t\t\t\t\t\t\t<div class=\"wpa9-panel-content\"><ul>\n<li>Conseils en conception, mise en page et mise en forme<\/li>\n<li>G\u00e9n\u00e9ration de fichiers PostScript et PDF pour la publication en ligne et sur papier<\/li>\n<li>Extraction de contenu \u00e0 partir de n\u2019importe quel format d\u2019origine en vue de la traduction<\/li>\n<li>Niveau le plus strict d\u2019assurance qualit\u00e9 avec relecture \u00e0 chaque \u00e9tape du processus<\/li>\n<li>Services de PAO dans plus de 200\u00a0langues<\/li>\n<\/ul>\n<\/div>\n\t\t\t\t<\/div>\n\n\t\t\t\t<div class=\"meta meta-buttons d-flex flex-column flex-sm-row justify-content-center\">\n\t\t\t\t\t<a class=\"btn btn-negative \" href=\"\/fr\/contact\/\" title=\"Nous contacter\">Nous contacter<\/a>\n\t\t\t\t\t\t<\/div>\n\t\t\n\t<\/div>\n\n\t\t\n\t\n<\/div>\n<\/div><\/div><\/div><\/div><\/div><div id=\"pg-7398-1\"  class=\"panel-grid panel-no-style\" ><div id=\"pgc-7398-1-0\"  class=\"panel-grid-cell\" ><div id=\"panel-7398-1-0-0\" class=\"so-panel widget widget_wpa9-card-s panel-first-child panel-last-child\" data-index=\"1\" ><div\n\t\t\t\n\t\t\tclass=\"so-widget-wpa9-card-s so-widget-wpa9-card-s-default-c93e1481a745-7398\"\n\t\t\t\n\t\t><div class=\"wpa9-card wpa9-card-s narrow positive\">\n\n\t<div class=\"wpa9-card-wrapper container\">\n\n\t\t<div class=\"wpa9-card-text\">\n\t\t\t<h2 class=\"wpa9-card-title\">Demandez un devis.<\/h2>\n\t\t\t<div class=\"wpa9-card-content\"><p style=\"text-align: center\">Nous \u00e9tablirons un devis pour vous.<\/p>\n<\/div>\t\t<\/div>\n\n\t\t\t\t<div class=\"meta meta-buttons d-flex flex-row justify-content-center\">\n\t\t\t\t\t\t\t<a class=\"btn btn-negative show-inquiry-form\" href=\"https:\/\/dev.skrivanek.com\/fr\/enquete\/\" title=\"Envoyer une demande\">Envoyer une demande<\/a>\n\t\t\t\t<\/div>\n\t\t\n\t<\/div>\n\n<\/div>\n<\/div><\/div><\/div><\/div><\/div>","protected":false},"excerpt":{"rendered":"<p>Nous connaissons votre langue cible et savons comment la pr\u00e9senter Vous avez investi du temps et de l\u2019argent dans le d\u00e9veloppement de publicit\u00e9s professionnelles pour votre march\u00e9 principal. Nous sommes conscients que la mise en page, la mise en forme, le style et les graphiques que vous avez d\u00e9j\u00e0 cr\u00e9\u00e9s doivent \u00eatre conserv\u00e9s ou recr\u00e9\u00e9s [&hellip;]<\/p>\n","protected":false},"author":10,"featured_media":0,"parent":7394,"menu_order":0,"comment_status":"closed","ping_status":"open","template":"","meta":{"_acf_changed":false,"content-type":"","footnotes":""},"class_list":["post-7398","page","type-page","status-publish","hentry"],"acf":[],"aioseo_notices":[],"_links":{"self":[{"href":"https:\/\/dev.skrivanek.com\/fr\/wp-json\/wp\/v2\/pages\/7398","targetHints":{"allow":["GET"]}}],"collection":[{"href":"https:\/\/dev.skrivanek.com\/fr\/wp-json\/wp\/v2\/pages"}],"about":[{"href":"https:\/\/dev.skrivanek.com\/fr\/wp-json\/wp\/v2\/types\/page"}],"author":[{"embeddable":true,"href":"https:\/\/dev.skrivanek.com\/fr\/wp-json\/wp\/v2\/users\/10"}],"replies":[{"embeddable":true,"href":"https:\/\/dev.skrivanek.com\/fr\/wp-json\/wp\/v2\/comments?post=7398"}],"version-history":[{"count":4,"href":"https:\/\/dev.skrivanek.com\/fr\/wp-json\/wp\/v2\/pages\/7398\/revisions"}],"predecessor-version":[{"id":87233,"href":"https:\/\/dev.skrivanek.com\/fr\/wp-json\/wp\/v2\/pages\/7398\/revisions\/87233"}],"up":[{"embeddable":true,"href":"https:\/\/dev.skrivanek.com\/fr\/wp-json\/wp\/v2\/pages\/7394"}],"wp:attachment":[{"href":"https:\/\/dev.skrivanek.com\/fr\/wp-json\/wp\/v2\/media?parent=7398"}],"curies":[{"name":"wp","href":"https:\/\/api.w.org\/{rel}","templated":true}]}}