{"id":7410,"date":"2021-07-20T17:30:53","date_gmt":"2021-07-20T15:30:53","guid":{"rendered":"https:\/\/skrivanek.com\/autres-services\/sous-titrage\/"},"modified":"2024-05-24T11:22:50","modified_gmt":"2024-05-24T09:22:50","slug":"sous-titrage","status":"publish","type":"page","link":"https:\/\/dev.skrivanek.com\/fr\/autres-services\/sous-titrage\/","title":{"rendered":"Sous-titrage"},"content":{"rendered":"<div id=\"pl-7410\"  class=\"panel-layout\" ><div id=\"pg-7410-0\"  class=\"panel-grid panel-has-style\" ><div class=\"siteorigin-panels-stretch panel-row-style panel-row-style-for-7410-0\" data-stretch-type=\"full\" ><div id=\"pgc-7410-0-0\"  class=\"panel-grid-cell\" ><div id=\"panel-7410-0-0-0\" class=\"so-panel widget widget_wpa9-card-l panel-first-child panel-last-child\" data-index=\"0\" ><div\n\t\t\t\n\t\t\tclass=\"so-widget-wpa9-card-l so-widget-wpa9-card-l-default-c93e1481a745-7410\"\n\t\t\t\n\t\t>\n\n<div class=\"wpa9-card wpa9-card-l-container d-flex flex-wrap wpa9-columns-2\">\n\n\t\n\t\t\n\t<div class=\"wpa9-card-l-panel wpa9-panel shadow rounded d-flex flex-column justify-content-between\">\n\n\t\t<div>\n\t\t\t\t\t\t\t<span class=\"wpa9-panel-icon icon\" style=\"display: none; background-image: url('https:\/\/dev.skrivanek.com\/wp-content\/uploads\/2021\/03\/ico-seznam.svg')\"><\/span>\n\t\t\t<span class=\"wpa9-panel-icon icon\" style=\"mask-image: url(https:\/\/dev.skrivanek.com\/wp-content\/uploads\/2021\/03\/ico-seznam.svg); -webkit-mask-image: url(https:\/\/dev.skrivanek.com\/wp-content\/uploads\/2021\/03\/ico-seznam.svg);\"><\/span>\n\t\t\n\t\t\t\t\t\t\t\t<h2 class=\"wpa9-panel-title\">Nous acceptons de nombreux formats <\/h2>\n\t\t\n\t\t\t\t\t\t\t<div class=\"wpa9-panel-content\"><p>Nous acceptons vos fichiers audio\/vid\u00e9o dans de nombreux formats et nous utilisons divers programmes pour obtenir le r\u00e9sultat que vous souhaitez. Par exemple, traduire \u00e0 l\u2019aide d\u2019un logiciel de sous-titrage tel que SubRip Text (SRT) permet d\u2019extraire le contenu de la vid\u00e9o, des DVD ou des fichiers vid\u00e9o, puis d\u2019utiliser ces fichiers pour cr\u00e9er des sous-titres en indiquant pr\u00e9cis\u00e9ment leur emplacement dans la vid\u00e9o et la longueur du segment.<\/p>\n<p>Les sous-titres doivent \u00eatre cr\u00e9\u00e9s de mani\u00e8re \u00e0 \u00eatre synchronis\u00e9s avec les sc\u00e8nes et \u00eatre chronom\u00e9tr\u00e9s afin de correspondre \u00e0 la diffusion audio. Les sous-titres de votre vid\u00e9o ou de votre film doivent \u00eatre vus et compris si facilement que les gens remarquent \u00e0 peine qu\u2019ils lisent.<\/p>\n<\/div>\n\t\t\t\t<\/div>\n\n\t\t\t\t<div class=\"meta meta-buttons d-flex flex-column flex-sm-row justify-content-center\">\n\t\t\t\t\t<a class=\"btn btn-negative show-inquiry-form\" href=\"https:\/\/dev.skrivanek.com\/fr\/enquete\/\" title=\"Envoyer une demande\">Envoyer une demande<\/a>\n\t\t\t\t\t\t<\/div>\n\t\t\n\t<\/div>\n\n\t\t\n\t<div class=\"wpa9-card-l-panel wpa9-panel shadow rounded d-flex flex-column justify-content-between\">\n\n\t\t<div>\n\t\t\t\t\t\t\t<span class=\"wpa9-panel-icon icon\" style=\"display: none; background-image: url('https:\/\/dev.skrivanek.com\/wp-content\/uploads\/2021\/03\/ico-info.svg')\"><\/span>\n\t\t\t<span class=\"wpa9-panel-icon icon\" style=\"mask-image: url(https:\/\/dev.skrivanek.com\/wp-content\/uploads\/2021\/03\/ico-info.svg); -webkit-mask-image: url(https:\/\/dev.skrivanek.com\/wp-content\/uploads\/2021\/03\/ico-info.svg);\"><\/span>\n\t\t\n\t\t\t\t\t\t\t\t<h2 class=\"wpa9-panel-title\">\u00c0 propos du processus de sous-titrage<\/h2>\n\t\t\n\t\t\t\t\t\t\t<div class=\"wpa9-panel-content\"><p>Le processus de sous-titrage commence par d\u00e9tecter l\u2019emplacement horaire exact des sous-titres ainsi que leur longueur. Nos linguistes traduisent ensuite les mots parl\u00e9s \u00e0 partir de la langue source utilisant le ton juste pour votre langue cible.<\/p>\n<p>Une relecture soign\u00e9e de nouveaux sous-titres garantit l\u2019utilisation des conventions linguistiques pr\u00e9cises, avec des retours \u00e0 la ligne plac\u00e9s aux bons endroits. La simulation est le processus de visionnement de la vid\u00e9o avec les sous-titres ins\u00e9r\u00e9s tels qu\u2019ils appara\u00eetront sur l\u2019\u00e9cran dans le produit final, mais dans un format permettant des corrections et des am\u00e9liorations.<\/p>\n<\/div>\n\t\t\t\t<\/div>\n\n\t\t\t\t<div class=\"meta meta-buttons d-flex flex-column flex-sm-row justify-content-center\">\n\t\t\t\t\t<a class=\"btn btn-negative \" href=\"\/fr\/contact\/\" title=\"Nous contacter\">Nous contacter<\/a>\n\t\t\t\t\t\t<\/div>\n\t\t\n\t<\/div>\n\n\t\t\n\t<div class=\"wpa9-card-l-panel wpa9-panel shadow rounded d-flex flex-column justify-content-between\">\n\n\t\t<div>\n\t\t\t\t\t\t\t<span class=\"wpa9-panel-icon icon\" style=\"display: none; background-image: url('https:\/\/dev.skrivanek.com\/wp-content\/uploads\/2021\/01\/ico-lidi.svg')\"><\/span>\n\t\t\t<span class=\"wpa9-panel-icon icon\" style=\"mask-image: url(https:\/\/dev.skrivanek.com\/wp-content\/uploads\/2021\/01\/ico-lidi.svg); -webkit-mask-image: url(https:\/\/dev.skrivanek.com\/wp-content\/uploads\/2021\/01\/ico-lidi.svg);\"><\/span>\n\t\t\n\t\t\t\t\t\t\t\t<h2 class=\"wpa9-panel-title\">Nous respectons votre budget et votre d\u00e9lai<\/h2>\n\t\t\n\t\t\t\t\t\t\t<div class=\"wpa9-panel-content\"><p>Avez-vous besoin de services de sous-titrage en anglais\u00a0? Espagnol\u00a0? Cor\u00e9en\u00a0? Arabe\u00a0? Peut-\u00eatre pour toutes ces langues\u00a0? Nous sommes en mesure de r\u00e9pondre \u00e0 votre demande en respectant le budget et le d\u00e9lai que nous avons indiqu\u00e9s. Vous n\u2019\u00eates pas s\u00fbr si vous pr\u00e9f\u00e9rez le sous-titrage ou le doublage\u00a0? Consultez nos <a href=\"\/fr\/autres-services\/voix-off\/\">services de doublage<\/a> avant de prendre une d\u00e9cision.<\/p>\n<p>Un excellent sous-titrage multilingue est si bien ex\u00e9cut\u00e9, dans un langage si naturel, qu\u2019il s\u2019int\u00e8gre parfaitement dans la visualisation de la vid\u00e9o. C\u2019est le r\u00e9sultat final que nous souhaitons atteindre chez Skrivanek, peu importe la taille ou le type du projet.<\/p>\n<\/div>\n\t\t\t\t<\/div>\n\n\t\t\n\t<\/div>\n\n\t\t\n\t<div class=\"wpa9-card-l-panel wpa9-panel shadow rounded d-flex flex-column justify-content-between\">\n\n\t\t<div>\n\t\t\t\t\t\t\t<span class=\"wpa9-panel-icon icon\" style=\"display: none; background-image: url('https:\/\/dev.skrivanek.com\/wp-content\/uploads\/2021\/03\/ico-typy-kurzu.svg')\"><\/span>\n\t\t\t<span class=\"wpa9-panel-icon icon\" style=\"mask-image: url(https:\/\/dev.skrivanek.com\/wp-content\/uploads\/2021\/03\/ico-typy-kurzu.svg); -webkit-mask-image: url(https:\/\/dev.skrivanek.com\/wp-content\/uploads\/2021\/03\/ico-typy-kurzu.svg);\"><\/span>\n\t\t\n\t\t\t\t\t\t\t\t<h2 class=\"wpa9-panel-title\">Nous proposons des services de sous-titrage pour les domaines suivants\u00a0:<\/h2>\n\t\t\n\t\t\t\t\t\t\t<div class=\"wpa9-panel-content\"><ul>\n<li>Cours de formation en ligne<\/li>\n<li>Vid\u00e9os sur des sites Web<\/li>\n<li>Campagnes marketing<\/li>\n<li>Publicit\u00e9s t\u00e9l\u00e9vis\u00e9es<\/li>\n<li>Documentaires<\/li>\n<li>Reportages<\/li>\n<li>Longs m\u00e9trages<\/li>\n<\/ul>\n<\/div>\n\t\t\t\t<\/div>\n\n\t\t\n\t<\/div>\n\n\t\t\n\t\n<\/div>\n<\/div><\/div><\/div><\/div><\/div><div id=\"pg-7410-1\"  class=\"panel-grid panel-no-style\" ><div id=\"pgc-7410-1-0\"  class=\"panel-grid-cell\" ><div id=\"panel-7410-1-0-0\" class=\"so-panel widget widget_wpa9-card-s panel-first-child panel-last-child\" data-index=\"1\" ><div\n\t\t\t\n\t\t\tclass=\"so-widget-wpa9-card-s so-widget-wpa9-card-s-default-c93e1481a745-7410\"\n\t\t\t\n\t\t><div class=\"wpa9-card wpa9-card-s narrow positive\">\n\n\t<div class=\"wpa9-card-wrapper container\">\n\n\t\t<div class=\"wpa9-card-text\">\n\t\t\t<h2 class=\"wpa9-card-title\">Demandez un devis.<\/h2>\n\t\t\t<div class=\"wpa9-card-content\"><p style=\"text-align: center\">Nous allons vous pr\u00e9parer un devis.<\/p>\n<\/div>\t\t<\/div>\n\n\t\t\t\t<div class=\"meta meta-buttons d-flex flex-row justify-content-center\">\n\t\t\t\t\t\t\t<a class=\"btn btn-negative show-inquiry-form\" href=\"https:\/\/dev.skrivanek.com\/fr\/enquete\/\" title=\"Envoyer une demande\">Envoyer une demande<\/a>\n\t\t\t\t<\/div>\n\t\t\n\t<\/div>\n\n<\/div>\n<\/div><\/div><\/div><\/div><\/div>","protected":false},"excerpt":{"rendered":"<p>Nous acceptons de nombreux formats Nous acceptons vos fichiers audio\/vid\u00e9o dans de nombreux formats et nous utilisons divers programmes pour obtenir le r\u00e9sultat que vous souhaitez. Par exemple, traduire \u00e0 l\u2019aide d\u2019un logiciel de sous-titrage tel que SubRip Text (SRT) permet d\u2019extraire le contenu de la vid\u00e9o, des DVD ou des fichiers vid\u00e9o, puis d\u2019utiliser [&hellip;]<\/p>\n","protected":false},"author":10,"featured_media":0,"parent":7394,"menu_order":0,"comment_status":"closed","ping_status":"open","template":"","meta":{"_acf_changed":false,"content-type":"","footnotes":""},"class_list":["post-7410","page","type-page","status-publish","hentry"],"acf":[],"aioseo_notices":[],"_links":{"self":[{"href":"https:\/\/dev.skrivanek.com\/fr\/wp-json\/wp\/v2\/pages\/7410","targetHints":{"allow":["GET"]}}],"collection":[{"href":"https:\/\/dev.skrivanek.com\/fr\/wp-json\/wp\/v2\/pages"}],"about":[{"href":"https:\/\/dev.skrivanek.com\/fr\/wp-json\/wp\/v2\/types\/page"}],"author":[{"embeddable":true,"href":"https:\/\/dev.skrivanek.com\/fr\/wp-json\/wp\/v2\/users\/10"}],"replies":[{"embeddable":true,"href":"https:\/\/dev.skrivanek.com\/fr\/wp-json\/wp\/v2\/comments?post=7410"}],"version-history":[{"count":3,"href":"https:\/\/dev.skrivanek.com\/fr\/wp-json\/wp\/v2\/pages\/7410\/revisions"}],"predecessor-version":[{"id":87246,"href":"https:\/\/dev.skrivanek.com\/fr\/wp-json\/wp\/v2\/pages\/7410\/revisions\/87246"}],"up":[{"embeddable":true,"href":"https:\/\/dev.skrivanek.com\/fr\/wp-json\/wp\/v2\/pages\/7394"}],"wp:attachment":[{"href":"https:\/\/dev.skrivanek.com\/fr\/wp-json\/wp\/v2\/media?parent=7410"}],"curies":[{"name":"wp","href":"https:\/\/api.w.org\/{rel}","templated":true}]}}