{"id":7414,"date":"2021-07-20T17:30:54","date_gmt":"2021-07-20T15:30:54","guid":{"rendered":"https:\/\/skrivanek.com\/technologies\/traduction-automatique\/"},"modified":"2024-05-30T11:43:32","modified_gmt":"2024-05-30T09:43:32","slug":"traduction-automatique","status":"publish","type":"page","link":"https:\/\/dev.skrivanek.com\/fr\/technologies\/traduction-automatique\/","title":{"rendered":"Traduction automatique"},"content":{"rendered":"<div id=\"pl-7414\"  class=\"panel-layout\" ><div id=\"pg-7414-0\"  class=\"panel-grid panel-no-style\" ><div id=\"pgc-7414-0-0\"  class=\"panel-grid-cell\" ><div id=\"panel-7414-0-0-0\" class=\"so-panel widget widget_wpa9-editor-ext panel-first-child panel-last-child\" data-index=\"0\" ><div\n\t\t\t\n\t\t\tclass=\"so-widget-wpa9-editor-ext so-widget-wpa9-editor-ext-default-c93e1481a745-7414\"\n\t\t\t\n\t\t>\n<div class=\"siteorigin-widget-tinymce textwidget\">\n\t<div class=\"grey-box-section var-extramt\">\n<div class=\"section-wrapper var-wide\">\n<div class=\"grey-box-section__border\">\n<p>Google Translate a d\u00e9montr\u00e9 \u00e0 beaucoup de personnes l\u2019aout g\u00e9n\u00e9ral de la traduction automatique (Machine translation, MT)\u00a0: un acc\u00e8s facile et rapide \u00e0 la translation ainsi qu\u2019une communication multilingue aux bouts des doigts de chacun. Mais en m\u00eame temps, Google Translate montre \u00e9galement la limite de la traduction automatique en cr\u00e9ant parfois des textes impr\u00e9cis voire compl\u00e8tement incompr\u00e9hensibles. La traduction automatique id\u00e9ale serait non seulement \u00ab\u00a0plus intelligente\u00a0\u00bb que Google, mais aussi juste un outil parmi d\u2019autres de la bo\u00eete d\u2019outils des linguistes exp\u00e9riment\u00e9s. La traduction automatique neuronale (Neural Machine Translation, NMT) utilis\u00e9e en combinaison avec les comp\u00e9tences linguistiques d\u2019un fournisseur de services linguistiques propose des solutions de traduction am\u00e9lior\u00e9es.<\/p>\n<\/div>\n<\/div>\n<\/div>\n<\/div>\n<\/div><\/div><\/div><\/div><div id=\"pg-7414-1\"  class=\"panel-grid panel-has-style\" ><div class=\"siteorigin-panels-stretch panel-row-style panel-row-style-for-7414-1\" data-stretch-type=\"full\" ><div id=\"pgc-7414-1-0\"  class=\"panel-grid-cell\" ><div id=\"panel-7414-1-0-0\" class=\"so-panel widget widget_wpa9-card-l panel-first-child panel-last-child\" data-index=\"1\" ><div\n\t\t\t\n\t\t\tclass=\"so-widget-wpa9-card-l so-widget-wpa9-card-l-default-c93e1481a745-7414\"\n\t\t\t\n\t\t>\n\n<div class=\"wpa9-card wpa9-card-l-container d-flex flex-wrap wpa9-columns-2\">\n\n\t\n\t\t\n\t<div class=\"wpa9-card-l-panel wpa9-panel shadow rounded d-flex flex-column justify-content-between\">\n\n\t\t<div>\n\t\t\t\t\t\t\t<span class=\"wpa9-panel-icon icon\" style=\"display: none; background-image: url('https:\/\/dev.skrivanek.com\/wp-content\/uploads\/2021\/03\/ico-seznam.svg')\"><\/span>\n\t\t\t<span class=\"wpa9-panel-icon icon\" style=\"mask-image: url(https:\/\/dev.skrivanek.com\/wp-content\/uploads\/2021\/03\/ico-seznam.svg); -webkit-mask-image: url(https:\/\/dev.skrivanek.com\/wp-content\/uploads\/2021\/03\/ico-seznam.svg);\"><\/span>\n\t\t\n\t\t\t\t\t\t\t\t<h2 class=\"wpa9-panel-title\">Technologie\u00a0NMT<\/h2>\n\t\t\n\t\t\t\t\t\t\t<div class=\"wpa9-panel-content\"><p>Il s\u2019agit des fonctions\u00a0NMT avec r\u00e9seaux neuronaux qui imitent les mod\u00e8les d\u2019apprentissage du cerveau humain en faisant des connexions contournant le besoin de d\u00e9tection de sch\u00e9mas lents. Des technologies de traduction automatique plus anciennes, telles que les outils statistiques et bas\u00e9s sur des r\u00e8gles, ne sont pas aussi rapides et efficaces. Skrivanek a d\u00e9velopp\u00e9 une technologie\u00a0NMT interne perfectionn\u00e9e par son utilisation dans la traduction de milliers de pages.<\/p>\n<p>Un autre avantage de confier vos donn\u00e9es \u00e0 la traduction automatique neuronale de Skrivanek et aux linguistes qui l\u2019utilisent est la s\u00e9curit\u00e9 que nous garantissons. Vos donn\u00e9es confidentielles sont toujours prot\u00e9g\u00e9es par un processus d\u2019assurance qualit\u00e9 en plusieurs \u00e9tapes\u00a0: une priorit\u00e9 absolue pour nous. La norme\u00a0<a href=\"https:\/\/www.iso.org\/standard\/62970.html\" target=\"_blank\" rel=\"noopener\">ISO\u00a018587<\/a> donne des directives en mati\u00e8re de traduction automatique que nous suivons.<\/p>\n<\/div>\n\t\t\t\t<\/div>\n\n\t\t\t\t<div class=\"meta meta-buttons d-flex flex-column flex-sm-row justify-content-center\">\n\t\t\t\t\t<a class=\"btn btn-negative show-inquiry-form\" href=\"https:\/\/dev.skrivanek.com\/fr\/enquete\/\" title=\"Envoyer une demande\">Envoyer une demande<\/a>\n\t\t\t\t\t\t<\/div>\n\t\t\n\t<\/div>\n\n\t\t\n\t<div class=\"wpa9-card-l-panel wpa9-panel shadow rounded d-flex flex-column justify-content-between\">\n\n\t\t<div>\n\t\t\t\t\t\t\t<span class=\"wpa9-panel-icon icon\" style=\"display: none; background-image: url('https:\/\/dev.skrivanek.com\/wp-content\/uploads\/2021\/01\/ico-obecnypreklad.svg')\"><\/span>\n\t\t\t<span class=\"wpa9-panel-icon icon\" style=\"mask-image: url(https:\/\/dev.skrivanek.com\/wp-content\/uploads\/2021\/01\/ico-obecnypreklad.svg); -webkit-mask-image: url(https:\/\/dev.skrivanek.com\/wp-content\/uploads\/2021\/01\/ico-obecnypreklad.svg);\"><\/span>\n\t\t\n\t\t\t\t\t\t\t\t<h2 class=\"wpa9-panel-title\">Options de traduction automatique neuronale<\/h2>\n\t\t\n\t\t\t\t\t\t\t<div class=\"wpa9-panel-content\"><p>La post-\u00e9dition est un processus de v\u00e9rification et de modification d\u2019un texte traduit automatiquement par un outil\u00a0NMT. Ces modifications sont effectu\u00e9es par un traducteur qui, en plus de ses capacit\u00e9s linguistiques, conna\u00eet \u00e9galement le sujet en question.<\/p>\n<ul>\n<li><strong>NMT brute (NMT sans post-\u00e9dition)<\/strong><br \/>\nPour des textes de moyenne \u00e0 grande taille qui doivent \u00eatre compr\u00e9hensibles de mani\u00e8re globale.<\/li>\n<li><strong>NMT l\u00e9g\u00e8re (NMT avec post-\u00e9dition de base)<\/strong><br \/>\nLorsque votre texte doit \u00eatre plus compr\u00e9hensible, mais que le style est secondaire.<\/li>\n<li><strong>NMT compl\u00e8te (NMT avec post-\u00e9dition compl\u00e8te)<\/strong><br \/>\nUn service de traduction automatique incluant la v\u00e9rification du format, de la s\u00e9mantique et de la terminologie.<\/li>\n<\/ul>\n<\/div>\n\t\t\t\t<\/div>\n\n\t\t\t\t<div class=\"meta meta-buttons d-flex flex-column flex-sm-row justify-content-center\">\n\t\t\t\t\t<a class=\"btn btn-negative \" href=\"\/fr\/contact\/\" title=\"Nous contacter\">Nous contacter<\/a>\n\t\t\t\t\t\t<\/div>\n\t\t\n\t<\/div>\n\n\t\t\n\t\n<\/div>\n<\/div><\/div><\/div><\/div><\/div><div id=\"pg-7414-2\"  class=\"panel-grid panel-no-style\" ><div id=\"pgc-7414-2-0\"  class=\"panel-grid-cell\" ><div id=\"panel-7414-2-0-0\" class=\"so-panel widget widget_wpa9-card-s panel-first-child panel-last-child\" data-index=\"2\" ><div\n\t\t\t\n\t\t\tclass=\"so-widget-wpa9-card-s so-widget-wpa9-card-s-default-c93e1481a745-7414\"\n\t\t\t\n\t\t><div class=\"wpa9-card wpa9-card-s narrow positive\">\n\n\t<div class=\"wpa9-card-wrapper container\">\n\n\t\t<div class=\"wpa9-card-text\">\n\t\t\t<h2 class=\"wpa9-card-title\">Besoin d\u2019une traduction automatique\u00a0? <\/h2>\n\t\t\t<div class=\"wpa9-card-content\"><p style=\"text-align: center\">Quels que soient vos besoins en mati\u00e8re de traduction, contactez-nous pour demander un devis.<\/p>\n<\/div>\t\t<\/div>\n\n\t\t\t\t<div class=\"meta meta-buttons d-flex flex-row justify-content-center\">\n\t\t\t\t\t\t\t<a class=\"btn btn-negative show-inquiry-form\" href=\"https:\/\/dev.skrivanek.com\/fr\/enquete\/\" title=\"Envoyer une demande\">Envoyer une demande<\/a>\n\t\t\t\t<\/div>\n\t\t\n\t<\/div>\n\n<\/div>\n<\/div><\/div><\/div><\/div><\/div>","protected":false},"excerpt":{"rendered":"<p>Google Translate a d\u00e9montr\u00e9 \u00e0 beaucoup de personnes l\u2019aout g\u00e9n\u00e9ral de la traduction automatique (Machine translation, MT)\u00a0: un acc\u00e8s facile et rapide \u00e0 la translation ainsi qu\u2019une communication multilingue aux bouts des doigts de chacun. Mais en m\u00eame temps, Google Translate montre \u00e9galement la limite de la traduction automatique en cr\u00e9ant parfois des textes impr\u00e9cis [&hellip;]<\/p>\n","protected":false},"author":10,"featured_media":0,"parent":7366,"menu_order":0,"comment_status":"closed","ping_status":"open","template":"","meta":{"_acf_changed":false,"content-type":"","footnotes":""},"class_list":["post-7414","page","type-page","status-publish","hentry"],"acf":[],"aioseo_notices":[],"_links":{"self":[{"href":"https:\/\/dev.skrivanek.com\/fr\/wp-json\/wp\/v2\/pages\/7414","targetHints":{"allow":["GET"]}}],"collection":[{"href":"https:\/\/dev.skrivanek.com\/fr\/wp-json\/wp\/v2\/pages"}],"about":[{"href":"https:\/\/dev.skrivanek.com\/fr\/wp-json\/wp\/v2\/types\/page"}],"author":[{"embeddable":true,"href":"https:\/\/dev.skrivanek.com\/fr\/wp-json\/wp\/v2\/users\/10"}],"replies":[{"embeddable":true,"href":"https:\/\/dev.skrivanek.com\/fr\/wp-json\/wp\/v2\/comments?post=7414"}],"version-history":[{"count":3,"href":"https:\/\/dev.skrivanek.com\/fr\/wp-json\/wp\/v2\/pages\/7414\/revisions"}],"predecessor-version":[{"id":87576,"href":"https:\/\/dev.skrivanek.com\/fr\/wp-json\/wp\/v2\/pages\/7414\/revisions\/87576"}],"up":[{"embeddable":true,"href":"https:\/\/dev.skrivanek.com\/fr\/wp-json\/wp\/v2\/pages\/7366"}],"wp:attachment":[{"href":"https:\/\/dev.skrivanek.com\/fr\/wp-json\/wp\/v2\/media?parent=7414"}],"curies":[{"name":"wp","href":"https:\/\/api.w.org\/{rel}","templated":true}]}}