{"id":7416,"date":"2021-07-20T17:30:54","date_gmt":"2021-07-20T15:30:54","guid":{"rendered":"https:\/\/skrivanek.com\/interpretation\/moderateur-de-reunion-virtuelle\/"},"modified":"2024-05-29T15:12:21","modified_gmt":"2024-05-29T13:12:21","slug":"moderateur-de-reunion-virtuelle","status":"publish","type":"page","link":"https:\/\/dev.skrivanek.com\/fr\/interpretation\/moderateur-de-reunion-virtuelle\/","title":{"rendered":"Mod\u00e9rateur de r\u00e9union virtuelle"},"content":{"rendered":"<div id=\"pl-7416\"  class=\"panel-layout\" ><div id=\"pg-7416-0\"  class=\"panel-grid panel-no-style\" ><div id=\"pgc-7416-0-0\"  class=\"panel-grid-cell\" ><div id=\"panel-7416-0-0-0\" class=\"so-panel widget widget_wpa9-card-l panel-first-child panel-last-child\" data-index=\"0\" ><div\n\t\t\t\n\t\t\tclass=\"so-widget-wpa9-card-l so-widget-wpa9-card-l-default-c93e1481a745-7416\"\n\t\t\t\n\t\t>\n\n<div class=\"wpa9-card wpa9-card-l-container d-flex flex-wrap wpa9-columns-2\">\n\n\t\n\t\t\n\t<div class=\"wpa9-card-l-panel wpa9-panel shadow rounded d-flex flex-column justify-content-between\">\n\n\t\t<div>\n\t\t\t\t\t\t\t<span class=\"wpa9-panel-icon icon\" style=\"display: none; background-image: url('https:\/\/dev.skrivanek.com\/wp-content\/uploads\/2021\/03\/ico-tlumoceni-online.svg')\"><\/span>\n\t\t\t<span class=\"wpa9-panel-icon icon\" style=\"mask-image: url(https:\/\/dev.skrivanek.com\/wp-content\/uploads\/2021\/03\/ico-tlumoceni-online.svg); -webkit-mask-image: url(https:\/\/dev.skrivanek.com\/wp-content\/uploads\/2021\/03\/ico-tlumoceni-online.svg);\"><\/span>\n\t\t\n\t\t\t\t\t\t\t\t<h2 class=\"wpa9-panel-title\">C\u2019est l\u00e0 o\u00f9 Skrivanek entre en sc\u00e8ne<\/h2>\n\t\t\n\t\t\t\t\t\t\t<div class=\"wpa9-panel-content\"><p>Nos mod\u00e9rateurs professionnels s\u2019occupent de la coordination de tous les diff\u00e9rents \u00e9l\u00e9ments afin de cr\u00e9er des s\u00e9ances de t\u00e9l\u00e9conf\u00e9rence dynamiques et harmonieuses. Alors qu\u2019un membre de r\u00e9union \u00ab\u00a0interne\u00a0\u00bb ex\u00e9cute l\u2019ordre du jour et m\u00e8ne la discussion, le mod\u00e9rateur traite les t\u00e2ches suivantes\u00a0: entr\u00e9e et sortie des participants \u00e0 la r\u00e9union, utilisation des \u00e9l\u00e9ments visuels et audio, collecte de questions et de commentaires et t\u00e2ches techniques pendant la r\u00e9union (par ex. basculement en petits sous-groupes).<\/p>\n<p>Le mod\u00e9rateur rencontre vos dirigeants au pr\u00e9alable pour fixer les objectifs de la r\u00e9union, puis fait en sorte que ces objectifs soient r\u00e9alisables au niveau technique et logistique.<\/p>\n<\/div>\n\t\t\t\t<\/div>\n\n\t\t\t\t<div class=\"meta meta-buttons d-flex flex-column flex-sm-row justify-content-center\">\n\t\t\t\t\t<a class=\"btn btn-negative show-inquiry-form\" href=\"https:\/\/dev.skrivanek.com\/fr\/enquete\/\" title=\"Envoyer une demande\">Envoyer une demande<\/a>\n\t\t\t\t\t\t<\/div>\n\t\t\n\t<\/div>\n\n\t\t\n\t<div class=\"wpa9-card-l-panel wpa9-panel shadow rounded d-flex flex-column justify-content-between\">\n\n\t\t<div>\n\t\t\t\t\t\t\t<span class=\"wpa9-panel-icon icon\" style=\"display: none; background-image: url('https:\/\/dev.skrivanek.com\/wp-content\/uploads\/2021\/03\/ico-info.svg')\"><\/span>\n\t\t\t<span class=\"wpa9-panel-icon icon\" style=\"mask-image: url(https:\/\/dev.skrivanek.com\/wp-content\/uploads\/2021\/03\/ico-info.svg); -webkit-mask-image: url(https:\/\/dev.skrivanek.com\/wp-content\/uploads\/2021\/03\/ico-info.svg);\"><\/span>\n\t\t\n\t\t\t\t\t\t\t\t<h2 class=\"wpa9-panel-title\">Large gamme d\u2019options de logiciels de conf\u00e9rence<\/h2>\n\t\t\n\t\t\t\t\t\t\t<div class=\"wpa9-panel-content\"><p>Skrivanek propose \u00e9galement une mod\u00e9ration de t\u00e9l\u00e9conf\u00e9rence plus exhaustive sous forme de services linguistiques. Nos mod\u00e9rateurs peuvent directement se connecter aux membres de votre r\u00e9union n\u00e9cessitant une assistance en langue \u00e9trang\u00e8re. Nous pouvons \u00e9galement surveiller le confort et l\u2019implication des participants et vous aider \u00e0 optimiser ces points.<\/p>\n<p>L\u2019objectif du mod\u00e9rateur consiste \u00e0 veiller \u00e0 ce que chacun puisse bien suivre et rester motiv\u00e9 par le biais de diff\u00e9rents types d\u2019assistance. Nous connaissons bien de nombreuses options de logiciels de conf\u00e9rence et nous avons pu perfectionner nos comp\u00e9tences en mati\u00e8re de communication de groupe bas\u00e9e sur les technologies gr\u00e2ce \u00e0 des d\u00e9cennies d\u2019<a href=\"https:\/\/skrivanek.com\/fr\/interpretation\/\">interpr\u00e9tation<\/a> longue distance.<\/p>\n<\/div>\n\t\t\t\t<\/div>\n\n\t\t\t\t<div class=\"meta meta-buttons d-flex flex-column flex-sm-row justify-content-center\">\n\t\t\t\t\t<a class=\"btn btn-negative \" href=\"\/fr\/contact\/\" title=\"Nous contacter\">Nous contacter<\/a>\n\t\t\t\t\t\t<\/div>\n\t\t\n\t<\/div>\n\n\t\t\n\t<div class=\"wpa9-card-l-panel wpa9-panel shadow rounded d-flex flex-column justify-content-between\">\n\n\t\t<div>\n\t\t\t\t\t\t\t<span class=\"wpa9-panel-icon icon\" style=\"display: none; background-image: url('https:\/\/dev.skrivanek.com\/wp-content\/uploads\/2021\/01\/ico-lidi.svg')\"><\/span>\n\t\t\t<span class=\"wpa9-panel-icon icon\" style=\"mask-image: url(https:\/\/dev.skrivanek.com\/wp-content\/uploads\/2021\/01\/ico-lidi.svg); -webkit-mask-image: url(https:\/\/dev.skrivanek.com\/wp-content\/uploads\/2021\/01\/ico-lidi.svg);\"><\/span>\n\t\t\n\t\t\t\t\t\t\t\t<h2 class=\"wpa9-panel-title\">Mod\u00e9rateurs Skrivanek\u00a0:<\/h2>\n\t\t\n\t\t\t\t\t\t\t<div class=\"wpa9-panel-content\"><ul>\n<li>Am\u00e9liorer l\u2019harmonie de vos r\u00e9unions en ligne<\/li>\n<li>Augmenter le confort et l\u2019engagement des participants<\/li>\n<li>\u00c9viter du stress aux directeurs de r\u00e9union<\/li>\n<li>Maintenir une pr\u00e9sence discr\u00e8te et impartiale<\/li>\n<li>Coordonner les \u00e9l\u00e9ments verbaux, visuels, audio et techniques<\/li>\n<li>Garantir la confidentialit\u00e9 du contenu<\/li>\n<\/ul>\n<\/div>\n\t\t\t\t<\/div>\n\n\t\t\n\t<\/div>\n\n\t\t\n\t\n<\/div>\n<\/div><\/div><\/div><\/div><div id=\"pg-7416-1\"  class=\"panel-grid panel-has-style\" ><div class=\"siteorigin-panels-stretch panel-row-style panel-row-style-for-7416-1\" data-stretch-type=\"full\" ><div id=\"pgc-7416-1-0\"  class=\"panel-grid-cell\" ><div id=\"panel-7416-1-0-0\" class=\"so-panel widget widget_wpa9-card-s panel-first-child panel-last-child\" data-index=\"1\" ><div\n\t\t\t\n\t\t\tclass=\"so-widget-wpa9-card-s so-widget-wpa9-card-s-default-c93e1481a745-7416\"\n\t\t\t\n\t\t><div class=\"wpa9-card wpa9-card-s narrow positive\">\n\n\t<div class=\"wpa9-card-wrapper container\">\n\n\t\t<div class=\"wpa9-card-text\">\n\t\t\t<h2 class=\"wpa9-card-title\">Avez-vous besoin d\u2019un mod\u00e9rateur de r\u00e9union virtuelle\u00a0?<\/h2>\n\t\t\t<div class=\"wpa9-card-content\"><p style=\"text-align: center\">Nous allons vous pr\u00e9parer un devis.<\/p>\n<\/div>\t\t<\/div>\n\n\t\t\t\t<div class=\"meta meta-buttons d-flex flex-row justify-content-center\">\n\t\t\t\t\t\t\t<a class=\"btn btn-negative show-inquiry-form\" href=\"https:\/\/dev.skrivanek.com\/fr\/enquete\/\" title=\"Envoyer une demande\">Envoyer une demande<\/a>\n\t\t\t\t<\/div>\n\t\t\n\t<\/div>\n\n<\/div>\n<\/div><\/div><\/div><\/div><\/div><\/div>","protected":false},"excerpt":{"rendered":"<p>C\u2019est l\u00e0 o\u00f9 Skrivanek entre en sc\u00e8ne Nos mod\u00e9rateurs professionnels s\u2019occupent de la coordination de tous les diff\u00e9rents \u00e9l\u00e9ments afin de cr\u00e9er des s\u00e9ances de t\u00e9l\u00e9conf\u00e9rence dynamiques et harmonieuses. Alors qu\u2019un membre de r\u00e9union \u00ab\u00a0interne\u00a0\u00bb ex\u00e9cute l\u2019ordre du jour et m\u00e8ne la discussion, le mod\u00e9rateur traite les t\u00e2ches suivantes\u00a0: entr\u00e9e et sortie des participants \u00e0 [&hellip;]<\/p>\n","protected":false},"author":10,"featured_media":0,"parent":7308,"menu_order":0,"comment_status":"closed","ping_status":"open","template":"","meta":{"_acf_changed":false,"content-type":"","footnotes":""},"class_list":["post-7416","page","type-page","status-publish","hentry"],"acf":[],"aioseo_notices":[],"_links":{"self":[{"href":"https:\/\/dev.skrivanek.com\/fr\/wp-json\/wp\/v2\/pages\/7416","targetHints":{"allow":["GET"]}}],"collection":[{"href":"https:\/\/dev.skrivanek.com\/fr\/wp-json\/wp\/v2\/pages"}],"about":[{"href":"https:\/\/dev.skrivanek.com\/fr\/wp-json\/wp\/v2\/types\/page"}],"author":[{"embeddable":true,"href":"https:\/\/dev.skrivanek.com\/fr\/wp-json\/wp\/v2\/users\/10"}],"replies":[{"embeddable":true,"href":"https:\/\/dev.skrivanek.com\/fr\/wp-json\/wp\/v2\/comments?post=7416"}],"version-history":[{"count":3,"href":"https:\/\/dev.skrivanek.com\/fr\/wp-json\/wp\/v2\/pages\/7416\/revisions"}],"predecessor-version":[{"id":87462,"href":"https:\/\/dev.skrivanek.com\/fr\/wp-json\/wp\/v2\/pages\/7416\/revisions\/87462"}],"up":[{"embeddable":true,"href":"https:\/\/dev.skrivanek.com\/fr\/wp-json\/wp\/v2\/pages\/7308"}],"wp:attachment":[{"href":"https:\/\/dev.skrivanek.com\/fr\/wp-json\/wp\/v2\/media?parent=7416"}],"curies":[{"name":"wp","href":"https:\/\/api.w.org\/{rel}","templated":true}]}}