{"id":7734,"date":"2021-07-28T15:17:38","date_gmt":"2021-07-28T13:17:38","guid":{"rendered":"https:\/\/skrivanek.com\/traduzione-automatica\/"},"modified":"2023-10-18T09:23:30","modified_gmt":"2023-10-18T07:23:30","slug":"traduzione-automatica","status":"publish","type":"page","link":"https:\/\/dev.skrivanek.com\/it\/tecnologie\/traduzione-automatica\/","title":{"rendered":"Traduzione automatica"},"content":{"rendered":"<div id=\"pl-7734\"  class=\"panel-layout\" ><div id=\"pg-7734-0\"  class=\"panel-grid panel-no-style\" ><div id=\"pgc-7734-0-0\"  class=\"panel-grid-cell\" ><div id=\"panel-7734-0-0-0\" class=\"so-panel widget widget_wpa9-editor-ext panel-first-child panel-last-child\" data-index=\"0\" ><div\n\t\t\t\n\t\t\tclass=\"so-widget-wpa9-editor-ext so-widget-wpa9-editor-ext-default-c93e1481a745-7734\"\n\t\t\t\n\t\t>\n<div class=\"siteorigin-widget-tinymce textwidget\">\n\t<div class=\"grey-box-section var-extramt\">\n<div class=\"section-wrapper var-wide\">\n<div class=\"grey-box-section__border\">\n<p>Google Translate ha dimostrato a numerose persone il vantaggio generale della traduzione automatica (Machine translation, MT): facile accesso a una traduzione rapida, con comunicazione multilingue a portata di mano delle persone comuni. Tuttavia Google Translate genera anche esempi delle limitazioni della MT, producendo testi talvolta da imprecisi a completamente incomprensibili. La traduzione automatica ideale oltre a essere \u201cpi\u00f9 intelligente\u201d rispetto a Google, dovrebbe anche essere impiegata solo come strumento nella toolbox di linguisti esperti. La NMT (Neural Machine Translation, traduzione automatica neurale) utilizzata con le competenze linguistiche di un fornitore di servizi linguistici, offre soluzioni di traduzione migliori.<\/p>\n<\/div>\n<\/div>\n<\/div>\n<\/div>\n<\/div><\/div><\/div><\/div><div id=\"pg-7734-1\"  class=\"panel-grid panel-has-style\" ><div class=\"siteorigin-panels-stretch panel-row-style panel-row-style-for-7734-1\" data-stretch-type=\"full\" ><div id=\"pgc-7734-1-0\"  class=\"panel-grid-cell\" ><div id=\"panel-7734-1-0-0\" class=\"so-panel widget widget_wpa9-card-l panel-first-child panel-last-child\" data-index=\"1\" ><div\n\t\t\t\n\t\t\tclass=\"so-widget-wpa9-card-l so-widget-wpa9-card-l-default-c93e1481a745-7734\"\n\t\t\t\n\t\t>\n\n<div class=\"wpa9-card wpa9-card-l-container d-flex flex-wrap wpa9-columns-2\">\n\n\t\n\t\t\n\t<div class=\"wpa9-card-l-panel wpa9-panel shadow rounded d-flex flex-column justify-content-between\">\n\n\t\t<div>\n\t\t\t\t\t\t\t<span class=\"wpa9-panel-icon icon\" style=\"display: none; background-image: url('https:\/\/dev.skrivanek.com\/wp-content\/uploads\/2021\/03\/ico-seznam.svg')\"><\/span>\n\t\t\t<span class=\"wpa9-panel-icon icon\" style=\"mask-image: url(https:\/\/dev.skrivanek.com\/wp-content\/uploads\/2021\/03\/ico-seznam.svg); -webkit-mask-image: url(https:\/\/dev.skrivanek.com\/wp-content\/uploads\/2021\/03\/ico-seznam.svg);\"><\/span>\n\t\t\n\t\t\t\t\t\t\t\t<h2 class=\"wpa9-panel-title\">Tecnologia NMT<\/h2>\n\t\t\n\t\t\t\t\t\t\t<div class=\"wpa9-panel-content\"><p>La NMT funziona con reti neurali che imitano modelli di apprendimento del cervello umano, creando connessioni che aggirano la necessit\u00e0 di rilevamento di modelli lenti. Le tecnologie di MT di generazione precedente come gli strumenti statistici basati su regole non sono altrettanto veloci o efficaci. Skrivanek ha sviluppato una tecnologia NMT interna che \u00e8 stata perfezionata mediante l\u2019uso nella traduzione di migliaia di pagine.<\/p>\n<p>Un altro vantaggio derivante dall\u2019affidare i vostri dati alla NMT di Skrivanek e ai linguisti che la utilizzano \u00e8 la sicurezza da noi garantita. I dati riservati sono sempre protetti da processi di assicurazione della qualit\u00e0 multi-fase considerati da noi di massima priorit\u00e0. La normativa <a href=\"https:\/\/www.iso.org\/standard\/62970.html\" target=\"_blank\" rel=\"noopener\">ISO 18587<\/a> offre linee guida per la MT che Skrivanek segue.<\/p>\n<\/div>\n\t\t\t\t<\/div>\n\n\t\t\t\t<div class=\"meta meta-buttons d-flex flex-column flex-sm-row justify-content-center\">\n\t\t\t\t\t<a class=\"btn btn-negative show-inquiry-form\" href=\"https:\/\/dev.skrivanek.com\/it\/richiesta\/\" title=\"Invio di una richiesta\">Invio di una richiesta<\/a>\n\t\t\t\t\t\t<\/div>\n\t\t\n\t<\/div>\n\n\t\t\n\t<div class=\"wpa9-card-l-panel wpa9-panel shadow rounded d-flex flex-column justify-content-between\">\n\n\t\t<div>\n\t\t\t\t\t\t\t<span class=\"wpa9-panel-icon icon\" style=\"display: none; background-image: url('https:\/\/dev.skrivanek.com\/wp-content\/uploads\/2021\/01\/ico-obecnypreklad.svg')\"><\/span>\n\t\t\t<span class=\"wpa9-panel-icon icon\" style=\"mask-image: url(https:\/\/dev.skrivanek.com\/wp-content\/uploads\/2021\/01\/ico-obecnypreklad.svg); -webkit-mask-image: url(https:\/\/dev.skrivanek.com\/wp-content\/uploads\/2021\/01\/ico-obecnypreklad.svg);\"><\/span>\n\t\t\n\t\t\t\t\t\t\t\t<h2 class=\"wpa9-panel-title\">Opzioni di NMT<\/h2>\n\t\t\n\t\t\t\t\t\t\t<div class=\"wpa9-panel-content\"><p>Il post-editing \u00e8 il processo di controllo e modifica del testo tradotto automaticamente dalla NMT. Questo processo di editing \u00e8 eseguito da un traduttore che, oltre alle proprie competenze linguistiche, conosce perfettamente la materia in questione.<\/p>\n<ul>\n<li><strong>Raw NMT (NMT senza post-editing)<\/strong><br \/>\nPer una quantit\u00e0 di testo da media a grande che deve essere generalmente comprensibile.<\/li>\n<li><strong>Light NMT (NMT con post-editing di base)<\/strong><br \/>\nQuando \u00e8 necessario testo pi\u00f9 comprensibile ma lo stile \u00e8 secondario.<\/li>\n<li><strong>Full NMT (NMT con post-editing completo)<\/strong><br \/>\nServizio di traduzione automatica che include attenzione alla formattazione, semantica e terminologia.<\/li>\n<\/ul>\n<\/div>\n\t\t\t\t<\/div>\n\n\t\t\t\t<div class=\"meta meta-buttons d-flex flex-column flex-sm-row justify-content-center\">\n\t\t\t\t\t<a class=\"btn btn-negative \" href=\"\/it\/contact\/\" title=\"Contattateci\">Contattateci<\/a>\n\t\t\t\t\t\t<\/div>\n\t\t\n\t<\/div>\n\n\t\t\n\t\n<\/div>\n<\/div><\/div><\/div><\/div><\/div><div id=\"pg-7734-2\"  class=\"panel-grid panel-no-style\" ><div id=\"pgc-7734-2-0\"  class=\"panel-grid-cell\" ><div id=\"panel-7734-2-0-0\" class=\"so-panel widget widget_wpa9-card-s panel-first-child panel-last-child\" data-index=\"2\" ><div\n\t\t\t\n\t\t\tclass=\"so-widget-wpa9-card-s so-widget-wpa9-card-s-default-c93e1481a745-7734\"\n\t\t\t\n\t\t><div class=\"wpa9-card wpa9-card-s narrow positive\">\n\n\t<div class=\"wpa9-card-wrapper container\">\n\n\t\t<div class=\"wpa9-card-text\">\n\t\t\t<h2 class=\"wpa9-card-title\">Avete bisogno di una traduzione automatica? <\/h2>\n\t\t\t<div class=\"wpa9-card-content\"><p style=\"text-align: center\">Qualunque siano le vostre esigenze di traduzione, contattateci per un preventivo.<\/p>\n<\/div>\t\t<\/div>\n\n\t\t\t\t<div class=\"meta meta-buttons d-flex flex-row justify-content-center\">\n\t\t\t\t\t\t\t<a class=\"btn btn-negative show-inquiry-form\" href=\"https:\/\/dev.skrivanek.com\/it\/richiesta\/\" title=\"Invio di una richiesta\">Invio di una richiesta<\/a>\n\t\t\t\t<\/div>\n\t\t\n\t<\/div>\n\n<\/div>\n<\/div><\/div><\/div><\/div><\/div>","protected":false},"excerpt":{"rendered":"<p>Google Translate ha dimostrato a numerose persone il vantaggio generale della traduzione automatica (Machine translation, MT): facile accesso a una traduzione rapida, con comunicazione multilingue a portata di mano delle persone comuni. Tuttavia Google Translate genera anche esempi delle limitazioni della MT, producendo testi talvolta da imprecisi a completamente incomprensibili. La traduzione automatica ideale oltre [&hellip;]<\/p>\n","protected":false},"author":10,"featured_media":0,"parent":7772,"menu_order":0,"comment_status":"closed","ping_status":"open","template":"","meta":{"_acf_changed":false,"content-type":"","footnotes":""},"class_list":["post-7734","page","type-page","status-publish","hentry"],"acf":[],"aioseo_notices":[],"_links":{"self":[{"href":"https:\/\/dev.skrivanek.com\/it\/wp-json\/wp\/v2\/pages\/7734","targetHints":{"allow":["GET"]}}],"collection":[{"href":"https:\/\/dev.skrivanek.com\/it\/wp-json\/wp\/v2\/pages"}],"about":[{"href":"https:\/\/dev.skrivanek.com\/it\/wp-json\/wp\/v2\/types\/page"}],"author":[{"embeddable":true,"href":"https:\/\/dev.skrivanek.com\/it\/wp-json\/wp\/v2\/users\/10"}],"replies":[{"embeddable":true,"href":"https:\/\/dev.skrivanek.com\/it\/wp-json\/wp\/v2\/comments?post=7734"}],"version-history":[{"count":3,"href":"https:\/\/dev.skrivanek.com\/it\/wp-json\/wp\/v2\/pages\/7734\/revisions"}],"predecessor-version":[{"id":82877,"href":"https:\/\/dev.skrivanek.com\/it\/wp-json\/wp\/v2\/pages\/7734\/revisions\/82877"}],"up":[{"embeddable":true,"href":"https:\/\/dev.skrivanek.com\/it\/wp-json\/wp\/v2\/pages\/7772"}],"wp:attachment":[{"href":"https:\/\/dev.skrivanek.com\/it\/wp-json\/wp\/v2\/media?parent=7734"}],"curies":[{"name":"wp","href":"https:\/\/api.w.org\/{rel}","templated":true}]}}