{"id":7756,"date":"2021-07-28T15:17:40","date_gmt":"2021-07-28T13:17:40","guid":{"rendered":"https:\/\/skrivanek.com\/interpretazione-in-aule-di-tribunali\/"},"modified":"2022-08-25T11:21:44","modified_gmt":"2022-08-25T09:21:44","slug":"interpretazione-in-aule-di-tribunali","status":"publish","type":"page","link":"https:\/\/dev.skrivanek.com\/it\/interpretazione\/interpretazione-in-aule-di-tribunali\/","title":{"rendered":"Interpretazione in aule di tribunali"},"content":{"rendered":"<div id=\"pl-7756\"  class=\"panel-layout\" ><div id=\"pg-7756-0\"  class=\"panel-grid panel-has-style\" ><div class=\"siteorigin-panels-stretch panel-row-style panel-row-style-for-7756-0\" data-stretch-type=\"full\" ><div id=\"pgc-7756-0-0\"  class=\"panel-grid-cell\" ><div id=\"panel-7756-0-0-0\" class=\"so-panel widget widget_wpa9-card-l panel-first-child panel-last-child\" data-index=\"0\" ><div\n\t\t\t\n\t\t\tclass=\"so-widget-wpa9-card-l so-widget-wpa9-card-l-default-c93e1481a745-7756\"\n\t\t\t\n\t\t>\n\n<div class=\"wpa9-card wpa9-card-l-container d-flex flex-wrap wpa9-columns-2\">\n\n\t\n\t\t\n\t<div class=\"wpa9-card-l-panel wpa9-panel shadow rounded d-flex flex-column justify-content-between\">\n\n\t\t<div>\n\t\t\t\t\t\t\t<span class=\"wpa9-panel-icon icon\" style=\"display: none; background-image: url('https:\/\/dev.skrivanek.com\/wp-content\/uploads\/2021\/03\/ico-tlumoceni-soudni.svg')\"><\/span>\n\t\t\t<span class=\"wpa9-panel-icon icon\" style=\"mask-image: url(https:\/\/dev.skrivanek.com\/wp-content\/uploads\/2021\/03\/ico-tlumoceni-soudni.svg); -webkit-mask-image: url(https:\/\/dev.skrivanek.com\/wp-content\/uploads\/2021\/03\/ico-tlumoceni-soudni.svg);\"><\/span>\n\t\t\n\t\t\t\t\t\t\t\t<h2 class=\"wpa9-panel-title\">Interpretazione nei tribunali<\/h2>\n\t\t\n\t\t\t\t\t\t\t<div class=\"wpa9-panel-content\"><p>Interpretiamo in modo accurato, indipendente e imparziale discorsi di udienze e altri eventi. I nostri interpreti sono stati designati dai tribunali cechi per fornire servizi di interpretazione in conformit\u00e0 con l\u2019Act No. 37\/1967 Coll., su esperti e interpreti.<\/p>\n<ul>\n<li>Interpreti professionali e con una lunga esperienza in una combinazione di 80 lingue<\/li>\n<li>Immediata e senza ritardi<\/li>\n<li>Interpretazione accurata in una lingua e in specifiche aree di competenza<\/li>\n<\/ul>\n<\/div>\n\t\t\t\t<\/div>\n\n\t\t\t\t<div class=\"meta meta-buttons d-flex flex-column flex-sm-row justify-content-center\">\n\t\t\t\t\t<a class=\"btn btn-negative show-inquiry-form\" href=\"https:\/\/dev.skrivanek.com\/it\/richiesta\/\" title=\"Invio di una richiesta\">Invio di una richiesta<\/a>\n\t\t\t\t\t\t<\/div>\n\t\t\n\t<\/div>\n\n\t\t\n\t<div class=\"wpa9-card-l-panel wpa9-panel shadow rounded d-flex flex-column justify-content-between\">\n\n\t\t<div>\n\t\t\t\t\t\t\t<span class=\"wpa9-panel-icon icon\" style=\"display: none; background-image: url('https:\/\/dev.skrivanek.com\/wp-content\/uploads\/2021\/01\/ico-obecnypreklad.svg')\"><\/span>\n\t\t\t<span class=\"wpa9-panel-icon icon\" style=\"mask-image: url(https:\/\/dev.skrivanek.com\/wp-content\/uploads\/2021\/01\/ico-obecnypreklad.svg); -webkit-mask-image: url(https:\/\/dev.skrivanek.com\/wp-content\/uploads\/2021\/01\/ico-obecnypreklad.svg);\"><\/span>\n\t\t\n\t\t\t\t\t\t\t\t<h2 class=\"wpa9-panel-title\">Tipi di interpretazione per i tribunali<\/h2>\n\t\t\n\t\t\t\t\t\t\t<div class=\"wpa9-panel-content\"><ul>\n<li>Interpretazione per udienze<\/li>\n<li>Interpretazione in matrimoni<\/li>\n<li>Interpretazione per eventi documentati ufficialmente<\/li>\n<li>Interpretazione di sedute in studi notarili<\/li>\n<\/ul>\n<\/div>\n\t\t\t\t<\/div>\n\n\t\t\t\t<div class=\"meta meta-buttons d-flex flex-column flex-sm-row justify-content-center\">\n\t\t\t\t\t<a class=\"btn btn-negative \" href=\"\/it\/contact\/\" title=\"Contattateci\">Contattateci<\/a>\n\t\t\t\t\t\t<\/div>\n\t\t\n\t<\/div>\n\n\t\t\n\t\n<\/div>\n<\/div><\/div><\/div><\/div><\/div><div id=\"pg-7756-1\"  class=\"panel-grid panel-has-style\" ><div class=\"siteorigin-panels-stretch panel-row-style panel-row-style-for-7756-1\" data-stretch-type=\"full-stretched-padded\" ><div id=\"pgc-7756-1-0\"  class=\"panel-grid-cell\" ><div id=\"panel-7756-1-0-0\" class=\"so-panel widget widget_skrv-testimonials panel-first-child panel-last-child\" data-index=\"1\" ><div\n\t\t\t\n\t\t\tclass=\"so-widget-skrv-testimonials so-widget-skrv-testimonials-default-c93e1481a745-7756\"\n\t\t\t\n\t\t>\n\n<div class=\"skrv-testimonials\">\n\n    \n  <h3 class=\"widget-title\"><span class=\"title-wrapper\"><span class=\"title_bg_character\" style=\"color:#f7f7f7\">\u201d<\/span><span class=\"title\">Affidabilit\u00e0, rapidit\u00e0 e qualit\u00e0 dei servizi<\/span><\/span><\/h3>\n  <div id=\"skrv-testimonial\" class=\"carousel slide\" data-bs-interval=\"4000\" data-bs-ride=\"carousel\" data-bs-touch=\"true\">\n    <div class=\"carousel-inner\">\n                <div class=\"skrv-testimonial-item carousel-item active\">\n        <div class=\"d-block\">\n                    <blockquote class=\"skrv-testimonial-text\">\"Siamo estremamente soddisfatti del livello dei servizi forniti da Skrivanek e siamo lieti di consigliare ad altri i servizi dell\u2019azienda\".<\/blockquote>\n          <h6 class=\"skrv-testimonial-client\">City of T\u00e1bor<\/h6>\n        <\/div>\n      <\/div>\n        <\/div>\n\n    <a class=\"carousel-control-prev\" href=\"#0\" data-bs-target=\"#skrv-testimonial\" role=\"button\" data-bs-slide=\"prev\">\n      <span class=\"carousel-control-prev-icon\" aria-hidden=\"true\"><\/span>\n      <span class=\"sr-only\">Previous<\/span>\n    <\/a>\n    <a class=\"carousel-control-next\" href=\"#0\" data-bs-target=\"#skrv-testimonial\" role=\"button\" data-bs-slide=\"next\">\n      <span class=\"carousel-control-next-icon\" aria-hidden=\"true\"><\/span>\n      <span class=\"sr-only\">Next<\/span>\n    <\/a>\n\n    <ol class=\"carousel-indicators hidden\">\n                <li data-bs-target=\"#skrv-testimonial\" data-bs-slide-to=\"0\" class=\"active\"><\/li>\n        <\/ol>\n  <\/div>\n\n<\/div>\n\n<\/div><\/div><\/div><\/div><\/div><div id=\"pg-7756-2\"  class=\"panel-grid panel-has-style\" ><div class=\"siteorigin-panels-stretch panel-row-style panel-row-style-for-7756-2\" data-stretch-type=\"full\" ><div id=\"pgc-7756-2-0\"  class=\"panel-grid-cell\" ><div id=\"panel-7756-2-0-0\" class=\"so-panel widget widget_wpa9-card-s panel-first-child panel-last-child\" data-index=\"2\" ><div\n\t\t\t\n\t\t\tclass=\"so-widget-wpa9-card-s so-widget-wpa9-card-s-default-c93e1481a745-7756\"\n\t\t\t\n\t\t><div class=\"wpa9-card wpa9-card-s narrow positive\">\n\n\t<div class=\"wpa9-card-wrapper container\">\n\n\t\t<div class=\"wpa9-card-text\">\n\t\t\t<h2 class=\"wpa9-card-title\">Avete bisogno di un interprete per tribunali?<\/h2>\n\t\t\t<div class=\"wpa9-card-content\"><p style=\"text-align: center\">Prepareremo un preventivo per voi.<\/p>\n<\/div>\t\t<\/div>\n\n\t\t\t\t<div class=\"meta meta-buttons d-flex flex-row justify-content-center\">\n\t\t\t\t\t\t\t<a class=\"btn btn-negative show-inquiry-form\" href=\"https:\/\/dev.skrivanek.com\/it\/richiesta\/\" title=\"Invio di una richiesta\">Invio di una richiesta<\/a>\n\t\t\t\t<\/div>\n\t\t\n\t<\/div>\n\n<\/div>\n<\/div><\/div><\/div><\/div><\/div><\/div>","protected":false},"excerpt":{"rendered":"<p>Interpretazione nei tribunali Interpretiamo in modo accurato, indipendente e imparziale discorsi di udienze e altri eventi. I nostri interpreti sono stati designati dai tribunali cechi per fornire servizi di interpretazione in conformit\u00e0 con l\u2019Act No. 37\/1967 Coll., su esperti e interpreti. Interpreti professionali e con una lunga esperienza in una combinazione di 80 lingue Immediata [&hellip;]<\/p>\n","protected":false},"author":10,"featured_media":0,"parent":7800,"menu_order":0,"comment_status":"closed","ping_status":"open","template":"","meta":{"_acf_changed":false,"content-type":"","footnotes":""},"class_list":["post-7756","page","type-page","status-publish","hentry"],"acf":[],"aioseo_notices":[],"_links":{"self":[{"href":"https:\/\/dev.skrivanek.com\/it\/wp-json\/wp\/v2\/pages\/7756","targetHints":{"allow":["GET"]}}],"collection":[{"href":"https:\/\/dev.skrivanek.com\/it\/wp-json\/wp\/v2\/pages"}],"about":[{"href":"https:\/\/dev.skrivanek.com\/it\/wp-json\/wp\/v2\/types\/page"}],"author":[{"embeddable":true,"href":"https:\/\/dev.skrivanek.com\/it\/wp-json\/wp\/v2\/users\/10"}],"replies":[{"embeddable":true,"href":"https:\/\/dev.skrivanek.com\/it\/wp-json\/wp\/v2\/comments?post=7756"}],"version-history":[{"count":3,"href":"https:\/\/dev.skrivanek.com\/it\/wp-json\/wp\/v2\/pages\/7756\/revisions"}],"predecessor-version":[{"id":32658,"href":"https:\/\/dev.skrivanek.com\/it\/wp-json\/wp\/v2\/pages\/7756\/revisions\/32658"}],"up":[{"embeddable":true,"href":"https:\/\/dev.skrivanek.com\/it\/wp-json\/wp\/v2\/pages\/7800"}],"wp:attachment":[{"href":"https:\/\/dev.skrivanek.com\/it\/wp-json\/wp\/v2\/media?parent=7756"}],"curies":[{"name":"wp","href":"https:\/\/api.w.org\/{rel}","templated":true}]}}