{"id":7766,"date":"2021-07-28T15:17:42","date_gmt":"2021-07-28T13:17:42","guid":{"rendered":"https:\/\/skrivanek.com\/localizzazione-dei-siti-web\/"},"modified":"2023-08-13T08:45:33","modified_gmt":"2023-08-13T06:45:33","slug":"localizzazione-dei-siti-web","status":"publish","type":"page","link":"https:\/\/dev.skrivanek.com\/it\/localizzazione\/localizzazione-dei-siti-web\/","title":{"rendered":"Localizzazione dei siti Web"},"content":{"rendered":"<div id=\"pl-7766\"  class=\"panel-layout\" ><div id=\"pg-7766-0\"  class=\"panel-grid panel-no-style\" ><div id=\"pgc-7766-0-0\"  class=\"panel-grid-cell\" ><div id=\"panel-7766-0-0-0\" class=\"so-panel widget widget_wpa9-editor-ext panel-first-child panel-last-child\" data-index=\"0\" ><div\n\t\t\t\n\t\t\tclass=\"so-widget-wpa9-editor-ext so-widget-wpa9-editor-ext-default-c93e1481a745-7766\"\n\t\t\t\n\t\t>\n<div class=\"siteorigin-widget-tinymce textwidget\">\n\t<div class=\"grey-box-section var-extramt\">\n<div class=\"section-wrapper var-wide\">\n<div class=\"grey-box-section__border\">\n<p><strong><span class=\"innerText\">I nostri clie<\/span><span class=\"innerText\">nt<\/span><span class=\"innerText\">i soddisfatti:<\/span><\/strong><\/p>\n<p><img loading=\"lazy\" decoding=\"async\" class=\"alignleft wp-image-5507\" src=\"https:\/\/skrivanek.com\/wp-content\/uploads\/2021\/03\/loc-ref.png\" alt=\"I nostri clienti soddisfatti\" width=\"925\" height=\"79\" \/><\/p>\n<\/div>\n<\/div>\n<\/div>\n<\/div>\n<\/div><\/div><\/div><\/div><div id=\"pg-7766-1\"  class=\"panel-grid panel-has-style\" ><div class=\"siteorigin-panels-stretch panel-row-style panel-row-style-for-7766-1\" data-stretch-type=\"full\" ><div id=\"pgc-7766-1-0\"  class=\"panel-grid-cell\" ><div id=\"panel-7766-1-0-0\" class=\"so-panel widget widget_wpa9-card-l panel-first-child panel-last-child\" data-index=\"1\" ><div\n\t\t\t\n\t\t\tclass=\"so-widget-wpa9-card-l so-widget-wpa9-card-l-default-c93e1481a745-7766\"\n\t\t\t\n\t\t>\n\n<div class=\"wpa9-card wpa9-card-l-container d-flex flex-wrap wpa9-columns-2\">\n\n\t\n\t\t\n\t<div class=\"wpa9-card-l-panel wpa9-panel shadow rounded d-flex flex-column justify-content-between\">\n\n\t\t<div>\n\t\t\t\t\t\t\t<span class=\"wpa9-panel-icon icon\" style=\"display: none; background-image: url('https:\/\/dev.skrivanek.com\/wp-content\/uploads\/2021\/03\/ico-online-vyuka.svg')\"><\/span>\n\t\t\t<span class=\"wpa9-panel-icon icon\" style=\"mask-image: url(https:\/\/dev.skrivanek.com\/wp-content\/uploads\/2021\/03\/ico-online-vyuka.svg); -webkit-mask-image: url(https:\/\/dev.skrivanek.com\/wp-content\/uploads\/2021\/03\/ico-online-vyuka.svg);\"><\/span>\n\t\t\n\t\t\t\t\t\t\t\t<h2 class=\"wpa9-panel-title\">Localizzazione dei siti Web<\/h2>\n\t\t\n\t\t\t\t\t\t\t<div class=\"wpa9-panel-content\"><p>Poich\u00e9 il successo di un sito Web pi\u00f9 dinamico \u00e8 assicurato solo implementando perfettamente la tecnologia e traendone il massimo vantaggio, offriamo i seguenti servizi:<\/p>\n<ul>\n<li>Consulenza per traduzione in ottica SEO e supporto per tutte le lingue, per ottimizzare la presenza su Internet<\/li>\n<li>Padronanza con tutti i formati in qualsiasi lingua: html, xml, Java, sistemi di gestione dei contenuti<\/li>\n<li>Aggiornamenti del sito Web tramite il vostro sistema di gestione dei contenuti<\/li>\n<li>Adattamenti software a formati, impaginazione multilingue (DTP), codici sorgente, ecc.<\/li>\n<\/ul>\n<\/div>\n\t\t\t\t<\/div>\n\n\t\t\t\t<div class=\"meta meta-buttons d-flex flex-column flex-sm-row justify-content-center\">\n\t\t\t\t\t<a class=\"btn btn-negative show-inquiry-form\" href=\"https:\/\/dev.skrivanek.com\/it\/richiesta\/\" title=\"Invio di una richiesta\">Invio di una richiesta<\/a>\n\t\t\t\t\t\t<\/div>\n\t\t\n\t<\/div>\n\n\t\t\n\t<div class=\"wpa9-card-l-panel wpa9-panel shadow rounded d-flex flex-column justify-content-between\">\n\n\t\t<div>\n\t\t\t\t\t\t\t<span class=\"wpa9-panel-icon icon\" style=\"display: none; background-image: url('https:\/\/dev.skrivanek.com\/wp-content\/uploads\/2021\/03\/ico-info.svg')\"><\/span>\n\t\t\t<span class=\"wpa9-panel-icon icon\" style=\"mask-image: url(https:\/\/dev.skrivanek.com\/wp-content\/uploads\/2021\/03\/ico-info.svg); -webkit-mask-image: url(https:\/\/dev.skrivanek.com\/wp-content\/uploads\/2021\/03\/ico-info.svg);\"><\/span>\n\t\t\n\t\t\t\t\t\t\t\t<h2 class=\"wpa9-panel-title\">Qual \u00e8 il processo?<\/h2>\n\t\t\n\t\t\t\t\t\t\t<div class=\"wpa9-panel-content\"><p>Iniziamo consultandoci con voi riguardo alle vostre esigenze e idee e possiamo gestire questo processo nella misura da voi desiderata. Ci metteremo in contatto con le agenzie tecniche e di marketing con cui gi\u00e0 collaborate oppure il team dedicato al marketing di Skrivanek pu\u00f2 sviluppare in modo indipendente un intero piano di globalizzazione del sito Web che rispecchi la vostra visione.<\/p>\n<\/div>\n\t\t\t\t<\/div>\n\n\t\t\t\t<div class=\"meta meta-buttons d-flex flex-column flex-sm-row justify-content-center\">\n\t\t\t\t\t<a class=\"btn btn-negative \" href=\"\/it\/contact\/\" title=\"Contattateci\">Contattateci<\/a>\n\t\t\t\t\t\t<\/div>\n\t\t\n\t<\/div>\n\n\t\t\n\t\n<\/div>\n<\/div><\/div><\/div><\/div><\/div><div id=\"pg-7766-2\"  class=\"panel-grid panel-no-style\" ><div id=\"pgc-7766-2-0\"  class=\"panel-grid-cell\" ><div id=\"panel-7766-2-0-0\" class=\"so-panel widget widget_wpa9-card-s panel-first-child panel-last-child\" data-index=\"2\" ><div\n\t\t\t\n\t\t\tclass=\"so-widget-wpa9-card-s so-widget-wpa9-card-s-default-c93e1481a745-7766\"\n\t\t\t\n\t\t><div class=\"wpa9-card wpa9-card-s narrow positive\">\n\n\t<div class=\"wpa9-card-wrapper container\">\n\n\t\t<div class=\"wpa9-card-text\">\n\t\t\t<h2 class=\"wpa9-card-title\">Avete bisogno di una localizzazione veloce e di alta qualit\u00e0 del sito Web?<\/h2>\n\t\t\t<div class=\"wpa9-card-content\"><p style=\"text-align: center\">Prepareremo un preventivo personalizzato per voi.<\/p>\n<\/div>\t\t<\/div>\n\n\t\t\t\t<div class=\"meta meta-buttons d-flex flex-row justify-content-center\">\n\t\t\t\t\t\t\t<a class=\"btn btn-negative show-inquiry-form\" href=\"https:\/\/dev.skrivanek.com\/it\/richiesta\/\" title=\"Invio di una richiesta\">Invio di una richiesta<\/a>\n\t\t\t\t<\/div>\n\t\t\n\t<\/div>\n\n<\/div>\n<\/div><\/div><\/div><\/div><\/div>","protected":false},"excerpt":{"rendered":"<p>I nostri clienti soddisfatti: Localizzazione dei siti Web Poich\u00e9 il successo di un sito Web pi\u00f9 dinamico \u00e8 assicurato solo implementando perfettamente la tecnologia e traendone il massimo vantaggio, offriamo i seguenti servizi: Consulenza per traduzione in ottica SEO e supporto per tutte le lingue, per ottimizzare la presenza su Internet Padronanza con tutti i [&hellip;]<\/p>\n","protected":false},"author":10,"featured_media":0,"parent":7770,"menu_order":0,"comment_status":"closed","ping_status":"open","template":"","meta":{"_acf_changed":false,"content-type":"","footnotes":""},"class_list":["post-7766","page","type-page","status-publish","hentry"],"acf":[],"aioseo_notices":[],"_links":{"self":[{"href":"https:\/\/dev.skrivanek.com\/it\/wp-json\/wp\/v2\/pages\/7766","targetHints":{"allow":["GET"]}}],"collection":[{"href":"https:\/\/dev.skrivanek.com\/it\/wp-json\/wp\/v2\/pages"}],"about":[{"href":"https:\/\/dev.skrivanek.com\/it\/wp-json\/wp\/v2\/types\/page"}],"author":[{"embeddable":true,"href":"https:\/\/dev.skrivanek.com\/it\/wp-json\/wp\/v2\/users\/10"}],"replies":[{"embeddable":true,"href":"https:\/\/dev.skrivanek.com\/it\/wp-json\/wp\/v2\/comments?post=7766"}],"version-history":[{"count":3,"href":"https:\/\/dev.skrivanek.com\/it\/wp-json\/wp\/v2\/pages\/7766\/revisions"}],"predecessor-version":[{"id":81056,"href":"https:\/\/dev.skrivanek.com\/it\/wp-json\/wp\/v2\/pages\/7766\/revisions\/81056"}],"up":[{"embeddable":true,"href":"https:\/\/dev.skrivanek.com\/it\/wp-json\/wp\/v2\/pages\/7770"}],"wp:attachment":[{"href":"https:\/\/dev.skrivanek.com\/it\/wp-json\/wp\/v2\/media?parent=7766"}],"curies":[{"name":"wp","href":"https:\/\/api.w.org\/{rel}","templated":true}]}}