{"id":7774,"date":"2021-07-28T15:17:43","date_gmt":"2021-07-28T13:17:43","guid":{"rendered":"https:\/\/skrivanek.com\/traduzioni-generali\/"},"modified":"2022-02-03T09:50:24","modified_gmt":"2022-02-03T08:50:24","slug":"traduzioni-generali","status":"publish","type":"page","link":"https:\/\/dev.skrivanek.com\/it\/traduzioni\/traduzioni-generali\/","title":{"rendered":"Traduzioni generali"},"content":{"rendered":"<div id=\"pl-7774\"  class=\"panel-layout\" ><div id=\"pg-7774-0\"  class=\"panel-grid panel-has-style\" ><div class=\"siteorigin-panels-stretch panel-row-style panel-row-style-for-7774-0\" data-stretch-type=\"full\" ><div id=\"pgc-7774-0-0\"  class=\"panel-grid-cell\" ><div id=\"panel-7774-0-0-0\" class=\"so-panel widget widget_wpa9-card-l panel-first-child panel-last-child\" data-index=\"0\" ><div\n\t\t\t\n\t\t\tclass=\"so-widget-wpa9-card-l so-widget-wpa9-card-l-default-c93e1481a745-7774\"\n\t\t\t\n\t\t>\n\n<div class=\"wpa9-card wpa9-card-l-container d-flex flex-wrap wpa9-columns-2\">\n\n\t\n\t\t\n\t<div class=\"wpa9-card-l-panel wpa9-panel shadow rounded d-flex flex-column justify-content-between\">\n\n\t\t<div>\n\t\t\t\t\t\t\t<span class=\"wpa9-panel-icon icon\" style=\"display: none; background-image: url('https:\/\/dev.skrivanek.com\/wp-content\/uploads\/2021\/03\/ico-tlumoceni-online.svg')\"><\/span>\n\t\t\t<span class=\"wpa9-panel-icon icon\" style=\"mask-image: url(https:\/\/dev.skrivanek.com\/wp-content\/uploads\/2021\/03\/ico-tlumoceni-online.svg); -webkit-mask-image: url(https:\/\/dev.skrivanek.com\/wp-content\/uploads\/2021\/03\/ico-tlumoceni-online.svg);\"><\/span>\n\t\t\n\t\t\t\t\t\t\t\t<h2 class=\"wpa9-panel-title\">Traduzioni generali<\/h2>\n\t\t\n\t\t\t\t\t\t\t<div class=\"wpa9-panel-content\"><p>Possiamo tradurre qualsiasi documento personale o interno, materiale stampato o grafica di carattere generale: Per tali testi, addebitiamo una tariffa a parola. Siamo in grado di calcolare rapidamente quanto coster\u00e0 la traduzione. Atri vantaggi della fatturazione a parola sono:<\/p>\n<ul>\n<li>Calcolo rapido e semplice dell\u2019ambito di ogni attivit\u00e0, senza necessit\u00e0 di formule complesse.<\/li>\n<li>Trasparenza di prezzo per un confronto. (Per le pagine standard non esiste alcuna definizione comune e questa situazione pu\u00f2 falsare significativamente i prezzi per pagina standard.)<\/li>\n<li>Per i formati modificabili, il prezzo \u00e8 garantito al 100% prima che vengano ordinati i servizi.<\/li>\n<li>Totale accuratezza dell\u2019ambito di traduzione; durante il calcolo non \u00e8 necessario effettuare arrotondamenti e il cliente non pagher\u00e0 per eventuali parole extra.<\/li>\n<\/ul>\n<\/div>\n\t\t\t\t<\/div>\n\n\t\t\t\t<div class=\"meta meta-buttons d-flex flex-column flex-sm-row justify-content-center\">\n\t\t\t\t\t<a class=\"btn btn-negative show-inquiry-form\" href=\"https:\/\/dev.skrivanek.com\/it\/richiesta\/\" title=\"Invio di una richiesta\">Invio di una richiesta<\/a>\n\t\t\t\t\t\t<\/div>\n\t\t\n\t<\/div>\n\n\t\t\n\t<div class=\"wpa9-card-l-panel wpa9-panel shadow rounded d-flex flex-column justify-content-between\">\n\n\t\t<div>\n\t\t\t\t\t\t\t<span class=\"wpa9-panel-icon icon\" style=\"display: none; background-image: url('https:\/\/dev.skrivanek.com\/wp-content\/uploads\/2021\/01\/ico-obecnypreklad.svg')\"><\/span>\n\t\t\t<span class=\"wpa9-panel-icon icon\" style=\"mask-image: url(https:\/\/dev.skrivanek.com\/wp-content\/uploads\/2021\/01\/ico-obecnypreklad.svg); -webkit-mask-image: url(https:\/\/dev.skrivanek.com\/wp-content\/uploads\/2021\/01\/ico-obecnypreklad.svg);\"><\/span>\n\t\t\n\t\t\t\t\t\t\t\t<h2 class=\"wpa9-panel-title\">Tempi di completamento della traduzione<\/h2>\n\t\t\n\t\t\t\t\t\t\t<div class=\"wpa9-panel-content\"><div class=\"boards-section\">\n<div class=\"section-wrapper\">\n<div class=\"boards-section__box-wrapper\">\n<div class=\"boards-section__box\">\n<div class=\"box-content\">\n<p>Siamo in grado di completare<strong>\u00a0traduzioni urgenti<\/strong>in poche ore o pochi giorni grazie alla nostra esperienza di lunga data e a database di fornitori su scala nazionale.<\/p>\n<\/div>\n<div class=\"box-proscons\"><\/div>\n<\/div>\n<\/div>\n<\/div>\n<\/div>\n<\/div>\n\t\t\t\t<\/div>\n\n\t\t\t\t<div class=\"meta meta-buttons d-flex flex-column flex-sm-row justify-content-center\">\n\t\t\t\t\t<a class=\"btn btn-negative \" href=\"\/it\/contact\/\" title=\"Contattateci\">Contattateci<\/a>\n\t\t\t\t\t\t<\/div>\n\t\t\n\t<\/div>\n\n\t\t\n\t\n<\/div>\n<\/div><\/div><\/div><\/div><\/div><div id=\"pg-7774-1\"  class=\"panel-grid panel-has-style\" ><div class=\"siteorigin-panels-stretch panel-row-style panel-row-style-for-7774-1\" data-stretch-type=\"full-stretched-padded\" ><div id=\"pgc-7774-1-0\"  class=\"panel-grid-cell\" ><div id=\"panel-7774-1-0-0\" class=\"so-panel widget widget_skrv-testimonials panel-first-child panel-last-child\" data-index=\"1\" ><div\n\t\t\t\n\t\t\tclass=\"so-widget-skrv-testimonials so-widget-skrv-testimonials-default-c93e1481a745-7774\"\n\t\t\t\n\t\t>\n\n<div class=\"skrv-testimonials\">\n\n    \n  <h3 class=\"widget-title\"><span class=\"title-wrapper\"><span class=\"title_bg_character\" style=\"color:#f7f7f7\">\u201d<\/span><span class=\"title\">Testimonial<\/span><\/span><\/h3>\n  <div id=\"skrv-testimonial\" class=\"carousel slide\" data-bs-interval=\"4000\" data-bs-ride=\"carousel\" data-bs-touch=\"true\">\n    <div class=\"carousel-inner\">\n                <div class=\"skrv-testimonial-item carousel-item active\">\n        <div class=\"d-block\">\n                    <blockquote class=\"skrv-testimonial-text\">\"Cooperiamo con l\u2019agenzia di traduzioni Skrivanek dal 2007, principalmente su traduzioni nei campi dell\u2019economia, della finanza e del marketing. Nel 2015 l\u2019agenzia ha fornito traduzioni professionali del prestigioso annuario economico \"Svet 2015\". Siamo estremamente soddisfatti dei servizi offerti e apprezziamo principalmente che tutti i servizi siano forniti secondo elevati standard di qualit\u00e0, correttamente e nei tempi previsti\".<\/blockquote>\n          <h6 class=\"skrv-testimonial-client\">Economia, a.s.<\/h6>\n        <\/div>\n      <\/div>\n                <div class=\"skrv-testimonial-item carousel-item\">\n        <div class=\"d-block\">\n                    <blockquote class=\"skrv-testimonial-text\">\"Collaboriamo con Skrivanek gi\u00e0 da 5 anni e siamo estremamente soddisfatti dei risultati del lavoro. La nostra collaborazione spesso implica testi impegnativi, ma anche in questo caso la terminologia e lo stile risultanti sono di alto livello\".<\/blockquote>\n          <h6 class=\"skrv-testimonial-client\">Fu\u010d\u00edk &amp; partne\u0159i, s. r. o. <\/h6>\n        <\/div>\n      <\/div>\n                <div class=\"skrv-testimonial-item carousel-item\">\n        <div class=\"d-block\">\n                    <blockquote class=\"skrv-testimonial-text\">\"Skrivanek s.r.o. \u00e8 diventata il nostro partner permanente ed esclusivo per i servizi di traduzione. Collaboriamo con questa agenzia dal 2012\".<\/blockquote>\n          <h6 class=\"skrv-testimonial-client\">AXIS communications <\/h6>\n        <\/div>\n      <\/div>\n                <div class=\"skrv-testimonial-item carousel-item\">\n        <div class=\"d-block\">\n                    <blockquote class=\"skrv-testimonial-text\">\"Collaboriamo con Skrivanek s.r.o. dal 2011. Apprezziamo soprattutto il completamento rapido degli ordini e l\u2019elevata qualit\u00e0 dei testi nella lingua di destinazione\".<\/blockquote>\n          <h6 class=\"skrv-testimonial-client\">KOMA MODULAR s. r. o. <\/h6>\n        <\/div>\n      <\/div>\n        <\/div>\n\n    <a class=\"carousel-control-prev\" href=\"#0\" data-bs-target=\"#skrv-testimonial\" role=\"button\" data-bs-slide=\"prev\">\n      <span class=\"carousel-control-prev-icon\" aria-hidden=\"true\"><\/span>\n      <span class=\"sr-only\">Previous<\/span>\n    <\/a>\n    <a class=\"carousel-control-next\" href=\"#0\" data-bs-target=\"#skrv-testimonial\" role=\"button\" data-bs-slide=\"next\">\n      <span class=\"carousel-control-next-icon\" aria-hidden=\"true\"><\/span>\n      <span class=\"sr-only\">Next<\/span>\n    <\/a>\n\n    <ol class=\"carousel-indicators hidden\">\n                <li data-bs-target=\"#skrv-testimonial\" data-bs-slide-to=\"0\" class=\"active\"><\/li>\n                <li data-bs-target=\"#skrv-testimonial\" data-bs-slide-to=\"1\" class=\"\"><\/li>\n                <li data-bs-target=\"#skrv-testimonial\" data-bs-slide-to=\"2\" class=\"\"><\/li>\n                <li data-bs-target=\"#skrv-testimonial\" data-bs-slide-to=\"3\" class=\"\"><\/li>\n        <\/ol>\n  <\/div>\n\n<\/div>\n\n<\/div><\/div><\/div><\/div><\/div><div id=\"pg-7774-2\"  class=\"panel-grid panel-has-style\" ><div class=\"siteorigin-panels-stretch panel-row-style panel-row-style-for-7774-2\" data-stretch-type=\"full\" ><div id=\"pgc-7774-2-0\"  class=\"panel-grid-cell\" ><div id=\"panel-7774-2-0-0\" class=\"so-panel widget widget_wpa9-card-s panel-first-child panel-last-child\" data-index=\"2\" ><div\n\t\t\t\n\t\t\tclass=\"so-widget-wpa9-card-s so-widget-wpa9-card-s-default-c93e1481a745-7774\"\n\t\t\t\n\t\t><div class=\"wpa9-card wpa9-card-s narrow positive\">\n\n\t<div class=\"wpa9-card-wrapper container\">\n\n\t\t<div class=\"wpa9-card-text\">\n\t\t\t<h2 class=\"wpa9-card-title\">Avete bisogno di una traduzione specializzata? <\/h2>\n\t\t\t<div class=\"wpa9-card-content\"><p style=\"text-align: center\">Qualunque siano le vostre esigenze di traduzione, contattateci per un preventivo.<\/p>\n<\/div>\t\t<\/div>\n\n\t\t\t\t<div class=\"meta meta-buttons d-flex flex-row justify-content-center\">\n\t\t\t\t\t\t\t<a class=\"btn btn-negative show-inquiry-form\" href=\"https:\/\/dev.skrivanek.com\/it\/richiesta\/\" title=\"Invio di una richiesta\">Invio di una richiesta<\/a>\n\t\t\t\t<\/div>\n\t\t\n\t<\/div>\n\n<\/div>\n<\/div><\/div><\/div><\/div><\/div><\/div>","protected":false},"excerpt":{"rendered":"<p>Traduzioni generali Possiamo tradurre qualsiasi documento personale o interno, materiale stampato o grafica di carattere generale: Per tali testi, addebitiamo una tariffa a parola. Siamo in grado di calcolare rapidamente quanto coster\u00e0 la traduzione. Atri vantaggi della fatturazione a parola sono: Calcolo rapido e semplice dell\u2019ambito di ogni attivit\u00e0, senza necessit\u00e0 di formule complesse. Trasparenza [&hellip;]<\/p>\n","protected":false},"author":10,"featured_media":0,"parent":7804,"menu_order":0,"comment_status":"closed","ping_status":"open","template":"","meta":{"_acf_changed":false,"content-type":"","footnotes":""},"class_list":["post-7774","page","type-page","status-publish","hentry"],"acf":[],"aioseo_notices":[],"_links":{"self":[{"href":"https:\/\/dev.skrivanek.com\/it\/wp-json\/wp\/v2\/pages\/7774","targetHints":{"allow":["GET"]}}],"collection":[{"href":"https:\/\/dev.skrivanek.com\/it\/wp-json\/wp\/v2\/pages"}],"about":[{"href":"https:\/\/dev.skrivanek.com\/it\/wp-json\/wp\/v2\/types\/page"}],"author":[{"embeddable":true,"href":"https:\/\/dev.skrivanek.com\/it\/wp-json\/wp\/v2\/users\/10"}],"replies":[{"embeddable":true,"href":"https:\/\/dev.skrivanek.com\/it\/wp-json\/wp\/v2\/comments?post=7774"}],"version-history":[{"count":0,"href":"https:\/\/dev.skrivanek.com\/it\/wp-json\/wp\/v2\/pages\/7774\/revisions"}],"up":[{"embeddable":true,"href":"https:\/\/dev.skrivanek.com\/it\/wp-json\/wp\/v2\/pages\/7804"}],"wp:attachment":[{"href":"https:\/\/dev.skrivanek.com\/it\/wp-json\/wp\/v2\/media?parent=7774"}],"curies":[{"name":"wp","href":"https:\/\/api.w.org\/{rel}","templated":true}]}}