{"id":7786,"date":"2021-07-28T15:17:45","date_gmt":"2021-07-28T13:17:45","guid":{"rendered":"https:\/\/skrivanek.com\/dichiarazione-sulluso-dei-cookie\/"},"modified":"2021-07-28T15:17:45","modified_gmt":"2021-07-28T13:17:45","slug":"dichiarazione-sulluso-dei-cookie","status":"publish","type":"page","link":"https:\/\/dev.skrivanek.com\/it\/dichiarazione-sulluso-dei-cookie\/","title":{"rendered":"Dichiarazione sull&#8217;uso dei cookie"},"content":{"rendered":"<div id=\"pl-7786\"  class=\"panel-layout\" ><div id=\"pg-7786-0\"  class=\"panel-grid panel-no-style\" ><div id=\"pgc-7786-0-0\"  class=\"panel-grid-cell\" ><div id=\"panel-7786-0-0-0\" class=\"so-panel widget widget_wpa9-editor-ext panel-first-child panel-last-child\" data-index=\"0\" ><div\n\t\t\t\n\t\t\tclass=\"so-widget-wpa9-editor-ext so-widget-wpa9-editor-ext-default-c93e1481a745-7786\"\n\t\t\t\n\t\t>\n<div class=\"siteorigin-widget-tinymce textwidget\">\n\t<div class=\"box-header\">\n<h2 class=\"decorated-heading\"><span class=\"innerText\">Che cosa sono i cookie?<\/span><\/h2>\n<\/div>\n<div class=\"box-content\">\n<p>Sono piccoli file di dati essenziali per determinate funzioni dei siti web, come l'accesso. I cookie consentono ai siti Web di ricordare le varie impostazioni, ad esempio lingua, caratteri e altre opzioni, scelte dall'utente per la visualizzazione delle pagine Web. Per questo motivo memorizziamo cookie sul computer. La stessa operazione viene effettuata dalla maggior parte dei grandi siti Web e provider.<\/p>\n<h3>Per quale scopo utilizziamo i cookie su questo sito Web?<\/h3>\n<p>A seconda della loro durata, i cookie possono essere divisi in due tipi di base<\/p>\n<ul>\n<li>A breve termine (cookie di sessione) rimangono sul computer fino alla chiusura del browser Web, poi vengono eliminati. .<\/li>\n<li>A lungo termine (cookie persistenti) rimangono archiviati nel browser a lungo (a seconda del browser e delle impostazioni dei cookie) o finch\u00e9 non vengono eliminati manualmente.<\/li>\n<\/ul>\n<p>Usiamo i seguenti tipi di cookie sul nostro sito web:<\/p>\n<ul>\n<li>I cookie tecnici (a breve termine) sono essenziali per garantire il funzionamento di base dei siti Web, come aggiungere prodotti a un carrello, elaborare un acquisto e visualizzare la versione di un sito Web che richiede JavaScript o meno.<\/li>\n<li>I cookie YouTube (a breve e lungo termine) sono usati dal video player YouTube. I cookie sono salvati sul computer al momento del lancio del\u00a0player.<\/li>\n<li>I cookie Google Analytics (a lungo-termine) consentono di adattare meglio i siti Web e li usiamo per misurare dati anonimi sul comportamento degli utenti di strumenti di Google Analytics <\/li>\n<li>I cookie AdWords (a lungo termine) sono generati dal sistema pubblicitario. Questi cookie permettono di valutare l'efficacia dei canali di vendita.<\/li>\n<li>I cookie Sklik (a lungo termine) sono generati dal sistema pubblicitario. Questi cookie rendono possibile valutare l'efficacia dei canali di vendita.<\/li>\n<li>I cookie Facebook (a breve e lungo termine) sono usati dal widget di Facebook e archiviati sulle pagine Web di Facebook.<\/li>\n<li>I cookie Twitter (a lungo termine) sono usati dal widget di Twitter e archiviati sulle pagine Web di Twitter.<\/li>\n<li>I cookie MailChimp (a breve e lungo termine) sono generati dall'applicazione Mailchimp. Questi cookie ci consentono di valutare l'efficacia del canale pubblicitario.<\/li>\n<li>I cookie Albacross (a lungo termine) nQ_cookieId e nQ_visitId sono validi per 1 anno e ci aiutano a identificare le aziende per una migliore generazione dei lead e un targeting degli annunci pi\u00f9 efficace.<\/li>\n<\/ul>\n<p>Non usiamo mai i cookie per identificare l'utente personalmente e non vi inseriamo mai dati sensibili o personali.<\/p>\n<h3>Come pu\u00f2 essere modificato l'uso dei cookie<\/h3>\n<p>\u00c8 possibile eliminare qualsiasi cookie gi\u00e0 presente sul computer. La maggior parte dei browser offre anche l'opzione di bloccare l'inserimento di cookie sul computer, ma in tal caso l'utente non sar\u00e0 in grado di utilizzare tutti i nostri servizi online. Maggiori informazioni dettagliate sulle impostazioni dei cookie nel browser sono disponibili sul sito Web del provider del browser. Usare i seguenti collegamenti per i browser pi\u00f9 comuni:<\/p>\n<ul>\n<li><a href=\"https:\/\/support.google.com\/accounts\/answer\/61416?hl=en\">Chrome<\/a><\/li>\n<li><a href=\"https:\/\/support.mozilla.org\/en-US\/kb\/cookies-information-websites-store-on-your-computer\">Firefox<\/a><\/li>\n<li><a href=\"https:\/\/support.microsoft.com\/en-us\/help\/17442\/windows-internet-explorer-delete-manage-cookies\">Internet\u00a0Explorer<\/a><\/li>\n<li><a href=\"https:\/\/www.opera.com\/help\/tutorials\/security\/privacy\/\">Opera<\/a><\/li>\n<li><a href=\"https:\/\/support.google.com\/chrome\/answer\/95647?co=GENIE.Platform%3DAndroid&hl=en-GB\">Android<\/a><\/li>\n<\/ul>\n<p>\u00c8 possibile trovare dettagli sul sito Web\u00a0<a href=\"https:\/\/www.aboutcookies.org\/\">AboutCookies.org<\/a>.<\/p>\n<h3>Uso di Google\u00a0Analytics<\/h3>\n<p>Questo sito Web utilizza i servizi di Google Analytics, forniti da Google, Inc. (di seguito solo \u201cGoogle\u201d). Il servizio Google Analytics utilizza cookie. Le informazioni sull'uso del sito Web e il contenuto di ciascun cookie saranno trasferiti da Google e archiviati su server negli Stati Uniti. Google utilizzer\u00e0 queste informazioni allo scopo di valutare l'uso del sito Web e di creare report sulla sua attivit\u00e0, intesa per l'operatore, e per fornire servizi aggiuntivi correlati alle attivit\u00e0 nel sito Web e all'uso di internet in generale. Google pu\u00f2 anche fornire queste informazioni a terzi, se richiesto dalla legge o se tali terzi devono elaborare le informazioni per\u00a0Google.<\/p>\n<p>Per proteggere la privacy, abbiamo modificato il servizio Google Analytics in modo da non registrare l'indirizzo\u00a0<span class=\"caps\">IP<\/span>.<\/p>\n<p>Il servizio Google Analytics \u00e8 stato esteso per includere le funzioni pubblicitarie correlate fornite da Google,\u00a0in particolare:<\/p>\n<ul>\n<li>Panoramiche dei display nella rete pubblicitaria di Google,<\/li>\n<li>Remarketing (visualizzazione di annunci pubblicitari nella rete di contenuti in base ai prodotti cercati),<\/li>\n<li>Panoramiche demografiche estese (report di dati demografici anonimi).<\/li>\n<\/ul>\n<p>Maggiori informazioni sul trattamento e sull'uso dei dati sono disponibili\u00a0<a href=\"https:\/\/www.google.com\/intl\/en\/policies\/privacy\/partners\/\">nei termini e condizioni contrattuali di Google<\/a>.<\/p>\n<h3>Come vietare il tracciamento con Google\u00a0Analytics<\/h3>\n<p>Se si desidera bloccare l'invio di dati statistici anonimi via Google Analytics, \u00e8 possibile usare un\u00a0<a href=\"https:\/\/tools.google.com\/dlpage\/gaoptout\">plug-in<\/a>\u00a0fornito da Google a tale scopo. Tale plug-in dovr\u00e0 essere scaricato e installato nel\u00a0browser.<\/p>\n<h3>Informazioni sul consenso al trattamento di dati personali Albacross <\/h3>\n<p>Otteniamo il consenso al trattamento dei dati personali per conto di Albacross Nordic\u00a0<span class=\"caps\">AB<\/span>\u00a0(\u201c<strong>Albacross<\/strong>\u201d).<\/p>\n<p>Le informazioni raccolte dai cookie impostati nel dispositivo e qualificabili come dati personali saranno trattate da Albacross, un'azienda con uffici a Stoccolma e Cracovia che offre servizi di identificazione di contatti (lead generation) e posizionamenti degli annunci. Le informazioni di contatto complete sono riportate in basso.<\/p>\n<p><strong>Lo scopo<\/strong>\u00a0del trattamento dei dati personali \u00e8 consentire ad Albacross di migliorare un servizio reso a noi e il nostro sito Web (ad es., servizio di \u201cidentificazione di contatti\u201d) aggiungendo dati al loro database sulle aziende.<\/p>\n<p><strong>I dati raccolti e utilizzati\u00a0<\/strong>da Albacross per raggiungere questo scopo sono informazioni sull'indirizzo\u00a0<span class=\"caps\">IP<\/span>-da cui l'utente ha visitato il nostro sito Web e informazioni tecniche che consentono ad Albacross di identificare vari visitatori dallo stesso indirizzo\u00a0<span class=\"caps\">IP<\/span>. Albacross archivia il dominio dall'input del modulo\u00a0per correlare l'indirizzo\u00a0<span class=\"caps\">IP<\/span>-con il datore di lavoro dell'utente<\/p>\n<p><strong>Per informazioni complete<\/strong>\u00a0sul trattamento dei dati personali, vedere la nostra Informativa Completa sulla riservatezza.<\/p>\n<p>L'utente pu\u00f2 ritirare il proprio consenso a questo trattamento in qualsiasi momento. Tale ritiro pu\u00f2 essere effettuato contattando noi, o contattando Albacross\u00a0direttamente.<\/p>\n<p>Albacross Nordic\u00a0<span class=\"caps\">AB<\/span><br \/>\nCompanyreg. no 556942-7338<br \/>\nKungsgatan 26<br \/>\n111 35 Stockholm, Sweden<br \/>\n<a href=\"https:\/\/albacross.com\/\">www.albacross.com<\/a>\u00a0-\u00a0<a href=\"javascript:secureDecryptAndNavigate('LrNAUdFFjBjl36ha+u+OX4n\/\/VykkVrl2dsFC8vpb+WtMysmi7EyZlUrtH4NAHATS6a8v7n\/mFJbsfQEcamyKliiSPqbfQR77ronjg==', '8ef3823ead979c912c60400ff5750fa08e30fc6822ef89ee0c2de248ae43e51e')\">&#99;&#111;n&#116;&#97;c&#116;&#64;a&#108;ba&#99;ro&#115;&#115;&#46;c&#111;&#109;<\/a><\/p>\n<\/div>\n<\/div>\n<\/div><\/div><\/div><\/div><\/div>","protected":false},"excerpt":{"rendered":"<p>Che cosa sono i cookie? Sono piccoli file di dati essenziali per determinate funzioni dei siti web, come l&#8217;accesso. I cookie consentono ai siti Web di ricordare le varie impostazioni, ad esempio lingua, caratteri e altre opzioni, scelte dall&#8217;utente per la visualizzazione delle pagine Web. Per questo motivo memorizziamo cookie sul computer. La stessa operazione [&hellip;]<\/p>\n","protected":false},"author":1,"featured_media":0,"parent":0,"menu_order":0,"comment_status":"closed","ping_status":"open","template":"","meta":{"_acf_changed":false,"content-type":"","footnotes":""},"class_list":["post-7786","page","type-page","status-publish","hentry"],"acf":[],"aioseo_notices":[],"_links":{"self":[{"href":"https:\/\/dev.skrivanek.com\/it\/wp-json\/wp\/v2\/pages\/7786","targetHints":{"allow":["GET"]}}],"collection":[{"href":"https:\/\/dev.skrivanek.com\/it\/wp-json\/wp\/v2\/pages"}],"about":[{"href":"https:\/\/dev.skrivanek.com\/it\/wp-json\/wp\/v2\/types\/page"}],"author":[{"embeddable":true,"href":"https:\/\/dev.skrivanek.com\/it\/wp-json\/wp\/v2\/users\/1"}],"replies":[{"embeddable":true,"href":"https:\/\/dev.skrivanek.com\/it\/wp-json\/wp\/v2\/comments?post=7786"}],"version-history":[{"count":0,"href":"https:\/\/dev.skrivanek.com\/it\/wp-json\/wp\/v2\/pages\/7786\/revisions"}],"wp:attachment":[{"href":"https:\/\/dev.skrivanek.com\/it\/wp-json\/wp\/v2\/media?parent=7786"}],"curies":[{"name":"wp","href":"https:\/\/api.w.org\/{rel}","templated":true}]}}