{"id":7798,"date":"2021-07-28T15:17:47","date_gmt":"2021-07-28T13:17:47","guid":{"rendered":"https:\/\/skrivanek.com\/traduzione-per-il-settore-automobilistico\/"},"modified":"2023-10-19T11:24:40","modified_gmt":"2023-10-19T09:24:40","slug":"traduzione-per-il-settore-automobilistico","status":"publish","type":"page","link":"https:\/\/dev.skrivanek.com\/it\/traduzioni\/traduzione-per-il-settore-automobilistico\/","title":{"rendered":"Traduzione per il settore automobilistico"},"content":{"rendered":"<div id=\"pl-7798\"  class=\"panel-layout\" ><div id=\"pg-7798-0\"  class=\"panel-grid panel-no-style\" ><div id=\"pgc-7798-0-0\"  class=\"panel-grid-cell\" ><div id=\"panel-7798-0-0-0\" class=\"so-panel widget widget_wpa9-editor-ext panel-first-child panel-last-child\" data-index=\"0\" ><div\n\t\t\t\n\t\t\tclass=\"so-widget-wpa9-editor-ext so-widget-wpa9-editor-ext-default-c93e1481a745-7798\"\n\t\t\t\n\t\t>\n<div class=\"siteorigin-widget-tinymce textwidget\">\n\t<div class=\"grey-box-section var-extramt\">\n<div class=\"section-wrapper var-wide\">\n<div class=\"grey-box-section__border\">\n<p>I nostri traduttori per il settore automobilistico comprendono e sono in grado di tradurre le sfumature della moderna industria automobilistica. Sulla base di una profonda conoscenza della materia, offrono traduzioni della massima qualit\u00e0 di complesse innovazioni come gli impianti dei freni di ultima generazione e i nuovissimi modelli ibridi. Fattore essenziale per la vostra responsabilit\u00e0 e i vostri profitti, il nostro reparto dedicato alle garanzie si avvale di un\u2019esperienza di oltre 20 anni in tutte le forme di garanzie e regolamenti.<\/p>\n<p>Skrivanek gestisce inoltre reparti dedicati ai componenti elettronici e tecnici e uno per le innovazioni ingegneristiche. Di qualunque competenza di traduzione per il settore automobilistico abbiate bisogno, siamo in grado di aiutarvi.<\/p>\n<p>Se state producendo soluzioni per un\u2019esperienza di guida eccezionale, i traduttori e i copywriter di Skrivanek per il settore automobilistico tradurranno e presenteranno quell\u2019esperienza ai potenziali clienti in pi\u00f9 di 80 lingue.<\/p>\n<p><strong><span class=\"innerText\">I nostri clie<\/span><span class=\"innerText\">nt<\/span><span class=\"innerText\">i soddisfatti nel campo delle traduzioni per il settore automobilistico:<\/span><\/strong><\/p>\n<p><img alt=\"auto-refe-1\" loading=\"lazy\" decoding=\"async\" class=\"wp-image-5295 alignleft\" src=\"https:\/\/skrivanek.com\/wp-content\/uploads\/2021\/03\/auto-refe-1.png\" alt=\"\" width=\"933\" height=\"140\" \/><\/p>\n<\/div>\n<\/div>\n<\/div>\n<\/div>\n<\/div><\/div><\/div><\/div><div id=\"pg-7798-1\"  class=\"panel-grid panel-has-style\" ><div class=\"siteorigin-panels-stretch panel-row-style panel-row-style-for-7798-1\" data-stretch-type=\"full\" ><div id=\"pgc-7798-1-0\"  class=\"panel-grid-cell\" ><div id=\"panel-7798-1-0-0\" class=\"so-panel widget widget_wpa9-card-l panel-first-child panel-last-child\" data-index=\"1\" ><div\n\t\t\t\n\t\t\tclass=\"so-widget-wpa9-card-l so-widget-wpa9-card-l-default-c93e1481a745-7798\"\n\t\t\t\n\t\t>\n\n<div class=\"wpa9-card wpa9-card-l-container d-flex flex-wrap wpa9-columns-2\">\n\n\t\n\t\t\n\t<div class=\"wpa9-card-l-panel wpa9-panel shadow rounded d-flex flex-column justify-content-between\">\n\n\t\t<div>\n\t\t\t\t\t\t\t<span class=\"wpa9-panel-icon icon\" style=\"display: none; background-image: url('https:\/\/dev.skrivanek.com\/wp-content\/uploads\/2021\/03\/ico-automobilovy-prumysl.svg')\"><\/span>\n\t\t\t<span class=\"wpa9-panel-icon icon\" style=\"mask-image: url(https:\/\/dev.skrivanek.com\/wp-content\/uploads\/2021\/03\/ico-automobilovy-prumysl.svg); -webkit-mask-image: url(https:\/\/dev.skrivanek.com\/wp-content\/uploads\/2021\/03\/ico-automobilovy-prumysl.svg);\"><\/span>\n\t\t\n\t\t\t\t\t\t\t\t<h2 class=\"wpa9-panel-title\">Traduzioni per il settore automobilistico<\/h2>\n\t\t\n\t\t\t\t\t\t\t<div class=\"wpa9-panel-content\"><p>Quando per voi e la vostra azienda \u00e8 il momento di entrare in nuovi mercati, avete bisogno di esperti che comprendano i processi altamente sofisticati e la meticolosa ingegneria che definiscono la moderna tecnologia automobilistica.<\/p>\n<p>Clienti come<\/p>\n<p><strong>BMW,<\/strong><br \/>\n<strong>Audi,<\/strong><br \/>\n<strong>Toyota,<\/strong><br \/>\n<strong>Volvo,<\/strong><br \/>\n<strong>Skoda,<\/strong><br \/>\n<strong>Renault<\/strong> si affidano ai nostri servizi<\/p>\n<p>I nostri esperti dispongono di esperienza e competenza in tutti gli aspetti della traduzione per il settore automobilistico:<\/p>\n<ul>\n<li>Design<\/li>\n<li>Progettazione<\/li>\n<li>Fabbricazione<\/li>\n<li>Produzione<\/li>\n<li>Vendita e marketing<\/li>\n<\/ul>\n<\/div>\n\t\t\t\t<\/div>\n\n\t\t\t\t<div class=\"meta meta-buttons d-flex flex-column flex-sm-row justify-content-center\">\n\t\t\t\t\t<a class=\"btn btn-negative show-inquiry-form\" href=\"https:\/\/dev.skrivanek.com\/it\/richiesta\/\" title=\"Invio di una richiesta\">Invio di una richiesta<\/a>\n\t\t\t\t\t\t<\/div>\n\t\t\n\t<\/div>\n\n\t\t\n\t<div class=\"wpa9-card-l-panel wpa9-panel shadow rounded d-flex flex-column justify-content-between\">\n\n\t\t<div>\n\t\t\t\t\t\t\t<span class=\"wpa9-panel-icon icon\" style=\"display: none; background-image: url('https:\/\/dev.skrivanek.com\/wp-content\/uploads\/2021\/01\/ico-obecnypreklad.svg')\"><\/span>\n\t\t\t<span class=\"wpa9-panel-icon icon\" style=\"mask-image: url(https:\/\/dev.skrivanek.com\/wp-content\/uploads\/2021\/01\/ico-obecnypreklad.svg); -webkit-mask-image: url(https:\/\/dev.skrivanek.com\/wp-content\/uploads\/2021\/01\/ico-obecnypreklad.svg);\"><\/span>\n\t\t\n\t\t\t\t\t\t\t\t<h2 class=\"wpa9-panel-title\">Documenti per i quali possiamo aiutarvi<\/h2>\n\t\t\n\t\t\t\t\t\t\t<div class=\"wpa9-panel-content\"><p>I nostri traduttori sono tra i migliori linguisti specialisti nel proprio campo di scelta e sono sempre guidati dalle rigorose politiche di assicurazione della qualit\u00e0 e best practice di Skrivanek per assicurare elevati standard nella realizzazione di materiali e documentazione per i prodotti.<\/p>\n<p>Quindi, che abbiate bisogno di traduzioni per la tecnologia automobilistica, manuali per l\u2019operatore, parti di auto, manuali d\u2019uso o sistemi di posizionamento globale, Skrivanek dispone delle competenze desiderate.<\/p>\n<ul>\n<li>Lettere di vendita<\/li>\n<li>Tecnologia automobilistica<\/li>\n<li>Manuali d\u2019uso<\/li>\n<li>Brochure<\/li>\n<li>Schede del prodotto e di sicurezza<\/li>\n<li>Applicazioni per il settore automobilistico<\/li>\n<li>Manuali delle case automobilistiche<\/li>\n<li>Materiali di marketing<\/li>\n<li>Siti Web<\/li>\n<\/ul>\n<\/div>\n\t\t\t\t<\/div>\n\n\t\t\t\t<div class=\"meta meta-buttons d-flex flex-column flex-sm-row justify-content-center\">\n\t\t\t\t\t<a class=\"btn btn-negative \" href=\"\/it\/contact\/\" title=\"Contattateci\">Contattateci<\/a>\n\t\t\t\t\t\t<\/div>\n\t\t\n\t<\/div>\n\n\t\t\n\t<div class=\"wpa9-card-l-panel wpa9-panel shadow rounded d-flex flex-column justify-content-between\">\n\n\t\t<div>\n\t\t\t\t\t\t\t<span class=\"wpa9-panel-icon icon\" style=\"display: none; background-image: url('https:\/\/dev.skrivanek.com\/wp-content\/uploads\/2021\/03\/ico-certifikovana-spolecnost.svg')\"><\/span>\n\t\t\t<span class=\"wpa9-panel-icon icon\" style=\"mask-image: url(https:\/\/dev.skrivanek.com\/wp-content\/uploads\/2021\/03\/ico-certifikovana-spolecnost.svg); -webkit-mask-image: url(https:\/\/dev.skrivanek.com\/wp-content\/uploads\/2021\/03\/ico-certifikovana-spolecnost.svg);\"><\/span>\n\t\t\n\t\t\t\t\t\t\t\t<h2 class=\"wpa9-panel-title\">Massima qualit\u00e0<\/h2>\n\t\t\n\t\t\t\t\t\t\t<div class=\"wpa9-panel-content\"><ul>\n<li>Traduzioni tecniche e per il settore automobilistico in tutte le lingue e combinazioni linguistiche<\/li>\n<li>Rispetto di tutte le specifiche di sicurezza in tutti i mercati internazionali pertinenti<\/li>\n<li>Terminologia e glossari specializzati per il settore automobilistico - Metrica per la qualit\u00e0 della traduzione SAE J2450<\/li>\n<li>Servizi di localizzazione completi<\/li>\n<\/ul>\n<\/div>\n\t\t\t\t<\/div>\n\n\t\t\n\t<\/div>\n\n\t\t\n\t<div class=\"wpa9-card-l-panel wpa9-panel shadow rounded d-flex flex-column justify-content-between\">\n\n\t\t<div>\n\t\t\t\t\t\t\t<span class=\"wpa9-panel-icon icon\" style=\"display: none; background-image: url('https:\/\/dev.skrivanek.com\/wp-content\/uploads\/2021\/03\/ico-seznam.svg')\"><\/span>\n\t\t\t<span class=\"wpa9-panel-icon icon\" style=\"mask-image: url(https:\/\/dev.skrivanek.com\/wp-content\/uploads\/2021\/03\/ico-seznam.svg); -webkit-mask-image: url(https:\/\/dev.skrivanek.com\/wp-content\/uploads\/2021\/03\/ico-seznam.svg);\"><\/span>\n\t\t\n\t\t\t\t\t\t\t\t<h2 class=\"wpa9-panel-title\">Servizio completo<\/h2>\n\t\t\n\t\t\t\t\t\t\t<div class=\"wpa9-panel-content\"><ul>\n<li>Graphic design)  e servizi completi di impaginazione multilingue (DTP)<\/li>\n<li>Servizi di traduzione per il settore automobilistico in pi\u00f9 di 80 lingue<\/li>\n<li>Revisione specializzata da parte di madrelingua<\/li>\n<li>Soluzioni software<\/li>\n<\/ul>\n<\/div>\n\t\t\t\t<\/div>\n\n\t\t\n\t<\/div>\n\n\t\t\n\t\n<\/div>\n<\/div><\/div><\/div><\/div><\/div><div id=\"pg-7798-2\"  class=\"panel-grid panel-has-style\" ><div class=\"siteorigin-panels-stretch panel-row-style panel-row-style-for-7798-2\" data-stretch-type=\"full-stretched-padded\" ><div id=\"pgc-7798-2-0\"  class=\"panel-grid-cell\" ><div id=\"panel-7798-2-0-0\" class=\"so-panel widget widget_skrv-testimonials panel-first-child panel-last-child\" data-index=\"2\" ><div\n\t\t\t\n\t\t\tclass=\"so-widget-skrv-testimonials so-widget-skrv-testimonials-default-c93e1481a745-7798\"\n\t\t\t\n\t\t>\n\n<div class=\"skrv-testimonials\">\n\n    \n  <h3 class=\"widget-title\"><span class=\"title-wrapper\"><span class=\"title_bg_character\" style=\"color:#f7f7f7\">\u201d<\/span><span class=\"title\">Testimonianze per il settore automobilistico<\/span><\/span><\/h3>\n  <div id=\"skrv-testimonial\" class=\"carousel slide\" data-bs-interval=\"4000\" data-bs-ride=\"carousel\" data-bs-touch=\"true\">\n    <div class=\"carousel-inner\">\n                <div class=\"skrv-testimonial-item carousel-item active\">\n        <div class=\"d-block\">\n                    <blockquote class=\"skrv-testimonial-text\">\"Abbiamo avuto gravi problemi di qualit\u00e0 e tempistica con tutte le nostre traduzioni, pertanto avevamo una grande necessit\u00e0 di un partner professionale e affidabile. Abbiamo iniziato a lavorare con Skrivanek pi\u00f9 di un anno fa e da allora si sono dimostrati un ottimo supporto per noi, garantendo un\u2019eccellente flessibilit\u00e0 rispetto alle nostre scadenze stringenti. La terminologia della traduzione \u00e8 sempre precisa, il che dimostra la loro competenza nel settore automobilistico. La comunicazione con il team \u00e8 sempre lineare, veloce e cordiale. Soprattutto, chiedono costantemente un feedback riguardo alla loro produzione e al loro servizio. Raccomando senza dubbio Skrivanek a chiunque stia cercando un\u2019agenzia di traduzioni professionale\".<\/blockquote>\n          <h6 class=\"skrv-testimonial-client\">Fiat Chrysler Automobiles (FCA)<\/h6>\n        <\/div>\n      <\/div>\n        <\/div>\n\n    <a class=\"carousel-control-prev\" href=\"#0\" data-bs-target=\"#skrv-testimonial\" role=\"button\" data-bs-slide=\"prev\">\n      <span class=\"carousel-control-prev-icon\" aria-hidden=\"true\"><\/span>\n      <span class=\"sr-only\">Previous<\/span>\n    <\/a>\n    <a class=\"carousel-control-next\" href=\"#0\" data-bs-target=\"#skrv-testimonial\" role=\"button\" data-bs-slide=\"next\">\n      <span class=\"carousel-control-next-icon\" aria-hidden=\"true\"><\/span>\n      <span class=\"sr-only\">Next<\/span>\n    <\/a>\n\n    <ol class=\"carousel-indicators hidden\">\n                <li data-bs-target=\"#skrv-testimonial\" data-bs-slide-to=\"0\" class=\"active\"><\/li>\n        <\/ol>\n  <\/div>\n\n<\/div>\n\n<\/div><\/div><\/div><\/div><\/div><div id=\"pg-7798-3\"  class=\"panel-grid panel-has-style\" ><div class=\"siteorigin-panels-stretch panel-row-style panel-row-style-for-7798-3\" data-stretch-type=\"full\" ><div id=\"pgc-7798-3-0\"  class=\"panel-grid-cell\" ><div id=\"panel-7798-3-0-0\" class=\"so-panel widget widget_wpa9-card-s panel-first-child panel-last-child\" data-index=\"3\" ><div\n\t\t\t\n\t\t\tclass=\"so-widget-wpa9-card-s so-widget-wpa9-card-s-default-c93e1481a745-7798\"\n\t\t\t\n\t\t><div class=\"wpa9-card wpa9-card-s narrow positive\">\n\n\t<div class=\"wpa9-card-wrapper container\">\n\n\t\t<div class=\"wpa9-card-text\">\n\t\t\t<h2 class=\"wpa9-card-title\">Avete bisogno di una traduzione per il settore automobilistico? <\/h2>\n\t\t\t<div class=\"wpa9-card-content\"><p style=\"text-align: center\">Qualunque siano le vostre esigenze di traduzione, contattateci per un preventivo.<\/p>\n<\/div>\t\t<\/div>\n\n\t\t\t\t<div class=\"meta meta-buttons d-flex flex-row justify-content-center\">\n\t\t\t\t\t\t\t<a class=\"btn btn-negative show-inquiry-form\" href=\"https:\/\/dev.skrivanek.com\/it\/richiesta\/\" title=\"Invio di una richiesta\">Invio di una richiesta<\/a>\n\t\t\t\t<\/div>\n\t\t\n\t<\/div>\n\n<\/div>\n<\/div><\/div><\/div><\/div><\/div><\/div>","protected":false},"excerpt":{"rendered":"<p>I nostri traduttori per il settore automobilistico comprendono e sono in grado di tradurre le sfumature della moderna industria automobilistica. Sulla base di una profonda conoscenza della materia, offrono traduzioni della massima qualit\u00e0 di complesse innovazioni come gli impianti dei freni di ultima generazione e i nuovissimi modelli ibridi. Fattore essenziale per la vostra responsabilit\u00e0 [&hellip;]<\/p>\n","protected":false},"author":1,"featured_media":0,"parent":7804,"menu_order":0,"comment_status":"closed","ping_status":"open","template":"","meta":{"_acf_changed":false,"content-type":"","footnotes":""},"class_list":["post-7798","page","type-page","status-publish","hentry"],"acf":[],"aioseo_notices":[],"_links":{"self":[{"href":"https:\/\/dev.skrivanek.com\/it\/wp-json\/wp\/v2\/pages\/7798","targetHints":{"allow":["GET"]}}],"collection":[{"href":"https:\/\/dev.skrivanek.com\/it\/wp-json\/wp\/v2\/pages"}],"about":[{"href":"https:\/\/dev.skrivanek.com\/it\/wp-json\/wp\/v2\/types\/page"}],"author":[{"embeddable":true,"href":"https:\/\/dev.skrivanek.com\/it\/wp-json\/wp\/v2\/users\/1"}],"replies":[{"embeddable":true,"href":"https:\/\/dev.skrivanek.com\/it\/wp-json\/wp\/v2\/comments?post=7798"}],"version-history":[{"count":3,"href":"https:\/\/dev.skrivanek.com\/it\/wp-json\/wp\/v2\/pages\/7798\/revisions"}],"predecessor-version":[{"id":83318,"href":"https:\/\/dev.skrivanek.com\/it\/wp-json\/wp\/v2\/pages\/7798\/revisions\/83318"}],"up":[{"embeddable":true,"href":"https:\/\/dev.skrivanek.com\/it\/wp-json\/wp\/v2\/pages\/7804"}],"wp:attachment":[{"href":"https:\/\/dev.skrivanek.com\/it\/wp-json\/wp\/v2\/media?parent=7798"}],"curies":[{"name":"wp","href":"https:\/\/api.w.org\/{rel}","templated":true}]}}